{"id":1898,"date":"2022-11-19T10:06:49","date_gmt":"2022-11-19T09:06:49","guid":{"rendered":"https:\/\/agora.xtec.cat\/cfamontserratroig\/?page_id=1898"},"modified":"2022-11-20T08:52:26","modified_gmt":"2022-11-20T07:52:26","slug":"competencia-alumnat","status":"publish","type":"page","link":"https:\/\/agora.xtec.cat\/cfamontserratroig\/estrategia-digital-de-centre\/cultura-digital\/competencia-alumnat\/","title":{"rendered":"Compet\u00e8ncia digital de l&#8217;alumnat"},"content":{"rendered":"<h4>Compet\u00e8ncia digital per l&#8217;alumnat en general<\/h4>\n<p style=\"text-align: justify;\">Els alumnes de les escoles d&#8217;adults es caracteritzen per la seva diversitat, sobretot d&#8217;interessos i edat. Alguns d&#8217;ells s\u00ed s\u00f3n, o es mostren, competents digitalment, per\u00f2 per altres, l&#8217;adquisici\u00f3 de la compet\u00e8ncia digital no es troba, en principi, dins de les seves prioritats. Ara b\u00e9, els canvis tecnol\u00f2gics es produeixen cada cop a un ritme m\u00e9s accelerat, i nosaltres, com a centre educatiu, no podem\u00a0 desvincular-nos-en. \u00a0Les eines digitals permeten no sols tenir els estudiants com a receptors d\u2019aprenentatge sin\u00f3 incrementar exponencialment les possibilitats creatives. Per tant, les tecnologies digitals poden tenir un impacte favorable en l\u2019aprenentatge dels alumnes si s\u2019utilitzen de manera adequada, amb objectius clars i definits.<\/p>\n<p style=\"text-align: justify;\">Aix\u00ed doncs cal plantejar als alumnes activitats motivadores que els permetin desenvolupar la seva compet\u00e8ncia digital, alhora que treballen l&#8217;assoliment els objectius de la mat\u00e8ria o ensenyament que estiguin cursant. En aquest sentit, el curs 21-22 v\u00e0rem comen\u00e7ar a realitzar un recull d&#8217;activitats que fomenten l&#8217;\u00fas de la compet\u00e8ncia digital en els diferents ensenyaments i nivells.\u00a0 Durant aquest curs 22-23 i els cursos vinents s&#8217;aniran actualitzant les activitats, afegint-ne en aquelles compet\u00e8ncies quan ho requereixen i reorientant-ne en aquelles que es treballen massa sovint.<\/p>\n<hr \/>\n<h4>Cursos COMPETIC<\/h4>\n<p style=\"text-align: justify;\">Un dels ensenyaments que s&#8217;ofereix en el centre \u00e9s el COMPETIC. Mitjan\u00e7ant la superaci\u00f3 dels cursos COMPETIC 1, COMPETIC 2 o COMPETIC 3, els nostres alumnes obtenen un certificat que \u00e9s equivalent a tots els efectes als certificats ACTIC B\u00e0sic, Mitj\u00e0 i Avan\u00e7at, respectivament, que els permet acreditar la seva compet\u00e8ncia digital.<\/p>\n<table style=\"border-collapse: collapse; width: 94.9238%; height: 257px;\">\n<tbody>\n<tr style=\"height: 32px;\">\n<td style=\"width: 10.0141%; height: 32px; border-color: #fe5f5c; background-color: #fe5f5c;\"><\/td>\n<td style=\"width: 67.8719%; height: 32px; border-color: #fe5f5c; background-color: #fe5f5c;\"><strong><span style=\"color: #ffffff;\">Qu\u00e8 acredita cada certificat?<\/span><\/strong><\/td>\n<td style=\"width: 20.0923%; height: 32px; border-color: #fe5f5c; background-color: #fe5f5c;\"><strong><span style=\"color: #ffffff;\">Per a qu\u00e8 capacita?<\/span><\/strong><\/td>\n<\/tr>\n<tr style=\"height: 75px;\">\n<td style=\"width: 10.0141%; height: 75px;\"><strong>COMPETIC 3<\/strong><\/td>\n<td style=\"width: 67.8719%; height: 75px;\">\n<ul>\n<li style=\"text-align: justify;\">Domini ampli en l&#8217;\u00fas de les TIC<\/li>\n<li style=\"text-align: justify;\">Usuari amb capacitat per aprofitar al m\u00e0xim les prestacions de les TIC, de construir usos alternatius i de donar suport a altres persones.<\/li>\n<\/ul>\n<\/td>\n<td style=\"width: 20.0923%; height: 75px;\">Innovar, compartir, donar suport<\/td>\n<\/tr>\n<tr style=\"height: 57px;\">\n<td style=\"width: 10.0141%; height: 57px;\"><strong>COMPETIC 2<\/strong><\/td>\n<td style=\"width: 67.8719%; height: 57px;\">\n<ul>\n<li>Domini efectiu en l&#8217;\u00fas de les TIC en relaci\u00f3 amb els \u00e0mbits generals d&#8217;aplicaci\u00f3.<\/li>\n<li>Usuari que gaudeix d&#8217;autonomia i capacitat cr\u00edtica enversa l&#8217;\u00fas d&#8217;aquestes tecnologies.<\/li>\n<\/ul>\n<\/td>\n<td style=\"width: 20.0923%; height: 57px;\">Actuar amb efectivitat, adaptabilitat i autonomia<\/td>\n<\/tr>\n<tr style=\"height: 93px;\">\n<td style=\"width: 10.0141%; height: 93px;\"><strong>COMPETIC 1<\/strong><\/td>\n<td style=\"width: 67.8719%; height: 93px;\">\n<ul>\n<li>Domini elemental en l&#8217;\u00fas de les TIC.<\/li>\n<li>Usuari b\u00e0sic de les TIC, que es pot considerar incl\u00f2s dins de la societat digital.<\/li>\n<\/ul>\n<\/td>\n<td style=\"width: 20.0923%; height: 93px;\">Con\u00e8ixer i aplicar<\/td>\n<\/tr>\n<\/tbody>\n<\/table>\n<p>El nombre de matriculats en aquest ensenyament, i l&#8217;alt \u00edndex de superaci\u00f3 dels diferents cursos, ens parla de l&#8217;inter\u00e8s de la ciutadania del nostre entorn en formar-se per tal d&#8217;adquir i\/o augmentar la seva compet\u00e8ncia digital.<\/p>\n<hr \/>\n<h4>COMPETIC 1 per als alumnes de GES<\/h4>\n<p style=\"text-align: justify;\">Des del curs 20-21 s&#8217;ofereix als alumnes de GES cursar els estudis de COMPETIC 1 o COMPETIC 2 (en funci\u00f3 del seu nivell previ de compet\u00e8ncia digital) dins del seu horari ordinari de classe. Tot i que es tracti de persones adultes prou joves per ser considerats &#8220;nadius digitals&#8221;, a trav\u00e9s d&#8217;aquests cursos, la majoria d&#8217;ells i elles milloren molt el seu domini respecte a:<\/p>\n<ul style=\"text-align: justify;\">\n<li style=\"list-style-type: none;\">\n<ul>\n<li>l&#8217;\u00fas de les\u00a0 eines ofim\u00e0tiques m\u00e9s habituals.<\/li>\n<li>la creaci\u00f3 de continguts<\/li>\n<li>el tractament i gesti\u00f3 de la informaci\u00f3.<\/li>\n<\/ul>\n<\/li>\n<\/ul>\n<p style=\"text-align: justify;\">Tenen a m\u00e9s l&#8217;oportunitat de reflexionar sobre aspectes relacionats amb la ciutadania, h\u00e0bits, civisme i identitat digital&#8230; I, per descomptat, si superen el curs, obtenen un certificat que sempre podran aportar juntament amb el seu curr\u00edculum a l&#8217;hora de trobar o canviar de feina.<\/p>\n","protected":false},"excerpt":{"rendered":"<p>Compet\u00e8ncia digital per l&#8217;alumnat en general<br \/>\nEls alumnes de les escoles d&#8217;adults es caracteritzen per la seva diversitat, sobretot d&#8217;interessos i edat. Alguns d&#8217;ells s\u00ed s\u00f3n, o es mostren, competents digitalment, per\u00f2 per altres, l&#8217;adquisici\u00f3 de la compet\u00e8ncia digital no es troba, en principi, dins de&hellip;  <a href=\"https:\/\/agora.xtec.cat\/cfamontserratroig\/estrategia-digital-de-centre\/cultura-digital\/competencia-alumnat\/\" title=\"Read Compet\u00e8ncia digital de l&#8217;alumnat\">Llegeix m\u00e9s\u00bb<\/a><\/p>\n","protected":false},"author":1,"featured_media":0,"parent":1844,"menu_order":0,"comment_status":"closed","ping_status":"closed","template":"page-templates\/side-menu.php","meta":{"_bbp_topic_count":0,"_bbp_reply_count":0,"_bbp_total_topic_count":0,"_bbp_total_reply_count":0,"_bbp_voice_count":0,"_bbp_anonymous_reply_count":0,"_bbp_topic_count_hidden":0,"_bbp_reply_count_hidden":0,"_bbp_forum_subforum_count":0,"footnotes":""},"class_list":["post-1898","page","type-page","status-publish","hentry"],"post_mailing_queue_ids":[],"_links":{"self":[{"href":"https:\/\/agora.xtec.cat\/cfamontserratroig\/wp-json\/wp\/v2\/pages\/1898","targetHints":{"allow":["GET"]}}],"collection":[{"href":"https:\/\/agora.xtec.cat\/cfamontserratroig\/wp-json\/wp\/v2\/pages"}],"about":[{"href":"https:\/\/agora.xtec.cat\/cfamontserratroig\/wp-json\/wp\/v2\/types\/page"}],"author":[{"embeddable":true,"href":"https:\/\/agora.xtec.cat\/cfamontserratroig\/wp-json\/wp\/v2\/users\/1"}],"replies":[{"embeddable":true,"href":"https:\/\/agora.xtec.cat\/cfamontserratroig\/wp-json\/wp\/v2\/comments?post=1898"}],"version-history":[{"count":4,"href":"https:\/\/agora.xtec.cat\/cfamontserratroig\/wp-json\/wp\/v2\/pages\/1898\/revisions"}],"predecessor-version":[{"id":2015,"href":"https:\/\/agora.xtec.cat\/cfamontserratroig\/wp-json\/wp\/v2\/pages\/1898\/revisions\/2015"}],"up":[{"embeddable":true,"href":"https:\/\/agora.xtec.cat\/cfamontserratroig\/wp-json\/wp\/v2\/pages\/1844"}],"wp:attachment":[{"href":"https:\/\/agora.xtec.cat\/cfamontserratroig\/wp-json\/wp\/v2\/media?parent=1898"}],"curies":[{"name":"wp","href":"https:\/\/api.w.org\/{rel}","templated":true}]}}