{"id":1849,"date":"2022-11-18T08:02:38","date_gmt":"2022-11-18T07:02:38","guid":{"rendered":"https:\/\/agora.xtec.cat\/cfamontserratroig\/?page_id=1849"},"modified":"2022-11-19T10:54:14","modified_gmt":"2022-11-19T09:54:14","slug":"documentacio-basica","status":"publish","type":"page","link":"https:\/\/agora.xtec.cat\/cfamontserratroig\/estrategia-digital-de-centre\/cultura-digital\/documentacio-basica\/","title":{"rendered":"Documentaci\u00f3 b\u00e0sica"},"content":{"rendered":"<p>La cultura digital apareix en pr\u00e0cticament tots els documents b\u00e0sics del centre. A continuaci\u00f3 es remarquen els aspectes m\u00e9s importants de cada un d&#8217;ells.<\/p>\n<hr \/>\n<h4>Projecte educatiu de centre<\/h4>\n<table style=\"border-collapse: collapse; width: 100%;\">\n<tbody>\n<tr>\n<td style=\"width: 17.7302%;\"><a href=\"https:\/\/issuu.com\/cfamontserratroig1\/docs\/pec_aprovat_a_19_de_juny\" target=\"_blank\" rel=\"noopener\"><img loading=\"lazy\" decoding=\"async\" class=\"alignnone size-medium wp-image-1850\" src=\"https:\/\/agora.xtec.cat\/cfamontserratroig\/wp-content\/uploads\/usu2436\/2022\/11\/pec-212x300.jpg\" alt=\"\" width=\"212\" height=\"300\" srcset=\"https:\/\/agora.xtec.cat\/cfamontserratroig\/wp-content\/uploads\/usu2436\/2022\/11\/pec-212x300.jpg 212w, https:\/\/agora.xtec.cat\/cfamontserratroig\/wp-content\/uploads\/usu2436\/2022\/11\/pec.jpg 444w\" sizes=\"auto, (max-width: 212px) 100vw, 212px\" \/><\/a><\/td>\n<td style=\"width: 82.2698%;\">B\u00e0sicament, la cultura digital apareix en dos aspectes:<\/p>\n<p><strong>Objectius:<\/strong><\/p>\n<p>El primer objectiu general \u00e9s millorar els resultats acad\u00e8mics de l\u2019alumnat amb la finalitat d\u2019augmentar el percentatge d\u2019aptes, t\u00edtols i certificacions per tal que puguin seguir la seva formaci\u00f3 amb \u00e8xit iadaptar-se als canvis del m\u00f3n actual. Aquest objectiu es concreta en una s\u00e8rie d&#8217;objectius espec\u00edfics, entre el quals trobem:<\/p>\n<p>&#8220;Potenciar un ensenyament que utilitzi l\u2019\u00fas de les TIC i les TAC en les diferents \u00e0rees del curr\u00edculum&#8221;<strong>, <\/strong>del qual es deriven les seg\u00fcents actuacions:<\/p>\n<ul>\n<li style=\"list-style-type: none;\">\n<ul>\n<li>Procurar que tot el professorat es formi i conegui la plataforma E.V.A. (Entorn virtual aprenentatge: Moodle o altres que ens puguin interessar i vetllar perqu\u00e8 en faci \u00fas.<\/li>\n<li>Vetllar perqu\u00e8 el professorat es formi i incrementi el coneixement en vers diferents aplicacions i recursos digitals i esl apliqui.<\/li>\n<li>Incorporar i seguir amb l\u2019\u00fas de les TIC i altres recursos digitals en el proc\u00e9s d\u2019E-A de l\u2019alumnat en tots els nivells<\/li>\n<li>Actualitzar i adquirir equipaments inform\u00e0tics i altres recursos digitals a les dues seus.<\/li>\n<li>Elaborar, aplicar i potenciar un pla de connectivitat alumnat-centre a l\u2019inici de curs.<\/li>\n<li>Elaborar i fer efectiu el PLA TAC.<\/li>\n<\/ul>\n<\/li>\n<\/ul>\n<\/td>\n<\/tr>\n<tr>\n<td style=\"width: 17.7302%;\" colspan=\"2\"><strong>Definici\u00f3 de perfils professionals<\/strong><\/p>\n<ul>\n<li style=\"list-style-type: none;\">\n<ul>\n<li>\u201c\u00c0mbit cient\u00edfic i tecnol\u00f2gic ( SMA): Tenir acreditada l\u2019especialitat de matem\u00e0tiques o de f\u00edsica i qu\u00edmica o de biologia i geologia o de tecnologia. Aquest perfil haur\u00e0 de tenir els coneixements i l\u2019aptitud per exercir la figura de coordinador inform\u00e0tic del centre amb totes les funcions i atribucions que li pertoquen. Aix\u00ed com la liderar i donar suports pel que fa als recursos i plataformes virtuals i metodologies semi-presencials que es puguin impartir al centre.\u201d<\/li>\n<li>\u201cD\u2019altra banda els docents que imparteixin COMPETIC han d\u2019estar en possessi\u00f3 del certificat de COMPETIC 3 o l\u2019ACTIC avan\u00e7at per poder impartir aquests ensenyaments, a no ser que ho tinguin reconegut autom\u00e0ticament pel grau cursat.\u201d<\/li>\n<\/ul>\n<\/li>\n<\/ul>\n<\/td>\n<\/tr>\n<\/tbody>\n<\/table>\n<hr \/>\n<h4>Projecte de direcci\u00f3<\/h4>\n<table style=\"border-collapse: collapse;\">\n<tbody>\n<tr>\n<td style=\"width: 17.7302%;\"><a href=\"https:\/\/drive.google.com\/file\/d\/14l0SfC3fBiKL3bCAnNv2Pnytlx0KxFrv\/view?usp=sharing\" target=\"_blank\" rel=\"noopener\"><img loading=\"lazy\" decoding=\"async\" class=\"alignnone size-medium wp-image-1936\" src=\"https:\/\/agora.xtec.cat\/cfamontserratroig\/wp-content\/uploads\/usu2436\/2022\/11\/pd-212x300.jpg\" alt=\"\" width=\"212\" height=\"300\" srcset=\"https:\/\/agora.xtec.cat\/cfamontserratroig\/wp-content\/uploads\/usu2436\/2022\/11\/pd-212x300.jpg 212w, https:\/\/agora.xtec.cat\/cfamontserratroig\/wp-content\/uploads\/usu2436\/2022\/11\/pd.jpg 439w\" sizes=\"auto, (max-width: 212px) 100vw, 212px\" \/><\/a><\/td>\n<td style=\"width: 82.2698%;\">El projecte de direcci\u00f3 cita l&#8217;objectiu del PEC respecte a la cultura digital i assumeix els objectius, accions i planificaci\u00f3 que ja est\u00e0 detallada en aquesta Estrat\u00e8gia Digital de Centre (EDC).<\/td>\n<\/tr>\n<\/tbody>\n<\/table>\n<hr \/>\n<h4>Normes d&#8217;organitzaci\u00f3 i funcionament<\/h4>\n<table style=\"border-collapse: collapse; width: 100%;\">\n<tbody>\n<tr>\n<td style=\"width: 17.7302%;\"><a href=\"https:\/\/issuu.com\/cfamontserratroig1\/docs\/nofc_web\" target=\"_blank\" rel=\"noopener\"><img loading=\"lazy\" decoding=\"async\" class=\"alignnone size-full wp-image-1585\" src=\"https:\/\/agora.xtec.cat\/cfamontserratroig\/wp-content\/uploads\/usu2436\/2021\/07\/NOFC.png\" alt=\"\" width=\"582\" height=\"743\" srcset=\"https:\/\/agora.xtec.cat\/cfamontserratroig\/wp-content\/uploads\/usu2436\/2021\/07\/NOFC.png 582w, https:\/\/agora.xtec.cat\/cfamontserratroig\/wp-content\/uploads\/usu2436\/2021\/07\/NOFC-235x300.png 235w\" sizes=\"auto, (max-width: 582px) 100vw, 582px\" \/><\/a><\/td>\n<td style=\"width: 82.2698%;\">B\u00e0sicament, la cultura digital apareix en:<\/p>\n<ul>\n<li>El detall de les tasques del Coordinador\/a digital del centre (punt 2.4.1)<\/li>\n<li>La regulaci\u00f3 de l&#8217;\u00fas del recursos materials del centre (punt 5.1.2). En aquest punt es remet al document annex <a href=\"https:\/\/docs.google.com\/document\/d\/1WhQ7JRP4YurZh9gam9qrQlha-Tc3GA97\/edit?usp=sharing&amp;ouid=110416827870678570246&amp;rtpof=true&amp;sd=true\" target=\"_blank\" rel=\"noopener\"><em>Protocol per al bon \u00fas dels recursos inform\u00e0tics del centre<\/em><\/a><\/li>\n<li>La regulaci\u00f3 del servei de pr\u00e9stec d&#8217;equipament inform\u00e0tic (punt 5.3.2). En aquest punt es remet al document annex <a href=\"https:\/\/docs.google.com\/document\/d\/1g7jutrKXGLiAoufBN7ipZMXVca7limUR\/edit?usp=sharing&amp;ouid=110416827870678570246&amp;rtpof=true&amp;sd=true\" target=\"_blank\" rel=\"noopener\"><em>Sol\u00b7licitud de pr\u00e9stec d&#8217;equipament inform\u00e0tic<\/em><\/a>, que serveix per autoritzar, si s&#8217;escau,\u00a0 el pr\u00e9stec<\/li>\n<\/ul>\n<ul>\n<li style=\"list-style-type: none;\"><\/li>\n<\/ul>\n<\/td>\n<\/tr>\n<\/tbody>\n<\/table>\n","protected":false},"excerpt":{"rendered":"<p>La cultura digital apareix en pr\u00e0cticament tots els documents b\u00e0sics del centre. A continuaci\u00f3 es remarquen els aspectes m\u00e9s importants de cada un d&#8217;ells.<\/p>\n<p>Projecte educatiu de centre<\/p>\n<p><a href=\"https:\/\/issuu.com\/cfamontserratroig1\/docs\/pec_aprovat_a_19_de_juny\" target=\"_blank\" rel=\"noopener\"><\/a><br \/>\nB\u00e0sicament, la cultura digital apareix en dos aspectes:<br \/>\nObjectius:<br \/>\nEl primer objectiu general \u00e9s millorar els resultats acad\u00e8mics&hellip;  <a href=\"https:\/\/agora.xtec.cat\/cfamontserratroig\/estrategia-digital-de-centre\/cultura-digital\/documentacio-basica\/\" title=\"Read Documentaci\u00f3 b\u00e0sica\">Llegeix m\u00e9s\u00bb<\/a><\/p>\n","protected":false},"author":1,"featured_media":0,"parent":1844,"menu_order":0,"comment_status":"closed","ping_status":"closed","template":"page-templates\/side-menu.php","meta":{"_bbp_topic_count":0,"_bbp_reply_count":0,"_bbp_total_topic_count":0,"_bbp_total_reply_count":0,"_bbp_voice_count":0,"_bbp_anonymous_reply_count":0,"_bbp_topic_count_hidden":0,"_bbp_reply_count_hidden":0,"_bbp_forum_subforum_count":0,"footnotes":""},"class_list":["post-1849","page","type-page","status-publish","hentry"],"post_mailing_queue_ids":[],"_links":{"self":[{"href":"https:\/\/agora.xtec.cat\/cfamontserratroig\/wp-json\/wp\/v2\/pages\/1849","targetHints":{"allow":["GET"]}}],"collection":[{"href":"https:\/\/agora.xtec.cat\/cfamontserratroig\/wp-json\/wp\/v2\/pages"}],"about":[{"href":"https:\/\/agora.xtec.cat\/cfamontserratroig\/wp-json\/wp\/v2\/types\/page"}],"author":[{"embeddable":true,"href":"https:\/\/agora.xtec.cat\/cfamontserratroig\/wp-json\/wp\/v2\/users\/1"}],"replies":[{"embeddable":true,"href":"https:\/\/agora.xtec.cat\/cfamontserratroig\/wp-json\/wp\/v2\/comments?post=1849"}],"version-history":[{"count":4,"href":"https:\/\/agora.xtec.cat\/cfamontserratroig\/wp-json\/wp\/v2\/pages\/1849\/revisions"}],"predecessor-version":[{"id":1939,"href":"https:\/\/agora.xtec.cat\/cfamontserratroig\/wp-json\/wp\/v2\/pages\/1849\/revisions\/1939"}],"up":[{"embeddable":true,"href":"https:\/\/agora.xtec.cat\/cfamontserratroig\/wp-json\/wp\/v2\/pages\/1844"}],"wp:attachment":[{"href":"https:\/\/agora.xtec.cat\/cfamontserratroig\/wp-json\/wp\/v2\/media?parent=1849"}],"curies":[{"name":"wp","href":"https:\/\/api.w.org\/{rel}","templated":true}]}}