{"id":1844,"date":"2022-11-18T07:08:54","date_gmt":"2022-11-18T06:08:54","guid":{"rendered":"https:\/\/agora.xtec.cat\/cfamontserratroig\/?page_id=1844"},"modified":"2022-11-19T20:53:19","modified_gmt":"2022-11-19T19:53:19","slug":"cultura-digital","status":"publish","type":"page","link":"https:\/\/agora.xtec.cat\/cfamontserratroig\/estrategia-digital-de-centre\/cultura-digital\/","title":{"rendered":"Cultura digital"},"content":{"rendered":"<p>En els diferents subaparts recollim tots els documents, protocols, procediments, projectes i serveis del centre que fan refer\u00e8ncia a diferents aspectes de la cultura digital. D&#8217;aquesta manera, es pot tenir una visi\u00f3 completa de l&#8217;assoliment actual. D&#8217;entrada, tots els processos d&#8217;ensenyament\/aprenentatge i la documentaci\u00f3 del centre estan recollits i es gestionen digitalment.<\/p>\n<hr \/>\n<h4>Entorns virtuals d&#8217;aprenentatge<\/h4>\n<p>En el centre treballem amb dos entorns virtuals d&#8217;aprenentatge, segons l&#8217;ensenyament que cursen els nostres alumnes:<\/p>\n<ul>\n<li style=\"list-style-type: none;\">\n<ul>\n<li style=\"list-style-type: none;\">\n<ul>\n<li>Alumnes de GES (Graduat en Educaci\u00f3 Secund\u00e0ria): L&#8217;escola disposa d&#8217;un domini G Suite for Education propi. D&#8217;aquesta manera, l&#8217; alumnat de GES disposa d&#8217;un usuari @cfamontserratroig.cat, i segueixen els seus estudis a trav\u00e9s de la plataforma digital <strong>Classroom<\/strong><\/li>\n<li>Resta d&#8217;alumnes (Llengua catalana, Llengua castellana, Llengua anglesa i COMPETIC): Segueixen i\/o complementen el seu aprenentatge a trav\u00e9s de la plataforma <strong>Moodle<\/strong>.<\/li>\n<\/ul>\n<\/li>\n<\/ul>\n<\/li>\n<\/ul>\n<p>Tots els docents del centre disposen d&#8217;un usuari a G Suite i d&#8217;un altre a Moodle<\/p>\n<hr \/>\n<h4>Gesti\u00f3 de la documentaci\u00f3 del centre<\/h4>\n<p class=\"CDt4Ke zfr3Q\" dir=\"ltr\"><a href=\"https:\/\/agora.xtec.cat\/cfamontserratroig\/wp-content\/uploads\/usu2436\/2022\/11\/drive.jpg\"><img loading=\"lazy\" decoding=\"async\" class=\"size-medium wp-image-1845 alignleft\" src=\"https:\/\/agora.xtec.cat\/cfamontserratroig\/wp-content\/uploads\/usu2436\/2022\/11\/drive-300x289.jpg\" alt=\"\" width=\"300\" height=\"289\" srcset=\"https:\/\/agora.xtec.cat\/cfamontserratroig\/wp-content\/uploads\/usu2436\/2022\/11\/drive-300x289.jpg 300w, https:\/\/agora.xtec.cat\/cfamontserratroig\/wp-content\/uploads\/usu2436\/2022\/11\/drive.jpg 514w\" sizes=\"auto, (max-width: 300px) 100vw, 300px\" \/><\/a>El centre organitza\u00a0 la documentaci\u00f3 corresponent a cada curs en una unitat compartida. Aquesta unitat es comparteixen exclusivament amb els docents; , de tal manera que en tot moment es controla qui t\u00e9 acc\u00e9s a la informaci\u00f3, tant com a lector com a editor. En aquesta carpeta hi ha tota la informaci\u00f3 que necessita el personal del centre: des de la documentaci\u00f3 oficial (PEC, NOFC, projecte de direcci\u00f3, actes de claustre i consell escolar, etc), passant per llistes d&#8217;alumnes matriculats, llistats d&#8217;assist\u00e8ncia, control d&#8217;altes i baixes, registres de sortides i activitats extraescolars&#8230; fins el recull del desenvolupament dels diferents i programes i duu a terme el centre.<\/p>\n","protected":false},"excerpt":{"rendered":"<p>En els diferents subaparts recollim tots els documents, protocols, procediments, projectes i serveis del centre que fan refer\u00e8ncia a diferents aspectes de la cultura digital. D&#8217;aquesta manera, es pot tenir una visi\u00f3 completa de l&#8217;assoliment actual. D&#8217;entrada, tots els processos d&#8217;ensenyament\/aprenentatge i la documentaci\u00f3 del&hellip;  <a href=\"https:\/\/agora.xtec.cat\/cfamontserratroig\/estrategia-digital-de-centre\/cultura-digital\/\" title=\"Read Cultura digital\">Llegeix m\u00e9s\u00bb<\/a><\/p>\n","protected":false},"author":1,"featured_media":0,"parent":1824,"menu_order":1,"comment_status":"closed","ping_status":"closed","template":"page-templates\/side-menu.php","meta":{"_bbp_topic_count":0,"_bbp_reply_count":0,"_bbp_total_topic_count":0,"_bbp_total_reply_count":0,"_bbp_voice_count":0,"_bbp_anonymous_reply_count":0,"_bbp_topic_count_hidden":0,"_bbp_reply_count_hidden":0,"_bbp_forum_subforum_count":0,"footnotes":""},"class_list":["post-1844","page","type-page","status-publish","hentry"],"post_mailing_queue_ids":[],"_links":{"self":[{"href":"https:\/\/agora.xtec.cat\/cfamontserratroig\/wp-json\/wp\/v2\/pages\/1844","targetHints":{"allow":["GET"]}}],"collection":[{"href":"https:\/\/agora.xtec.cat\/cfamontserratroig\/wp-json\/wp\/v2\/pages"}],"about":[{"href":"https:\/\/agora.xtec.cat\/cfamontserratroig\/wp-json\/wp\/v2\/types\/page"}],"author":[{"embeddable":true,"href":"https:\/\/agora.xtec.cat\/cfamontserratroig\/wp-json\/wp\/v2\/users\/1"}],"replies":[{"embeddable":true,"href":"https:\/\/agora.xtec.cat\/cfamontserratroig\/wp-json\/wp\/v2\/comments?post=1844"}],"version-history":[{"count":4,"href":"https:\/\/agora.xtec.cat\/cfamontserratroig\/wp-json\/wp\/v2\/pages\/1844\/revisions"}],"predecessor-version":[{"id":2005,"href":"https:\/\/agora.xtec.cat\/cfamontserratroig\/wp-json\/wp\/v2\/pages\/1844\/revisions\/2005"}],"up":[{"embeddable":true,"href":"https:\/\/agora.xtec.cat\/cfamontserratroig\/wp-json\/wp\/v2\/pages\/1824"}],"wp:attachment":[{"href":"https:\/\/agora.xtec.cat\/cfamontserratroig\/wp-json\/wp\/v2\/media?parent=1844"}],"curies":[{"name":"wp","href":"https:\/\/api.w.org\/{rel}","templated":true}]}}