{"id":1684,"date":"2022-02-03T13:54:02","date_gmt":"2022-02-03T12:54:02","guid":{"rendered":"https:\/\/agora.xtec.cat\/cfamontserratroig\/?page_id=1684"},"modified":"2025-10-28T11:40:44","modified_gmt":"2025-10-28T10:40:44","slug":"bones-practiques","status":"publish","type":"page","link":"https:\/\/agora.xtec.cat\/cfamontserratroig\/bones-practiques\/","title":{"rendered":"Bones pr\u00e0ctiques"},"content":{"rendered":"<p>Es tracta de pr\u00e0ctiques que es duen a terme des dels diferents ensenyaments impartits al centre. Algunes d&#8217;elles s&#8217;adrecen de forma espec\u00edfica a un ensenyament i\/o curs; en d&#8217;altres hi poden participar tot l&#8217;alumnat. El nostre objectiu, com sempre, \u00e9s aconseguir l\u2019\u00e8xit en la formaci\u00f3 dels nostres alumnes tant des del punt de vista acad\u00e8mic com professional i personal, aix\u00ed com afavorir la cohesi\u00f3 social.<\/p>\n<table style=\"height: 603px; border-style: solid; width: 64.9926%;\">\n<tbody>\n<tr style=\"height: 50px;\">\n<td style=\"border-style: solid; text-align: center; height: 50px; width: 34.7438%;\">\n<h5 style=\"text-align: left;\"><strong>Celebrem Sant Jordi<\/strong><\/h5>\n<p style=\"text-align: left;\"><a href=\"https:\/\/issuu.com\/cfamontserratroig1\/docs\/revista_sant_jordi_2025\" target=\"_blank\" rel=\"noopener\">Revista de Sant Jordi curs 2024-25<\/a><\/p>\n<p><img loading=\"lazy\" decoding=\"async\" class=\"alignnone wp-image-2694\" src=\"https:\/\/agora.xtec.cat\/cfamontserratroig\/wp-content\/uploads\/usu2436\/2025\/04\/sant-jordi-211x300.png\" alt=\"\" width=\"97\" height=\"138\" srcset=\"https:\/\/agora.xtec.cat\/cfamontserratroig\/wp-content\/uploads\/usu2436\/2025\/04\/sant-jordi-211x300.png 211w, https:\/\/agora.xtec.cat\/cfamontserratroig\/wp-content\/uploads\/usu2436\/2025\/04\/sant-jordi.png 449w\" sizes=\"auto, (max-width: 97px) 100vw, 97px\" \/><\/td>\n<td style=\"border-style: solid; text-align: center; width: 31.4032%;\">\n<p style=\"text-align: left;\"><a href=\"https:\/\/issuu.com\/cfamontserratroig1\/docs\/revista_sant_jordi_2024\" target=\"_blank\" rel=\"noopener\">\u2022 Revista de Sant Jordi curs 2023-24<\/a><\/p>\n<p style=\"text-align: left;\"><a href=\"https:\/\/e.issuu.com\/embed.html?d=revista_sant_jordi_2023&amp;u=cfamontserratroig1\" target=\"_blank\" rel=\"noopener\">\u2022 Revista de Sant Jordi curs 2022-23<\/a><\/p>\n<p style=\"text-align: left;\"><a href=\"https:\/\/issuu.com\/cfamontserratroig1\/docs\/revista_2022\" target=\"_blank\" rel=\"noopener\">\u2022 Revista de Sant Jordi curs 2021-22<\/a><\/p>\n<\/td>\n<td style=\"border-style: solid; text-align: center; width: 32.7394%;\">\n<p style=\"text-align: left;\"><a href=\"https:\/\/issuu.com\/cfamontserratroig1\/docs\/parlem_d_amistat?fr=sMzJiYjk4NzAwMA\" target=\"_blank\" rel=\"noopener\">\u2022 Revista de Sant Jordi curs 2018-19<\/a><\/p>\n<p style=\"text-align: left;\"><a href=\"https:\/\/issuu.com\/cfamontserratroig1\/docs\/recull_de_textos_2018\" target=\"_blank\" rel=\"noopener\">\u2022 Revista de Sant Jordi curs 2017-18<\/a><\/p>\n<p style=\"text-align: left;\"><a href=\"https:\/\/issuu.com\/cfamontserratroig1\/docs\/recull_de_textos_16_17\" target=\"_blank\" rel=\"noopener\">\u2022 Revista de Sant Jordi curs 2016-17<\/a><\/p>\n<\/td>\n<\/tr>\n<tr>\n<td style=\"border-style: solid; text-align: center; width: 34.7438%;\"><a href=\"https:\/\/agora.xtec.cat\/cfamontserratroig\/portada\/el-servei-datencio-psicoeducativa-i-atencio-als-casos-de-violencies-sapv-un-recurs-necessari\/\" target=\"_blank\" rel=\"noopener\"><strong>El Servei d\u2019Atenci\u00f3 Psicoeducativa i atenci\u00f3 als casos de Viol\u00e8ncies (SAPV): un recurs necessari<\/strong><\/a><\/p>\n<p><a href=\"https:\/\/agora.xtec.cat\/cfamontserratroig\/wp-content\/uploads\/usu2436\/2025\/03\/pexels-photo-4100354-scaled.jpeg\"><img loading=\"lazy\" decoding=\"async\" class=\"alignnone size-medium wp-image-2672\" src=\"https:\/\/agora.xtec.cat\/cfamontserratroig\/wp-content\/uploads\/usu2436\/2025\/03\/pexels-photo-4100354-300x158.jpeg\" alt=\"\" width=\"300\" height=\"158\" srcset=\"https:\/\/agora.xtec.cat\/cfamontserratroig\/wp-content\/uploads\/usu2436\/2025\/03\/pexels-photo-4100354-300x158.jpeg 300w, https:\/\/agora.xtec.cat\/cfamontserratroig\/wp-content\/uploads\/usu2436\/2025\/03\/pexels-photo-4100354-1024x540.jpeg 1024w, https:\/\/agora.xtec.cat\/cfamontserratroig\/wp-content\/uploads\/usu2436\/2025\/03\/pexels-photo-4100354-768x405.jpeg 768w, https:\/\/agora.xtec.cat\/cfamontserratroig\/wp-content\/uploads\/usu2436\/2025\/03\/pexels-photo-4100354-1536x810.jpeg 1536w, https:\/\/agora.xtec.cat\/cfamontserratroig\/wp-content\/uploads\/usu2436\/2025\/03\/pexels-photo-4100354-2048x1080.jpeg 2048w\" sizes=\"auto, (max-width: 300px) 100vw, 300px\" \/><\/a><\/td>\n<td style=\"border-style: solid; text-align: center; width: 31.4032%;\">\n<h5 class=\"entry-title\" style=\"text-align: center;\"><a href=\"https:\/\/agora.xtec.cat\/cfamontserratroig\/?p=2792&amp;preview=true\" target=\"_blank\" rel=\"noopener\"><strong>Fam\u00edlia i escola: enfortint vincles<\/strong><\/a><\/h5>\n<h5 class=\"entry-title\" style=\"text-align: center;\"><strong><a href=\"https:\/\/agora.xtec.cat\/cfamontserratroig\/wp-content\/uploads\/usu2436\/2025\/10\/WhatsApp-Image-2025-10-27-at-12.26.42.jpeg\"><img loading=\"lazy\" decoding=\"async\" class=\"alignnone size-medium wp-image-2793\" src=\"https:\/\/agora.xtec.cat\/cfamontserratroig\/wp-content\/uploads\/usu2436\/2025\/10\/WhatsApp-Image-2025-10-27-at-12.26.42-300x225.jpeg\" alt=\"\" width=\"300\" height=\"225\" srcset=\"https:\/\/agora.xtec.cat\/cfamontserratroig\/wp-content\/uploads\/usu2436\/2025\/10\/WhatsApp-Image-2025-10-27-at-12.26.42-300x225.jpeg 300w, https:\/\/agora.xtec.cat\/cfamontserratroig\/wp-content\/uploads\/usu2436\/2025\/10\/WhatsApp-Image-2025-10-27-at-12.26.42-1024x768.jpeg 1024w, https:\/\/agora.xtec.cat\/cfamontserratroig\/wp-content\/uploads\/usu2436\/2025\/10\/WhatsApp-Image-2025-10-27-at-12.26.42-768x576.jpeg 768w, https:\/\/agora.xtec.cat\/cfamontserratroig\/wp-content\/uploads\/usu2436\/2025\/10\/WhatsApp-Image-2025-10-27-at-12.26.42-1536x1152.jpeg 1536w, https:\/\/agora.xtec.cat\/cfamontserratroig\/wp-content\/uploads\/usu2436\/2025\/10\/WhatsApp-Image-2025-10-27-at-12.26.42-200x150.jpeg 200w, https:\/\/agora.xtec.cat\/cfamontserratroig\/wp-content\/uploads\/usu2436\/2025\/10\/WhatsApp-Image-2025-10-27-at-12.26.42.jpeg 2048w\" sizes=\"auto, (max-width: 300px) 100vw, 300px\" \/><\/a>\u00a0<\/strong><\/h5>\n<\/td>\n<td style=\"border-style: solid; text-align: center; width: 32.7394%;\">\n<h5 class=\"entry-title\" style=\"text-align: center;\"><strong>\u00a0<\/strong><\/h5>\n<\/td>\n<\/tr>\n<tr style=\"height: 186px;\">\n<td style=\"border-style: solid; text-align: center; width: 34.7438%; height: 42px;\"><a href=\"https:\/\/agora.xtec.cat\/cfamontserratroig\/portada\/paraules-que-motiven-la-jove-escriptora-lidia-cipres-ens-comparteix-el-seu-viatge-literari\/\" target=\"_blank\" rel=\"noopener\"><strong>Paraules que motiven: la jove escriptora L\u00eddia Cipr\u00e9s ens comparteix el seu viatge literari<\/strong><\/a><\/p>\n<p><img loading=\"lazy\" decoding=\"async\" class=\"alignnone size-medium wp-image-2653\" src=\"https:\/\/agora.xtec.cat\/cfamontserratroig\/wp-content\/uploads\/usu2436\/2025\/03\/lidia-300x224.jpeg\" alt=\"\" width=\"300\" height=\"224\" srcset=\"https:\/\/agora.xtec.cat\/cfamontserratroig\/wp-content\/uploads\/usu2436\/2025\/03\/lidia-300x224.jpeg 300w, https:\/\/agora.xtec.cat\/cfamontserratroig\/wp-content\/uploads\/usu2436\/2025\/03\/lidia-768x574.jpeg 768w, https:\/\/agora.xtec.cat\/cfamontserratroig\/wp-content\/uploads\/usu2436\/2025\/03\/lidia-200x150.jpeg 200w, https:\/\/agora.xtec.cat\/cfamontserratroig\/wp-content\/uploads\/usu2436\/2025\/03\/lidia.jpeg 996w\" sizes=\"auto, (max-width: 300px) 100vw, 300px\" \/><\/td>\n<td style=\"border-style: solid; text-align: center; width: 31.4032%; height: 42px;\">\n<h5 class=\"entry-title\" style=\"text-align: center;\"><a href=\"https:\/\/agora.xtec.cat\/cfamontserratroig\/portada\/visita-al-nostre-centre-de-lescola-de-segones-oportunitats-de-mantoudiou-limnis-agias-annas\/\" target=\"_blank\" rel=\"noopener\"><strong>Visita al nostre centre de l\u2019escola de segones oportunitats de Mantoudiou \u2013 Limnis \u2013 Agias Annas (Gr\u00e8cia)<\/strong><\/a><\/h5>\n<p>&nbsp;<\/p>\n<p><img loading=\"lazy\" decoding=\"async\" class=\"alignnone size-thumbnail wp-image-2596\" src=\"https:\/\/agora.xtec.cat\/cfamontserratroig\/wp-content\/uploads\/usu2436\/2025\/02\/grecs-150x150.png\" alt=\"\" width=\"150\" height=\"150\" \/><\/td>\n<td style=\"border-style: solid; text-align: center; width: 32.7394%; height: 42px;\">\n<h5 class=\"entry-title\" style=\"text-align: center;\"><a href=\"https:\/\/agora.xtec.cat\/cfamontserratroig\/portada\/ciberseguretat-una-experiencia-enriquidora-i-necessaria\/\" target=\"_blank\" rel=\"noopener\"><strong>Ciberseguretat: Una experi\u00e8ncia enriquidora i necess\u00e0ria<\/strong><\/a><\/h5>\n<h5 class=\"entry-title\" style=\"text-align: center;\"><strong>\u00a0<\/strong><\/h5>\n<p><img loading=\"lazy\" decoding=\"async\" class=\"alignnone size-thumbnail wp-image-2598\" src=\"https:\/\/agora.xtec.cat\/cfamontserratroig\/wp-content\/uploads\/usu2436\/2025\/02\/ciber-150x150.png\" alt=\"\" width=\"150\" height=\"150\" srcset=\"https:\/\/agora.xtec.cat\/cfamontserratroig\/wp-content\/uploads\/usu2436\/2025\/02\/ciber-150x150.png 150w, https:\/\/agora.xtec.cat\/cfamontserratroig\/wp-content\/uploads\/usu2436\/2025\/02\/ciber-300x297.png 300w, https:\/\/agora.xtec.cat\/cfamontserratroig\/wp-content\/uploads\/usu2436\/2025\/02\/ciber.png 454w\" sizes=\"auto, (max-width: 150px) 100vw, 150px\" \/><\/p>\n<h5 class=\"entry-title\" style=\"text-align: center;\"><\/h5>\n<\/td>\n<\/tr>\n<tr style=\"height: 255px;\">\n<td style=\"width: 34.7438%; border-style: solid; text-align: center; height: 231px;\">\n<h5 class=\"entry-title\" style=\"text-align: center;\"><a href=\"https:\/\/agora.xtec.cat\/cfamontserratroig\/portada\/benvinguts-al-territori-guia-essencial-per-a-persones-immigrades\/\" target=\"_blank\" rel=\"noopener\"><strong>Benvinguts al territori! Guia essencial per a persones immigrades<\/strong><\/a><\/h5>\n<h5><\/h5>\n<h5 class=\"entry-title\" style=\"text-align: center;\"><img loading=\"lazy\" decoding=\"async\" class=\"alignnone wp-image-2523 size-medium\" src=\"https:\/\/agora.xtec.cat\/cfamontserratroig\/wp-content\/uploads\/usu2436\/2024\/12\/soapi-300x90.png\" alt=\"\" width=\"300\" height=\"90\" srcset=\"https:\/\/agora.xtec.cat\/cfamontserratroig\/wp-content\/uploads\/usu2436\/2024\/12\/soapi-300x90.png 300w, https:\/\/agora.xtec.cat\/cfamontserratroig\/wp-content\/uploads\/usu2436\/2024\/12\/soapi-768x232.png 768w, https:\/\/agora.xtec.cat\/cfamontserratroig\/wp-content\/uploads\/usu2436\/2024\/12\/soapi.png 849w\" sizes=\"auto, (max-width: 300px) 100vw, 300px\" \/><\/h5>\n<\/td>\n<td style=\"width: 31.4032%; border-style: solid; height: 231px;\">\n<h5 style=\"text-align: center;\"><a href=\"https:\/\/agora.xtec.cat\/cfamontserratroig\/general\/catala-veu-i-accio-una-experiencia-per-repetir\/\" target=\"_blank\" rel=\"noopener\"><strong>Catal\u00e0, veu i\u2026 acci\u00f3! Una experi\u00e8ncia per repetir<\/strong><\/a><\/h5>\n<h5 style=\"text-align: center;\"><strong>\u00a0<\/strong><img loading=\"lazy\" decoding=\"async\" class=\"alignnone size-thumbnail wp-image-2597\" style=\"font-family: inherit; font-size: 0.875em; font-weight: normal; background-color: #f9f9f9;\" src=\"https:\/\/agora.xtec.cat\/cfamontserratroig\/wp-content\/uploads\/usu2436\/2025\/02\/dobletge-150x150.png\" alt=\"\" width=\"150\" height=\"150\" \/><\/h5>\n<\/td>\n<td style=\"width: 32.7394%; border-style: solid; text-align: center; height: 231px;\">\n<h5 style=\"text-align: center;\"><a href=\"https:\/\/agora.xtec.cat\/cfamontserratroig\/general\/speak-up-club-de-conversa-en-angles\/\" target=\"_blank\" rel=\"noopener\"><strong>Speak up! Club de conversa en angl\u00e8s<\/strong><\/a><\/h5>\n<p><img loading=\"lazy\" decoding=\"async\" class=\"wp-image-2053 aligncenter\" src=\"https:\/\/agora.xtec.cat\/cfamontserratroig\/wp-content\/uploads\/usu2436\/2023\/02\/feedback-3653368_1280-300x200.jpg\" alt=\"\" width=\"257\" height=\"171\" srcset=\"https:\/\/agora.xtec.cat\/cfamontserratroig\/wp-content\/uploads\/usu2436\/2023\/02\/feedback-3653368_1280-300x200.jpg 300w, https:\/\/agora.xtec.cat\/cfamontserratroig\/wp-content\/uploads\/usu2436\/2023\/02\/feedback-3653368_1280-1024x682.jpg 1024w, https:\/\/agora.xtec.cat\/cfamontserratroig\/wp-content\/uploads\/usu2436\/2023\/02\/feedback-3653368_1280-768x512.jpg 768w, https:\/\/agora.xtec.cat\/cfamontserratroig\/wp-content\/uploads\/usu2436\/2023\/02\/feedback-3653368_1280.jpg 1280w\" sizes=\"auto, (max-width: 257px) 100vw, 257px\" \/><\/td>\n<\/tr>\n<tr style=\"height: 404px;\">\n<td style=\"width: 34.7438%; border-style: solid; text-align: center; height: 10px;\">\n<h5 style=\"text-align: left;\"><\/h5>\n<h5 style=\"text-align: center;\"><a href=\"https:\/\/agora.xtec.cat\/cfamontserratroig\/portada\/propera-parada-eoi-la-pau\/\" target=\"_blank\" rel=\"noopener\"><strong>Propera parada EOI La Pau<\/strong><\/a><\/h5>\n<h5 style=\"text-align: left;\"><img loading=\"lazy\" decoding=\"async\" class=\"wp-image-1662 aligncenter\" src=\"https:\/\/agora.xtec.cat\/cfamontserratroig\/wp-content\/uploads\/usu2436\/2022\/01\/londres-underground-sign-i11278-1-150x150.jpg\" alt=\"\" width=\"171\" height=\"171\" \/><\/h5>\n<h5 style=\"text-align: center;\"><strong>\u00a0<\/strong><\/h5>\n<\/td>\n<td style=\"width: 31.4032%; border-style: solid; height: 10px;\">\n<h5 class=\"entry-title\" style=\"text-align: center;\"><a href=\"https:\/\/agora.xtec.cat\/cfamontserratroig\/general\/les-practiques-universitaries-una-peca-clau-en-la-formacio-integral-dels-estudiants-i-en-el-creixement-dels-centres-educatius\/\" target=\"_blank\" rel=\"noopener\"><strong>Un centre formador<\/strong><\/a><\/h5>\n<p><img loading=\"lazy\" decoding=\"async\" class=\"aligncenter\" src=\"https:\/\/agora.xtec.cat\/cfamontserratroig\/wp-content\/uploads\/usu2436\/2023\/05\/Captura-de-pantalla-2023-05-22-115205-300x277.png\" width=\"184\" height=\"170\" \/><\/p>\n<h5 style=\"text-align: center;\"><strong>\u00a0<\/strong><\/h5>\n<\/td>\n<td style=\"width: 32.7394%; border-style: solid; text-align: center; height: 10px;\"><a href=\"https:\/\/agora.xtec.cat\/cfamontserratroig\/projecte-stolpersteine\/\" target=\"_blank\" rel=\"noopener\"><strong>PROJECTE STOLPERSTEINE BARCELONA: homenatjant al deportat republic\u00e0 Jos\u00e9 Carlos Grey<\/strong><\/a><\/p>\n<p><img loading=\"lazy\" decoding=\"async\" class=\"alignnone size-medium wp-image-2139\" src=\"https:\/\/agora.xtec.cat\/cfamontserratroig\/wp-content\/uploads\/usu2436\/2023\/07\/carlos-gry-200x300.jpg\" alt=\"\" width=\"200\" height=\"300\" srcset=\"https:\/\/agora.xtec.cat\/cfamontserratroig\/wp-content\/uploads\/usu2436\/2023\/07\/carlos-gry-200x300.jpg 200w, https:\/\/agora.xtec.cat\/cfamontserratroig\/wp-content\/uploads\/usu2436\/2023\/07\/carlos-gry-683x1024.jpg 683w, https:\/\/agora.xtec.cat\/cfamontserratroig\/wp-content\/uploads\/usu2436\/2023\/07\/carlos-gry-768x1152.jpg 768w, https:\/\/agora.xtec.cat\/cfamontserratroig\/wp-content\/uploads\/usu2436\/2023\/07\/carlos-gry-1024x1536.jpg 1024w, https:\/\/agora.xtec.cat\/cfamontserratroig\/wp-content\/uploads\/usu2436\/2023\/07\/carlos-gry.jpg 1365w\" sizes=\"auto, (max-width: 200px) 100vw, 200px\" \/><\/td>\n<\/tr>\n<tr style=\"height: 270px;\">\n<td style=\"width: 34.7438%; border-style: solid; text-align: center; height: 270px;\">\n<h5 style=\"text-align: center;\"><a href=\"https:\/\/agora.xtec.cat\/cfamontserratroig\/general\/som-un-centre-acollidor\/\" target=\"_blank\" rel=\"noopener\"><strong>Som un centre acollidor<\/strong><\/a><\/h5>\n<p><img loading=\"lazy\" decoding=\"async\" class=\"wp-image-1797 aligncenter\" src=\"https:\/\/agora.xtec.cat\/cfamontserratroig\/wp-content\/uploads\/usu2436\/2022\/10\/IMG-20221017-WA0002-300x225.jpg\" alt=\"\" width=\"247\" height=\"185\" srcset=\"https:\/\/agora.xtec.cat\/cfamontserratroig\/wp-content\/uploads\/usu2436\/2022\/10\/IMG-20221017-WA0002-300x225.jpg 300w, https:\/\/agora.xtec.cat\/cfamontserratroig\/wp-content\/uploads\/usu2436\/2022\/10\/IMG-20221017-WA0002-768x576.jpg 768w, https:\/\/agora.xtec.cat\/cfamontserratroig\/wp-content\/uploads\/usu2436\/2022\/10\/IMG-20221017-WA0002-200x150.jpg 200w, https:\/\/agora.xtec.cat\/cfamontserratroig\/wp-content\/uploads\/usu2436\/2022\/10\/IMG-20221017-WA0002.jpg 1024w\" sizes=\"auto, (max-width: 247px) 100vw, 247px\" \/><\/td>\n<td style=\"width: 31.4032%; border-style: solid; height: 270px;\">\n<h5 style=\"text-align: center;\"><a href=\"https:\/\/agora.xtec.cat\/cfamontserratroig\/portada\/la-importancia-de-treballar-el-vincle-i-la-confianca-amb-lalumnat-de-ges\/\" target=\"_blank\" rel=\"noopener\"><strong>La import\u00e0ncia de treballar el vincle i la confian\u00e7a amb l\u2019alumnat de GES<\/strong><\/a><\/h5>\n<p><img loading=\"lazy\" decoding=\"async\" class=\"wp-image-1722 aligncenter\" src=\"https:\/\/agora.xtec.cat\/cfamontserratroig\/wp-content\/uploads\/usu2436\/2022\/05\/IMG_7008-150x150.jpg\" alt=\"\" width=\"180\" height=\"180\" \/><\/p>\n<h5 style=\"text-align: center;\"><strong>\u00a0<\/strong><\/h5>\n<\/td>\n<td style=\"width: 32.7394%; border-style: solid; text-align: center; height: 270px;\">\n<h5 style=\"text-align: center;\"><a href=\"https:\/\/agora.xtec.cat\/cfamontserratroig\/general\/apostem-per-treballar-les-emocions-amb-els-joves\/\" target=\"_blank\" rel=\"noopener\"><strong>Apostem per treballar les emocions amb els joves\u00a0<\/strong><\/a><\/h5>\n<p style=\"text-align: center;\"><img loading=\"lazy\" decoding=\"async\" class=\"alignnone size-thumbnail wp-image-1692\" src=\"https:\/\/agora.xtec.cat\/cfamontserratroig\/wp-content\/uploads\/usu2436\/2022\/02\/Emotional_expression_post_its-150x150.jpg\" alt=\"\" width=\"150\" height=\"150\" srcset=\"https:\/\/agora.xtec.cat\/cfamontserratroig\/wp-content\/uploads\/usu2436\/2022\/02\/Emotional_expression_post_its-150x150.jpg 150w, https:\/\/agora.xtec.cat\/cfamontserratroig\/wp-content\/uploads\/usu2436\/2022\/02\/Emotional_expression_post_its-300x300.jpg 300w, https:\/\/agora.xtec.cat\/cfamontserratroig\/wp-content\/uploads\/usu2436\/2022\/02\/Emotional_expression_post_its-1024x1024.jpg 1024w, https:\/\/agora.xtec.cat\/cfamontserratroig\/wp-content\/uploads\/usu2436\/2022\/02\/Emotional_expression_post_its-768x768.jpg 768w, https:\/\/agora.xtec.cat\/cfamontserratroig\/wp-content\/uploads\/usu2436\/2022\/02\/Emotional_expression_post_its.jpg 1200w\" sizes=\"auto, (max-width: 150px) 100vw, 150px\" \/><\/p>\n<h5><strong>\u00a0<\/strong><\/h5>\n<\/td>\n<\/tr>\n<\/tbody>\n<\/table>\n","protected":false},"excerpt":{"rendered":"<p>Es tracta de pr\u00e0ctiques que es duen a terme des dels diferents ensenyaments impartits al centre. Algunes d&#8217;elles s&#8217;adrecen de forma espec\u00edfica a un ensenyament i\/o curs; en d&#8217;altres hi poden participar tot l&#8217;alumnat. El nostre objectiu, com sempre, \u00e9s aconseguir l\u2019\u00e8xit en la formaci\u00f3&hellip;  <a href=\"https:\/\/agora.xtec.cat\/cfamontserratroig\/bones-practiques\/\" title=\"Read Bones pr\u00e0ctiques\">Llegeix m\u00e9s\u00bb<\/a><\/p>\n","protected":false},"author":3,"featured_media":0,"parent":0,"menu_order":0,"comment_status":"closed","ping_status":"closed","template":"","meta":{"_bbp_topic_count":0,"_bbp_reply_count":0,"_bbp_total_topic_count":0,"_bbp_total_reply_count":0,"_bbp_voice_count":0,"_bbp_anonymous_reply_count":0,"_bbp_topic_count_hidden":0,"_bbp_reply_count_hidden":0,"_bbp_forum_subforum_count":0,"footnotes":""},"class_list":["post-1684","page","type-page","status-publish","hentry"],"post_mailing_queue_ids":[],"_links":{"self":[{"href":"https:\/\/agora.xtec.cat\/cfamontserratroig\/wp-json\/wp\/v2\/pages\/1684","targetHints":{"allow":["GET"]}}],"collection":[{"href":"https:\/\/agora.xtec.cat\/cfamontserratroig\/wp-json\/wp\/v2\/pages"}],"about":[{"href":"https:\/\/agora.xtec.cat\/cfamontserratroig\/wp-json\/wp\/v2\/types\/page"}],"author":[{"embeddable":true,"href":"https:\/\/agora.xtec.cat\/cfamontserratroig\/wp-json\/wp\/v2\/users\/3"}],"replies":[{"embeddable":true,"href":"https:\/\/agora.xtec.cat\/cfamontserratroig\/wp-json\/wp\/v2\/comments?post=1684"}],"version-history":[{"count":8,"href":"https:\/\/agora.xtec.cat\/cfamontserratroig\/wp-json\/wp\/v2\/pages\/1684\/revisions"}],"predecessor-version":[{"id":2798,"href":"https:\/\/agora.xtec.cat\/cfamontserratroig\/wp-json\/wp\/v2\/pages\/1684\/revisions\/2798"}],"wp:attachment":[{"href":"https:\/\/agora.xtec.cat\/cfamontserratroig\/wp-json\/wp\/v2\/media?parent=1684"}],"curies":[{"name":"wp","href":"https:\/\/api.w.org\/{rel}","templated":true}]}}