{"id":81,"date":"2014-09-18T10:38:05","date_gmt":"2014-09-18T08:38:05","guid":{"rendered":"http:\/\/agora.xtec.cat\/cfamollet\/?page_id=81"},"modified":"2024-06-13T09:44:15","modified_gmt":"2024-06-13T07:44:15","slug":"secretaria","status":"publish","type":"page","link":"https:\/\/agora.xtec.cat\/cfamollet\/secretaria\/","title":{"rendered":"Secretaria"},"content":{"rendered":"<table style=\"border-collapse: collapse; width: 100%;\">\n<tbody>\n<tr>\n<td style=\"width: 14.3315%;\"><img loading=\"lazy\" decoding=\"async\" class=\"\" src=\"https:\/\/img.freepik.com\/vector-premium\/reclutamiento-solicitud-empleo-contratacion-personal-seleccion-candidatos-empleo-ilustracion-concepto-busqueda-empleo_270158-316.jpg\" alt=\"Reclutament sol\u00b7licitud d'ocupaci\u00f3 contractaci\u00f3 de personal selecci\u00f3 de candidats ocupaci\u00f3 il\u00b7lustraci\u00f3 del concepte de recerca de feina\" width=\"153\" height=\"140\" \/><\/td>\n<td style=\"width: 40.7764%;\"><strong>A la secretaria del centre podr\u00e0s sol\u00b7licitar:<\/strong><\/p>\n<ul>\n<li>Tr\u00e0mits (sol\u00b7licitud de certificats&#8230;)<\/li>\n<li>Documents (autoritzaci\u00f3 de sortides, \u00fas de serveis digitals, etc.)<\/li>\n<li>Beques i ajuts<\/li>\n<li>etc.<\/li>\n<\/ul>\n<\/td>\n<td style=\"width: 44.892%;\"><a href=\"https:\/\/agora.xtec.cat\/cfamollet\/wp-content\/uploads\/usu465\/2023\/07\/secretariacfa.jpg\"><img loading=\"lazy\" decoding=\"async\" class=\"wp-image-2573 alignleft\" src=\"https:\/\/agora.xtec.cat\/cfamollet\/wp-content\/uploads\/usu465\/2023\/07\/secretariacfa-1024x461.jpg\" alt=\"\" width=\"506\" height=\"228\" srcset=\"https:\/\/agora.xtec.cat\/cfamollet\/wp-content\/uploads\/usu465\/2023\/07\/secretariacfa-1024x461.jpg 1024w, https:\/\/agora.xtec.cat\/cfamollet\/wp-content\/uploads\/usu465\/2023\/07\/secretariacfa-300x135.jpg 300w, https:\/\/agora.xtec.cat\/cfamollet\/wp-content\/uploads\/usu465\/2023\/07\/secretariacfa-768x346.jpg 768w, https:\/\/agora.xtec.cat\/cfamollet\/wp-content\/uploads\/usu465\/2023\/07\/secretariacfa-1536x692.jpg 1536w, https:\/\/agora.xtec.cat\/cfamollet\/wp-content\/uploads\/usu465\/2023\/07\/secretariacfa.jpg 2016w\" sizes=\"auto, (max-width: 506px) 100vw, 506px\" \/><\/a><\/td>\n<\/tr>\n<\/tbody>\n<\/table>\n<p>&nbsp;<\/p>\n<table style=\"border-collapse: collapse; width: 100%;\">\n<tbody>\n<tr>\n<td style=\"width: 13.9195%;\"><img loading=\"lazy\" decoding=\"async\" class=\"\" src=\"https:\/\/encrypted-tbn0.gstatic.com\/images?q=tbn:ANd9GcQsCCFA2dZNpFz8fFDzE8L_ziQNGWqo3F64ng&amp;usqp=CAU\" alt=\"Solicitud De Empleo Aprobado. La Mano Sostiene La Solicitud De Empleo Con El Sello De Aprobaci\u00f3n Sobre El Mismo. Ilustraci\u00f3n Vectorial Flat Ilustraciones Svg, Vectoriales, Clip Art Vectorizado Libre De Derechos. Image\" width=\"149\" height=\"149\" \/><\/td>\n<td style=\"width: 86.0805%;\">\n<h4>DOCUMENTACI\u00d3 per a formalitzar la preinscripci\u00f3 o la matr\u00edcula:<\/h4>\n<h4>Instrumentals, Catal\u00e0, Castell\u00e0, Angl\u00e8s i Competic:<\/h4>\n<ul>\n<li>\u00a0 \u00a0 \u00a0 Original i c\u00f2pia del DNI, NIE o passaport de l&#8217;alumne\/a.<\/li>\n<li>\u00a0\u00a0\u00a0\u00a0\u00a0 Una fotografia mida carnet.<\/li>\n<\/ul>\n<h4>GES (Secund\u00e0ria) i Proves Acc\u00e9s Universitat i Grau Superior:<\/h4>\n<ul>\n<li>\u00a0 \u00a0 \u00a0 Original i c\u00f2pia del DNI, NIE o passaport de l&#8217;alumne\/a.<\/li>\n<li>\u00a0 \u00a0 \u00a0 Expedient Acad\u00e8mic.<\/li>\n<li>\u00a0\u00a0\u00a0\u00a0\u00a0 Una fotografia mida carnet.<\/li>\n<\/ul>\n<h4>Si l&#8217;alumne \u00e9s menor d&#8217;edat:<\/h4>\n<ul>\n<li style=\"list-style-type: none;\">\n<ul>\n<li>\u00a0 \u00a0 \u00a0 Original i c\u00f2pia del DNI, NIE o passaport de l&#8217;alumne\/a.<\/li>\n<li>\u00a0 \u00a0 \u00a0 Original i c\u00f2pia del DNI, NIE o passaport de la mare, pare o tutor\/a.<\/li>\n<li>\u00a0 \u00a0 \u00a0 Llibre de fam\u00edlia.<\/li>\n<li>\u00a0\u00a0\u00a0\u00a0\u00a0 Una fotografia mida carnet.<\/li>\n<\/ul>\n<\/li>\n<\/ul>\n<\/td>\n<\/tr>\n<tr>\n<td style=\"width: 13.9195%;\"><img loading=\"lazy\" decoding=\"async\" class=\"\" src=\"https:\/\/encrypted-tbn0.gstatic.com\/images?q=tbn:ANd9GcQe_q0vEedxz-hebfIkrU4abBtq9H7q1ky75A&amp;usqp=CAU\" alt=\"Oficines obertes | BBVA Espanya\" width=\"131\" height=\"131\" \/><\/td>\n<td style=\"width: 86.0805%;\"><a href=\"https:\/\/agora.xtec.cat\/cfamollet\/wp-content\/uploads\/usu465\/2023\/10\/Captura-de-pantalla-2023-10-04-113617.png\"><img loading=\"lazy\" decoding=\"async\" class=\"alignnone wp-image-2823\" src=\"https:\/\/agora.xtec.cat\/cfamollet\/wp-content\/uploads\/usu465\/2023\/10\/Captura-de-pantalla-2023-10-04-113617-1024x717.png\" alt=\"\" width=\"248\" height=\"174\" srcset=\"https:\/\/agora.xtec.cat\/cfamollet\/wp-content\/uploads\/usu465\/2023\/10\/Captura-de-pantalla-2023-10-04-113617-1024x717.png 1024w, https:\/\/agora.xtec.cat\/cfamollet\/wp-content\/uploads\/usu465\/2023\/10\/Captura-de-pantalla-2023-10-04-113617-300x210.png 300w, https:\/\/agora.xtec.cat\/cfamollet\/wp-content\/uploads\/usu465\/2023\/10\/Captura-de-pantalla-2023-10-04-113617-768x537.png 768w, https:\/\/agora.xtec.cat\/cfamollet\/wp-content\/uploads\/usu465\/2023\/10\/Captura-de-pantalla-2023-10-04-113617.png 1039w\" sizes=\"auto, (max-width: 248px) 100vw, 248px\" \/><\/a>Consulteu els horaris de preinscripci\u00f3 i matr\u00edcula a l&#8217;apartat corresponent.<\/td>\n<\/tr>\n<tr>\n<td style=\"width: 13.9195%;\"><img loading=\"lazy\" decoding=\"async\" class=\"\" src=\"https:\/\/encrypted-tbn0.gstatic.com\/images?q=tbn:ANd9GcSYB6Vv6s0si-AOOhMKEwIWCo7f4hlMfnKBsA&amp;usqp=CAU\" alt=\"Gr\u00e1fico vectorial Icono de tel\u00e9fono de contacto \u25b7 Imagen vectorial Icono de tel\u00e9fono de contacto - P\u00e1gina 197 | Depositphotos\" width=\"113\" height=\"113\" \/><\/td>\n<td style=\"width: 86.0805%;\"><strong>Tel\u00e8fon:\u00a0 93 5701548<\/strong><br \/>\n<strong>Correu electr\u00f2nic: secretariacfamollet<span class=\"\">@gmail.com<\/span><\/strong><\/td>\n<\/tr>\n<\/tbody>\n<\/table>\n<p>&nbsp;<\/p>\n<p>&nbsp;<\/p>\n<p>&nbsp;<\/p>\n","protected":false},"excerpt":{"rendered":"<p>A la secretaria del centre podr\u00e0s sol\u00b7licitar:<\/p>\n<ul>\n<li>Tr\u00e0mits (sol\u00b7licitud de certificats&#8230;)<\/li>\n<li>Documents (autoritzaci\u00f3 de sortides, \u00fas de serveis digitals, etc.)<\/li>\n<li>Beques i ajuts<\/li>\n<li>etc.<\/li>\n<\/ul>\n<p><a href=\"https:\/\/agora.xtec.cat\/cfamollet\/wp-content\/uploads\/usu465\/2023\/07\/secretariacfa.jpg\"><\/a><\/p>\n<p>&nbsp;<\/p>\n<p>DOCUMENTACI\u00d3 per a formalitzar la preinscripci\u00f3 o la matr\u00edcula:<br \/>\nInstrumentals, Catal\u00e0, Castell\u00e0, Angl\u00e8s i Competic:<\/p>\n<ul>\n<li>\u00a0 \u00a0 \u00a0 Original i c\u00f2pia del DNI, NIE o passaport de&hellip;  <a href=\"https:\/\/agora.xtec.cat\/cfamollet\/secretaria\/\" title=\"Read Secretaria\">Llegeix m\u00e9s\u00bb<\/a><br \/>\n","protected":false},"author":1,"featured_media":0,"parent":0,"menu_order":0,"comment_status":"closed","ping_status":"closed","template":"page-templates\/side-menu.php","meta":{"_bbp_topic_count":0,"_bbp_reply_count":0,"_bbp_total_topic_count":0,"_bbp_total_reply_count":0,"_bbp_voice_count":0,"_bbp_anonymous_reply_count":0,"_bbp_topic_count_hidden":0,"_bbp_reply_count_hidden":0,"_bbp_forum_subforum_count":0,"footnotes":""},"class_list":["post-81","page","type-page","status-publish","hentry"],"post_mailing_queue_ids":[],"_links":{"self":[{"href":"https:\/\/agora.xtec.cat\/cfamollet\/wp-json\/wp\/v2\/pages\/81","targetHints":{"allow":["GET"]}}],"collection":[{"href":"https:\/\/agora.xtec.cat\/cfamollet\/wp-json\/wp\/v2\/pages"}],"about":[{"href":"https:\/\/agora.xtec.cat\/cfamollet\/wp-json\/wp\/v2\/types\/page"}],"author":[{"embeddable":true,"href":"https:\/\/agora.xtec.cat\/cfamollet\/wp-json\/wp\/v2\/users\/1"}],"replies":[{"embeddable":true,"href":"https:\/\/agora.xtec.cat\/cfamollet\/wp-json\/wp\/v2\/comments?post=81"}],"version-history":[{"count":8,"href":"https:\/\/agora.xtec.cat\/cfamollet\/wp-json\/wp\/v2\/pages\/81\/revisions"}],"predecessor-version":[{"id":3285,"href":"https:\/\/agora.xtec.cat\/cfamollet\/wp-json\/wp\/v2\/pages\/81\/revisions\/3285"}],"wp:attachment":[{"href":"https:\/\/agora.xtec.cat\/cfamollet\/wp-json\/wp\/v2\/media?parent=81"}],"curies":[{"name":"wp","href":"https:\/\/api.w.org\/{rel}","templated":true}]}}