{"id":67,"date":"2014-09-18T10:14:18","date_gmt":"2014-09-18T08:14:18","guid":{"rendered":"http:\/\/agora.xtec.cat\/cfamollet\/?page_id=67"},"modified":"2025-09-04T16:31:09","modified_gmt":"2025-09-04T14:31:09","slug":"acollida","status":"publish","type":"page","link":"https:\/\/agora.xtec.cat\/cfamollet\/serveis\/acollida\/","title":{"rendered":"Noves inscripcions"},"content":{"rendered":"<p>Una vegada finalitzat el termini de matr\u00edcula, si esteu interessats en cursar un ensenyament al nostre centre,\u00a0 us podreu incorporar a les classes durant el curs, sempre que hi hagi disponibilitat de places.<\/p>\n<table style=\"border-collapse: collapse; width: 100%; height: 145px;\">\n<tbody>\n<tr style=\"height: 145px;\">\n<td style=\"width: 14.9737%; height: 145px;\"><a href=\"https:\/\/agora.xtec.cat\/cfamollet\/wp-content\/uploads\/usu465\/2023\/09\/CITA-PREVIA.png\"><img loading=\"lazy\" decoding=\"async\" class=\"alignnone size-full wp-image-2739\" src=\"https:\/\/agora.xtec.cat\/cfamollet\/wp-content\/uploads\/usu465\/2023\/09\/CITA-PREVIA.png\" alt=\"\" width=\"239\" height=\"186\" \/><\/a><\/td>\n<td style=\"width: 85.0263%; height: 145px;\">\n<h4><strong>Cal contactar amb nosaltres per demanar cita pr\u00e8via<\/strong><strong>:<\/strong><\/h4>\n<h4 style=\"text-align: center;\"><img loading=\"lazy\" decoding=\"async\" class=\"\" src=\"https:\/\/encrypted-tbn0.gstatic.com\/images?q=tbn:ANd9GcRkHc6xvDByrT_kXACg0Y2C0w6wvxjY-qiruQ&amp;usqp=CAU\" alt=\"Ilustraci\u00f3n Del Vector Del Tel\u00e9fono Celular De Llamada Ilustraciones Svg, Vectoriales, Clip Art Vectorizado Libre De Derechos. Image 53564437.\" width=\"49\" height=\"41\" \/>\u00a0 \u00a0 \u00a093 570 15 48\u00a0 \u00a0 \u00a0o\u00a0 \u00a0 \u00a0<img loading=\"lazy\" decoding=\"async\" class=\"\" src=\"https:\/\/img.freepik.com\/vector-gratis\/sobre-email-abierto_1020-530.jpg?w=2000\" alt=\"Im\u00e1genes de Correo Electronico - Descarga gratuita en Freepik\" width=\"49\" height=\"49\" \/>\u00a0 \u00a0<strong> C<\/strong>oordinaci\u00f3 de l&#8217;ensenyament<\/h4>\n<\/td>\n<\/tr>\n<\/tbody>\n<\/table>\n<table>\n<tbody>\n<tr>\n<td><strong>ENSENYAMENT<\/strong><\/td>\n<td><strong>COORDINADOR\/A<\/strong><\/td>\n<td><strong>Adre\u00e7a electr\u00f2nica<\/strong><\/td>\n<\/tr>\n<tr>\n<td>COMPETIC<\/td>\n<td>Arnau Farguell<\/td>\n<td>informaticacfamollet@gmail.com<\/td>\n<\/tr>\n<tr>\n<td>ANGL\u00c8S<\/td>\n<td>\u00c0lex Carretero<\/td>\n<td>anglescfamollet@gmail.com<\/td>\n<\/tr>\n<tr>\n<td>GES<\/td>\n<td>Miguel Cremades<\/td>\n<td>gescfamollet@gmail.com<\/td>\n<\/tr>\n<tr>\n<td>PROVES ACC\u00c9S GRAU SUPERIOR I UNIVERSITAT &gt;25 I 45<\/td>\n<td>Yolanda Rodr\u00edguez<\/td>\n<td>provescfamollet@gmail.com<\/td>\n<\/tr>\n<\/tbody>\n<\/table>\n<table style=\"border-collapse: collapse; width: 80.1246%; height: 34px;\">\n<tbody>\n<tr>\n<td style=\"width: 100%;\">INSTRUMENTALS, CATAL\u00c0 I CASTELL\u00c0: Cal passar pel centre en <a href=\"https:\/\/agora.xtec.cat\/cfamollet\/horari-datencio\/\">horari d&#8217;atenci\u00f3 al p\u00fablic<\/a> per demanar cita.<\/td>\n<\/tr>\n<\/tbody>\n<\/table>\n<table>\n<tbody>\n<tr>\n<td style=\"width: 23.902%;\"><img loading=\"lazy\" decoding=\"async\" class=\"\" src=\"https:\/\/us.123rf.com\/450wm\/magurok\/magurok1511\/magurok151100027\/48482407-solicitud-de-empleo-aprobado-la-mano-sostiene-la-solicitud-de-empleo-con-el-sello-de-aprobaci%C3%B3n.jpg\" alt=\"Solicitud De Empleo Aprobado. La Mano Sostiene La Solicitud De Empleo Con El Sello De Aprobaci\u00f3n Sobre El Mismo. Ilustraci\u00f3n Vectorial Flat Ilustraciones Svg, Vectoriales, Clip Art Vectorizado Libre De Derechos. Image\" width=\"168\" height=\"168\" \/><\/td>\n<td style=\"width: 182.125%;\">\n<h4><strong>DOCUMENTACI\u00d3:<\/strong><\/h4>\n<h4>Instrumentals, Catal\u00e0, Castell\u00e0, Angl\u00e8s i Competic:<\/h4>\n<h5>\u00a0 \u00a0 \u00a0 Original i c\u00f2pia del DNI, NIE o passaport de l&#8217;alumne\/a.<\/h5>\n<h4>GES (Secund\u00e0ria) i Proves Acc\u00e9s Universitat i Grau Superior:<\/h4>\n<h5>\u00a0 \u00a0 \u00a0 Original i c\u00f2pia del DNI, NIE o passaport de l&#8217;alumne\/a.<\/h5>\n<h5>\u00a0 \u00a0 \u00a0 Expedient Acad\u00e8mic.<\/h5>\n<h4>Si l&#8217;alumne \u00e9s menor d&#8217;edat:<\/h4>\n<h5>\u00a0 \u00a0 \u00a0 Original i c\u00f2pia del DNI, NIE o passaport de l&#8217;alumne\/a.<\/h5>\n<h5>\u00a0 \u00a0 \u00a0 Original i c\u00f2pia del DNI, NIE o passaport de la mare, pare o tutor\/a.<\/h5>\n<h5>\u00a0 \u00a0 \u00a0 Llibre de fam\u00edlia.<\/h5>\n<\/td>\n<\/tr>\n<\/tbody>\n<\/table>\n<table style=\"border-collapse: collapse; width: 100%;\">\n<tbody>\n<tr>\n<td style=\"width: 15.9924%;\"><img decoding=\"async\" class=\"r48jcc pT0Scc iPVvYb\" src=\"https:\/\/media.istockphoto.com\/id\/629627438\/es\/vector\/resultados-de-la-prueba-del-examen-ilustraci%C3%B3n-vectorial-de-hoja-de-papel-lista-de.jpg?s=612x612&amp;w=0&amp;k=20&amp;c=D7yB9m0B1-Y-TCSNQ_sfcD_52wEinHIr1ZSRQsYIdCo=\" alt=\"Ilustraci\u00f3n de Resultados De La Prueba Del Examen Ilustraci\u00f3n Vectorial De Hoja De Papel Lista De Verificaci\u00f3n Del Formulario De Encuesta y m\u00e1s Vectores Libres de Derechos de Comparaci\u00f3n - iStock\" aria-hidden=\"false\" \/><\/td>\n<td style=\"width: 84.0076%;\">\n<h3><strong>PROVES DE NIVELL<\/strong><\/h3>\n<h5>Aquest proc\u00e9s, a m\u00e9s, permet al professorat detectar i\/o prevenir possibles dificultats d\u2019aprenentatge i, en conseq\u00fc\u00e8ncia, donar la resposta educativa m\u00e9s adequada a cada alumne. Tanmateix, durant el seguiment d\u2019aquest per\u00edode s\u2019avalua l\u2019itinerari dissenyat i es revisen si els plans de treball s\u00f3n els adients a les capacitats, els interessos i les motivacions de l\u2019alumnat.<\/h5>\n<p>&nbsp;<\/td>\n<\/tr>\n<\/tbody>\n<\/table>\n<p>&nbsp;<\/p>\n<h3><strong>ACOLLIDA I ORIENTACI\u00d3<a href=\"https:\/\/agora.xtec.cat\/cfamollet\/wp-content\/uploads\/usu465\/2022\/07\/tutoria-i-acollida.png\"><img loading=\"lazy\" decoding=\"async\" class=\"wp-image-1652 alignright\" src=\"https:\/\/agora.xtec.cat\/cfamollet\/wp-content\/uploads\/usu465\/2022\/07\/tutoria-i-acollida.png\" alt=\"\" width=\"259\" height=\"263\" srcset=\"https:\/\/agora.xtec.cat\/cfamollet\/wp-content\/uploads\/usu465\/2022\/07\/tutoria-i-acollida.png 302w, https:\/\/agora.xtec.cat\/cfamollet\/wp-content\/uploads\/usu465\/2022\/07\/tutoria-i-acollida-295x300.png 295w\" sizes=\"auto, (max-width: 259px) 100vw, 259px\" \/><\/a><\/strong><\/h3>\n<p>En tots els casos, l&#8217;alumnat ser\u00e0 acollit mitjan\u00e7ant una entrevista personal,\u00a0 l\u2019acollida l\u2019entenem com el conjunt d\u2019accions educatives que ajuden i guien l\u2019alumnat en el moment inicial en el seu proc\u00e9s formatiu (personal i social, acad\u00e8mic i professional) cap a la seva autonomia en la presa de decisions. \u00c9s un element clau per assolir una bona orientaci\u00f3,\u00a0 at\u00e8s que d\u00f3na suport a l&#8217;alumnat\u00a0 durant el proc\u00e9s de presa de decisions, alhora que contribueix a la construcci\u00f3 del seu projecte de vida.<\/p>\n<p>&nbsp;<\/p>\n<p>El <em><strong>CFA Mollet del Vall\u00e8s<\/strong><\/em> garanteix a les persones interessades la informaci\u00f3 necess\u00e0ria sobre l&#8217;organitzaci\u00f3 i el funcionament de l&#8217;educaci\u00f3 d&#8217;adults en general i l&#8217;espec\u00edfica del nostre centre. Aix\u00ed mateix les orienta sobre les accions formatives m\u00e9s adequades als seus interessos i possibilitats.<\/p>\n<p>Si no ens coneixeu, en aquest v\u00eddeo us presentem el nostre centre.<\/p>\n<p><iframe loading=\"lazy\" title=\"YouTube video player\" src=\"https:\/\/www.youtube.com\/embed\/mDiBTesuSNs\" width=\"560\" height=\"315\" frameborder=\"0\" allowfullscreen=\"allowfullscreen\"><\/iframe><\/p>\n","protected":false},"excerpt":{"rendered":"<p>Una vegada finalitzat el termini de matr\u00edcula, si esteu interessats en cursar un ensenyament al nostre centre,\u00a0 us podreu incorporar a les classes durant el curs, sempre que hi hagi disponibilitat de places.<\/p>\n<p><a href=\"https:\/\/agora.xtec.cat\/cfamollet\/wp-content\/uploads\/usu465\/2023\/09\/CITA-PREVIA.png\"><\/a><\/p>\n<p>Cal contactar amb nosaltres per demanar cita pr\u00e8via:<br \/>\n\u00a0 \u00a0 \u00a093 570 15&hellip;  <a href=\"https:\/\/agora.xtec.cat\/cfamollet\/serveis\/acollida\/\" title=\"Read Noves inscripcions\">Llegeix m\u00e9s\u00bb<\/a><\/p>\n","protected":false},"author":1,"featured_media":0,"parent":63,"menu_order":20,"comment_status":"closed","ping_status":"closed","template":"page-templates\/side-menu.php","meta":{"_bbp_topic_count":0,"_bbp_reply_count":0,"_bbp_total_topic_count":0,"_bbp_total_reply_count":0,"_bbp_voice_count":0,"_bbp_anonymous_reply_count":0,"_bbp_topic_count_hidden":0,"_bbp_reply_count_hidden":0,"_bbp_forum_subforum_count":0,"footnotes":""},"class_list":["post-67","page","type-page","status-publish","hentry"],"post_mailing_queue_ids":[],"_links":{"self":[{"href":"https:\/\/agora.xtec.cat\/cfamollet\/wp-json\/wp\/v2\/pages\/67","targetHints":{"allow":["GET"]}}],"collection":[{"href":"https:\/\/agora.xtec.cat\/cfamollet\/wp-json\/wp\/v2\/pages"}],"about":[{"href":"https:\/\/agora.xtec.cat\/cfamollet\/wp-json\/wp\/v2\/types\/page"}],"author":[{"embeddable":true,"href":"https:\/\/agora.xtec.cat\/cfamollet\/wp-json\/wp\/v2\/users\/1"}],"replies":[{"embeddable":true,"href":"https:\/\/agora.xtec.cat\/cfamollet\/wp-json\/wp\/v2\/comments?post=67"}],"version-history":[{"count":8,"href":"https:\/\/agora.xtec.cat\/cfamollet\/wp-json\/wp\/v2\/pages\/67\/revisions"}],"predecessor-version":[{"id":3907,"href":"https:\/\/agora.xtec.cat\/cfamollet\/wp-json\/wp\/v2\/pages\/67\/revisions\/3907"}],"up":[{"embeddable":true,"href":"https:\/\/agora.xtec.cat\/cfamollet\/wp-json\/wp\/v2\/pages\/63"}],"wp:attachment":[{"href":"https:\/\/agora.xtec.cat\/cfamollet\/wp-json\/wp\/v2\/media?parent=67"}],"curies":[{"name":"wp","href":"https:\/\/api.w.org\/{rel}","templated":true}]}}