{"id":63,"date":"2014-09-18T10:06:31","date_gmt":"2014-09-18T10:06:31","guid":{"rendered":"http:\/\/agora.xtec.cat\/cfamollet\/?page_id=63"},"modified":"2026-04-14T16:10:19","modified_gmt":"2026-04-14T14:10:19","slug":"serveis","status":"publish","type":"page","link":"https:\/\/agora.xtec.cat\/cfamollet\/serveis\/","title":{"rendered":"Preinscripci\u00f3 i matr\u00edcula 26-27"},"content":{"rendered":"<p>El proc\u00e9s de preinscripci\u00f3 i matr\u00edcula consta de les seg\u00fcents fases:<\/p>\n<ol>\n<li>\n<ol>\n<li>Sol\u00b7licitar la\u00a0preinscripci\u00f3\u00a0en el termini establert: del\u00a0<strong>19 al 29 de juny.<\/strong><\/li>\n<li>Comprovar si heu estat admesos definitivament, consultant la nostra web a\u00a0partir del 17 de juliol.<\/li>\n<li>Formalitzar la matr\u00edcula en el termini establert: del\u00a02 al 9 de setembre.<\/li>\n<\/ol>\n<\/li>\n<\/ol>\n<table>\n<tbody>\n<tr>\n<td><img loading=\"lazy\" decoding=\"async\" class=\"\" src=\"https:\/\/us.123rf.com\/450wm\/magurok\/magurok1511\/magurok151100027\/48482407-solicitud-de-empleo-aprobado-la-mano-sostiene-la-solicitud-de-empleo-con-el-sello-de-aprobaci%C3%B3n.jpg\" alt=\"Solicitud De Empleo Aprobado. La Mano Sostiene La Solicitud De Empleo Con El Sello De Aprobaci\u00f3n Sobre El Mismo. Ilustraci\u00f3n Vectorial Flat Ilustraciones Svg, Vectoriales, Clip Art Vectorizado Libre De Derechos. Image\" width=\"168\" height=\"168\" \/><\/td>\n<td>\n<h4><strong>DOCUMENTACI\u00d3:<\/strong><\/h4>\n<h4>Instrumentals, Catal\u00e0, Castell\u00e0, Angl\u00e8s i Competic:<\/h4>\n<ul>\n<li>\u00a0 \u00a0 \u00a0 Original i c\u00f2pia del DNI, NIE o passaport de l\u2019alumne\/a.<\/li>\n<li>\u00a0\u00a0\u00a0\u00a0\u00a0 Una foto mida carnet.<\/li>\n<\/ul>\n<h4>GES (Secund\u00e0ria) i Proves Acc\u00e9s Universitat i Grau Superior:<\/h4>\n<ul>\n<li>\u00a0 \u00a0 \u00a0 Original i c\u00f2pia del DNI, NIE o passaport de l\u2019alumne\/a.<\/li>\n<li>\u00a0 \u00a0 \u00a0 Expedient Acad\u00e8mic.<\/li>\n<li>\u00a0\u00a0\u00a0\u00a0\u00a0 Una foto mida carnet.<\/li>\n<\/ul>\n<h4>Si l\u2019alumne \u00e9s menor d\u2019edat:<\/h4>\n<ul>\n<li>\u00a0 \u00a0 \u00a0 Original i c\u00f2pia del DNI, NIE o passaport de l\u2019alumne\/a.<\/li>\n<li>\u00a0 \u00a0 \u00a0 Original i c\u00f2pia del DNI, NIE o passaport de la mare, pare o tutor\/a.<\/li>\n<li>\u00a0 \u00a0 \u00a0 Llibre de fam\u00edlia.<\/li>\n<li>\u00a0\u00a0\u00a0\u00a0\u00a0 Una foto mida carnet.<\/li>\n<\/ul>\n<\/td>\n<\/tr>\n<\/tbody>\n<\/table>\n<table>\n<tbody>\n<tr>\n<td><img loading=\"lazy\" decoding=\"async\" class=\"\" src=\"https:\/\/img.freepik.com\/vector-gratis\/reserva-cita-mujer-comprobando-smartphone_23-2148558795.jpg?w=2000\" alt=\"Reserva de cita con mujer comprobando smartphone | Vector Gratis\" width=\"177\" height=\"177\" \/><\/td>\n<td>\n<h4>RESERVA CITA:<\/h4>\n<h4><strong>Per formalitzar la preinscripci\u00f3, cal reservar hora NOM\u00c9S per als ensenyaments de<\/strong>\u00a0<strong>PROVES ACC\u00c9S<\/strong>\u00a0UNIVERSITAT +25\u00a0 i +45 i GRAU SUPERIOR entrant<\/h4>\n<h4><a href=\"https:\/\/calendly.com\/provescfamollet\/30min\">aqu\u00ed<\/a>.<\/h4>\n<p><strong>\u00a0<\/strong><\/td>\n<\/tr>\n<\/tbody>\n<\/table>\n<h4><strong>Per a la resta d\u2019ensenyaments, us heu d\u2019adre\u00e7ar al centre en l\u2019horari que teniu a continuaci\u00f3.<\/strong><\/h4>\n<h4><img loading=\"lazy\" decoding=\"async\" class=\"alignleft\" src=\"https:\/\/encrypted-tbn0.gstatic.com\/images?q=tbn:ANd9GcTKqpalYcRLVB0f6-LPTKkzf6F-GtgTtDYitg&amp;usqp=CAU\" alt=\"Horaris - Escola Pia de Caldes\" width=\"75\" height=\"75\" \/><\/h4>\n<h4><\/h4>\n<h4><strong>HORARI DE PREINSCRIPCI\u00d3 26-27<\/strong><\/h4>\n<p>&nbsp;<\/p>\n<p><a href=\"https:\/\/agora.xtec.cat\/cfamollet\/wp-content\/uploads\/usu465\/2026\/04\/horari-preinscripcio.png\"><img loading=\"lazy\" decoding=\"async\" class=\"alignnone wp-image-4254\" src=\"https:\/\/agora.xtec.cat\/cfamollet\/wp-content\/uploads\/usu465\/2026\/04\/horari-preinscripcio-1024x358.png\" alt=\"\" width=\"564\" height=\"197\" srcset=\"https:\/\/agora.xtec.cat\/cfamollet\/wp-content\/uploads\/usu465\/2026\/04\/horari-preinscripcio-1024x358.png 1024w, https:\/\/agora.xtec.cat\/cfamollet\/wp-content\/uploads\/usu465\/2026\/04\/horari-preinscripcio-300x105.png 300w, https:\/\/agora.xtec.cat\/cfamollet\/wp-content\/uploads\/usu465\/2026\/04\/horari-preinscripcio-768x269.png 768w, https:\/\/agora.xtec.cat\/cfamollet\/wp-content\/uploads\/usu465\/2026\/04\/horari-preinscripcio.png 1204w\" sizes=\"auto, (max-width: 564px) 100vw, 564px\" \/><\/a><\/p>\n<h3><strong>ACOLLIDA I ORIENTACI\u00d3<a href=\"https:\/\/agora.xtec.cat\/cfamollet\/wp-content\/uploads\/usu465\/2022\/07\/tutoria-i-acollida.png\"><img loading=\"lazy\" decoding=\"async\" class=\"wp-image-1652 alignright\" src=\"https:\/\/agora.xtec.cat\/cfamollet\/wp-content\/uploads\/usu465\/2022\/07\/tutoria-i-acollida.png\" sizes=\"auto, (max-width: 259px) 100vw, 259px\" srcset=\"https:\/\/agora.xtec.cat\/cfamollet\/wp-content\/uploads\/usu465\/2022\/07\/tutoria-i-acollida.png 302w, https:\/\/agora.xtec.cat\/cfamollet\/wp-content\/uploads\/usu465\/2022\/07\/tutoria-i-acollida-295x300.png 295w\" alt=\"\" width=\"259\" height=\"263\" \/><\/a><\/strong><\/h3>\n<p>En tots els casos, l\u2019alumnat ser\u00e0 acollit mitjan\u00e7ant una entrevista personal,\u00a0 l\u2019acollida l\u2019entenem com el conjunt d\u2019accions educatives que ajuden i guien l\u2019alumnat en el moment inicial en el seu proc\u00e9s formatiu (personal i social, acad\u00e8mic i professional) cap a la seva autonomia en la presa de decisions. \u00c9s un element clau per assolir una bona orientaci\u00f3,\u00a0 at\u00e8s que d\u00f3na suport a l\u2019alumnat\u00a0 durant el proc\u00e9s de presa de decisions, alhora que contribueix a la construcci\u00f3 del seu projecte de vida.<\/p>\n<p>&nbsp;<\/p>\n<p>El\u00a0<em><strong>CFA Mollet del Vall\u00e8s<\/strong><\/em>\u00a0garanteix a les persones interessades la informaci\u00f3 necess\u00e0ria sobre l\u2019organitzaci\u00f3 i el funcionament de l\u2019educaci\u00f3 d\u2019adults en general i l\u2019espec\u00edfica del nostre centre. Aix\u00ed mateix les orienta sobre les accions formatives m\u00e9s adequades als seus interessos i possibilitats.<\/p>\n<table>\n<tbody>\n<tr>\n<td><img decoding=\"async\" class=\"r48jcc pT0Scc iPVvYb\" src=\"https:\/\/media.istockphoto.com\/id\/629627438\/es\/vector\/resultados-de-la-prueba-del-examen-ilustraci%C3%B3n-vectorial-de-hoja-de-papel-lista-de.jpg?s=612x612&amp;w=0&amp;k=20&amp;c=D7yB9m0B1-Y-TCSNQ_sfcD_52wEinHIr1ZSRQsYIdCo=\" alt=\"Ilustraci\u00f3n de Resultados De La Prueba Del Examen Ilustraci\u00f3n Vectorial De Hoja De Papel Lista De Verificaci\u00f3n Del Formulario De Encuesta y m\u00e1s Vectores Libres de Derechos de Comparaci\u00f3n - iStock\" aria-hidden=\"false\" \/><\/td>\n<td>\n<h3><strong>PROVES DE NIVELL<\/strong><\/h3>\n<h5>Aquest proc\u00e9s, a m\u00e9s, permet al professorat detectar i\/o prevenir possibles dificultats d\u2019aprenentatge i, en conseq\u00fc\u00e8ncia, donar la resposta educativa m\u00e9s adequada a cada alumne. Tanmateix, durant el seguiment d\u2019aquest per\u00edode s\u2019avalua l\u2019itinerari dissenyat i es revisen si els plans de treball s\u00f3n els adients a les capacitats, els interessos i les motivacions de l\u2019alumnat.<\/h5>\n<p>&nbsp;<\/td>\n<\/tr>\n<\/tbody>\n<\/table>\n<p>Les<strong>\u00a0proves de nivell<\/strong>\u00a0per als ensenyaments de\u00a0<strong>GES i Proves d\u2019acc\u00e9s a Grau Superior i a la Universitat<\/strong>\u00a0es realitzaran en un dels torns, a escollir entre horari de mat\u00ed o tarda, la duraci\u00f3 de les proves \u00e9s de m\u00e0xim dues hores.<\/p>\n<p>&nbsp;<\/p>\n<p>(Pendent d&#8217;actualitzar)<\/p>\n<p><strong>\u00a0 \u00a0 \u00a0 \u00a0 \u00a0 \u00a0 \u00a0 \u00a0 \u00a0 \u00a0 \u00a0 \u00a0 \u00a0 \u00a0 \u00a0 \u00a0 \u00a0 \u00a0 \u00a0 \u00a0 \u00a0 \u00a0 \u00a0 \u00a0 \u00a0 \u00a0 \u00a0 \u00a0 \u00a0 \u00a0 \u00a0 \u00a0 \u00a0<\/strong><\/p>\n<table class=\" aligncenter\">\n<tbody>\n<tr>\n<td><img loading=\"lazy\" decoding=\"async\" class=\"aligncenter\" src=\"https:\/\/padelgirona.com\/wp-content\/uploads\/2020\/12\/Schedule.png\" alt=\"HORARI DURANT LES FESTES DE NADAL, CAP D'ANY I REIS - Padel Girona Uala\" width=\"162\" height=\"125\" \/><\/td>\n<td><strong>Dilluns 8\/9\/25<\/strong><\/p>\n<p>16 h<\/p>\n<p>Tarda<\/td>\n<td><strong>Dimecres 10\/9\/25<\/strong><\/p>\n<p>10 h<\/p>\n<p>Mat\u00ed<\/td>\n<\/tr>\n<tr>\n<td><strong>PROVES ACC\u00c8S GS i AU<\/strong><\/td>\n<td>BIBLIOTECA<\/td>\n<td>BIBLIOTECA<\/td>\n<\/tr>\n<tr>\n<td><strong>GES<\/strong><\/td>\n<td>AULA 4<\/td>\n<td>AULA 4<\/td>\n<\/tr>\n<\/tbody>\n<\/table>\n","protected":false},"excerpt":{"rendered":"<p>El proc\u00e9s de preinscripci\u00f3 i matr\u00edcula consta de les seg\u00fcents fases:<\/p>\n<ol>\n<li>\n<ol>\n<li>Sol\u00b7licitar la\u00a0preinscripci\u00f3\u00a0en el termini establert: del\u00a019 al 29 de juny.<\/li>\n<li>Comprovar si heu estat admesos definitivament, consultant la nostra web a\u00a0partir del 17 de juliol.<\/li>\n<li>Formalitzar la matr\u00edcula en el termini establert: del\u00a02 al 9 de setembre.<\/li>\n<\/ol>\n<\/li>\n<\/ol>\n<p>DOCUMENTACI\u00d3:<br \/>\nInstrumentals,&hellip;  <a href=\"https:\/\/agora.xtec.cat\/cfamollet\/serveis\/\" title=\"Read Preinscripci\u00f3 i matr\u00edcula 26-27\">Llegeix m\u00e9s\u00bb<\/a><\/p>\n","protected":false},"author":1,"featured_media":0,"parent":0,"menu_order":0,"comment_status":"closed","ping_status":"closed","template":"page-templates\/side-menu.php","meta":{"_bbp_topic_count":0,"_bbp_reply_count":0,"_bbp_total_topic_count":0,"_bbp_total_reply_count":0,"_bbp_voice_count":0,"_bbp_anonymous_reply_count":0,"_bbp_topic_count_hidden":0,"_bbp_reply_count_hidden":0,"_bbp_forum_subforum_count":0,"footnotes":""},"class_list":["post-63","page","type-page","status-publish","hentry"],"post_mailing_queue_ids":[],"_links":{"self":[{"href":"https:\/\/agora.xtec.cat\/cfamollet\/wp-json\/wp\/v2\/pages\/63","targetHints":{"allow":["GET"]}}],"collection":[{"href":"https:\/\/agora.xtec.cat\/cfamollet\/wp-json\/wp\/v2\/pages"}],"about":[{"href":"https:\/\/agora.xtec.cat\/cfamollet\/wp-json\/wp\/v2\/types\/page"}],"author":[{"embeddable":true,"href":"https:\/\/agora.xtec.cat\/cfamollet\/wp-json\/wp\/v2\/users\/1"}],"replies":[{"embeddable":true,"href":"https:\/\/agora.xtec.cat\/cfamollet\/wp-json\/wp\/v2\/comments?post=63"}],"version-history":[{"count":6,"href":"https:\/\/agora.xtec.cat\/cfamollet\/wp-json\/wp\/v2\/pages\/63\/revisions"}],"predecessor-version":[{"id":4255,"href":"https:\/\/agora.xtec.cat\/cfamollet\/wp-json\/wp\/v2\/pages\/63\/revisions\/4255"}],"wp:attachment":[{"href":"https:\/\/agora.xtec.cat\/cfamollet\/wp-json\/wp\/v2\/media?parent=63"}],"curies":[{"name":"wp","href":"https:\/\/api.w.org\/{rel}","templated":true}]}}