{"id":52,"date":"2014-09-17T16:58:07","date_gmt":"2014-09-17T16:58:07","guid":{"rendered":"http:\/\/agora.xtec.cat\/cfamollet\/?page_id=52"},"modified":"2025-09-05T12:37:51","modified_gmt":"2025-09-05T10:37:51","slug":"calendari-del-curs","status":"publish","type":"page","link":"https:\/\/agora.xtec.cat\/cfamollet\/el-centre\/calendari-del-curs\/","title":{"rendered":"Calendari del curs 25-26"},"content":{"rendered":"<ul>\n<li><strong>Dates de preinscripci\u00f3<\/strong>: del 19 al 27 de juny.<img loading=\"lazy\" decoding=\"async\" class=\"n3VNCb KAlRDb alignright\" src=\"https:\/\/img.freepik.com\/vector-gratis\/mano-calendario-marca-pluma_1325-126.jpg?w=2000\" alt=\"Im\u00e1genes de Calendario | Vectores, fotos de stock y PSD gratuitos\" width=\"294\" height=\"294\" data-noaft=\"1\" \/><\/li>\n<li><strong>Dates de matr\u00edcula<\/strong>: del 2 al 9 de setembre.<\/li>\n<li><strong>Inici del curs<\/strong>: 22 de setembre.<\/li>\n<li><strong>Finalitzaci\u00f3 del curs:<\/strong> 19 de juny.<\/li>\n<li><strong>Vacances de Nadal:<\/strong> del 22 de desembre de 2025 al 7 de gener de 2026 (ambd\u00f3s inclosos).<\/li>\n<li><strong>Vacances de Setmana Santa<\/strong>: del 30 de mar\u00e7 al 6 d&#8217;abril de 2026.<\/li>\n<li><strong>Dies festius:<\/strong>\u00a0 8 de desembre, 22 de gener i1 de maig.<\/li>\n<li><strong>Dies festius de lliure disposici\u00f3:<\/strong> 3 novembre, 9 de desembre, 16 de febrer i 30 d&#8217;abril i 25 de maig.<\/li>\n<li><strong>Festes locals<\/strong>: 22 de gener (Sant Vicen\u00e7).<\/li>\n<li><strong>Horari lectiu del centre:<\/strong> 9-21 h<\/li>\n<\/ul>\n<p><b>\u00a0<\/b><span style=\"font-weight: 400;\">L\u2019activitat docent s\u2019inicia el 22 de setembre de 2025 i finalitza el 19 de juny del 2026. <\/span><\/p>\n<p><span style=\"font-weight: 400;\">El centre ha marcat uns dies per a tot l&#8217;alumnat, en que l\u2019activitat acad\u00e8mica canvia i es fan altres activitats formatives complement\u00e0ries com s\u00f3n sortides, celebracions, documentals, xerrades, exposicions, etc.<\/span><\/p>\n<p><span style=\"font-weight: 400;\">\u00a0<\/span><span style=\"font-weight: 400;\">L\u2019horari d\u2019alguns ensenyaments\/o assignatures es pot veure modificat d\u2019un trimestre a un altre, especialment en el GES.<\/span><\/p>\n<p>&nbsp;<\/p>\n<p>&nbsp;<\/p>\n<p>&nbsp;<\/p>\n<p>&nbsp;<\/p>\n<p>&nbsp;<\/p>\n<p>&nbsp;<\/p>\n<p>&nbsp;<\/p>\n<p>&nbsp;<\/p>\n","protected":false},"excerpt":{"rendered":"<ul>\n<li>Dates de preinscripci\u00f3: del 19 al 27 de juny.<\/li>\n<li>Dates de matr\u00edcula: del 2 al 9 de setembre.<\/li>\n<li>Inici del curs: 22 de setembre.<\/li>\n<li>Finalitzaci\u00f3 del curs: 19 de juny.<\/li>\n<li>Vacances de Nadal: del 22 de desembre de 2025 al 7 de gener de 2026 (ambd\u00f3s inclosos).<\/li>\n<li>Vacances de Setmana&hellip;  <a href=\"https:\/\/agora.xtec.cat\/cfamollet\/el-centre\/calendari-del-curs\/\" title=\"Read Calendari del curs 25-26\">Llegeix m\u00e9s\u00bb<\/a><br \/>\n","protected":false},"author":1,"featured_media":0,"parent":261,"menu_order":50,"comment_status":"closed","ping_status":"closed","template":"page-templates\/side-menu.php","meta":{"_bbp_topic_count":0,"_bbp_reply_count":0,"_bbp_total_topic_count":0,"_bbp_total_reply_count":0,"_bbp_voice_count":0,"_bbp_anonymous_reply_count":0,"_bbp_topic_count_hidden":0,"_bbp_reply_count_hidden":0,"_bbp_forum_subforum_count":0,"footnotes":""},"class_list":["post-52","page","type-page","status-publish","hentry"],"post_mailing_queue_ids":[],"_links":{"self":[{"href":"https:\/\/agora.xtec.cat\/cfamollet\/wp-json\/wp\/v2\/pages\/52","targetHints":{"allow":["GET"]}}],"collection":[{"href":"https:\/\/agora.xtec.cat\/cfamollet\/wp-json\/wp\/v2\/pages"}],"about":[{"href":"https:\/\/agora.xtec.cat\/cfamollet\/wp-json\/wp\/v2\/types\/page"}],"author":[{"embeddable":true,"href":"https:\/\/agora.xtec.cat\/cfamollet\/wp-json\/wp\/v2\/users\/1"}],"replies":[{"embeddable":true,"href":"https:\/\/agora.xtec.cat\/cfamollet\/wp-json\/wp\/v2\/comments?post=52"}],"version-history":[{"count":8,"href":"https:\/\/agora.xtec.cat\/cfamollet\/wp-json\/wp\/v2\/pages\/52\/revisions"}],"predecessor-version":[{"id":3930,"href":"https:\/\/agora.xtec.cat\/cfamollet\/wp-json\/wp\/v2\/pages\/52\/revisions\/3930"}],"up":[{"embeddable":true,"href":"https:\/\/agora.xtec.cat\/cfamollet\/wp-json\/wp\/v2\/pages\/261"}],"wp:attachment":[{"href":"https:\/\/agora.xtec.cat\/cfamollet\/wp-json\/wp\/v2\/media?parent=52"}],"curies":[{"name":"wp","href":"https:\/\/api.w.org\/{rel}","templated":true}]}}