{"id":320,"date":"2015-01-28T11:35:13","date_gmt":"2015-01-28T10:35:13","guid":{"rendered":"http:\/\/agora.xtec.cat\/cfamollet\/?page_id=320"},"modified":"2025-09-04T15:59:40","modified_gmt":"2025-09-04T13:59:40","slug":"a-cicles-formatius-de-grau-superior","status":"publish","type":"page","link":"https:\/\/agora.xtec.cat\/cfamollet\/ensenyaments\/ensenyaments-per-a-la-preparacio-de-proves-dacces\/a-cicles-formatius-de-grau-superior\/","title":{"rendered":"A Cicles Formatius de Grau Superior"},"content":{"rendered":"<ul>\n<li><a href=\"https:\/\/agora.xtec.cat\/cfamollet\/ensenyaments\/ensenyaments-per-a-la-preparacio-de-proves-dacces\/a-cicles-formatius-de-grau-superior\/#REQUISITS\">Requisits<\/a><\/li>\n<li><a href=\"https:\/\/agora.xtec.cat\/cfamollet\/ensenyaments\/ensenyaments-per-a-la-preparacio-de-proves-dacces\/a-cicles-formatius-de-grau-superior\/#CONTINGUTS\">Continguts<\/a><\/li>\n<li><a href=\"https:\/\/agora.xtec.cat\/cfamollet\/ensenyaments\/ensenyaments-per-a-la-preparacio-de-proves-dacces\/a-cicles-formatius-de-grau-superior\/#DURADA\">Durada<\/a><\/li>\n<li><a href=\"https:\/\/agora.xtec.cat\/cfamollet\/ensenyaments\/ensenyaments-per-a-la-preparacio-de-proves-dacces\/a-cicles-formatius-de-grau-superior\/#ORGANITZACIO\">Organitzaci\u00f3 i horaris<\/a><\/li>\n<li><a href=\"https:\/\/agora.xtec.cat\/cfamollet\/ensenyaments\/ensenyaments-per-a-la-preparacio-de-proves-dacces\/a-cicles-formatius-de-grau-superior\/#CURRICULUM\">Curr\u00edculum<\/a><\/li>\n<li><a href=\"https:\/\/agora.xtec.cat\/cfamollet\/ensenyaments\/ensenyaments-per-a-la-preparacio-de-proves-dacces\/a-cicles-formatius-de-grau-superior\/#RECURSOS\">Recursos<\/a><\/li>\n<li><a href=\"https:\/\/agora.xtec.cat\/cfamollet\/ensenyaments\/ensenyaments-per-a-la-preparacio-de-proves-dacces\/a-cicles-formatius-de-grau-superior\/#AVALUACIO\">Avaluaci\u00f3<\/a><\/li>\n<li><a href=\"https:\/\/agora.xtec.cat\/cfamollet\/ensenyaments\/ensenyaments-per-a-la-preparacio-de-proves-dacces\/a-cicles-formatius-de-grau-superior\/#SUPERACIO\">Superaci\u00f3 del curs<\/a><\/li>\n<li><a href=\"https:\/\/agora.xtec.cat\/cfamollet\/ensenyaments\/ensenyaments-per-a-la-preparacio-de-proves-dacces\/a-cicles-formatius-de-grau-superior\/#NORMATIVA\">Normativa<\/a><\/li>\n<\/ul>\n<p>Aquests estudis preparen per presentar-se a les proves d&#8217;acc\u00e9s als cicles de grau superior de formaci\u00f3 professional, d&#8217;arts pl\u00e0stiques i disseny i d&#8217;ensenyaments esportius.<\/p>\n<p>La superaci\u00f3 del curs de preparaci\u00f3 per a la incorporaci\u00f3 als cicles de grau superior dona prioritat en els procediments d&#8217;admissi\u00f3.<\/p>\n<p>En el cas dels ensenyaments professionals d&#8217;arts pl\u00e0stiques i disseny, permetr\u00e0 l&#8217;exempci\u00f3 de la part comuna de la prova d&#8217;acc\u00e9s.<\/p>\n<p>A partir del curs 2018-2019 la superaci\u00f3 d&#8217;aquest Curs no eximir\u00e0 de fer la prova d&#8217;acc\u00e9s de car\u00e0cter general als cicles de grau superior d&#8217;ensenyaments esportius de r\u00e8gim especial, per\u00f2 s\u00ed que n&#8217;incrementar\u00e0 la qualificaci\u00f3 final. Aix\u00ed, la nota final de la prova d&#8217;acc\u00e9s de car\u00e0cter general al grau superior dels ensenyaments esportius es calcular\u00e0 amb la nota final de la prova d&#8217;acc\u00e9s (que \u00e9s la mitjana aritm\u00e8tica de la prova d&#8217;acc\u00e9s i la nota final dels ensenyaments de t\u00e8cnic esportiu, sempre que les dues siguin superiors o iguals a quatre) m\u00e9s la puntuaci\u00f3 que resulti de multiplicar per 0,15 la qualificaci\u00f3 obtinguda en el Curs de preparaci\u00f3 per a la incorporaci\u00f3 als cicles formatius de grau superior, tenint en compte que, en cap cas, la nota resultant no podr\u00e0 ser superior a 10.<\/p>\n<p>La superaci\u00f3 del curs de preparaci\u00f3 per a la incorporaci\u00f3 als cicles de grau superior dona prioritat en els procediments d&#8217;admissi\u00f3.<\/p>\n<p>L&#8217;alumnat pot preparar la part comuna de la prova, la part espec\u00edfica, o totes dues. Al CFA Mollet no es poden cursar presencialment les mat\u00e8ries espec\u00edfiques, per la qual cosa cal seguir\u00a0 la formaci\u00f3 de les mat\u00e8ries espec\u00edfiques mitjan\u00e7ant l\u2019Institut Obert de Catalunya, el qual, un cop qualificada la mat\u00e8ria o mat\u00e8ries, trametr\u00e0 una certificaci\u00f3 de la qualificaci\u00f3 obtinguda al centre, per tal que la incorpori a l\u2019expedient acad\u00e8mic.<\/p>\n<h1 id=\"REQUISITS\">REQUISITS<\/h1>\n<p>Tenen <strong>acc\u00e9s directe<\/strong> als cicles de <strong>grau superior<\/strong> les persones que compleixen <strong>algun dels requisits<\/strong> seg\u00fcents:<\/p>\n<ul>\n<li>tenir el t\u00edtol de batxillerat,<\/li>\n<li>tenir el t\u00edtol de t\u00e8cnic de formaci\u00f3 professional o t\u00e8cnic superior de formaci\u00f3 professional o t\u00e8cnic especialista,<\/li>\n<li>haver superat el segon curs de batxillerat de qualsevol modalitat de batxillerat experimental,<\/li>\n<li>haver superat el curs d&#8217;orientaci\u00f3 universit\u00e0ria (COU) o el preuniversitari,<\/li>\n<li>tenir el t\u00edtol de batxillerat per haver cursat el batxillerat unificat polivalent (BUP),<\/li>\n<li>tenir qualsevol titulaci\u00f3 universit\u00e0ria o una d&#8217;equivalent,<\/li>\n<li>haver superat la prova d&#8217;acc\u00e9s a la universitat per a majors de 25 anys.<\/li>\n<\/ul>\n<p>Les persones que no compleixen cap dels requisits esmentats han de superar una <a href=\"http:\/\/ensenyament.gencat.cat\/ca\/serveis-tramits\/proves\/proves-acces\/gs-fp\/\" target=\"_blank\" rel=\"noopener noreferrer\">prova d&#8217;acc\u00e9s<\/a>. Per presentar-s&#8217;hi cal tenir complerts 19 anys o b\u00e9 complir-los durant l&#8217;any natural en qu\u00e8 es realitza la prova.<\/p>\n<h1 id=\"CONTINGUTS\">CONTINGUTS<\/h1>\n<p><strong>Mat\u00e8ries de la part comuna<\/strong><\/p>\n<p>Llengua catalana i castellana<br \/>\nLlengua estrangera<br \/>\nMatem\u00e0tiques<br \/>\nHist\u00f2ria (\u00e9s mat\u00e8ria comuna nom\u00e9s per a les persones que vulguin accedir als ensenyaments art\u00edstics)<\/p>\n<p><strong>Mat\u00e8ries de la part espec\u00edfica<\/strong><\/p>\n<p>Segons la fam\u00edlia professional o cicle al qual l&#8217;alumne vol accedir, cal escollir dues mat\u00e8ries de les opcions A, B, C o D.<\/p>\n<p><strong>Opcions de mat\u00e8ries de la part espec\u00edfica<\/strong><\/p>\n<p><strong>Opci\u00f3 A<\/strong><\/p>\n<p><em>Mat\u00e8ries<\/em><\/p>\n<ul>\n<li>Dibuix t\u00e8cnic<\/li>\n<li>F\u00edsica<\/li>\n<li>Tecnologia Industrial<\/li>\n<\/ul>\n<p><em>Fam\u00edlies professionals:<\/em><\/p>\n<ul>\n<li>Arts gr\u00e0fiques<\/li>\n<li>Edificaci\u00f3 i obra civil<\/li>\n<li>Electricitat i electr\u00f2nica<\/li>\n<li>Energia i aigua<\/li>\n<li>Fabricaci\u00f3 mec\u00e0nica<\/li>\n<li>Fusta, moble i suro<\/li>\n<li>Imatge i so<\/li>\n<li>Ind\u00fastries extractives<\/li>\n<li>Inform\u00e0tica i comunicacions<\/li>\n<li>Instal\u00b7laci\u00f3 i manteniment<\/li>\n<li>Maritimopesquera<\/li>\n<li>T\u00e8xtil, confecci\u00f3 i pell<\/li>\n<li>Transport i manteniment de vehicles<\/li>\n<li>Vidre i cer\u00e0mica<\/li>\n<li>Prevenci\u00f3 de riscos professionals (CFGS)<\/li>\n<\/ul>\n<p><strong>Opci\u00f3 B<\/strong><\/p>\n<p><em>Mat\u00e8ries<\/em><\/p>\n<ul>\n<li>Biologia<\/li>\n<li>Ci\u00e8ncies de la terra i del medi ambient<\/li>\n<li>Quimica<\/li>\n<\/ul>\n<p><em>Fam\u00edlies professionals:<\/em><\/p>\n<ul>\n<li>Activitats f\u00edsiques i esportives<\/li>\n<li>Agr\u00e0ria<\/li>\n<li>Imatge personal<\/li>\n<li>Ind\u00fastries aliment\u00e0ries<\/li>\n<li>Qu\u00edmica<\/li>\n<li>Sanitat<\/li>\n<li>Seguretat i medi ambient<\/li>\n<li>Serveis socioculturals i a la comunitat<\/li>\n<li><em>Prevenci\u00f3 de riscos professionals (CFGS)<\/em><\/li>\n<\/ul>\n<p><strong>Opci\u00f3 C<\/strong><\/p>\n<p><em>Mat\u00e8ries<\/em><\/p>\n<ul>\n<li>Economia de l&#8217;empresa<\/li>\n<li>Geografia<\/li>\n<li>Psicologia i sociologia<\/li>\n<li>Segona llengua estrangera<\/li>\n<\/ul>\n<p><em>Fam\u00edlies professionals:<\/em><\/p>\n<ul>\n<li>Administraci\u00f3 i gesti\u00f3<\/li>\n<li>Comer\u00e7 i m\u00e0rqueting<\/li>\n<li>Hoteleria i turisme<\/li>\n<li>Inform\u00e0tica i comunicacions<\/li>\n<li>Serveis\u00a0socioculturals i a la comunitat<\/li>\n<li>Seguretat i medi ambient<\/li>\n<li><em>Prevenci\u00f3 de riscos professionals (CFGS)<\/em><\/li>\n<\/ul>\n<p><strong>Opci\u00f3 D<\/strong><\/p>\n<p><em>Mat\u00e8ries<\/em><\/p>\n<ul>\n<li>Educaci\u00f3 f\u00edsica i una de les mat\u00e8ries seg\u00fcents:<\/li>\n<li>Biologia<\/li>\n<li>Ci\u00e8ncies de la terra i del medi ambient<\/li>\n<li>Qu\u00edmica<\/li>\n<\/ul>\n<p><em>Fam\u00edlies professionals:<\/em><\/p>\n<ul>\n<li>Activitats f\u00edsiques i esportives<\/li>\n<li>Cicles d\u2019ensenyaments esportius (*)<\/li>\n<\/ul>\n<p>El temari i els criteris d&#8217;avaluaci\u00f3 de cadascuna de les mat\u00e8ries s\u00f3n els que consten a l&#8217;annex 1 de la <a title=\"V\u00e9s al DOGC\" href=\"http:\/\/dogc.gencat.cat\/ca\/pdogc_canals_interns\/pdogc_resultats_fitxa\/?action=fitxa&amp;mode=single&amp;documentId=567520&amp;language=ca_ES\" target=\"_blank\" rel=\"noopener noreferrer\">Resoluci\u00f3 EDU\/3983\/2010<\/a>, de 9 de desembre.<\/p>\n<h1 id=\"DURADA\">DURADA<\/h1>\n<p>El curs comen\u00e7a a finals de setembre i acaba a primers de maig.<\/p>\n<p>La durada m\u00ednima d&#8217;aquest curs \u00e9s de 700 hores.<\/p>\n<p>&nbsp;<\/p>\n<h1 id=\"ORGANITZACIO\">ORGANITZACI\u00d3 I HORARIS<\/h1>\n<p>Al CFA Mollet es pot preparar la prova d&#8217;acc\u00e8s\u00a0 en horari intensiu al mat\u00ed:<\/p>\n<ul>\n<li>MAT\u00cd:\n<ul>\n<li>Dilluns i dimecres de 11:00 a 14:00 h<\/li>\n<li>Dimarts i dijous de 11:00 a 13:00 h<\/li>\n<\/ul>\n<\/li>\n<\/ul>\n<p>El curs s&#8217;organitza en dos quatrimestres, al final dels quals es realitza una prova semblant a la oficial que es realitzar\u00e0 al maig.<\/p>\n<p>&nbsp;<\/p>\n<h1 id=\"CURRICULUM\">CURR\u00cdCULUM<\/h1>\n<ul>\n<li><a href=\"http:\/\/xtec.gencat.cat\/web\/.content\/curriculum\/curriculum_ense_prof\/curs_acces_cicles\/temari_cas_comunicacio_llengua_catalana_i_castellana.pdf\">Comunicaci\u00f3 en llengua catalana i comunicaci\u00f3 en llengua castellana<\/a><\/li>\n<li><a href=\"http:\/\/xtec.gencat.cat\/web\/.content\/curriculum\/curriculum_ense_prof\/curs_acces_cicles\/temari_cas_comunicacio_llengua_estrangera.pdf\">Comunicaci\u00f3 en llengua estrangera<\/a><\/li>\n<li><a href=\"http:\/\/xtec.gencat.cat\/web\/.content\/curriculum\/curriculum_ense_prof\/curs_acces_cicles\/temari_cas_matematiques_aplicades.pdf\">Matem\u00e0tiques aplicades<\/a><\/li>\n<\/ul>\n<p>Consulta el curr\u00edculum de totes\u00a0 les mat\u00e8ries <a href=\"http:\/\/xtec.gencat.cat\/ca\/curriculum\/professionals\/curs_acces_cicles\/\">aqu\u00ed<\/a>.<\/p>\n<p>&nbsp;<\/p>\n<h1 id=\"RECURSOS\">RECURSOS<\/h1>\n<p>A la p\u00e0gina web de l&#8217;institut Mil\u00e0 i Fontanals es pot consultar una <a href=\"http:\/\/www.milaifontanals.cat\/examen\/examen.htm\">recopilaci\u00f3 d&#8217;ex\u00e0mens<\/a> d&#8217;anys anteriors<\/p>\n<p>&nbsp;<\/p>\n<h1 id=\"AVALUACIO\">AVALUACI\u00d3<\/h1>\n<p align=\"JUSTIFY\">La qualificaci\u00f3 de cada mat\u00e8ria ser\u00e0 num\u00e8rica entre 1 i 10.<\/p>\n<p align=\"JUSTIFY\">La nota final del curs ser\u00e0 la mitjana aritm\u00e8tica de les qualificacions de les mat\u00e8ries expressada amb 2 decimals, i \u00e9s positiva la qualificaci\u00f3 de 5 punts o superior.<\/p>\n<p align=\"JUSTIFY\">Cal obtenir un m\u00ednim de 4 punts en cadascun dels \u00e0mbits per realitzar la mitjana.<\/p>\n<p align=\"JUSTIFY\">Per aprovar el curs l&#8217;assist\u00e8ncia ha de ser superior al 80% de les classes. La nota final t\u00e9 en compte el treball personal, l&#8217;actitud a classe i els resultats de les proves realitzades.<\/p>\n<h1 id=\"SUPERACIO\">SUPERACI\u00d3 DEL CURS<\/h1>\n<p>La superaci\u00f3 d&#8217;aquest curs t\u00e9 els efectes seg\u00fcents:<\/p>\n<ul>\n<li>Atorgar\u00e0 prioritat en els procediments d&#8217;admissi\u00f3 d&#8217;acord amb la normativa vigent en el moment d&#8217;aplicar-los.<\/li>\n<li><strong>Exempci\u00f3<\/strong>\u00a0de la part\u00a0comuna de la prova d&#8217;acc\u00e9s als cicles formatius de grau superior d&#8217;arts pl\u00e0stiques i disseny (per\u00f2 no de la part espec\u00edfica, que l&#8217;alumnat haur\u00e0 de superar).<\/li>\n<li><strong>Increment<\/strong> de la qualificaci\u00f3 final de la prova d&#8217;acc\u00e9s als ensenyaments esportius de r\u00e8gim especial.<\/li>\n<\/ul>\n<p>&nbsp;<\/p>\n<h1 id=\"NORMATIVA\">NORMATIVA<\/h1>\n<ul>\n<li><a href=\"http:\/\/dogc.gencat.cat\/ca\/pdogc_canals_interns\/pdogc_resultats_fitxa\/?action=fitxa&amp;mode=single&amp;documentId=820914&amp;language=ca_ES\" target=\"_blank\" rel=\"noopener noreferrer\">Resoluci\u00f3 ENS\/1360\/2018, de 19 de juny,<\/a>\u00a0de modificaci\u00f3 de la Resoluci\u00f3 ENS\/1245\/2012, de 13 de juny, per la qual s&#8217;organitza el curs de formaci\u00f3 espec\u00edfic per a l&#8217;acc\u00e9s als cicles de grau mitj\u00e0 i el curs de preparaci\u00f3 per a la incorporaci\u00f3 als cicles formatius de grau superior (DOGC n\u00fam. 7649, de 25.6.2018)<\/li>\n<li><a href=\"http:\/\/dogc.gencat.cat\/ca\/pdogc_canals_interns\/pdogc_resultats_fitxa\/?action=fitxa&amp;documentId=789501&amp;language=ca_ES\">Resoluci\u00f3 ENS\/1338\/2017, de 2 de juny,<\/a>\u00a0de modificaci\u00f3 de la Resoluci\u00f3 ENS\/1245\/2012, de 13 de juny, per la qual s&#8217;organitza el curs de formaci\u00f3 espec\u00edfic per a l&#8217;acc\u00e9s als cicles de grau mitj\u00e0 i el curs de preparaci\u00f3 per a la incorporaci\u00f3 als cicles formatius de grau superior.\u00a0(DOGC n\u00fam. 7389, de 13.6.2017)<\/li>\n<li><a href=\"http:\/\/dogc.gencat.cat\/ca\/pdogc_canals_interns\/pdogc_resultats_fitxa\/?action=fitxa&amp;documentId=745915&amp;language=ca_ES\" target=\"_blank\" rel=\"noopener noreferrer\">Resoluci\u00f3 ENS\/1626\/2016, de 28 de juny,<\/a>\u00a0de modificaci\u00f3 de la Resoluci\u00f3 ENS\/1245\/2012, de 13 de juny, per la qual s&#8217;organitza el curs de formaci\u00f3 espec\u00edfic per a l&#8217;acc\u00e9s als cicles de grau mitj\u00e0 i el curs de formaci\u00f3 espec\u00edfic per a l&#8217;acc\u00e9s als cicles de grau superior (DOGC n\u00fam. 7154, de 4.7.2016)<\/li>\n<li><a href=\"http:\/\/dogc.gencat.cat\/ca\/pdogc_canals_interns\/pdogc_resultats_fitxa\/?action=fitxa&amp;mode=single&amp;documentId=820914&amp;language=ca_ES\" target=\"_blank\" rel=\"noopener noreferrer\">Ordre ENS\/182\/2012, de 22 de juny,<\/a>\u00a0de creaci\u00f3 dels preus p\u00fablics per la matr\u00edcula en el curs de formaci\u00f3 espec\u00edfic per a l&#8217;acc\u00e9s als cicles de formaci\u00f3 professional inicial de grau mitj\u00e0 i als de grau superior impartits en centres dependents del Departament d&#8217;Ensenyament (DOGC n\u00fam. 6159, de 28.6.2012)<\/li>\n<li><a href=\"http:\/\/dogc.gencat.cat\/ca\/pdogc_canals_interns\/pdogc_resultats_fitxa\/?action=fitxa&amp;mode=single&amp;documentId=611373&amp;language=ca_ES\" target=\"_blank\" rel=\"noopener noreferrer\">Resoluci\u00f3 ENS\/1245\/2012, de 13 de juny,<\/a>\u00a0per la qual s&#8217;organitza el curs de formaci\u00f3 espec\u00edfic per a l&#8217;acc\u00e9s als cicles de grau mitj\u00e0 i el curs de formaci\u00f3 espec\u00edfic per a l&#8217;acc\u00e9s als cicles de grau superior (DOGC n\u00fam. 6158, de 27.6.2012)<\/li>\n<\/ul>\n<h1 id=\"HORARIS\"><\/h1>\n<p>&nbsp;<\/p>\n<p>&nbsp;<\/p>\n<p>&nbsp;<\/p>\n<p>&nbsp;<\/p>\n<p>&nbsp;<\/p>\n<p>&nbsp;<\/p>\n","protected":false},"excerpt":{"rendered":"<ul>\n<li><a href=\"https:\/\/agora.xtec.cat\/cfamollet\/ensenyaments\/ensenyaments-per-a-la-preparacio-de-proves-dacces\/a-cicles-formatius-de-grau-superior\/#REQUISITS\">Requisits<\/a><\/li>\n<li><a href=\"https:\/\/agora.xtec.cat\/cfamollet\/ensenyaments\/ensenyaments-per-a-la-preparacio-de-proves-dacces\/a-cicles-formatius-de-grau-superior\/#CONTINGUTS\">Continguts<\/a><\/li>\n<li><a href=\"https:\/\/agora.xtec.cat\/cfamollet\/ensenyaments\/ensenyaments-per-a-la-preparacio-de-proves-dacces\/a-cicles-formatius-de-grau-superior\/#DURADA\">Durada<\/a><\/li>\n<li><a href=\"https:\/\/agora.xtec.cat\/cfamollet\/ensenyaments\/ensenyaments-per-a-la-preparacio-de-proves-dacces\/a-cicles-formatius-de-grau-superior\/#ORGANITZACIO\">Organitzaci\u00f3 i horaris<\/a><\/li>\n<li><a href=\"https:\/\/agora.xtec.cat\/cfamollet\/ensenyaments\/ensenyaments-per-a-la-preparacio-de-proves-dacces\/a-cicles-formatius-de-grau-superior\/#CURRICULUM\">Curr\u00edculum<\/a><\/li>\n<li><a href=\"https:\/\/agora.xtec.cat\/cfamollet\/ensenyaments\/ensenyaments-per-a-la-preparacio-de-proves-dacces\/a-cicles-formatius-de-grau-superior\/#RECURSOS\">Recursos<\/a><\/li>\n<li><a href=\"https:\/\/agora.xtec.cat\/cfamollet\/ensenyaments\/ensenyaments-per-a-la-preparacio-de-proves-dacces\/a-cicles-formatius-de-grau-superior\/#AVALUACIO\">Avaluaci\u00f3<\/a><\/li>\n<li><a href=\"https:\/\/agora.xtec.cat\/cfamollet\/ensenyaments\/ensenyaments-per-a-la-preparacio-de-proves-dacces\/a-cicles-formatius-de-grau-superior\/#SUPERACIO\">Superaci\u00f3 del curs<\/a><\/li>\n<li><a href=\"https:\/\/agora.xtec.cat\/cfamollet\/ensenyaments\/ensenyaments-per-a-la-preparacio-de-proves-dacces\/a-cicles-formatius-de-grau-superior\/#NORMATIVA\">Normativa<\/a><\/li>\n<\/ul>\n<p>Aquests estudis preparen per presentar-se a les proves d&#8217;acc\u00e9s als cicles de grau superior de formaci\u00f3 professional, d&#8217;arts pl\u00e0stiques i disseny i d&#8217;ensenyaments esportius.<br \/>\nLa superaci\u00f3 del curs de preparaci\u00f3 per a la&hellip;  <a href=\"https:\/\/agora.xtec.cat\/cfamollet\/ensenyaments\/ensenyaments-per-a-la-preparacio-de-proves-dacces\/a-cicles-formatius-de-grau-superior\/\" title=\"Read A Cicles Formatius de Grau Superior\">Llegeix m\u00e9s\u00bb<\/a><\/p>\n","protected":false},"author":1,"featured_media":0,"parent":288,"menu_order":0,"comment_status":"closed","ping_status":"closed","template":"page-templates\/side-menu.php","meta":{"_bbp_topic_count":0,"_bbp_reply_count":0,"_bbp_total_topic_count":0,"_bbp_total_reply_count":0,"_bbp_voice_count":0,"_bbp_anonymous_reply_count":0,"_bbp_topic_count_hidden":0,"_bbp_reply_count_hidden":0,"_bbp_forum_subforum_count":0,"footnotes":""},"class_list":["post-320","page","type-page","status-publish","hentry"],"post_mailing_queue_ids":[],"_links":{"self":[{"href":"https:\/\/agora.xtec.cat\/cfamollet\/wp-json\/wp\/v2\/pages\/320","targetHints":{"allow":["GET"]}}],"collection":[{"href":"https:\/\/agora.xtec.cat\/cfamollet\/wp-json\/wp\/v2\/pages"}],"about":[{"href":"https:\/\/agora.xtec.cat\/cfamollet\/wp-json\/wp\/v2\/types\/page"}],"author":[{"embeddable":true,"href":"https:\/\/agora.xtec.cat\/cfamollet\/wp-json\/wp\/v2\/users\/1"}],"replies":[{"embeddable":true,"href":"https:\/\/agora.xtec.cat\/cfamollet\/wp-json\/wp\/v2\/comments?post=320"}],"version-history":[{"count":7,"href":"https:\/\/agora.xtec.cat\/cfamollet\/wp-json\/wp\/v2\/pages\/320\/revisions"}],"predecessor-version":[{"id":3899,"href":"https:\/\/agora.xtec.cat\/cfamollet\/wp-json\/wp\/v2\/pages\/320\/revisions\/3899"}],"up":[{"embeddable":true,"href":"https:\/\/agora.xtec.cat\/cfamollet\/wp-json\/wp\/v2\/pages\/288"}],"wp:attachment":[{"href":"https:\/\/agora.xtec.cat\/cfamollet\/wp-json\/wp\/v2\/media?parent=320"}],"curies":[{"name":"wp","href":"https:\/\/api.w.org\/{rel}","templated":true}]}}