{"id":301,"date":"2015-01-28T11:21:46","date_gmt":"2015-01-28T10:21:46","guid":{"rendered":"http:\/\/agora.xtec.cat\/cfamollet\/?page_id=301"},"modified":"2025-09-05T12:49:30","modified_gmt":"2025-09-05T10:49:30","slug":"formacio-instrumental","status":"publish","type":"page","link":"https:\/\/agora.xtec.cat\/cfamollet\/ensenyaments\/ensenyaments-inicials-i-formacio-basica\/formacio-instrumental\/","title":{"rendered":"Formaci\u00f3 Instrumental"},"content":{"rendered":"<p>L&#8217;objectiu d&#8217;aquests estudis \u00e9s que les persones adultes aprenguin a llegir, escriure i fer c\u00e0lculs elementals.<\/p>\n<p>La superaci\u00f3 d&#8217;aquests estudis permet l&#8217;obtenci\u00f3 del certificat de formaci\u00f3 instrumental.<\/p>\n<ul>\n<li><a href=\"https:\/\/agora.xtec.cat\/cfamollet\/ensenyaments\/ensenyaments-inicials-i-formacio-basica\/formacio-instrumental\/#NIVELLS\">Nivells<\/a><\/li>\n<li><a href=\"https:\/\/agora.xtec.cat\/cfamollet\/ensenyaments\/ensenyaments-inicials-i-formacio-basica\/formacio-instrumental\/#DURADA\">Durada<\/a><\/li>\n<li><a href=\"https:\/\/agora.xtec.cat\/cfamollet\/ensenyaments\/ensenyaments-inicials-i-formacio-basica\/formacio-instrumental\/#ORGANITZACIO\">Organitzaci\u00f3<\/a><\/li>\n<li><a href=\"https:\/\/agora.xtec.cat\/cfamollet\/ensenyaments\/ensenyaments-inicials-i-formacio-basica\/formacio-instrumental\/#CURRICULUM\">Curr\u00edculum<\/a><\/li>\n<li><a href=\"https:\/\/agora.xtec.cat\/cfamollet\/ensenyaments\/ensenyaments-inicials-i-formacio-basica\/formacio-instrumental\/#RECURSOS\">Recursos<\/a><\/li>\n<li>Avaluaci\u00f3<\/li>\n<li><a href=\"https:\/\/agora.xtec.cat\/cfamollet\/ensenyaments\/ensenyaments-inicials-i-formacio-basica\/formacio-instrumental\/#PROMOCIO\">Promoci\u00f3 de curs i\/o obtenci\u00f3 de certificaci\u00f3<\/a><\/li>\n<\/ul>\n<p>&nbsp;<\/p>\n<h1 id=\"NIVELLS\">NIVELLS<\/h1>\n<p>Els continguts d&#8217;aquesta formaci\u00f3 s&#8217;organitzen en quatre <strong>nivells<\/strong>:<\/p>\n<ul>\n<li>Instrumental 1<\/li>\n<li>Instrumental 2<\/li>\n<li>Instrumental 3<\/li>\n<li>Instrumental 4<\/li>\n<\/ul>\n<p>Cada nivell inclou tres <strong>\u00e0rees de coneixement<\/strong>:<\/p>\n<ul>\n<li>llengua,<\/li>\n<li>matem\u00e0tiques i<\/li>\n<li>ci\u00e8ncies socials i naturals.<\/li>\n<\/ul>\n<h2>INSTRUMENTAL 1<\/h2>\n<p>\u00c9s el primer nivell. L&#8217;aprenentatge se centra en l&#8217;adquisici\u00f3 dels mecanismes fonamentals de lectura i escriptura i de c\u00e0lcul, a m\u00e9s de nocions elementals sobre l&#8217;entorn social i natural. S&#8217;enfoca, principalment, a persones nouvingudes.<\/p>\n<p>Despr\u00e9s d&#8217;una entrevista personal i\/o prova inicial, l&#8217;alumnat pot incorporar-se a un d&#8217;aquests dos grups:<\/p>\n<p>INSTRUMENTAL 1A : per persones que encara no coneixen les grafies i que tenen dificultats en l\u2019escriptura<\/p>\n<p>INSTRUMENTAL 1B: per persones que coneixen les grafies i saben escriure una mica, per\u00f2 que encara tenen dificultats.<\/p>\n<p>Aquest ensenyament s&#8217;ofereix tant en horari de mat\u00ed com de tarda.<\/p>\n<p>&nbsp;<\/p>\n<h2>INSTRUMENTAL 2<\/h2>\n<p>En aquest segon nivell, l&#8217;objectiu central \u00e9s consolidar aquests mecanismes i els coneixements que expliquen l&#8217;entorn.<\/p>\n<p>Despr\u00e9s d&#8217;una entrevista personal i\/o prova inicial, l&#8217;alumnat pot incorporar-se a un d&#8217;aquests dos grups:<\/p>\n<p>INSTRUMENTAL 2A : per persones amb destreses superiors a les exigides al nivell anterior<\/p>\n<p>INSTRUMENTAL 2B: per persones que estan a prop d&#8217;assolir el que es demana a l&#8217;INSTRUMENTAL 3.<\/p>\n<p>Aquest ensenyament s&#8217;ofereix tant en horari de mat\u00ed com de tarda.<\/p>\n<p>&nbsp;<\/p>\n<h2>INSTRUMENTAL 3<\/h2>\n<p>\u00c9s el tercer nivell, en el qual s&#8217;amplien els coneixements anteriors fins a assolir els objectius generals del cicle.<\/p>\n<p>\u00c9s un perfil de persones que en el seu moment no van tenir prou temps per aprendre els aprenentatges b\u00e0sics i ara s\u2019hi volen dedicar. Tamb\u00e9 \u00e9s un pas intermig\u00a0 per despr\u00e9s continuar amb els estudis de educaci\u00f3 secund\u00e0ria per a persones adultes (GES)<\/p>\n<p>Aquest ensenyament s&#8217;ofereix \u00fanicament a la tarda.<\/p>\n<h2>INSTRUMENTAL 4<\/h2>\n<p>&nbsp;<\/p>\n<h1 id=\"DURADA\">DURADA<\/h1>\n<p>La durada aproximada d&#8217;aquesta formaci\u00f3 \u00e9s de 980 hores. Aix\u00f2 no obstant, segons els coneixements previs, les necessitats formatives, i els ritmes d&#8217;aprenentatge de l&#8217;alumnat, la durada pot ser m\u00e9s llarga o menys.<\/p>\n<p>&nbsp;<\/p>\n<h1 id=\"ORGANITZACIO\">ORGANITZACI\u00d3<\/h1>\n<p>Poden accedir a aquests estudis totes les persones que tenen m\u00e9s de 18 anys o b\u00e9 els compleixen durant l&#8217;any natural en qu\u00e8 inicien la formaci\u00f3.<\/p>\n<p>S\u2019ha de dur a terme una avaluaci\u00f3 inicial que determini els coneixements i les habilitats pr\u00e8vies de l\u2019alumne o l\u2019alumna per tal de determinar en quin nivell ha d\u2019iniciar l\u2019aprenentatge. Preferentment, durant el per\u00edode de preinscripci\u00f3 es realitza una entrevista i, si escau, una prova de nivell per determinar el grup m\u00e9s adient on matricular-se l&#8217;alumnat.<\/p>\n<p>Els cursos de formaci\u00f3 INSTRUMENTAL comencen a finals de setembre i acaben al juny.<\/p>\n<p>&nbsp;<\/p>\n<h1 id=\"CURRICULUM\">CURR\u00cdCULUM<\/h1>\n<p>Podeu consultar aqu\u00ed el curr\u00edculum dels ensenyaments de formaci\u00f3 INSTRUMENTAL:<\/p>\n<p><a href=\"http:\/\/dogc.gencat.cat\/ca\/pdogc_canals_interns\/pdogc_resultats_fitxa\/?action=fitxa&amp;mode=single&amp;documentId=299157&amp;language=ca_ES\" target=\"_blank\" rel=\"noopener noreferrer\">Decret 213\/2002, d&#8217;1 d&#8217;agost,<\/a>\u00a0pel qual s&#8217;estableix l&#8217;ordenaci\u00f3 curricular de la formaci\u00f3 b\u00e0sica de les persones adultes (DOGC n\u00fam. 3694, de 7.8.2002, cap\u00edtol 2: Cicle de formaci\u00f3 instrumental per a les persones adultes -articles del 9 al 15- i annex 1: Curr\u00edculum de la formaci\u00f3 instrumental per a les persones adultes)<\/p>\n<h1 id=\"RECURSOS\">RECURSOS<\/h1>\n<p><a href=\"https:\/\/clic.xtec.cat\/repo\/index.html?lang=es\">Biblioteca d&#8217;activitats Jclic<\/a>. Cal descarregar-se el <a href=\"https:\/\/clic.xtec.cat\/jnlp\/jclic\/player.jnlp\">programa<\/a> (gratuit)<\/p>\n<p><a href=\"http:\/\/www.edu3.cat\/\">Edu3cat<\/a><\/p>\n<p>&nbsp;<\/p>\n<h1 id=\"AVALUACIO\">AVALUACI\u00d3<\/h1>\n<p align=\"JUSTIFY\">Per expressar els resultats de l\u2019avaluaci\u00f3 en finalitzar cada nivell s\u2019utilitzaran les qualificacions d\u2019apte i no apte.<\/p>\n<p align=\"JUSTIFY\">Els i les alumnes que hagin assolit els objectius d\u2019aquest cicle obtindran el certificat de formaci\u00f3 instrumental.<\/p>\n<h1 id=\"PROMOCIO\">PROMOCI\u00d3 DE CURS I OBTENCI\u00d3 DE CERTIFICAT<\/h1>\n<p>Els i les alumnes que hagin assolit els objectius d\u2019aquest cicle obtindran el certificat de formaci\u00f3 instrumental.<\/p>\n<h1 id=\"HORARIS\"><\/h1>\n<p>&nbsp;<\/p>\n<p>&nbsp;<\/p>\n<p>&nbsp;<\/p>\n<p>&nbsp;<\/p>\n<p>&nbsp;<\/p>\n<p>&nbsp;<\/p>\n","protected":false},"excerpt":{"rendered":"<p>L&#8217;objectiu d&#8217;aquests estudis \u00e9s que les persones adultes aprenguin a llegir, escriure i fer c\u00e0lculs elementals.<br \/>\nLa superaci\u00f3 d&#8217;aquests estudis permet l&#8217;obtenci\u00f3 del certificat de formaci\u00f3 instrumental.<\/p>\n<ul>\n<li><a href=\"https:\/\/agora.xtec.cat\/cfamollet\/ensenyaments\/ensenyaments-inicials-i-formacio-basica\/formacio-instrumental\/#NIVELLS\">Nivells<\/a><\/li>\n<li><a href=\"https:\/\/agora.xtec.cat\/cfamollet\/ensenyaments\/ensenyaments-inicials-i-formacio-basica\/formacio-instrumental\/#DURADA\">Durada<\/a><\/li>\n<li><a href=\"https:\/\/agora.xtec.cat\/cfamollet\/ensenyaments\/ensenyaments-inicials-i-formacio-basica\/formacio-instrumental\/#ORGANITZACIO\">Organitzaci\u00f3<\/a><\/li>\n<li><a href=\"https:\/\/agora.xtec.cat\/cfamollet\/ensenyaments\/ensenyaments-inicials-i-formacio-basica\/formacio-instrumental\/#CURRICULUM\">Curr\u00edculum<\/a><\/li>\n<li><a href=\"https:\/\/agora.xtec.cat\/cfamollet\/ensenyaments\/ensenyaments-inicials-i-formacio-basica\/formacio-instrumental\/#RECURSOS\">Recursos<\/a><\/li>\n<li>Avaluaci\u00f3<\/li>\n<li><a href=\"https:\/\/agora.xtec.cat\/cfamollet\/ensenyaments\/ensenyaments-inicials-i-formacio-basica\/formacio-instrumental\/#PROMOCIO\">Promoci\u00f3 de curs i\/o obtenci\u00f3 de certificaci\u00f3<\/a><\/li>\n<\/ul>\n<p>&nbsp;<br \/>\nNIVELLS<br \/>\nEls continguts d&#8217;aquesta formaci\u00f3 s&#8217;organitzen en quatre nivells:<\/p>\n<ul>\n<li>Instrumental&hellip;  <a href=\"https:\/\/agora.xtec.cat\/cfamollet\/ensenyaments\/ensenyaments-inicials-i-formacio-basica\/formacio-instrumental\/\" title=\"Read Formaci\u00f3 Instrumental\">Llegeix m\u00e9s\u00bb<\/a><br \/>\n","protected":false},"author":1,"featured_media":0,"parent":283,"menu_order":0,"comment_status":"closed","ping_status":"closed","template":"page-templates\/side-menu.php","meta":{"_bbp_topic_count":0,"_bbp_reply_count":0,"_bbp_total_topic_count":0,"_bbp_total_reply_count":0,"_bbp_voice_count":0,"_bbp_anonymous_reply_count":0,"_bbp_topic_count_hidden":0,"_bbp_reply_count_hidden":0,"_bbp_forum_subforum_count":0,"footnotes":""},"class_list":["post-301","page","type-page","status-publish","hentry"],"post_mailing_queue_ids":[],"_links":{"self":[{"href":"https:\/\/agora.xtec.cat\/cfamollet\/wp-json\/wp\/v2\/pages\/301","targetHints":{"allow":["GET"]}}],"collection":[{"href":"https:\/\/agora.xtec.cat\/cfamollet\/wp-json\/wp\/v2\/pages"}],"about":[{"href":"https:\/\/agora.xtec.cat\/cfamollet\/wp-json\/wp\/v2\/types\/page"}],"author":[{"embeddable":true,"href":"https:\/\/agora.xtec.cat\/cfamollet\/wp-json\/wp\/v2\/users\/1"}],"replies":[{"embeddable":true,"href":"https:\/\/agora.xtec.cat\/cfamollet\/wp-json\/wp\/v2\/comments?post=301"}],"version-history":[{"count":7,"href":"https:\/\/agora.xtec.cat\/cfamollet\/wp-json\/wp\/v2\/pages\/301\/revisions"}],"predecessor-version":[{"id":3935,"href":"https:\/\/agora.xtec.cat\/cfamollet\/wp-json\/wp\/v2\/pages\/301\/revisions\/3935"}],"up":[{"embeddable":true,"href":"https:\/\/agora.xtec.cat\/cfamollet\/wp-json\/wp\/v2\/pages\/283"}],"wp:attachment":[{"href":"https:\/\/agora.xtec.cat\/cfamollet\/wp-json\/wp\/v2\/media?parent=301"}],"curies":[{"name":"wp","href":"https:\/\/api.w.org\/{rel}","templated":true}]}}