{"id":296,"date":"2015-01-28T11:18:08","date_gmt":"2015-01-28T10:18:08","guid":{"rendered":"http:\/\/agora.xtec.cat\/cfamollet\/?page_id=296"},"modified":"2025-09-10T11:17:57","modified_gmt":"2025-09-10T09:17:57","slug":"llengua-catalana","status":"publish","type":"page","link":"https:\/\/agora.xtec.cat\/cfamollet\/ensenyaments\/ensenyaments-inicials-i-formacio-basica\/llengua-catalana\/","title":{"rendered":"Llengua Castellana"},"content":{"rendered":"<ul>\n<li>Descripci\u00f3<\/li>\n<li>Acc\u00e9s<\/li>\n<li>Tr\u00e0mits<\/li>\n<li>Continu\u00eftat<\/li>\n<li>Nivells<\/li>\n<li>Durada<\/li>\n<li>Organitzaci\u00f3<\/li>\n<li>Curr\u00edculum<\/li>\n<li>Avaluaci\u00f3, promoci\u00f3 de curs i\/o obtenci\u00f3 de certificaci\u00f3<\/li>\n<\/ul>\n<p><strong>DESCRIPCI\u00d3:<\/strong><\/p>\n<p>Aquests estudis tenen com a objectiu que les persones adultes assoleixin un grau de compet\u00e8ncia m\u00ednima per a comunicar-se en llengua castellana i s&#8217;imparteixen en tres nivells: llengua castellana nivell 1, 2 i 3, que corresponen als nivells A1, A2 i B1 del MECR (Marc europeu com\u00fa de refer\u00e8ncia per a les lleng\u00fces).<\/p>\n<p>En els tres nivells es treballen les habilitats de comprensi\u00f3 i expressi\u00f3 oral i escrita que permeten fer front a la major part de situacions ling\u00fc\u00edstiques de la vida quotidiana.<\/p>\n<p>Vegeu el curr\u00edculum d&#8217;aquests estudis.<\/p>\n<p><strong>ACC\u00c9S:<\/strong><\/p>\n<p>Poden accedir a aquests estudis totes les persones que tenen m\u00e9s de 18 anys o b\u00e9 els compleixen durant l&#8217;any natural en qu\u00e8 inicien la formaci\u00f3.<\/p>\n<p>Quan hi ha un motiu justificat, tamb\u00e9 hi poden accedir les persones m\u00e9s grans de 16 anys o que els compleixen durant l&#8217;any natural en qu\u00e8 inicien la formaci\u00f3.<\/p>\n<p><strong>TR\u00c0MITS:<\/strong><\/p>\n<p>Per cursar aquests estudis cal formalitzar la matr\u00edcula d&#8217;acord amb els criteris fixats pel Departament d&#8217;Educaci\u00f3.<\/p>\n<p>Aquest estudi \u00e9s gratu\u00eft en els centres dependents del Departament d&#8217;Educaci\u00f3. Per a la resta de centres, consulteu l&#8217;import corresponent.<\/p>\n<p>&nbsp;<\/p>\n<p><strong>NIVELLS:<\/strong><\/p>\n<p>A la nostra escola oferim els nivels de Castell\u00e0 1, 2 i 3.<\/p>\n<p><strong>DURADA:<\/strong><\/p>\n<p>El curs t\u00e9 una durada de 105 hores.<\/p>\n<p><strong>ORGANITZACI\u00d3:<\/strong><\/p>\n<p>S\u2019ha de dur a terme una avaluaci\u00f3 inicial que determini els coneixements i les habilitats pr\u00e8vies de l\u2019alumne o l\u2019alumna per tal de determinar en quin nivell ha d\u2019iniciar l\u2019aprenentatge, preferentment durant el per\u00edode de preinscripci\u00f3.<\/p>\n<p>El curs CASTELL\u00c0\u00a0 comen\u00e7a a finals de setembre i acaba al juny.<\/p>\n<p><strong>CURR\u00cdCULUM:<\/strong><\/p>\n<ul>\n<li><a href=\"http:\/\/queestudiar.gencat.cat\/web\/.content\/home\/estudis\/adults\/normativa\/resoluciocurriculumsllenguescfa.pdf\" target=\"_blank\" rel=\"noopener noreferrer\">Resoluci\u00f3 de 10 de maig de 2013,<\/a>\u00a0per la qual s&#8217;estableixen els curr\u00edculums dels ensenyaments corresponents a llengua catalana i castellana, llengua occitana, denominada aran\u00e8s a l&#8217;Aran, i a les lleng\u00fces estrangeres, d&#8217;aplicaci\u00f3 als centres de formaci\u00f3 d&#8217;adults que depenen del Departament d&#8217;Ensenyament.<\/li>\n<\/ul>\n<p><strong>AVALUACI\u00d3, PROMOCI\u00d3 I OBTENCI\u00d3 DE CERTIFICAT:<\/strong><\/p>\n<p>L&#8217;avaluaci\u00f3 \u00e9s continua.<\/p>\n<p align=\"JUSTIFY\">Per expressar els resultats de l\u2019avaluaci\u00f3 en finalitzar cada nivell s\u2019utilitzaran les qualificacions d\u2019apte i no apte.<\/p>\n<p align=\"JUSTIFY\">Els i les alumnes que hagin assolit els objectius d\u2019aquest cicle obtindran el certificat A1 dins del Marc europeu de les lleng\u00fces.<\/p>\n<p>&nbsp;<\/p>\n<p>&nbsp;<\/p>\n<p>&nbsp;<\/p>\n<p>&nbsp;<\/p>\n<p>&nbsp;<\/p>\n","protected":false},"excerpt":{"rendered":"<ul>\n<li>Descripci\u00f3<\/li>\n<li>Acc\u00e9s<\/li>\n<li>Tr\u00e0mits<\/li>\n<li>Continu\u00eftat<\/li>\n<li>Nivells<\/li>\n<li>Durada<\/li>\n<li>Organitzaci\u00f3<\/li>\n<li>Curr\u00edculum<\/li>\n<li>Avaluaci\u00f3, promoci\u00f3 de curs i\/o obtenci\u00f3 de certificaci\u00f3<\/li>\n<\/ul>\n<p>DESCRIPCI\u00d3:<br \/>\nAquests estudis tenen com a objectiu que les persones adultes assoleixin un grau de compet\u00e8ncia m\u00ednima per a comunicar-se en llengua castellana i s&#8217;imparteixen en tres nivells: llengua castellana nivell 1, 2 i 3, que corresponen als nivells&hellip;  <a href=\"https:\/\/agora.xtec.cat\/cfamollet\/ensenyaments\/ensenyaments-inicials-i-formacio-basica\/llengua-catalana\/\" title=\"Read Llengua Castellana\">Llegeix m\u00e9s\u00bb<\/a><\/p>\n","protected":false},"author":1,"featured_media":0,"parent":283,"menu_order":0,"comment_status":"closed","ping_status":"closed","template":"page-templates\/side-menu.php","meta":{"_bbp_topic_count":0,"_bbp_reply_count":0,"_bbp_total_topic_count":0,"_bbp_total_reply_count":0,"_bbp_voice_count":0,"_bbp_anonymous_reply_count":0,"_bbp_topic_count_hidden":0,"_bbp_reply_count_hidden":0,"_bbp_forum_subforum_count":0,"footnotes":""},"class_list":["post-296","page","type-page","status-publish","hentry"],"post_mailing_queue_ids":[],"_links":{"self":[{"href":"https:\/\/agora.xtec.cat\/cfamollet\/wp-json\/wp\/v2\/pages\/296","targetHints":{"allow":["GET"]}}],"collection":[{"href":"https:\/\/agora.xtec.cat\/cfamollet\/wp-json\/wp\/v2\/pages"}],"about":[{"href":"https:\/\/agora.xtec.cat\/cfamollet\/wp-json\/wp\/v2\/types\/page"}],"author":[{"embeddable":true,"href":"https:\/\/agora.xtec.cat\/cfamollet\/wp-json\/wp\/v2\/users\/1"}],"replies":[{"embeddable":true,"href":"https:\/\/agora.xtec.cat\/cfamollet\/wp-json\/wp\/v2\/comments?post=296"}],"version-history":[{"count":7,"href":"https:\/\/agora.xtec.cat\/cfamollet\/wp-json\/wp\/v2\/pages\/296\/revisions"}],"predecessor-version":[{"id":3972,"href":"https:\/\/agora.xtec.cat\/cfamollet\/wp-json\/wp\/v2\/pages\/296\/revisions\/3972"}],"up":[{"embeddable":true,"href":"https:\/\/agora.xtec.cat\/cfamollet\/wp-json\/wp\/v2\/pages\/283"}],"wp:attachment":[{"href":"https:\/\/agora.xtec.cat\/cfamollet\/wp-json\/wp\/v2\/media?parent=296"}],"curies":[{"name":"wp","href":"https:\/\/api.w.org\/{rel}","templated":true}]}}