{"id":27,"date":"2014-09-17T16:24:03","date_gmt":"2014-09-17T16:24:03","guid":{"rendered":"http:\/\/agora.xtec.cat\/cfamollet\/?page_id=27"},"modified":"2024-04-21T12:19:45","modified_gmt":"2024-04-21T10:19:45","slug":"historia","status":"publish","type":"page","link":"https:\/\/agora.xtec.cat\/cfamollet\/el-centre\/historia\/","title":{"rendered":"Hist\u00f2ria"},"content":{"rendered":"<p><span style=\"font-weight: 400;\">El Centre pertany a la xarxa d\u2019Escoles d\u2019Adults que la Generalitat de Catalunya t\u00e9 al llarg del pa\u00eds. El CFA Mollet del Vall\u00e8s t\u00e9 una llarga experi\u00e8ncia en la formaci\u00f3 d\u2019Adults i des dels seus inicis, a principis dels anys 80, ha intentat donar respostes a les necessitats de formaci\u00f3 que la societat demandava en cada moment. Aix\u00ed, la nostra oferta formativa s\u2019ha anat adaptant i avui dia cobrim un ample espectre que podeu consultar en el nostre web.<\/span><\/p>\n<p><span style=\"font-weight: 400;\">Pel centre solen passar m\u00e9s de 600 alumnes cada any i aix\u00f2 implica una gran riquesa de cultures, coneixements i valors\u00a0 per a tots plegats.<br \/>\n<\/span><\/p>\n<table style=\"border-collapse: collapse; width: 100%;\">\n<tbody>\n<tr>\n<td style=\"width: 50%;\"><span style=\"font-weight: 400;\"><a href=\"https:\/\/agora.xtec.cat\/cfamollet\/wp-content\/uploads\/usu465\/2019\/07\/ESCOLA-ANTIGA.jpg\"><img loading=\"lazy\" decoding=\"async\" class=\"alignnone wp-image-523\" src=\"https:\/\/agora.xtec.cat\/cfamollet\/wp-content\/uploads\/usu465\/2019\/07\/ESCOLA-ANTIGA.jpg\" alt=\"\" width=\"253\" height=\"223\" \/><\/a><\/span><\/td>\n<td style=\"width: 50%;\"><span style=\"font-weight: 400;\"><a href=\"https:\/\/agora.xtec.cat\/cfamollet\/wp-content\/uploads\/usu465\/2019\/07\/entrada.jpg\"><img loading=\"lazy\" decoding=\"async\" class=\"alignnone wp-image-600\" src=\"https:\/\/agora.xtec.cat\/cfamollet\/wp-content\/uploads\/usu465\/2019\/07\/entrada-1024x609.jpg\" alt=\"\" width=\"355\" height=\"211\" srcset=\"https:\/\/agora.xtec.cat\/cfamollet\/wp-content\/uploads\/usu465\/2019\/07\/entrada-1024x609.jpg 1024w, https:\/\/agora.xtec.cat\/cfamollet\/wp-content\/uploads\/usu465\/2019\/07\/entrada-300x178.jpg 300w, https:\/\/agora.xtec.cat\/cfamollet\/wp-content\/uploads\/usu465\/2019\/07\/entrada-768x457.jpg 768w\" sizes=\"auto, (max-width: 355px) 100vw, 355px\" \/><\/a><\/span><\/td>\n<\/tr>\n<tr>\n<td style=\"width: 50%;\">Entrada any 2010<\/td>\n<td style=\"width: 50%;\">Entrada actual centre<\/td>\n<\/tr>\n<\/tbody>\n<\/table>\n<p style=\"text-align: center;\"><span style=\"font-weight: 400;\"><a href=\"https:\/\/agora.xtec.cat\/cfamollet\/wp-content\/uploads\/usu465\/2019\/07\/ESCOLA-ANTIGA.jpg\">\u00a0 \u00a0 \u00a0 \u00a0 \u00a0 \u00a0 \u00a0 \u00a0 \u00a0 \u00a0 \u00a0 \u00a0 \u00a0 \u00a0 \u00a0<\/a><\/span><\/p>\n<p>&nbsp;<\/p>\n<p>&nbsp;<\/p>\n<p>&nbsp;<\/p>\n","protected":false},"excerpt":{"rendered":"<p>El Centre pertany a la xarxa d\u2019Escoles d\u2019Adults que la Generalitat de Catalunya t\u00e9 al llarg del pa\u00eds. El CFA Mollet del Vall\u00e8s t\u00e9 una llarga experi\u00e8ncia en la formaci\u00f3 d\u2019Adults i des dels seus inicis, a principis dels anys 80, ha intentat donar respostes&hellip;  <a href=\"https:\/\/agora.xtec.cat\/cfamollet\/el-centre\/historia\/\" title=\"Read Hist\u00f2ria\">Llegeix m\u00e9s\u00bb<\/a><\/p>\n","protected":false},"author":1,"featured_media":0,"parent":261,"menu_order":20,"comment_status":"closed","ping_status":"closed","template":"page-templates\/side-menu.php","meta":{"_bbp_topic_count":0,"_bbp_reply_count":0,"_bbp_total_topic_count":0,"_bbp_total_reply_count":0,"_bbp_voice_count":0,"_bbp_anonymous_reply_count":0,"_bbp_topic_count_hidden":0,"_bbp_reply_count_hidden":0,"_bbp_forum_subforum_count":0,"footnotes":""},"class_list":["post-27","page","type-page","status-publish","hentry"],"post_mailing_queue_ids":[],"_links":{"self":[{"href":"https:\/\/agora.xtec.cat\/cfamollet\/wp-json\/wp\/v2\/pages\/27","targetHints":{"allow":["GET"]}}],"collection":[{"href":"https:\/\/agora.xtec.cat\/cfamollet\/wp-json\/wp\/v2\/pages"}],"about":[{"href":"https:\/\/agora.xtec.cat\/cfamollet\/wp-json\/wp\/v2\/types\/page"}],"author":[{"embeddable":true,"href":"https:\/\/agora.xtec.cat\/cfamollet\/wp-json\/wp\/v2\/users\/1"}],"replies":[{"embeddable":true,"href":"https:\/\/agora.xtec.cat\/cfamollet\/wp-json\/wp\/v2\/comments?post=27"}],"version-history":[{"count":4,"href":"https:\/\/agora.xtec.cat\/cfamollet\/wp-json\/wp\/v2\/pages\/27\/revisions"}],"predecessor-version":[{"id":3117,"href":"https:\/\/agora.xtec.cat\/cfamollet\/wp-json\/wp\/v2\/pages\/27\/revisions\/3117"}],"up":[{"embeddable":true,"href":"https:\/\/agora.xtec.cat\/cfamollet\/wp-json\/wp\/v2\/pages\/261"}],"wp:attachment":[{"href":"https:\/\/agora.xtec.cat\/cfamollet\/wp-json\/wp\/v2\/media?parent=27"}],"curies":[{"name":"wp","href":"https:\/\/api.w.org\/{rel}","templated":true}]}}