{"id":265,"date":"2015-01-27T17:28:56","date_gmt":"2015-01-27T16:28:56","guid":{"rendered":"http:\/\/agora.xtec.cat\/cfamollet\/?page_id=265"},"modified":"2025-09-05T12:44:38","modified_gmt":"2025-09-05T10:44:38","slug":"organitzacio-interna","status":"publish","type":"page","link":"https:\/\/agora.xtec.cat\/cfamollet\/el-centre\/organitzacio-interna\/","title":{"rendered":"Organitzaci\u00f3 interna"},"content":{"rendered":"<p><span style=\"font-weight: 400;\">L\u2019equip de professionals que hi treballem actualment est\u00e0 format per 10 docents que depenem del Departament d\u2019Educaci\u00f3 de la Generalitat de Catalunya i una auxiliar administrativa. L\u2019Ajuntament de Mollet del Vall\u00e8s cedeix les instal\u00b7lacions, en fa el manteniment i posa a la nostra disposici\u00f3 una conserge. L&#8217;equip al complet treballem perqu\u00e8 tot marxi de forma adequada, comptant sempre amb la col\u00b7laboraci\u00f3 de les persones usu\u00e0ries.<br \/>\n<img loading=\"lazy\" decoding=\"async\" class=\"alignright\" src=\"https:\/\/encrypted-tbn0.gstatic.com\/images?q=tbn:ANd9GcQu2BoY7dgP_sZeCI46pQmIIzvqKd_0Lfphew&amp;usqp=CAU\" alt=\"Mesa redonda png im\u00e1genes | PNGWing\" width=\"270\" height=\"270\" \/><\/span><\/p>\n<p><span style=\"font-weight: 400;\">\u00a0<\/span><b>L\u2019Equip Directiu<\/b><span style=\"font-weight: 400;\"> est\u00e0 format per:<\/span><span style=\"font-weight: 400;\">\u00a0<\/span><\/p>\n<p><span style=\"font-weight: 400;\">\u00a0 <strong>DIRECTORA<\/strong>\u00a0 \u00a0 \u00a0 \u00a0 \u00a0\u00a0<\/span><strong> Sra.Virg\u00ednia Millan<\/strong><\/p>\n<p>Titulaci\u00f3: Diplomada en EGB (Universitat de Barcelona) i Postgrau en Direcci\u00f3 de Centres i Serveis Educatius (Universitat de Girona).<\/p>\n<p>Experi\u00e8ncia: Vinculada al CFA Mollet del Vall\u00e8s des del curs 2003-04, tinc l&#8217;honor d&#8217;ocupar el c\u00e0rrec de directora des del curs\u00a0 2015-16.<\/p>\n<p><span style=\"font-weight: 400;\"><strong>CAP D&#8217;ESTUDIS <\/strong><\/span><span style=\"font-weight: 400;\"> \u00a0\u00a0\u00a0 <strong>Sra. Gl\u00f2ria S\u00e1ez<\/strong><\/span><\/p>\n<p><span style=\"font-weight: 400;\">\u00a0Titulaci\u00f3: Llicenciada en Filologia Anglogerm\u00e0nica<br \/>\n<\/span><\/p>\n<p>Experi\u00e8ncia: El curs 2013-14 vaig comen\u00e7ar a formar part del claustre d&#8217;aquest centre com a professora de l&#8217;\u00e0mbit de la comunicaci\u00f3 i va ser el curs 2017- 18 quan em vaig incorporar a l&#8217;equip directiu.<\/p>\n<p><span style=\"font-weight: 400;\">\u00a0<strong>SECRET\u00c0RIA<\/strong>\u00a0 \u00a0 \u00a0 \u00a0\u00a0<\/span> <span style=\"font-weight: 400;\"><strong>Sra. Laura Valent\u00ed<\/strong><br \/>\n<\/span><\/p>\n<p>Titulaci\u00f3: Llicenciada en Traducci\u00f3 i Interpretaci\u00f3<\/p>\n<p>Experi\u00e8ncia:\u00a0 El curs 2012-13 vaig comen\u00e7ar a formar part del claustre d&#8217;aquest centre com a professora de l&#8217;\u00e0mbit de la comunicaci\u00f3 i va ser el curs 2014-15 quan em vaig incorporar a l&#8217;equip directiu.<\/p>\n<ul>\n<li><b>Els\/Les Coordinadors\/es<\/b><span style=\"font-weight: 400;\"> s\u00f3n:<img loading=\"lazy\" decoding=\"async\" class=\"alignright\" src=\"https:\/\/femcet.com\/wp-content\/uploads\/2022\/12\/trabajo-en-equipo-e1561735291619-1165x1080.jpg\" alt=\"Femcet | C\u00f3mo trabajar en equipo - Femcet\" width=\"288\" height=\"267\" \/><\/span><\/li>\n<\/ul>\n<p><span style=\"font-weight: 400;\">\u00a0GES Graduat Educaci\u00f3 Secund\u00e0ria\u00a0 \u00a0 \u00a0 \u00a0 <\/span><span style=\"font-weight: 400;\">Sr. Miguel Cremades<\/span><\/p>\n<p><span style=\"font-weight: 400;\">\u00a0Proves d&#8217;Acc\u00e9s \u00a0 \u00a0 <\/span> <span style=\"font-weight: 400;\"> \u00a0 \u00a0 \u00a0 <\/span> <span style=\"font-weight: 400;\">\u00a0 \u00a0 \u00a0 \u00a0 \u00a0 \u00a0 \u00a0 \u00a0 \u00a0 \u00a0 \u00a0 \u00a0 \u00a0 \u00a0 \u00a0 <\/span><span style=\"font-weight: 400;\">Sra. Yolanda Rodr\u00edguez<\/span><\/p>\n<p><span style=\"font-weight: 400;\">\u00a0Ensenyaments inicials\u00a0 \u00a0 \u00a0 \u00a0 \u00a0 \u00a0 \u00a0 \u00a0 \u00a0 \u00a0 \u00a0 \u00a0 \u00a0 \u00a0 \u00a0 <\/span><span style=\"font-weight: 400;\">Sra. Montse Caballero<\/span><\/p>\n<p><span style=\"font-weight: 400;\">\u00a0Societat de la informaci\u00f3\u00a0 \u00a0 \u00a0 \u00a0 \u00a0 \u00a0 \u00a0 \u00a0 \u00a0 \u00a0 \u00a0 \u00a0 \u00a0 <\/span><span style=\"font-weight: 400;\">Sr. Arnau Farguell<\/span><\/p>\n<p>Llengua, interculturalitat i cohesi\u00f3\u00a0\u00a0\u00a0\u00a0\u00a0\u00a0\u00a0\u00a0\u00a0\u00a0\u00a0 Sr. <span style=\"font-weight: 400;\">\u00c0lex Carretero<\/span><\/p>\n<ul>\n<li>En relaci\u00f3 al <strong>Consell Escolar, <\/strong>\u00a0en el curs 2023-24 es va renovar i es va quedar constitu\u00eft per:<\/li>\n<\/ul>\n<p>5 representants del sector d&#8217;alumnes<\/p>\n<p><img loading=\"lazy\" decoding=\"async\" class=\"alignright\" src=\"https:\/\/encrypted-tbn0.gstatic.com\/images?q=tbn:ANd9GcSPNbOztZpRkAvBTJf19XIDd02yNVQ2DUVZIA&amp;usqp=CAU\" alt=\"Consell escolar | CEIP Joan Mas i Verd\" width=\"316\" height=\"123\" \/><\/p>\n<p>5 representants del sector professorat<\/p>\n<p>1 representant del sector PAS<\/p>\n<p>1 representant de l&#8217;Administraci\u00f3 Municipal<\/p>\n<p>Equip directiu<\/p>\n<ul>\n<li>Els membres del<strong> PAS<\/strong> del centre s\u00f3n l&#8217;auxiliar administrativa i la conserge, que dep\u00e8n de l&#8217;Ajuntament de Mollet del Vall\u00e8s.<\/li>\n<\/ul>\n<p>&nbsp;<\/p>\n","protected":false},"excerpt":{"rendered":"<p>L\u2019equip de professionals que hi treballem actualment est\u00e0 format per 10 docents que depenem del Departament d\u2019Educaci\u00f3 de la Generalitat de Catalunya i una auxiliar administrativa. L\u2019Ajuntament de Mollet del Vall\u00e8s cedeix les instal\u00b7lacions, en fa el manteniment i posa a la nostra disposici\u00f3 una&hellip;  <a href=\"https:\/\/agora.xtec.cat\/cfamollet\/el-centre\/organitzacio-interna\/\" title=\"Read Organitzaci\u00f3 interna\">Llegeix m\u00e9s\u00bb<\/a><\/p>\n","protected":false},"author":1,"featured_media":0,"parent":261,"menu_order":40,"comment_status":"closed","ping_status":"closed","template":"page-templates\/side-menu.php","meta":{"_bbp_topic_count":0,"_bbp_reply_count":0,"_bbp_total_topic_count":0,"_bbp_total_reply_count":0,"_bbp_voice_count":0,"_bbp_anonymous_reply_count":0,"_bbp_topic_count_hidden":0,"_bbp_reply_count_hidden":0,"_bbp_forum_subforum_count":0,"footnotes":""},"class_list":["post-265","page","type-page","status-publish","hentry"],"post_mailing_queue_ids":[],"_links":{"self":[{"href":"https:\/\/agora.xtec.cat\/cfamollet\/wp-json\/wp\/v2\/pages\/265","targetHints":{"allow":["GET"]}}],"collection":[{"href":"https:\/\/agora.xtec.cat\/cfamollet\/wp-json\/wp\/v2\/pages"}],"about":[{"href":"https:\/\/agora.xtec.cat\/cfamollet\/wp-json\/wp\/v2\/types\/page"}],"author":[{"embeddable":true,"href":"https:\/\/agora.xtec.cat\/cfamollet\/wp-json\/wp\/v2\/users\/1"}],"replies":[{"embeddable":true,"href":"https:\/\/agora.xtec.cat\/cfamollet\/wp-json\/wp\/v2\/comments?post=265"}],"version-history":[{"count":7,"href":"https:\/\/agora.xtec.cat\/cfamollet\/wp-json\/wp\/v2\/pages\/265\/revisions"}],"predecessor-version":[{"id":3932,"href":"https:\/\/agora.xtec.cat\/cfamollet\/wp-json\/wp\/v2\/pages\/265\/revisions\/3932"}],"up":[{"embeddable":true,"href":"https:\/\/agora.xtec.cat\/cfamollet\/wp-json\/wp\/v2\/pages\/261"}],"wp:attachment":[{"href":"https:\/\/agora.xtec.cat\/cfamollet\/wp-json\/wp\/v2\/media?parent=265"}],"curies":[{"name":"wp","href":"https:\/\/api.w.org\/{rel}","templated":true}]}}