{"id":261,"date":"2015-01-27T17:25:01","date_gmt":"2015-01-27T16:25:01","guid":{"rendered":"http:\/\/agora.xtec.cat\/cfamollet\/?page_id=261"},"modified":"2022-10-13T15:35:20","modified_gmt":"2022-10-13T13:35:20","slug":"el-centre","status":"publish","type":"page","link":"https:\/\/agora.xtec.cat\/cfamollet\/el-centre\/","title":{"rendered":"El Centre"},"content":{"rendered":"<p>&nbsp;<\/p>\n<p><span style=\"font-weight: 400;\">El Centre pertany a la xarxa d\u2019Escoles d\u2019Adults de la Generalitat de Catalunya.<a href=\"https:\/\/agora.xtec.cat\/cfamollet\/wp-content\/uploads\/usu465\/2019\/07\/ESCOLA-NOVA.jpg\"><img loading=\"lazy\" decoding=\"async\" class=\" wp-image-524 alignright\" src=\"https:\/\/agora.xtec.cat\/cfamollet\/wp-content\/uploads\/usu465\/2019\/07\/ESCOLA-NOVA.jpg\" alt=\"\" width=\"407\" height=\"228\" \/><\/a> <\/span><\/p>\n<p><span style=\"font-weight: 400;\">El CFA Mollet del Vall\u00e8s t\u00e9 una llarga experi\u00e8ncia en la formaci\u00f3 d\u2019Adults, pel centre passen cada any m\u00e9s de 600 persones interessades en la seva formaci\u00f3 i disposa d&#8217;uns recursos humans i materials que permeten una bona qualitat en els ensenyaments que s&#8217;imparteixen. L&#8217;escola est\u00e0 ubicada al centre de la nostra ciutat i t\u00e9 una bona comunicaci\u00f3 en transport p\u00fablic.<\/span><\/p>\n<p>En aquest v\u00eddeo us presentem la nostra escola i compartim les nostres viv\u00e8ncies.<\/p>\n<p><iframe loading=\"lazy\" title=\"YouTube video player\" src=\"https:\/\/www.youtube.com\/embed\/mDiBTesuSNs\" width=\"560\" height=\"315\" frameborder=\"0\" allowfullscreen=\"allowfullscreen\"><span data-mce-type=\"bookmark\" class=\"mce_SELRES_start\">\ufeff<\/span><\/iframe><\/p>\n<p><iframe loading=\"lazy\" title=\"Video promoci\u00f3 Centre de formaci\u00f3 d&#039;adults Febr\/21\" width=\"500\" height=\"281\" src=\"https:\/\/www.youtube.com\/embed\/t4KJNBRusYA?feature=oembed\" frameborder=\"0\" allow=\"accelerometer; autoplay; clipboard-write; encrypted-media; gyroscope; picture-in-picture; web-share\" referrerpolicy=\"strict-origin-when-cross-origin\" allowfullscreen><\/iframe><\/p>\n<p><a href=\"https:\/\/agora.xtec.cat\/cfamollet\/wp-content\/uploads\/usu465\/2022\/07\/caracteristiques-dels-centres-dadults.png\"><img loading=\"lazy\" decoding=\"async\" class=\"alignnone wp-image-1737\" src=\"https:\/\/agora.xtec.cat\/cfamollet\/wp-content\/uploads\/usu465\/2022\/07\/caracteristiques-dels-centres-dadults-1024x542.png\" alt=\"\" width=\"685\" height=\"363\" srcset=\"https:\/\/agora.xtec.cat\/cfamollet\/wp-content\/uploads\/usu465\/2022\/07\/caracteristiques-dels-centres-dadults-1024x542.png 1024w, https:\/\/agora.xtec.cat\/cfamollet\/wp-content\/uploads\/usu465\/2022\/07\/caracteristiques-dels-centres-dadults-300x159.png 300w, https:\/\/agora.xtec.cat\/cfamollet\/wp-content\/uploads\/usu465\/2022\/07\/caracteristiques-dels-centres-dadults-768x407.png 768w, https:\/\/agora.xtec.cat\/cfamollet\/wp-content\/uploads\/usu465\/2022\/07\/caracteristiques-dels-centres-dadults.png 1063w\" sizes=\"auto, (max-width: 685px) 100vw, 685px\" \/><\/a><\/p>\n<p><a href=\"https:\/\/agora.xtec.cat\/cfamollet\/wp-content\/uploads\/usu465\/2022\/07\/formacio-al-llarg-de-la-vida.png\"><img loading=\"lazy\" decoding=\"async\" class=\"alignnone  wp-image-1738\" src=\"https:\/\/agora.xtec.cat\/cfamollet\/wp-content\/uploads\/usu465\/2022\/07\/formacio-al-llarg-de-la-vida-1024x549.png\" alt=\"\" width=\"739\" height=\"396\" srcset=\"https:\/\/agora.xtec.cat\/cfamollet\/wp-content\/uploads\/usu465\/2022\/07\/formacio-al-llarg-de-la-vida-1024x549.png 1024w, https:\/\/agora.xtec.cat\/cfamollet\/wp-content\/uploads\/usu465\/2022\/07\/formacio-al-llarg-de-la-vida-300x161.png 300w, https:\/\/agora.xtec.cat\/cfamollet\/wp-content\/uploads\/usu465\/2022\/07\/formacio-al-llarg-de-la-vida-768x412.png 768w, https:\/\/agora.xtec.cat\/cfamollet\/wp-content\/uploads\/usu465\/2022\/07\/formacio-al-llarg-de-la-vida.png 1032w\" sizes=\"auto, (max-width: 739px) 100vw, 739px\" \/><\/a><\/p>\n<p>&nbsp;<\/p>\n<p>&nbsp;<\/p>\n<p>&nbsp;<\/p>\n","protected":false},"excerpt":{"rendered":"<p>&nbsp;<br \/>\nEl Centre pertany a la xarxa d\u2019Escoles d\u2019Adults de la Generalitat de Catalunya.<a href=\"https:\/\/agora.xtec.cat\/cfamollet\/wp-content\/uploads\/usu465\/2019\/07\/ESCOLA-NOVA.jpg\"><\/a><br \/>\nEl CFA Mollet del Vall\u00e8s t\u00e9 una llarga experi\u00e8ncia en la formaci\u00f3 d\u2019Adults, pel centre passen cada any m\u00e9s de 600 persones interessades en la seva formaci\u00f3 i disposa d&#8217;uns recursos&hellip;  <a href=\"https:\/\/agora.xtec.cat\/cfamollet\/el-centre\/\" title=\"Read El Centre\">Llegeix m\u00e9s\u00bb<\/a><\/p>\n","protected":false},"author":1,"featured_media":0,"parent":0,"menu_order":0,"comment_status":"closed","ping_status":"closed","template":"page-templates\/side-menu.php","meta":{"_bbp_topic_count":0,"_bbp_reply_count":0,"_bbp_total_topic_count":0,"_bbp_total_reply_count":0,"_bbp_voice_count":0,"_bbp_anonymous_reply_count":0,"_bbp_topic_count_hidden":0,"_bbp_reply_count_hidden":0,"_bbp_forum_subforum_count":0,"footnotes":""},"class_list":["post-261","page","type-page","status-publish","hentry"],"post_mailing_queue_ids":[],"_links":{"self":[{"href":"https:\/\/agora.xtec.cat\/cfamollet\/wp-json\/wp\/v2\/pages\/261","targetHints":{"allow":["GET"]}}],"collection":[{"href":"https:\/\/agora.xtec.cat\/cfamollet\/wp-json\/wp\/v2\/pages"}],"about":[{"href":"https:\/\/agora.xtec.cat\/cfamollet\/wp-json\/wp\/v2\/types\/page"}],"author":[{"embeddable":true,"href":"https:\/\/agora.xtec.cat\/cfamollet\/wp-json\/wp\/v2\/users\/1"}],"replies":[{"embeddable":true,"href":"https:\/\/agora.xtec.cat\/cfamollet\/wp-json\/wp\/v2\/comments?post=261"}],"version-history":[{"count":4,"href":"https:\/\/agora.xtec.cat\/cfamollet\/wp-json\/wp\/v2\/pages\/261\/revisions"}],"predecessor-version":[{"id":1954,"href":"https:\/\/agora.xtec.cat\/cfamollet\/wp-json\/wp\/v2\/pages\/261\/revisions\/1954"}],"wp:attachment":[{"href":"https:\/\/agora.xtec.cat\/cfamollet\/wp-json\/wp\/v2\/media?parent=261"}],"curies":[{"name":"wp","href":"https:\/\/api.w.org\/{rel}","templated":true}]}}