{"id":1624,"date":"2022-07-15T10:58:01","date_gmt":"2022-07-15T08:58:01","guid":{"rendered":"https:\/\/agora.xtec.cat\/cfamollet\/?page_id=1624"},"modified":"2023-10-04T11:38:24","modified_gmt":"2023-10-04T09:38:24","slug":"horari-datencio","status":"publish","type":"page","link":"https:\/\/agora.xtec.cat\/cfamollet\/horari-datencio\/","title":{"rendered":"Horari d&#8217;atenci\u00f3"},"content":{"rendered":"<p><a href=\"https:\/\/agora.xtec.cat\/cfamollet\/wp-content\/uploads\/usu465\/2023\/10\/Captura-de-pantalla-2023-10-04-113617.png\"><img loading=\"lazy\" decoding=\"async\" class=\"alignnone  wp-image-2823\" src=\"https:\/\/agora.xtec.cat\/cfamollet\/wp-content\/uploads\/usu465\/2023\/10\/Captura-de-pantalla-2023-10-04-113617-1024x717.png\" alt=\"\" width=\"548\" height=\"384\" srcset=\"https:\/\/agora.xtec.cat\/cfamollet\/wp-content\/uploads\/usu465\/2023\/10\/Captura-de-pantalla-2023-10-04-113617-1024x717.png 1024w, https:\/\/agora.xtec.cat\/cfamollet\/wp-content\/uploads\/usu465\/2023\/10\/Captura-de-pantalla-2023-10-04-113617-300x210.png 300w, https:\/\/agora.xtec.cat\/cfamollet\/wp-content\/uploads\/usu465\/2023\/10\/Captura-de-pantalla-2023-10-04-113617-768x537.png 768w, https:\/\/agora.xtec.cat\/cfamollet\/wp-content\/uploads\/usu465\/2023\/10\/Captura-de-pantalla-2023-10-04-113617.png 1039w\" sizes=\"auto, (max-width: 548px) 100vw, 548px\" \/><\/a><br \/>\n<img decoding=\"async\" class=\"alignright\" src=\"https:\/\/encrypted-tbn0.gstatic.com\/images?q=tbn:ANd9GcQe_q0vEedxz-hebfIkrU4abBtq9H7q1ky75A&amp;usqp=CAU\" alt=\"Oficines obertes | BBVA Espanya\" \/><\/p>\n<p><strong>IMPORTANT:<\/strong> Els horaris d\u2019atenci\u00f3 en per\u00edode de preinscripci\u00f3 i matr\u00edcula cal consultar-los en l\u2019apartat corresponent.<\/p>\n","protected":false},"excerpt":{"rendered":"<p><a href=\"https:\/\/agora.xtec.cat\/cfamollet\/wp-content\/uploads\/usu465\/2023\/10\/Captura-de-pantalla-2023-10-04-113617.png\"><\/a><\/p>\n<p>IMPORTANT: Els horaris d\u2019atenci\u00f3 en per\u00edode de preinscripci\u00f3 i matr\u00edcula cal consultar-los en l\u2019apartat corresponent.<\/p>\n","protected":false},"author":1,"featured_media":0,"parent":0,"menu_order":0,"comment_status":"closed","ping_status":"closed","template":"","meta":{"_bbp_topic_count":0,"_bbp_reply_count":0,"_bbp_total_topic_count":0,"_bbp_total_reply_count":0,"_bbp_voice_count":0,"_bbp_anonymous_reply_count":0,"_bbp_topic_count_hidden":0,"_bbp_reply_count_hidden":0,"_bbp_forum_subforum_count":0,"footnotes":""},"class_list":["post-1624","page","type-page","status-publish","hentry"],"post_mailing_queue_ids":[],"_links":{"self":[{"href":"https:\/\/agora.xtec.cat\/cfamollet\/wp-json\/wp\/v2\/pages\/1624","targetHints":{"allow":["GET"]}}],"collection":[{"href":"https:\/\/agora.xtec.cat\/cfamollet\/wp-json\/wp\/v2\/pages"}],"about":[{"href":"https:\/\/agora.xtec.cat\/cfamollet\/wp-json\/wp\/v2\/types\/page"}],"author":[{"embeddable":true,"href":"https:\/\/agora.xtec.cat\/cfamollet\/wp-json\/wp\/v2\/users\/1"}],"replies":[{"embeddable":true,"href":"https:\/\/agora.xtec.cat\/cfamollet\/wp-json\/wp\/v2\/comments?post=1624"}],"version-history":[{"count":5,"href":"https:\/\/agora.xtec.cat\/cfamollet\/wp-json\/wp\/v2\/pages\/1624\/revisions"}],"predecessor-version":[{"id":2824,"href":"https:\/\/agora.xtec.cat\/cfamollet\/wp-json\/wp\/v2\/pages\/1624\/revisions\/2824"}],"wp:attachment":[{"href":"https:\/\/agora.xtec.cat\/cfamollet\/wp-json\/wp\/v2\/media?parent=1624"}],"curies":[{"name":"wp","href":"https:\/\/api.w.org\/{rel}","templated":true}]}}