{"id":1621,"date":"2022-07-15T10:58:00","date_gmt":"2022-07-15T08:58:00","guid":{"rendered":"https:\/\/agora.xtec.cat\/cfamollet\/?page_id=1621"},"modified":"2025-06-18T14:46:42","modified_gmt":"2025-06-18T12:46:42","slug":"admisio","status":"publish","type":"page","link":"https:\/\/agora.xtec.cat\/cfamollet\/serveis\/admisio\/","title":{"rendered":"Admissi\u00f3"},"content":{"rendered":"<p>El proc\u00e9s de preinscripci\u00f3 i matr\u00edcula consta de les seg\u00fcents fases:<\/p>\n<table style=\"border-collapse: collapse; width: 100%;\">\n<tbody>\n<tr>\n<td style=\"width: 15.9086%;\"><img loading=\"lazy\" decoding=\"async\" class=\"attachment-full wp-image-600\" src=\"https:\/\/www.comparapps.com\/wp-content\/uploads\/2019\/08\/Como-Crear-Una-Pagina-Web.jpg\" sizes=\"auto, (max-width: 700px) 100vw, 700px\" srcset=\"https:\/\/www.comparapps.com\/wp-content\/uploads\/2019\/08\/Como-Crear-Una-Pagina-Web.jpg 700w, https:\/\/www.comparapps.com\/wp-content\/uploads\/2019\/08\/Como-Crear-Una-Pagina-Web-599x342.jpg 599w, https:\/\/www.comparapps.com\/wp-content\/uploads\/2019\/08\/Como-Crear-Una-Pagina-Web-300x171.jpg 300w, https:\/\/www.comparapps.com\/wp-content\/uploads\/2019\/08\/Como-Crear-Una-Pagina-Web-20x11.jpg 20w\" alt=\"creadores de p\u00e1ginas web\" width=\"166\" height=\"94\" \/><\/td>\n<td style=\"width: 84.0914%;\">\n<ol>\n<li>\n<h5>Sol\u00b7licitar la preinscripci\u00f3 en el termini establert: del 19 al 27 de juny.<\/h5>\n<\/li>\n<li>\n<h5><strong>Comprovar si heu estat admessos definitivament, consultant la nostra web,\u00a0 a partir del 17 de juliol.<br \/>\n<\/strong><\/h5>\n<\/li>\n<li>\n<h5>Formalitzar la matr\u00edcula en el termini establert: del 2 al 9 de setembre.<\/h5>\n<\/li>\n<\/ol>\n<\/td>\n<\/tr>\n<\/tbody>\n<\/table>\n<p>Si no heu tramitat la preinscripci\u00f3, al setembre es pot formalitzar la matr\u00edcula, sempre i quan restin places dels ensenyaments sol\u00b7licitats.<\/p>\n","protected":false},"excerpt":{"rendered":"<p>El proc\u00e9s de preinscripci\u00f3 i matr\u00edcula consta de les seg\u00fcents fases:<\/p>\n<ol>\n<li>\nSol\u00b7licitar la preinscripci\u00f3 en el termini establert: del 19 al 27 de juny.\n<\/li>\n<li>\nComprovar si heu estat admessos definitivament, consultant la nostra web,\u00a0 a partir del 17 de juliol.<\/p>\n<\/li>\n<li>\nFormalitzar la matr\u00edcula en el termini establert: del&hellip;  <a href=\"https:\/\/agora.xtec.cat\/cfamollet\/serveis\/admisio\/\" title=\"Read Admissi\u00f3\">Llegeix m\u00e9s\u00bb<\/a><\/p>\n","protected":false},"author":1,"featured_media":0,"parent":63,"menu_order":0,"comment_status":"closed","ping_status":"closed","template":"","meta":{"_bbp_topic_count":0,"_bbp_reply_count":0,"_bbp_total_topic_count":0,"_bbp_total_reply_count":0,"_bbp_voice_count":0,"_bbp_anonymous_reply_count":0,"_bbp_topic_count_hidden":0,"_bbp_reply_count_hidden":0,"_bbp_forum_subforum_count":0,"footnotes":""},"class_list":["post-1621","page","type-page","status-publish","hentry"],"post_mailing_queue_ids":[],"_links":{"self":[{"href":"https:\/\/agora.xtec.cat\/cfamollet\/wp-json\/wp\/v2\/pages\/1621","targetHints":{"allow":["GET"]}}],"collection":[{"href":"https:\/\/agora.xtec.cat\/cfamollet\/wp-json\/wp\/v2\/pages"}],"about":[{"href":"https:\/\/agora.xtec.cat\/cfamollet\/wp-json\/wp\/v2\/types\/page"}],"author":[{"embeddable":true,"href":"https:\/\/agora.xtec.cat\/cfamollet\/wp-json\/wp\/v2\/users\/1"}],"replies":[{"embeddable":true,"href":"https:\/\/agora.xtec.cat\/cfamollet\/wp-json\/wp\/v2\/comments?post=1621"}],"version-history":[{"count":6,"href":"https:\/\/agora.xtec.cat\/cfamollet\/wp-json\/wp\/v2\/pages\/1621\/revisions"}],"predecessor-version":[{"id":3784,"href":"https:\/\/agora.xtec.cat\/cfamollet\/wp-json\/wp\/v2\/pages\/1621\/revisions\/3784"}],"up":[{"embeddable":true,"href":"https:\/\/agora.xtec.cat\/cfamollet\/wp-json\/wp\/v2\/pages\/63"}],"wp:attachment":[{"href":"https:\/\/agora.xtec.cat\/cfamollet\/wp-json\/wp\/v2\/media?parent=1621"}],"curies":[{"name":"wp","href":"https:\/\/api.w.org\/{rel}","templated":true}]}}