{"id":1545,"date":"2022-07-13T23:14:09","date_gmt":"2022-07-13T21:14:09","guid":{"rendered":"https:\/\/agora.xtec.cat\/cfamollet\/?page_id=1545"},"modified":"2023-09-06T12:50:35","modified_gmt":"2023-09-06T10:50:35","slug":"vivencies","status":"publish","type":"page","link":"https:\/\/agora.xtec.cat\/cfamollet\/vivencies\/","title":{"rendered":"Viv\u00e8ncies"},"content":{"rendered":"<p>En aquest espai trobareu les experi\u00e8ncies i viv\u00e8ncies del dia a dia a l&#8217;escola&#8230;<\/p>\n<blockquote class=\"wp-embedded-content\" data-secret=\"CIyHEieSv6\"><p><a href=\"https:\/\/agora.xtec.cat\/cfamollet\/general\/video-les-nostres-vicencies-22-23\/\">V\u00eddeo Les nostres Viv\u00e8ncies 22-23<\/a><\/p><\/blockquote>\n<p><iframe loading=\"lazy\" class=\"wp-embedded-content\" sandbox=\"allow-scripts\" security=\"restricted\" style=\"position: absolute; clip: rect(1px, 1px, 1px, 1px);\" title=\"&#8220;V\u00eddeo Les nostres Viv\u00e8ncies 22-23&#8221; &#8212; CFA Mollet del Vall\u00e8s\" src=\"https:\/\/agora.xtec.cat\/cfamollet\/general\/video-les-nostres-vicencies-22-23\/embed\/#?secret=9iPocUTVEf#?secret=CIyHEieSv6\" data-secret=\"CIyHEieSv6\" width=\"500\" height=\"282\" frameborder=\"0\" marginwidth=\"0\" marginheight=\"0\" scrolling=\"no\"><\/iframe><\/p>\n<p><strong>La revista <em>VIV\u00c8NCIES<\/em><\/strong> ha estat creada conjuntament entre alumnat i professorat, en ella es recullen totes les activitats que celebrem al centre durant el curs; dia de la dona, Sant Jordi, la Marat\u00f3, xerrades a la nostra biblioteca, sortides, celebracions, visites a museus&#8230;<\/p>\n<table style=\"border-collapse: collapse; width: 61.0045%; height: 775px;\">\n<tbody>\n<tr>\n<td style=\"width: 100%;\"><a href=\"https:\/\/issuu.com\/inescastill\/docs\/pdfjoiner_2_\"><img loading=\"lazy\" decoding=\"async\" class=\"wp-image-1757 aligncenter\" src=\"https:\/\/agora.xtec.cat\/cfamollet\/wp-content\/uploads\/usu465\/2022\/08\/vivencies-22.png\" alt=\"\" width=\"510\" height=\"730\" srcset=\"https:\/\/agora.xtec.cat\/cfamollet\/wp-content\/uploads\/usu465\/2022\/08\/vivencies-22.png 381w, https:\/\/agora.xtec.cat\/cfamollet\/wp-content\/uploads\/usu465\/2022\/08\/vivencies-22-210x300.png 210w\" sizes=\"auto, (max-width: 510px) 100vw, 510px\" \/><\/a><\/td>\n<\/tr>\n<\/tbody>\n<\/table>\n<p>&nbsp;<\/p>\n<table style=\"border-collapse: collapse; width: 100%;\">\n<tbody>\n<tr>\n<td style=\"width: 50%;\"><a href=\"https:\/\/drive.google.com\/file\/d\/1rTgTkXLj8e2cgXqYnpWAPAddeUt5oZnS\/view?usp=sharing\" target=\"_blank\" rel=\"noopener\"><img loading=\"lazy\" decoding=\"async\" class=\"aligncenter size-full wp-image-1550\" src=\"https:\/\/agora.xtec.cat\/cfamollet\/wp-content\/uploads\/usu465\/2022\/07\/Portada-21.png\" alt=\"\" width=\"565\" height=\"805\" srcset=\"https:\/\/agora.xtec.cat\/cfamollet\/wp-content\/uploads\/usu465\/2022\/07\/Portada-21.png 565w, https:\/\/agora.xtec.cat\/cfamollet\/wp-content\/uploads\/usu465\/2022\/07\/Portada-21-211x300.png 211w\" sizes=\"auto, (max-width: 565px) 100vw, 565px\" \/><\/a><\/td>\n<td style=\"width: 50%;\"><a href=\"https:\/\/agora.xtec.cat\/cfamollet\/wp-content\/uploads\/usu465\/2020\/07\/Portada-revista.png\"><img loading=\"lazy\" decoding=\"async\" class=\"aligncenter wp-image-1223\" src=\"https:\/\/agora.xtec.cat\/cfamollet\/wp-content\/uploads\/usu465\/2020\/07\/Portada-revista.png\" alt=\"\" width=\"553\" height=\"780\" srcset=\"https:\/\/agora.xtec.cat\/cfamollet\/wp-content\/uploads\/usu465\/2020\/07\/Portada-revista.png 399w, https:\/\/agora.xtec.cat\/cfamollet\/wp-content\/uploads\/usu465\/2020\/07\/Portada-revista-213x300.png 213w\" sizes=\"auto, (max-width: 553px) 100vw, 553px\" \/><\/a><\/td>\n<\/tr>\n<\/tbody>\n<\/table>\n<p>&nbsp;<\/p>\n<p>&nbsp;<\/p>\n<p><strong>\u00a0ALTRES V\u00cdDEOS\u00a0<\/strong><\/p>\n<p><iframe loading=\"lazy\" title=\"Endevina-la! 2021-22.  El concurs que posar\u00e0 les escoles de persones adultes en boca de tothom.\" width=\"500\" height=\"281\" src=\"https:\/\/www.youtube.com\/embed\/7EiKb02vVDM?feature=oembed\" frameborder=\"0\" allow=\"accelerometer; autoplay; clipboard-write; encrypted-media; gyroscope; picture-in-picture; web-share\" referrerpolicy=\"strict-origin-when-cross-origin\" allowfullscreen><\/iframe><\/p>\n<p>&nbsp;<\/p>\n<p><iframe loading=\"lazy\" title=\"CFA MOLLET DEL VALL\u00c8S, VIDEO TESTIMONIAL\" width=\"500\" height=\"281\" src=\"https:\/\/www.youtube.com\/embed\/mDiBTesuSNs?feature=oembed\" frameborder=\"0\" allow=\"accelerometer; autoplay; clipboard-write; encrypted-media; gyroscope; picture-in-picture; web-share\" referrerpolicy=\"strict-origin-when-cross-origin\" allowfullscreen><\/iframe><\/p>\n<p>&nbsp;<\/p>\n<p>&nbsp;<\/p>\n<p>&nbsp;<\/p>\n","protected":false},"excerpt":{"rendered":"<p>En aquest espai trobareu les experi\u00e8ncies i viv\u00e8ncies del dia a dia a l&#8217;escola&#8230;<br \/>\n<a href=\"https:\/\/agora.xtec.cat\/cfamollet\/general\/video-les-nostres-vicencies-22-23\/\">V\u00eddeo Les nostres Viv\u00e8ncies 22-23<\/a><\/p>\n<p>La revista VIV\u00c8NCIES ha estat creada conjuntament entre alumnat i professorat, en ella es recullen totes les activitats que celebrem al centre durant el curs; dia de&hellip;  <a href=\"https:\/\/agora.xtec.cat\/cfamollet\/vivencies\/\" title=\"Read Viv\u00e8ncies\">Llegeix m\u00e9s\u00bb<\/a><\/p>\n","protected":false},"author":1,"featured_media":0,"parent":0,"menu_order":0,"comment_status":"closed","ping_status":"closed","template":"","meta":{"_bbp_topic_count":0,"_bbp_reply_count":0,"_bbp_total_topic_count":0,"_bbp_total_reply_count":0,"_bbp_voice_count":0,"_bbp_anonymous_reply_count":0,"_bbp_topic_count_hidden":0,"_bbp_reply_count_hidden":0,"_bbp_forum_subforum_count":0,"footnotes":""},"class_list":["post-1545","page","type-page","status-publish","hentry"],"post_mailing_queue_ids":[],"_links":{"self":[{"href":"https:\/\/agora.xtec.cat\/cfamollet\/wp-json\/wp\/v2\/pages\/1545","targetHints":{"allow":["GET"]}}],"collection":[{"href":"https:\/\/agora.xtec.cat\/cfamollet\/wp-json\/wp\/v2\/pages"}],"about":[{"href":"https:\/\/agora.xtec.cat\/cfamollet\/wp-json\/wp\/v2\/types\/page"}],"author":[{"embeddable":true,"href":"https:\/\/agora.xtec.cat\/cfamollet\/wp-json\/wp\/v2\/users\/1"}],"replies":[{"embeddable":true,"href":"https:\/\/agora.xtec.cat\/cfamollet\/wp-json\/wp\/v2\/comments?post=1545"}],"version-history":[{"count":5,"href":"https:\/\/agora.xtec.cat\/cfamollet\/wp-json\/wp\/v2\/pages\/1545\/revisions"}],"predecessor-version":[{"id":2743,"href":"https:\/\/agora.xtec.cat\/cfamollet\/wp-json\/wp\/v2\/pages\/1545\/revisions\/2743"}],"wp:attachment":[{"href":"https:\/\/agora.xtec.cat\/cfamollet\/wp-json\/wp\/v2\/media?parent=1545"}],"curies":[{"name":"wp","href":"https:\/\/api.w.org\/{rel}","templated":true}]}}