{"id":1425,"date":"2022-06-12T23:11:49","date_gmt":"2022-06-12T21:11:49","guid":{"rendered":"https:\/\/agora.xtec.cat\/cfamollet\/?page_id=1425"},"modified":"2025-09-04T16:26:34","modified_gmt":"2025-09-04T14:26:34","slug":"preinscripcio-i-matricula-curs-2022-23","status":"publish","type":"page","link":"https:\/\/agora.xtec.cat\/cfamollet\/serveis\/preinscripcio-i-matricula-curs-2022-23\/","title":{"rendered":"Preinscripci\u00f3"},"content":{"rendered":"<p>&nbsp;<\/p>\n<p>Sol\u00b7licitar la preinscripci\u00f3 en el termini establert: <strong>del 19 al 27 de juny.<\/strong><\/p>\n<p><strong>Informaci\u00f3 general<\/strong><\/p>\n<table style=\"border-collapse: collapse; width: 100%;\">\n<tbody>\n<tr>\n<td style=\"width: 19.5272%;\"><img loading=\"lazy\" decoding=\"async\" class=\"\" src=\"https:\/\/iessalmedina.es\/wp-content\/uploads\/2021\/06\/190308_admision-fp.jpg\" alt=\"Admisi\u00f3n Grado Medio y FP B\u00e1sica \u2013 Web oficial I.E.S Salmedina\" width=\"183\" height=\"130\" \/><\/td>\n<td style=\"width: 80.4728%;\">Les persones que volen accedir a un centre o una aula de formaci\u00f3 d\u2019adults han de presentar la sol\u00b7licitud de preinscripci\u00f3.<\/td>\n<\/tr>\n<\/tbody>\n<\/table>\n<p><strong>Requisits d\u2019acc\u00e9s<\/strong><\/p>\n<table style=\"border-collapse: collapse; width: 100%;\">\n<tbody>\n<tr>\n<td style=\"width: 100%;\">Amb car\u00e0cter general poden accedir a aquests ensenyaments les persones que han complert <strong>els 18 anys o b\u00e9 els compleixen durant l\u2019any natural en qu\u00e8 inicien la formaci\u00f3.<\/strong><\/p>\n<p>Tamb\u00e9 hi poden accedir les persones que compleixen com a m\u00ednim 16 anys l\u2019any natural en qu\u00e8 inicien la formaci\u00f3 i es troben en alguna de les situacions seg\u00fcents:<\/p>\n<ul>\n<li>\u00a0 tenir un contracte laboral que els impedeix assistir als centres educatius en r\u00e8gim ordinari<\/li>\n<li>\u00a0 ser esportista d\u2019alt rendiment.<\/li>\n<li style=\"list-style-type: none;\"><\/li>\n<\/ul>\n<p>Excepcionalment, el director o directora dels serveis territorials corresponents o la gerent del Consorci d\u2019Educaci\u00f3 de Barcelona poden autoritzar la incorporaci\u00f3 d\u2019alumnes que no compleixin els requisits anteriors, previ informe de la Inspecci\u00f3 d\u2019Educaci\u00f3.<\/td>\n<\/tr>\n<\/tbody>\n<\/table>\n<p>&nbsp;<\/p>\n<p><b>No<\/b><b>m\u00e9s s\u2019ha de presentar una \u00fanica sol\u00b7licitud en un centre. Es poden demanar altres centres com a segona o tercera opci\u00f3.<\/b><\/p>\n<h4>DOCUMENTACI\u00d3 per a formalitzar la preinscripci\u00f3:<\/h4>\n<table style=\"border-collapse: collapse; width: 100%;\">\n<tbody>\n<tr>\n<td style=\"width: 19.4396%;\"><img loading=\"lazy\" decoding=\"async\" class=\"\" src=\"https:\/\/us.123rf.com\/450wm\/magurok\/magurok1511\/magurok151100027\/48482407-solicitud-de-empleo-aprobado-la-mano-sostiene-la-solicitud-de-empleo-con-el-sello-de-aprobaci%C3%B3n.jpg\" alt=\"Solicitud De Empleo Aprobado. La Mano Sostiene La Solicitud De Empleo Con El Sello De Aprobaci\u00f3n Sobre El Mismo. Ilustraci\u00f3n Vectorial Flat Ilustraciones Svg, Vectoriales, Clip Art Vectorizado Libre De Derechos. Image\" width=\"168\" height=\"168\" \/><\/td>\n<td style=\"width: 80.5604%;\">\n<h4>Instrumentals, Catal\u00e0, Castell\u00e0, Angl\u00e8s i Competic:<\/h4>\n<ul>\n<li>\u00a0 \u00a0 \u00a0 Original i c\u00f2pia del DNI, NIE o passaport de l&#8217;alumne\/a.<\/li>\n<li>\u00a0\u00a0\u00a0\u00a0\u00a0 Una fotografia mida carnet.<\/li>\n<\/ul>\n<h4>GES (Secund\u00e0ria) i Proves Acc\u00e9s Universitat i Grau Superior:<\/h4>\n<ul>\n<li>\u00a0 \u00a0 \u00a0 Original i c\u00f2pia del DNI, NIE o passaport de l&#8217;alumne\/a.<\/li>\n<li>\u00a0 \u00a0 \u00a0 Expedient Acad\u00e8mic.<\/li>\n<li>\u00a0\u00a0\u00a0\u00a0\u00a0 Una fotografia mida carnet.<\/li>\n<\/ul>\n<h4>Si l&#8217;alumne \u00e9s menor d&#8217;edat:<\/h4>\n<ul>\n<li style=\"list-style-type: none;\">\n<ul>\n<li>\u00a0 \u00a0 \u00a0 Original i c\u00f2pia del DNI, NIE o passaport de l&#8217;alumne\/a.<\/li>\n<li>\u00a0 \u00a0 \u00a0 Original i c\u00f2pia del DNI, NIE o passaport de la mare, pare o tutor\/a.<\/li>\n<li>\u00a0 \u00a0 \u00a0 Llibre de fam\u00edlia.<\/li>\n<li>\u00a0\u00a0\u00a0\u00a0\u00a0 Una fotografia mida carnet.<\/li>\n<\/ul>\n<\/li>\n<\/ul>\n<\/td>\n<\/tr>\n<\/tbody>\n<\/table>\n<p>&nbsp;<\/p>\n<p><strong>ACOLLIDA I ORIENTACI\u00d3<a href=\"https:\/\/agora.xtec.cat\/cfamollet\/wp-content\/uploads\/usu465\/2022\/07\/tutoria-i-acollida.png\"><img loading=\"lazy\" decoding=\"async\" class=\"wp-image-1652 alignright\" src=\"https:\/\/agora.xtec.cat\/cfamollet\/wp-content\/uploads\/usu465\/2022\/07\/tutoria-i-acollida.png\" alt=\"\" width=\"259\" height=\"263\" srcset=\"https:\/\/agora.xtec.cat\/cfamollet\/wp-content\/uploads\/usu465\/2022\/07\/tutoria-i-acollida.png 302w, https:\/\/agora.xtec.cat\/cfamollet\/wp-content\/uploads\/usu465\/2022\/07\/tutoria-i-acollida-295x300.png 295w\" sizes=\"auto, (max-width: 259px) 100vw, 259px\" \/><\/a><\/strong><\/p>\n<p>En tots els casos, l&#8217;alumnat ser\u00e0 acollit mitjan\u00e7ant una entrevista personal,\u00a0 l\u2019acollida l\u2019entenem com el conjunt d\u2019accions educatives que ajuden i guien l\u2019alumnat en el moment inicial en el seu proc\u00e9s formatiu (personal i social, acad\u00e8mic i professional) cap a la seva autonomia en la presa de decisions. \u00c9s un element clau per assolir una bona orientaci\u00f3,\u00a0 at\u00e8s que d\u00f3na suport a l&#8217;alumnat\u00a0 durant el proc\u00e9s de presa de decisions, alhora que contribueix a la construcci\u00f3 del seu projecte de vida.<\/p>\n<p>&nbsp;<\/p>\n<p>&nbsp;<\/p>\n<p>&nbsp;<\/p>\n<p><strong>RESERVA CITA (Nom\u00e9s per a proves d&#8217;acc\u00e9s)<\/strong><\/p>\n<table style=\"border-collapse: collapse; width: 80.9226%; height: 150px;\">\n<tbody>\n<tr>\n<td style=\"width: 16.6888%;\"><img loading=\"lazy\" decoding=\"async\" class=\"\" src=\"https:\/\/img.freepik.com\/vector-gratis\/reserva-cita-mujer-comprobando-smartphone_23-2148558795.jpg?w=2000\" alt=\"Reserva de cita con mujer comprobando smartphone | Vector Gratis\" width=\"150\" height=\"150\" \/><\/td>\n<td style=\"width: 83.3112%;\">\n<h4>Cal <strong style=\"font-family: inherit; font-size: 0.875em;\">re<\/strong><strong style=\"font-family: inherit; font-size: 0.875em;\">servar hora nom\u00e9s<\/strong><span style=\"font-family: inherit; font-size: 0.875em;\"> per als ensenyaments de <\/span><strong style=\"font-family: inherit; font-size: 0.875em;\">PROVES ACC\u00c9S<\/strong><span style=\"font-family: inherit; font-size: 0.875em;\"> UNIVERSITAT +25\u00a0 i +45 i GRAU SUPERIOR entrant <\/span>aqu\u00ed<\/h4>\n<p><strong>\u00a0<\/strong><\/td>\n<\/tr>\n<\/tbody>\n<\/table>\n<p>Per a a resta d&#8217;ensenyaments\u00a0 us podeu adre\u00e7ar al centre en l&#8217;horari que teniu a continuaci\u00f3.<\/p>\n<p><strong>HORARIS ATENCI\u00d3 AL P\u00daBLIC<\/strong><\/p>\n<p>&nbsp;<\/p>\n<table style=\"width: 41.0433%;\">\n<tbody>\n<tr>\n<td style=\"width: 23.6364%;\">\n<h5><strong>JUNY<\/strong><\/h5>\n<\/td>\n<td style=\"width: 16.7273%;\"><\/td>\n<td style=\"width: 18.7273%;\"><\/td>\n<td style=\"width: 22.4165%;\"><b>Dijous 19<\/b><\/td>\n<td style=\"width: 37.3831%;\"><b>Divendres 20<\/b><\/td>\n<\/tr>\n<tr>\n<td style=\"width: 23.6364%;\"><img loading=\"lazy\" decoding=\"async\" class=\"\" src=\"https:\/\/encrypted-tbn0.gstatic.com\/images?q=tbn:ANd9GcTKqpalYcRLVB0f6-LPTKkzf6F-GtgTtDYitg&amp;usqp=CAU\" alt=\"Horaris - Escola Pia de Caldes\" width=\"109\" height=\"109\" \/><\/td>\n<td style=\"width: 16.7273%;\"><\/td>\n<td style=\"width: 18.7273%;\"><\/td>\n<td style=\"width: 22.4165%;\">Tarda:<\/p>\n<p>de 17h a 20h<\/td>\n<td style=\"width: 37.3831%;\">Mat\u00ed:<\/p>\n<p>de 10h a 13h<\/td>\n<\/tr>\n<tr>\n<td style=\"width: 23.6364%;\"><b>Dilluns 23<\/b><\/td>\n<td style=\"width: 16.7273%;\"><b>Dimarts 24<\/b><\/td>\n<td style=\"width: 18.7273%;\"><b>Dimecres 25<\/b><\/td>\n<td style=\"width: 22.4165%;\"><b>Dijous 26<\/b><\/td>\n<td style=\"width: 37.3831%;\"><b>Divendres 27<\/b><\/td>\n<\/tr>\n<tr>\n<td style=\"width: 23.6364%;\">Mat\u00ed:<\/p>\n<p>de 10h a 13h<\/td>\n<td style=\"width: 16.7273%;\">FESTIU<\/td>\n<td style=\"width: 18.7273%;\">Tarda:<\/p>\n<p>de 17h a 20h<\/td>\n<td style=\"width: 22.4165%;\">Tarda:<\/p>\n<p>de 17h a 20h<\/td>\n<td style=\"width: 37.3831%;\">Mat\u00ed:<\/p>\n<p>de 10h a 11h<\/td>\n<\/tr>\n<\/tbody>\n<\/table>\n<p><iframe loading=\"lazy\" title=\"MASTER FORMACIO ADULTS PREINSCRIPCIO 40 V2\" src=\"https:\/\/player.vimeo.com\/video\/826138797?h=60ed3a8351&amp;dnt=1&amp;app_id=122963\" width=\"500\" height=\"281\" frameborder=\"0\" allow=\"autoplay; fullscreen; picture-in-picture; clipboard-write; encrypted-media; web-share\" referrerpolicy=\"strict-origin-when-cross-origin\"><\/iframe><\/p>\n<p>&nbsp;<\/p>\n","protected":false},"excerpt":{"rendered":"<p>&nbsp;<br \/>\nSol\u00b7licitar la preinscripci\u00f3 en el termini establert: del 19 al 27 de juny.<br \/>\nInformaci\u00f3 general<\/p>\n<p>Les persones que volen accedir a un centre o una aula de formaci\u00f3 d\u2019adults han de presentar la sol\u00b7licitud de preinscripci\u00f3.<\/p>\n<p>Requisits d\u2019acc\u00e9s<\/p>\n<p>Amb car\u00e0cter general poden accedir a aquests ensenyaments les persones que&hellip;  <a href=\"https:\/\/agora.xtec.cat\/cfamollet\/serveis\/preinscripcio-i-matricula-curs-2022-23\/\" title=\"Read Preinscripci\u00f3\">Llegeix m\u00e9s\u00bb<\/a><\/p>\n","protected":false},"author":1,"featured_media":0,"parent":63,"menu_order":0,"comment_status":"closed","ping_status":"closed","template":"","meta":{"_bbp_topic_count":0,"_bbp_reply_count":0,"_bbp_total_topic_count":0,"_bbp_total_reply_count":0,"_bbp_voice_count":0,"_bbp_anonymous_reply_count":0,"_bbp_topic_count_hidden":0,"_bbp_reply_count_hidden":0,"_bbp_forum_subforum_count":0,"footnotes":""},"class_list":["post-1425","page","type-page","status-publish","hentry"],"post_mailing_queue_ids":[],"_links":{"self":[{"href":"https:\/\/agora.xtec.cat\/cfamollet\/wp-json\/wp\/v2\/pages\/1425","targetHints":{"allow":["GET"]}}],"collection":[{"href":"https:\/\/agora.xtec.cat\/cfamollet\/wp-json\/wp\/v2\/pages"}],"about":[{"href":"https:\/\/agora.xtec.cat\/cfamollet\/wp-json\/wp\/v2\/types\/page"}],"author":[{"embeddable":true,"href":"https:\/\/agora.xtec.cat\/cfamollet\/wp-json\/wp\/v2\/users\/1"}],"replies":[{"embeddable":true,"href":"https:\/\/agora.xtec.cat\/cfamollet\/wp-json\/wp\/v2\/comments?post=1425"}],"version-history":[{"count":8,"href":"https:\/\/agora.xtec.cat\/cfamollet\/wp-json\/wp\/v2\/pages\/1425\/revisions"}],"predecessor-version":[{"id":3906,"href":"https:\/\/agora.xtec.cat\/cfamollet\/wp-json\/wp\/v2\/pages\/1425\/revisions\/3906"}],"up":[{"embeddable":true,"href":"https:\/\/agora.xtec.cat\/cfamollet\/wp-json\/wp\/v2\/pages\/63"}],"wp:attachment":[{"href":"https:\/\/agora.xtec.cat\/cfamollet\/wp-json\/wp\/v2\/media?parent=1425"}],"curies":[{"name":"wp","href":"https:\/\/api.w.org\/{rel}","templated":true}]}}