{"id":826,"date":"2019-04-16T20:34:53","date_gmt":"2019-04-16T18:34:53","guid":{"rendered":"http:\/\/agora.xtec.cat\/cfamollerussa\/?page_id=826"},"modified":"2024-12-26T18:27:14","modified_gmt":"2024-12-26T17:27:14","slug":"informacio-secretaria","status":"publish","type":"page","link":"https:\/\/agora.xtec.cat\/cfamollerussa\/informacio-secretaria\/","title":{"rendered":"Informaci\u00f3 secretaria"},"content":{"rendered":"<h2><span style=\"color: #ff00ff;\"><a href=\"https:\/\/agora.xtec.cat\/cfamollerussa\/informacio-secretaria\/\"><img loading=\"lazy\" decoding=\"async\" class=\"alignnone size-full wp-image-879\" src=\"https:\/\/agora.xtec.cat\/cfamollerussa\/wp-content\/uploads\/usu345\/2019\/08\/Sin-nombre.jpg\" alt=\"\" width=\"722\" height=\"175\" srcset=\"https:\/\/agora.xtec.cat\/cfamollerussa\/wp-content\/uploads\/usu345\/2019\/08\/Sin-nombre.jpg 722w, https:\/\/agora.xtec.cat\/cfamollerussa\/wp-content\/uploads\/usu345\/2019\/08\/Sin-nombre-300x73.jpg 300w\" sizes=\"auto, (max-width: 722px) 100vw, 722px\" \/><\/a><\/span><\/h2>\n<div>\n<div class=\"row\">\n<div class=\"basic_text_peq col-xs-12\">\n<p>&nbsp;<\/p>\n<table style=\"height: 128px; width: 100%; border-collapse: collapse; border-color: #eb09df;\">\n<tbody>\n<tr style=\"height: 32px;\">\n<td style=\"width: 50%; height: 32px;\">\n<pre><a href=\"https:\/\/agora.xtec.cat\/cfamollerussa\/preinscripcio\/\"><strong>PREINSCRIPCI\u00d3<\/strong><\/a><\/pre>\n<\/td>\n<td style=\"width: 50%; height: 32px;\">\n<pre><a href=\"https:\/\/agora.xtec.cat\/cfamollerussa\/matricula\/\"><strong>MATR\u00cdCULA<\/strong><\/a><\/pre>\n<\/td>\n<\/tr>\n<tr style=\"height: 32px;\">\n<td style=\"width: 50%; height: 32px;\">\n<pre><a href=\"https:\/\/agora.xtec.cat\/cfamollerussa\/expedicio-de-titols\/\"><strong>EXPEDICI\u00d3 DE T\u00cdTOLS<\/strong><\/a><\/pre>\n<\/td>\n<td style=\"width: 50%; height: 32px;\">\n<pre><a href=\"https:\/\/agora.xtec.cat\/cfamollerussa\/certificats\/\"><strong>CERTIFICATS<\/strong><\/a><\/pre>\n<\/td>\n<\/tr>\n<tr style=\"height: 32px;\">\n<td style=\"width: 50%; height: 32px;\">\n<pre><a href=\"https:\/\/agora.xtec.cat\/cfamollerussa\/proves-lliures-de-ges\/\"><strong>PROVES LLIURES DE GES<\/strong><\/a><\/pre>\n<\/td>\n<td style=\"width: 50%; height: 32px;\">\n<pre><a href=\"https:\/\/agora.xtec.cat\/cfamollerussa\/asseguranca-escolar\/\"><strong>ASSEGURAN\u00c7A ESCOLAR<\/strong><\/a><\/pre>\n<\/td>\n<\/tr>\n<tr style=\"height: 32px;\">\n<td style=\"width: 50%; height: 32px;\"><a href=\"https:\/\/agora.xtec.cat\/cfamollerussa\/acreditacio-del-nivell-c1-de-catala\/\"><strong>ACREDITACI\u00d3 DEL NIVELL C1 DE CATALA<\/strong><\/a><\/td>\n<td style=\"width: 50%; height: 32px;\"><a href=\"https:\/\/agora.xtec.cat\/cfamollerussa\/fer-pagaments\/\"><strong>FER PAGAMENTS<\/strong><\/a><\/td>\n<\/tr>\n<\/tbody>\n<\/table>\n<\/div>\n<div class=\"basic_text_peq col-xs-12\">\n<h5><\/h5>\n<h3><span style=\"color: #800000;\">IMPORTANT<\/span><\/h3>\n<h5><span style=\"color: #ff0000;\">Ja han sortit publicades les dates per a la inscripci\u00f3 a les proves lliures de GES<\/span>. <a href=\"https:\/\/agora.xtec.cat\/cfamollerussa\/proves-lliures-de-ges\/\">(M\u00e9s informaci\u00f3)<\/a><\/h5>\n<p><strong>Terminis d\u2019inscripci\u00f3<\/strong><\/p>\n<ul>\n<li>Primera convocat\u00f2ria: del 20 al 27 de gener de 2025<\/li>\n<li>Segona convocat\u00f2ria: del 22 al 29 de setembre de 2025<\/li>\n<\/ul>\n<\/div>\n<\/div>\n<h5 data-pm-slice=\"1 1 []\"><span style=\"color: #ff0000;\"><strong>A partir del setembre i una vegada comen\u00e7at el curs, la matr\u00edcula als nostres ensenyaments \u00e9s viva: una persona es podr\u00e0 matricular en aquells cursos amb places disponibles, sempre que el seu nivell sigui l\u2019adequat per seguir les classes amb normalitat.<\/strong><\/span><\/h5>\n<p>Tamb\u00e9 es pot sol\u00b7licitar pla\u00e7a en els cursos trimestrals o quadrimestrals, especialment en els casos de:<\/p>\n<ul>\n<li>GES \/ ESO<\/li>\n<li>COMPETIC 3<\/li>\n<\/ul>\n<p><strong>PER M\u00c9S INFORMACI\u00d3 PODEU POSAR-VOS EN CONTACTE AMB L\u2019ESCOLA<\/strong><\/p>\n<div class=\"row\">\n<div class=\"basic_text_peq col-xs-12\">\n<h5 class=\"basic_title col-sm-12 pd-10\"><span style=\"color: #800000; font-size: 1.6875em; font-weight: bold;\">HORARI PRESENCIAL D&#8217;ATENCI\u00d3 AL P\u00daBLIC<\/span><\/h5>\n<\/div>\n<table style=\"border-collapse: collapse; width: 82.1992%;\">\n<tbody>\n<tr>\n<td style=\"width: 7.6667%;\"><\/td>\n<td style=\"width: 14.9667%;\"><span style=\"color: #ff0000;\">Dilluns<\/span><\/td>\n<td style=\"width: 15.0667%;\"><span style=\"color: #ff0000;\">Dimarts<\/span><\/td>\n<td style=\"width: 14.9667%;\"><span style=\"color: #ff0000;\">Dimecres<\/span><\/td>\n<td style=\"width: 14.9667%;\"><span style=\"color: #ff0000;\">Dijous<\/span><\/td>\n<td style=\"width: 14.5667%;\"><span style=\"color: #ff0000;\">Divendres<\/span><\/td>\n<\/tr>\n<tr>\n<td style=\"width: 7.6667%;\"><span style=\"color: #ff0000;\">Mat\u00ed<\/span><\/td>\n<td style=\"width: 14.9667%;\">De 9:00 a 13:00 h<\/td>\n<td style=\"width: 15.0667%;\">De 9:00 a 13:00 h<\/td>\n<td style=\"width: 14.9667%;\">De 9:00 a 13:00 h<\/td>\n<td style=\"width: 14.9667%;\">De 9:00 a 13:00 h<\/td>\n<td style=\"width: 14.5667%;\">De 9:00 a 13:00 h<\/td>\n<\/tr>\n<tr>\n<td style=\"width: 7.6667%;\"><span style=\"color: #ff0000;\">Tarda<\/span><\/td>\n<td style=\"width: 14.9667%;\">De 15:00 a 17:30 h<\/td>\n<td style=\"width: 15.0667%;\">De 15:00 a 17:30 h<\/td>\n<td style=\"width: 14.9667%;\">De 15:00 a 17:30 h<\/td>\n<td style=\"width: 14.9667%;\">De 15:00 a 17:30 h<\/td>\n<td style=\"width: 14.5667%;\"><\/td>\n<\/tr>\n<\/tbody>\n<\/table>\n<\/div>\n<\/div>\n<div>\n<div class=\"row\">\n<div class=\"col-xs-12 columna_esquerra\">\n<div class=\"cos_bloc basic_text_peq pd-15\">\n<p>&nbsp;<\/p>\n<\/div>\n<p><span style=\"color: #800000; font-size: 1.6875em; font-weight: bold;\">INFORMACIONS D&#8217;INTER\u00c8S:<\/span><\/p>\n<div class=\"pd-15x\">\n<div class=\"col-xs-12 columna_esquerra\">\n<div class=\"cos_bloc basic_text_peq pd-15\">\n<ul>\n<li><a href=\"https:\/\/triaeducativa.gencat.cat\/ca\/inici\/\">Tria educativa<\/a><\/li>\n<li><a href=\"https:\/\/triaeducativa.gencat.cat\/ca\/al-llarg-vida\/\">Estudiar a Catalunya (Educaci\u00f3 Adults)<\/a><\/li>\n<li><a href=\"https:\/\/preinscripcio.gencat.cat\/ca\/estudis\/educacio-adults\/inici\/\">Calendari de preinscripci\u00f3 i matr\u00edcula<\/a><\/li>\n<li><a href=\"https:\/\/educacio.gencat.cat\/ca\/inici\/index.html\">Departament educaci\u00f3<\/a><\/li>\n<\/ul>\n<h1><a href=\"https:\/\/agora.xtec.cat\/cfamollerussa\/wp-content\/uploads\/usu345\/2021\/09\/Captura.jpg\"><img loading=\"lazy\" decoding=\"async\" class=\"alignnone size-full wp-image-1748\" src=\"https:\/\/agora.xtec.cat\/cfamollerussa\/wp-content\/uploads\/usu345\/2021\/09\/Captura.jpg\" alt=\"\" width=\"625\" height=\"391\" srcset=\"https:\/\/agora.xtec.cat\/cfamollerussa\/wp-content\/uploads\/usu345\/2021\/09\/Captura.jpg 625w, https:\/\/agora.xtec.cat\/cfamollerussa\/wp-content\/uploads\/usu345\/2021\/09\/Captura-300x188.jpg 300w\" sizes=\"auto, (max-width: 625px) 100vw, 625px\" \/><\/a><\/h1>\n<\/div>\n<\/div>\n<\/div>\n<\/div>\n<\/div>\n<\/div>\n<p>&nbsp;<\/p>\n","protected":false},"excerpt":{"rendered":"<p><a href=\"https:\/\/agora.xtec.cat\/cfamollerussa\/informacio-secretaria\/\"><\/a><\/p>\n<p>&nbsp;<\/p>\n<p><a href=\"https:\/\/agora.xtec.cat\/cfamollerussa\/preinscripcio\/\">PREINSCRIPCI\u00d3<\/a><\/p>\n<p><a href=\"https:\/\/agora.xtec.cat\/cfamollerussa\/matricula\/\">MATR\u00cdCULA<\/a><\/p>\n<p><a href=\"https:\/\/agora.xtec.cat\/cfamollerussa\/expedicio-de-titols\/\">EXPEDICI\u00d3 DE T\u00cdTOLS<\/a><\/p>\n<p><a href=\"https:\/\/agora.xtec.cat\/cfamollerussa\/certificats\/\">CERTIFICATS<\/a><\/p>\n<p><a href=\"https:\/\/agora.xtec.cat\/cfamollerussa\/proves-lliures-de-ges\/\">PROVES LLIURES DE GES<\/a><\/p>\n<p><a href=\"https:\/\/agora.xtec.cat\/cfamollerussa\/asseguranca-escolar\/\">ASSEGURAN\u00c7A ESCOLAR<\/a><\/p>\n<p><a href=\"https:\/\/agora.xtec.cat\/cfamollerussa\/acreditacio-del-nivell-c1-de-catala\/\">ACREDITACI\u00d3 DEL NIVELL C1 DE CATALA<\/a><br \/>\n<a href=\"https:\/\/agora.xtec.cat\/cfamollerussa\/fer-pagaments\/\">FER PAGAMENTS<\/a><\/p>\n<p>IMPORTANT<br \/>\nJa han sortit publicades les dates per a la inscripci\u00f3 a les proves lliures de GES. <a href=\"https:\/\/agora.xtec.cat\/cfamollerussa\/proves-lliures-de-ges\/\">(M\u00e9s informaci\u00f3)<\/a><br \/>\nTerminis d\u2019inscripci\u00f3<\/p>\n<ul>\n<li>Primera convocat\u00f2ria: del 20 al&hellip;  <a href=\"https:\/\/agora.xtec.cat\/cfamollerussa\/informacio-secretaria\/\" title=\"Read Informaci\u00f3 secretaria\">Llegeix m\u00e9s\u00bb<\/a><br \/>\n","protected":false},"author":1,"featured_media":0,"parent":0,"menu_order":0,"comment_status":"closed","ping_status":"closed","template":"","meta":{"_bbp_topic_count":0,"_bbp_reply_count":0,"_bbp_total_topic_count":0,"_bbp_total_reply_count":0,"_bbp_voice_count":0,"_bbp_anonymous_reply_count":0,"_bbp_topic_count_hidden":0,"_bbp_reply_count_hidden":0,"_bbp_forum_subforum_count":0,"footnotes":""},"class_list":["post-826","page","type-page","status-publish","hentry"],"post_mailing_queue_ids":[],"_links":{"self":[{"href":"https:\/\/agora.xtec.cat\/cfamollerussa\/wp-json\/wp\/v2\/pages\/826","targetHints":{"allow":["GET"]}}],"collection":[{"href":"https:\/\/agora.xtec.cat\/cfamollerussa\/wp-json\/wp\/v2\/pages"}],"about":[{"href":"https:\/\/agora.xtec.cat\/cfamollerussa\/wp-json\/wp\/v2\/types\/page"}],"author":[{"embeddable":true,"href":"https:\/\/agora.xtec.cat\/cfamollerussa\/wp-json\/wp\/v2\/users\/1"}],"replies":[{"embeddable":true,"href":"https:\/\/agora.xtec.cat\/cfamollerussa\/wp-json\/wp\/v2\/comments?post=826"}],"version-history":[{"count":6,"href":"https:\/\/agora.xtec.cat\/cfamollerussa\/wp-json\/wp\/v2\/pages\/826\/revisions"}],"predecessor-version":[{"id":2424,"href":"https:\/\/agora.xtec.cat\/cfamollerussa\/wp-json\/wp\/v2\/pages\/826\/revisions\/2424"}],"wp:attachment":[{"href":"https:\/\/agora.xtec.cat\/cfamollerussa\/wp-json\/wp\/v2\/media?parent=826"}],"curies":[{"name":"wp","href":"https:\/\/api.w.org\/{rel}","templated":true}]}}