{"id":49,"date":"2014-09-17T16:55:55","date_gmt":"2014-09-17T16:55:55","guid":{"rendered":"http:\/\/agora.xtec.cat\/cfamollerussa\/?page_id=49"},"modified":"2015-04-28T17:30:08","modified_gmt":"2015-04-28T15:30:08","slug":"normes-dorganitzacio-i-funcionament","status":"publish","type":"page","link":"https:\/\/agora.xtec.cat\/cfamollerussa\/el-centre\/normes-dorganitzacio-i-funcionament\/","title":{"rendered":"Normes i funcionament del centre"},"content":{"rendered":"<h4 class=\"p1\" style=\"text-align: justify;\"><strong><span style=\"color: #ff0000;\">Document extret del NOFC del CFA Mollerussa<\/span><\/strong><\/h4>\n<p class=\"p1\" style=\"text-align: justify;\"><strong>FUNCIONAMENT DEL CENTRE<\/strong><\/p>\n<h4 class=\"p1\" style=\"text-align: justify;\"><strong>1.- Organitzaci\u00f3 de les activitats formatives<\/strong><\/h4>\n<h5 class=\"p1\" style=\"text-align: justify;\">1.1 <strong><em>El marc temporal<\/em><\/strong><\/h5>\n<p class=\"p1\" style=\"text-align: justify;\">Ateses les especials caracter\u00edstiques del Centre, l\u2019horari d\u2019atenci\u00f3 al p\u00fablic\u00a0s&#8217;especificar\u00e0 a\u00a0l&#8217;inici de curs i haur\u00e0 \u00a0 \u00a0d&#8217;haver atenci\u00f3 en el torn de mat\u00ed i en el torn de tarda\/vespre.<\/p>\n<p class=\"p1\" style=\"text-align: justify;\">El calendari dels dies d\u2019obertura es basar\u00e0 en la programaci\u00f3 del curs i en les\u00a0instruccions\u00a0espec\u00edfiques lliurades pel Departament d\u2019Educaci\u00f3.<\/p>\n<p class=\"p1\" style=\"text-align: justify;\">Sobre aquestes bases, i a causa de les tasques espec\u00edfiques de cada moment de\u00a0l\u2019any, l\u2019equip\u00a0directiu elaborar\u00e0 un Programa anual d\u2019actuacions que permeti el desenvolupament de\u00a0les diferents activitats formatives.<\/p>\n<h6 class=\"p1\" style=\"text-align: justify;\"><em>1.2 Actitud,Assist\u00e8ncia i seguiment de l\u2019alumnat<\/em><\/h6>\n<p class=\"p1\" style=\"text-align: justify;\">El Centre ha de facilitar els recursos perqu\u00e8 els aprenentatges que s\u2019hi fan tinguin\u00a0lloc en un\u00a0bon ambient de treball. Els participants, per\u00f2, tamb\u00e9 hi han de contribuir amb la seva\u00a0actitud\u00a0positiva i m\u00e0xima col\u2219laboraci\u00f3.\u00a0Per aix\u00f2 cal treballar en silenci o cercar un espai que permeti la conversa o la\u00a0discussi\u00f3\u00a0ordenada sense causar mol\u00e8sties a ning\u00fa. Tamb\u00e9 cal tenir la m\u00e0xima cura dels\u00a0materials\u00a0did\u00e0ctics emprats (llibres, ordinadors, v\u00eddeos, etc), mantenir-los\u00a0en \u00a0l\u2019ordre establert i\u00a0tractar-los\u00a0amb correcci\u00f3.<\/p>\n<h5 class=\"p1\" style=\"text-align: justify;\">Normes d&#8217;assist\u00e8ncia:<\/h5>\n<p class=\"p1\" style=\"text-align: justify;\">a) L&#8217;ensenyament que s&#8217;imparteix \u00e9s Presencial . Aix\u00f2 vol dir que per valorar la feina\u00a0cal\u00a0assistir com a m\u00ednim el 80% de totes les sessions de l&#8217;ensenyament on s&#8217;ha matriculat\u00a0l&#8217;alumne. I segons estableix la normativa, si passen dues setmanes lectives en qu\u00e8\u00a0l&#8217;alumne no ha justificat adequadament les faltes d&#8217;assist\u00e8ncia, perd autom\u00e0ticament\u00a0la\u00a0seva pla\u00e7a. Les justificaci\u00f3 es validada a criteri de la junta d\u2019avaluaci\u00f3 i en \u00faltima\u00a0inst\u00e0ncia a criteri del professor que imparteix l\u2019ensenyament.<\/p>\n<p class=\"p1\" style=\"text-align: justify;\">Quatre faltes seguides a un m\u00f2dul o assignatura sense justificar es perd el dret a\u00a0l\u2019examen i per tant a la nota.<\/p>\n<p class=\"p1\" style=\"text-align: justify;\">Entre 4 i 10 faltes justificades la junta d\u2019avaluaci\u00f3 decidir\u00e0. M\u00e9s de 10 faltes\u00a0injustificades ser\u00e0 motiu de p\u00e8rdua a dret a examen.<\/p>\n<p class=\"p1\" style=\"text-align: justify;\">b) Assistir no vol dir venir a fer acte de pres\u00e8ncia , ni tampoc quedar-se\u00a0al vest\u00edbul de\u00a0l&#8217;escola. Assistir vol dir treballar i fer els exercicis, fer els deures, escoltar amb\u00a0atenci\u00f3\u00a0les explicacions del professor i dels companys, preguntar de manera ordenada quan\u00a0no\u00a0s&#8217;entenen els conceptes, presentar els deures acuradament i en els terminis\u00a0establerts,\u00a0fer els ex\u00e0mens que correspongui en temps i forma, sense faltar a les classes\u00a0anteriors\u00a0ni posteriors, respectant la puntualitat.<\/p>\n<p class=\"p1\" style=\"text-align: justify;\">c) S&#8217;ha d&#8217;entrar a classe puntualment. Una vegada comen\u00e7ada la classe no es pot\u00a0interrompre si no \u00e9s per un motiu ben justificat. En cas de no respectar aquest acord,\u00a0l&#8217;abs\u00e8ncia de l&#8217;alumne a una part de les explicacions pot comportar falta\u00a0d&#8217;assist\u00e8ncia.<\/p>\n<p class=\"p1\" style=\"text-align: justify;\">d) L&#8217;examen fora de termini queda a criteri del professor . Sempre i quan hi hagi una\u00a0justificaci\u00f3 escrita i\/o a causa d&#8217;un motiu important. Per tant no \u00e9s obligaci\u00f3 del\u00a0professorat repetir un examen.<\/p>\n<h5 class=\"p1\" style=\"text-align: justify;\">Normes d&#8217;actitud:<\/h5>\n<p class=\"p1\" style=\"text-align: justify;\">a) Aquest \u00e9s un centre educatiu de persones adultes, per tant, es pressuposa i \u00e9s\u00a0condici\u00f3 indispensable, el respecte envers totes les persones que treballen i estudien\u00a0en aquest centre i, tamb\u00e9 cap el material i les instal\u2219lacions escolars. Per tant, cal\u00a0assistir a classe en les condicions adequades per poder assolir els ensenyaments\u00a0que\u00a0s&#8217;imparteixen i hem de facilitar un bon ambient de treball entre els alumnes,\u00a0professorat\u00a0i personal de l&#8217;escola.<\/p>\n<p class=\"p1\" style=\"text-align: justify;\">b) La recent normativa sanit\u00e0ria sobre la Prevenci\u00f3 del tabaquisme i de l&#8217;alcoholisme\u00a0Prohibeix fumar tabac i altres subst\u00e0ncies que distorsionen l&#8217;atenci\u00f3 necess\u00e0ria en\u00a0els\u00a0centres d&#8217;ensenyament i els seus accessos , ja que dificulten el seguiment de les\u00a0classes i s\u00f3n una falta de respecte. S&#8217;ha d&#8217;assistir a les classes sempre en les\u00a0condicions \u00f2ptimes per poder assolir els coneixements impartits.<\/p>\n<p class=\"p1\" style=\"text-align: justify;\">c) S&#8217;han de desconnectar els tel\u00e8fons m\u00f2bils a tot el centre, incloent-hi\u00a0els\u00a0passadissos, aules, etc.<\/p>\n<p class=\"p1\" style=\"text-align: justify;\">d) No es pot menjar ni beure a les classes.<\/p>\n<p class=\"p1\" style=\"text-align: justify;\">El personal d&#8217;aquest centre vetllar\u00e0 pel manteniment d&#8217;aquesta normativa elemental i\u00a0b\u00e0sica i\u00a0els alumnes que incompleixin aquesta normativa, seran seriosament avisats perqu\u00e8\u00a0rectifiquin\u00a0definitivament aquest comportament. Per tant, l&#8217;incompliment d&#8217;aquesta normativa pot\u00a0comportar diverses sancions per part del director\/a del centre que oscil\u2219laran entre una\u00a0expulsi\u00f3 puntual fins a la p\u00e8rdua de la matr\u00edcula en aquest centre (previ consens del claustre de\u00a0professors).<\/p>\n<p class=\"p1\" style=\"text-align: justify;\">Els aspectes que s&#8217;han obviat en aquest resum de la normativa vigent, es deixen a\u00a0criteri de\u00a0cada professor.<\/p>\n<h6 class=\"p1\" style=\"text-align: justify;\">1.3 Conflictes<\/h6>\n<p class=\"p1\" style=\"text-align: justify;\">Si un professor o professora t\u00e9 queixes raonables relatives a un\/a estudiant o grup\u00a0d\u2019estudiants, intentar\u00e0 s-solucionar-les\u00a0parlant amb ells. Si no es solucionen, les\u00a0comentar\u00e0 al\u00a0tutor\/a i aquest al coordinador i, si conv\u00e9, aquest s&#8217;adre\u00e7ar\u00e0 a l\u2019equip directiu que\u00a0estudiaran el cas i iniciaran el proc\u00e9s de mediaci\u00f3.<\/p>\n<h6 class=\"p1\" style=\"text-align: justify;\"><strong>1.4 Activitats culturals<\/strong><\/h6>\n<p class=\"p1\" style=\"text-align: justify;\">El Centre organitza, dins i fora del seu espai i del seu horari, diverses activitats de\u00a0tipus\u00a0cultural. L&#8217;equip directiu programar\u00e0 anualment aquest tipus d\u2019activitats i, un cop\u00a0aprovades\u00a0pel claustre , s\u2019afegiran a la Programaci\u00f3 General Anual d\u2019actuacions del Centre per\u00a0tal de vetllar per la coher\u00e8ncia i l\u2019equilibri entre les diferents activitats.<\/p>\n<h6 class=\"p1\" style=\"text-align: justify;\">1.5 Serveis del Centre<\/h6>\n<p class=\"p1\" style=\"text-align: justify;\">El Centre ofereix als estudiants uns espais i materials que, at\u00e8s que s\u00f3n d\u2019\u00fas com\u00fa,\u00a0han de\u00a0ser respectats i utilitzats de la forma m\u00e9s correcta possible. Les persones que\u00a0intencionadament causin desperfectes a les instal\u2219lacions i\/o materials es faran\u00a0c\u00e0rrec dels\u00a0costos de les reparacions o substitucions, independentment de les mesures que es\u00a0puguin\u00a0prendre. Si s\u2019ignora la identitat dels causants de desperfectes, per\u00f2 s\u00f3n clarament\u00a0atribu\u00efts a\u00a0un grup, el cost ser\u00e0 abonat pels integrants del grup.<\/p>\n<p class=\"p1\" style=\"text-align: justify;\">Queda expressament prohibit l\u2019\u00fas particular del material inform\u00e0tic (lectura de correu\u00a0electr\u00f2nic personal, visita a webs comercials o de contingut no educatiu, impressi\u00f3\u00a0de\u00a0documentaci\u00f3, etc).<\/p>\n<p class=\"p1\" style=\"text-align: justify;\">Tant a l\u2019aula d\u2019inform\u00e0tica com a les altres aules queda taxativament prohibit\u00a0introduir aliments\u00a0o begudes.<\/p>\n<p class=\"p1\" style=\"text-align: justify;\">L\u2019\u00fas de la fotocopiadora resta reservat per a la reproducci\u00f3 de material formatiu o\u00a0administratiu. No es podran fer fotoc\u00f2pies per a \u00fas particular.<\/p>\n","protected":false},"excerpt":{"rendered":"<p>Document extret del NOFC del CFA Mollerussa<br \/>\nFUNCIONAMENT DEL CENTRE<br \/>\n1.- Organitzaci\u00f3 de les activitats formatives<br \/>\n1.1 El marc temporal<br \/>\nAteses les especials caracter\u00edstiques del Centre, l\u2019horari d\u2019atenci\u00f3 al p\u00fablic\u00a0s&#8217;especificar\u00e0 a\u00a0l&#8217;inici de curs i haur\u00e0 \u00a0 \u00a0d&#8217;haver atenci\u00f3 en el torn de mat\u00ed i en el torn de tarda\/vespre.<br \/>\nEl&hellip;  <a href=\"https:\/\/agora.xtec.cat\/cfamollerussa\/el-centre\/normes-dorganitzacio-i-funcionament\/\" title=\"Read Normes i funcionament del centre\">Llegeix m\u00e9s\u00bb<\/a><\/p>\n","protected":false},"author":1,"featured_media":0,"parent":261,"menu_order":60,"comment_status":"closed","ping_status":"closed","template":"page-templates\/side-menu.php","meta":{"_bbp_topic_count":0,"_bbp_reply_count":0,"_bbp_total_topic_count":0,"_bbp_total_reply_count":0,"_bbp_voice_count":0,"_bbp_anonymous_reply_count":0,"_bbp_topic_count_hidden":0,"_bbp_reply_count_hidden":0,"_bbp_forum_subforum_count":0,"footnotes":""},"class_list":["post-49","page","type-page","status-publish","hentry"],"post_mailing_queue_ids":[],"_links":{"self":[{"href":"https:\/\/agora.xtec.cat\/cfamollerussa\/wp-json\/wp\/v2\/pages\/49","targetHints":{"allow":["GET"]}}],"collection":[{"href":"https:\/\/agora.xtec.cat\/cfamollerussa\/wp-json\/wp\/v2\/pages"}],"about":[{"href":"https:\/\/agora.xtec.cat\/cfamollerussa\/wp-json\/wp\/v2\/types\/page"}],"author":[{"embeddable":true,"href":"https:\/\/agora.xtec.cat\/cfamollerussa\/wp-json\/wp\/v2\/users\/1"}],"replies":[{"embeddable":true,"href":"https:\/\/agora.xtec.cat\/cfamollerussa\/wp-json\/wp\/v2\/comments?post=49"}],"version-history":[{"count":3,"href":"https:\/\/agora.xtec.cat\/cfamollerussa\/wp-json\/wp\/v2\/pages\/49\/revisions"}],"predecessor-version":[{"id":413,"href":"https:\/\/agora.xtec.cat\/cfamollerussa\/wp-json\/wp\/v2\/pages\/49\/revisions\/413"}],"up":[{"embeddable":true,"href":"https:\/\/agora.xtec.cat\/cfamollerussa\/wp-json\/wp\/v2\/pages\/261"}],"wp:attachment":[{"href":"https:\/\/agora.xtec.cat\/cfamollerussa\/wp-json\/wp\/v2\/media?parent=49"}],"curies":[{"name":"wp","href":"https:\/\/api.w.org\/{rel}","templated":true}]}}