{"id":427,"date":"2015-05-26T17:08:07","date_gmt":"2015-05-26T15:08:07","guid":{"rendered":"http:\/\/agora.xtec.cat\/cfamollerussa\/?page_id=427"},"modified":"2024-12-22T12:47:27","modified_gmt":"2024-12-22T11:47:27","slug":"la-gent-del-cfa-mollerussa","status":"publish","type":"page","link":"https:\/\/agora.xtec.cat\/cfamollerussa\/la-gent-del-cfa-mollerussa\/","title":{"rendered":"Associaci\u00f3 &#8220;Gent del CFA Mollerussa&#8221;"},"content":{"rendered":"<p><strong><span style=\"color: #ff00ff;\">L&#8217;Associaci\u00f3 d&#8217;Alumnes \u00a0<\/span><\/strong><\/p>\n<p>Va sorgir durant el curs 2008-2009, arrel de la iniciativa de l&#8217;equip directiu, i encap\u00e7alada per uns alumes amb ganes de seguir participant en\u00a0les activitats que proposem al CFA.<\/p>\n<p><span style=\"color: #ff00ff;\"><strong>&#8220;Gent del CFA Mollerussa&#8221;<\/strong><\/span><\/p>\n<p>\u00c9s el nom\u00a0que es va decidir posar a\u00a0l&#8217;Associaci\u00f3 d&#8217;alumnes. Havia de quedar clar que no nom\u00e9s \u00e9s una associaci\u00f3 d&#8217;alumnes, sin\u00f3 tamb\u00e9 d&#8217;ex-alumnes.<\/p>\n<p>Per tant, des de l&#8217;Associaci\u00f3 es desenvolupen activitats que van dirigides a alumnes actuals\u00a0(dibuix i pintura, viatges de final de curs) i\u00a0a ex-alumnes (tallers d&#8217;angl\u00e8s, de lectoescriptura, de lectura ,&#8230;).<\/p>\n<p><span style=\"color: #ff00ff;\"><strong>LES ACTIVITATS<\/strong><\/span><br \/>\nAl CFA ja en fem, d&#8217;activitats, per\u00f2 els de l&#8217;associaci\u00f3 continuen fent activitats que el CFA ja no pot fer, ja sigui per manca d&#8217;espai, de professorat, d&#8217;horaris&#8230; Les activitats s\u00f3n variades i per a tots els gustos.<\/p>\n<p><span style=\"color: #ff00ff;\">Tallers d&#8217;angl\u00e8s<\/span><br \/>\nVan dirigits a ex-alumnes que ja han acabat el seu cicle d&#8217;angl\u00e8s al CFA, i volen seguir aprenent-lo. Hi\u00a0fan diferents nivells, com ara l&#8217;aprofundiment en la gram\u00e0tica anglesa, o cursos essencialment orals.<\/p>\n<p><span style=\"color: #ff00ff;\">Taller de lectura<\/span><\/p>\n<p>Per a alumnes o ex-alumnes que els agradi llegir.<\/p>\n<p><span style=\"color: #000000;\"> Cada mes es troben per comentar fragments o cap\u00edtols del llibre que s&#8217;han proposat llegir.<\/span><br \/>\n<span style=\"color: #000000;\"> Amb l&#8217;ajuda d&#8217;una monitora, es col\u00b7labora a entendre millor el text, el sentit que li vol donar l&#8217;autor,&#8230;<\/span><\/p>\n<p><span style=\"color: #ff00ff;\">Taller de lectoescriptura<\/span><\/p>\n<p><em><span style=\"color: #000000;\">Actualment ja no es fa, per\u00f2 va tenir for\u00e7a \u00e8xit en el seu moment.<\/span><\/em><\/p>\n<p><span style=\"color: #000000;\">Les alumnes dels cursos instrumentals que ja han acabat el seu cicle al CFA, per\u00f2 encara tenen ganes d&#8217;estar vinculades al CFA, i per qu\u00e8 no, d&#8217;aprendre encara una mica m\u00e9s.<\/span><\/p>\n<p><span style=\"color: #000000;\"> Una monitora les ajuda a llegir\u00a0i a\u00a0escriure millor, i continuar am<\/span>b la tasca que feien al CFA des de fa molt temps.<\/p>\n<p><span style=\"color: #ff00ff;\">Taller de dibuix i pintura<\/span><\/p>\n<p><span style=\"color: #000000;\">Per a tothom qui vulgui fer sortir la seva vena creativa. Oli, acuarela,&#8230; Qualsevol estil \u00e9s v\u00e0lid<\/span><\/p>\n<p><span style=\"color: #ff00ff;\">Viatge de final de curs<\/span><\/p>\n<p><span style=\"color: #000000;\">Londres, Malta, Brussel.les, Dublin, Berl\u00edn, Atenes, &#8230;. Per qu\u00e8 no fer un viatge l\u00fadico-cultural?<\/span><\/p>\n<p>Cada any hi ha ganes de repetir-lo. 3 o 4 dies, barat.<\/p>\n","protected":false},"excerpt":{"rendered":"<p>L&#8217;Associaci\u00f3 d&#8217;Alumnes \u00a0<br \/>\nVa sorgir durant el curs 2008-2009, arrel de la iniciativa de l&#8217;equip directiu, i encap\u00e7alada per uns alumes amb ganes de seguir participant en\u00a0les activitats que proposem al CFA.<br \/>\n&#8220;Gent del CFA Mollerussa&#8221;<br \/>\n\u00c9s el nom\u00a0que es va decidir posar a\u00a0l&#8217;Associaci\u00f3 d&#8217;alumnes. Havia de quedar&hellip;  <a href=\"https:\/\/agora.xtec.cat\/cfamollerussa\/la-gent-del-cfa-mollerussa\/\" title=\"Read Associaci\u00f3 &#8220;Gent del CFA Mollerussa&#8221;\">Llegeix m\u00e9s\u00bb<\/a><\/p>\n","protected":false},"author":1,"featured_media":0,"parent":0,"menu_order":0,"comment_status":"closed","ping_status":"closed","template":"","meta":{"_bbp_topic_count":0,"_bbp_reply_count":0,"_bbp_total_topic_count":0,"_bbp_total_reply_count":0,"_bbp_voice_count":0,"_bbp_anonymous_reply_count":0,"_bbp_topic_count_hidden":0,"_bbp_reply_count_hidden":0,"_bbp_forum_subforum_count":0,"footnotes":""},"class_list":["post-427","page","type-page","status-publish","hentry"],"post_mailing_queue_ids":[],"_links":{"self":[{"href":"https:\/\/agora.xtec.cat\/cfamollerussa\/wp-json\/wp\/v2\/pages\/427","targetHints":{"allow":["GET"]}}],"collection":[{"href":"https:\/\/agora.xtec.cat\/cfamollerussa\/wp-json\/wp\/v2\/pages"}],"about":[{"href":"https:\/\/agora.xtec.cat\/cfamollerussa\/wp-json\/wp\/v2\/types\/page"}],"author":[{"embeddable":true,"href":"https:\/\/agora.xtec.cat\/cfamollerussa\/wp-json\/wp\/v2\/users\/1"}],"replies":[{"embeddable":true,"href":"https:\/\/agora.xtec.cat\/cfamollerussa\/wp-json\/wp\/v2\/comments?post=427"}],"version-history":[{"count":2,"href":"https:\/\/agora.xtec.cat\/cfamollerussa\/wp-json\/wp\/v2\/pages\/427\/revisions"}],"predecessor-version":[{"id":2247,"href":"https:\/\/agora.xtec.cat\/cfamollerussa\/wp-json\/wp\/v2\/pages\/427\/revisions\/2247"}],"wp:attachment":[{"href":"https:\/\/agora.xtec.cat\/cfamollerussa\/wp-json\/wp\/v2\/media?parent=427"}],"curies":[{"name":"wp","href":"https:\/\/api.w.org\/{rel}","templated":true}]}}