{"id":322,"date":"2015-01-28T11:36:17","date_gmt":"2015-01-28T10:36:17","guid":{"rendered":"http:\/\/agora.xtec.cat\/cfamollerussa\/?page_id=322"},"modified":"2024-12-23T20:21:42","modified_gmt":"2024-12-23T19:21:42","slug":"a-la-universitat-per-a-majors-de-25-anys","status":"publish","type":"page","link":"https:\/\/agora.xtec.cat\/cfamollerussa\/a-la-universitat-per-a-majors-de-25-anys\/","title":{"rendered":"Proves acc\u00e8s a grau superior i a la universitat"},"content":{"rendered":"<h4><span style=\"color: #ff0000;\"><strong>Preparaci\u00f3 per a les proves d\u2019acc\u00e9s a Grau Superior<\/strong><\/span><\/h4>\n<p>Aquests estudis preparen per presentar-se a les proves d&#8217;acc\u00e9s als cicles de grau superior de formaci\u00f3 professional, d&#8217;arts pl\u00e0stiques i disseny i d&#8217;ensenyaments esportius.<\/p>\n<p>L&#8217;alumnat pot preparar la part comuna de la prova, la part espec\u00edfica, o totes dues. La durada m\u00ednima per a la preparaci\u00f3 de les proves d&#8217;acc\u00e9s al grau superior \u00e9s de 300 hores per a la part comuna i de 99 hores per a les dues mat\u00e8ries de la part espec\u00edfica.<\/p>\n<p><b>Mat\u00e8ries de la part comuna<\/b><\/p>\n<ul>\n<li>Llengua catalana i castellana<\/li>\n<li>Llengua estrangera<\/li>\n<li>Matem\u00e0tiques<\/li>\n<li>Hist\u00f2ria (\u00e9s mat\u00e8ria comuna nom\u00e9s per a les persones que vulguin accedir als ensenyaments art\u00edstics)<\/li>\n<\/ul>\n<p><b>Opcions de mat\u00e8ries de la part espec\u00edfica<\/b><\/p>\n<ul>\n<li>Economia de l&#8217;empresa<\/li>\n<li>Geografia humana<\/li>\n<\/ul>\n<p>( La resta d\u2019assignatures espec\u00edfiques poden cursar-se a trav\u00e9s del IOC )<\/p>\n<p><b>Continu\u00eftat<\/b><\/p>\n<p>La qualificaci\u00f3 que s&#8217;obt\u00e9 en aquesta formaci\u00f3 es multiplica pel coeficient 0,20 i se suma a la nota de la prova d&#8217;acc\u00e9s.<\/p>\n<h4><span style=\"color: #ff0000;\"><b>Preparaci\u00f3 per a les proves d\u2019acc\u00e9s a la universitat<\/b><\/span><\/h4>\n<p>Aquests estudis preparen les persones m\u00e9s grans de 25 i 45 anys per a les proves d&#8217;acc\u00e9s a la universitat.<\/p>\n<p><b>Mat\u00e8ries de la fase general <\/b><\/p>\n<ol>\n<li>Comentari de text<\/li>\n<li>Llengua catalana<\/li>\n<li>Llengua castellana<\/li>\n<li>Llengua estrangera<\/li>\n<\/ol>\n<p>Els exercicis de comentari de text, llengua catalana i llengua castellana s\u00f3n comuns a les proves per a m\u00e9s grans de 25 anys i les proves per a m\u00e9s grans de 45 anys.<\/p>\n<p><b>Mat\u00e8ries de la fase espec\u00edfica<\/b><\/p>\n<p>L&#8217;alumne ha d&#8217;escollir dues mat\u00e8ries relacionades amb una de les branques de coneixement, entorn de les quals s&#8217;organitzen els t\u00edtols universitaris de grau.<\/p>\n<p>&nbsp;<\/p>\n","protected":false},"excerpt":{"rendered":"<p>Preparaci\u00f3 per a les proves d\u2019acc\u00e9s a Grau Superior<br \/>\nAquests estudis preparen per presentar-se a les proves d&#8217;acc\u00e9s als cicles de grau superior de formaci\u00f3 professional, d&#8217;arts pl\u00e0stiques i disseny i d&#8217;ensenyaments esportius.<br \/>\nL&#8217;alumnat pot preparar la part comuna de la prova, la part espec\u00edfica, o totes&hellip;  <a href=\"https:\/\/agora.xtec.cat\/cfamollerussa\/a-la-universitat-per-a-majors-de-25-anys\/\" title=\"Read Proves acc\u00e8s a grau superior i a la universitat\">Llegeix m\u00e9s\u00bb<\/a><\/p>\n","protected":false},"author":2,"featured_media":0,"parent":0,"menu_order":7,"comment_status":"closed","ping_status":"closed","template":"","meta":{"_bbp_topic_count":0,"_bbp_reply_count":0,"_bbp_total_topic_count":0,"_bbp_total_reply_count":0,"_bbp_voice_count":0,"_bbp_anonymous_reply_count":0,"_bbp_topic_count_hidden":0,"_bbp_reply_count_hidden":0,"_bbp_forum_subforum_count":0,"footnotes":""},"class_list":["post-322","page","type-page","status-publish","hentry"],"post_mailing_queue_ids":[],"_links":{"self":[{"href":"https:\/\/agora.xtec.cat\/cfamollerussa\/wp-json\/wp\/v2\/pages\/322","targetHints":{"allow":["GET"]}}],"collection":[{"href":"https:\/\/agora.xtec.cat\/cfamollerussa\/wp-json\/wp\/v2\/pages"}],"about":[{"href":"https:\/\/agora.xtec.cat\/cfamollerussa\/wp-json\/wp\/v2\/types\/page"}],"author":[{"embeddable":true,"href":"https:\/\/agora.xtec.cat\/cfamollerussa\/wp-json\/wp\/v2\/users\/2"}],"replies":[{"embeddable":true,"href":"https:\/\/agora.xtec.cat\/cfamollerussa\/wp-json\/wp\/v2\/comments?post=322"}],"version-history":[{"count":3,"href":"https:\/\/agora.xtec.cat\/cfamollerussa\/wp-json\/wp\/v2\/pages\/322\/revisions"}],"predecessor-version":[{"id":726,"href":"https:\/\/agora.xtec.cat\/cfamollerussa\/wp-json\/wp\/v2\/pages\/322\/revisions\/726"}],"wp:attachment":[{"href":"https:\/\/agora.xtec.cat\/cfamollerussa\/wp-json\/wp\/v2\/media?parent=322"}],"curies":[{"name":"wp","href":"https:\/\/api.w.org\/{rel}","templated":true}]}}