{"id":316,"date":"2015-01-28T11:33:51","date_gmt":"2015-01-28T10:33:51","guid":{"rendered":"http:\/\/agora.xtec.cat\/cfamollerussa\/?page_id=316"},"modified":"2024-12-23T20:17:35","modified_gmt":"2024-12-23T19:17:35","slug":"competencia-digital-competic","status":"publish","type":"page","link":"https:\/\/agora.xtec.cat\/cfamollerussa\/competencia-digital-competic\/","title":{"rendered":"Inform\u00e0tica (Actic\/Competic)"},"content":{"rendered":"<p>Les acreditacions ACTIC (\u00e9s un t\u00edtol oficial de coneixements d\u2019inform\u00e0tica), tindran, cada \u00a0vegada m\u00e9s import\u00e0ncia en el mon laboral. Ser\u00e0 la part fonamental del curr\u00edculum professional, doncs l\u2019acreditaci\u00f3 ACTIC s\u2019exposar\u00e0 d\u2019una manera objectiva els coneixements en el mon de la inform\u00e0tica.<\/p>\n<p>Des de fa uns anys al CFA MOLLERUSSA s&#8217;imparteixen tots els cursos que permeten tenir les acreditacions ACTIC a nivell professional.<\/p>\n<p>A Formaci\u00f3 d\u2019Adults en diem cursos\u00a0<b>COMPETIC<\/b>.<\/p>\n<p><b>Nivells:<\/b><\/p>\n<ul>\n<li>COMPETIC INICIAL,<\/li>\n<li>COMPETIC 1<\/li>\n<li>COMPETIC 2<\/li>\n<li>COMPETIC 3<\/li>\n<\/ul>\n<p>Actualment fem a l\u2019escola TOTS els cursos que donen l\u2019equivalencia amb l\u2019ACTIC.<\/p>\n<p><b>Durada:<\/b>\u00a0tots s\u00f3n cursos anuals, amb una durada de 105 hores lectives (3 hores per setmana), excepte el curs COMPETIC 2 que dura m\u00e9s: 140 hores lectives (4 hores setmanals)<\/p>\n<p><b>Organitzaci\u00f3:<\/b>\u00a0fem dues classe a la setmana, de setembre a juny. Les dividim en dues parts (una fins al gener, i l\u2019altra fins al maig, que \u00e9s quan comencen els projectes finals, un treball\/resum dels coneixements apresos)<\/p>\n<p><b>Curr\u00edculum:<\/b>\u00a0adaptat a formaci\u00f3 d\u2019adults i a la Normativa ACTIC.<\/p>\n<p><b>Recursos:<\/b>\u00a0treballem sempre a l\u2019aula d\u2019inform\u00e0tica del mateix CFA, on disposem de nous ordinadors adequats per seguir el curs sense problemes.<\/p>\n<p><b>Aula virtual:<\/b>\u00a0totes les classes tenen suport de l\u2019aula virtual del centre, dipositada a la\u00a0<a href=\"http:\/\/agora.xtec.cat\/cfamollerussa\/moodle\/\">plataforma Moodle<\/a>.<\/p>\n<p><b>Avaluaci\u00f3:<\/b>\u00a0Avaluem en formaci\u00f3 continuada, en funci\u00f3 dels treballs que fem durant el curs. Fem dues proves avaluables al final de cada Quadrimestre (gener i maig) i un projecte final.<\/p>\n<p><b>Promoci\u00f3 de curs i\/o obtenci\u00f3 de certificaci\u00f3:<\/b>\u00a0les avaluacions cont\u00ednues tenen un valor del 40% del curs, i el projecte d\u2019un 60%.<\/p>\n","protected":false},"excerpt":{"rendered":"<p>Les acreditacions ACTIC (\u00e9s un t\u00edtol oficial de coneixements d\u2019inform\u00e0tica), tindran, cada \u00a0vegada m\u00e9s import\u00e0ncia en el mon laboral. Ser\u00e0 la part fonamental del curr\u00edculum professional, doncs l\u2019acreditaci\u00f3 ACTIC s\u2019exposar\u00e0 d\u2019una manera objectiva els coneixements en el mon de la inform\u00e0tica.<br \/>\nDes de fa uns anys&hellip;  <a href=\"https:\/\/agora.xtec.cat\/cfamollerussa\/competencia-digital-competic\/\" title=\"Read Inform\u00e0tica (Actic\/Competic)\">Llegeix m\u00e9s\u00bb<\/a><\/p>\n","protected":false},"author":2,"featured_media":0,"parent":0,"menu_order":5,"comment_status":"closed","ping_status":"closed","template":"","meta":{"_bbp_topic_count":0,"_bbp_reply_count":0,"_bbp_total_topic_count":0,"_bbp_total_reply_count":0,"_bbp_voice_count":0,"_bbp_anonymous_reply_count":0,"_bbp_topic_count_hidden":0,"_bbp_reply_count_hidden":0,"_bbp_forum_subforum_count":0,"footnotes":""},"class_list":["post-316","page","type-page","status-publish","hentry"],"post_mailing_queue_ids":[],"_links":{"self":[{"href":"https:\/\/agora.xtec.cat\/cfamollerussa\/wp-json\/wp\/v2\/pages\/316","targetHints":{"allow":["GET"]}}],"collection":[{"href":"https:\/\/agora.xtec.cat\/cfamollerussa\/wp-json\/wp\/v2\/pages"}],"about":[{"href":"https:\/\/agora.xtec.cat\/cfamollerussa\/wp-json\/wp\/v2\/types\/page"}],"author":[{"embeddable":true,"href":"https:\/\/agora.xtec.cat\/cfamollerussa\/wp-json\/wp\/v2\/users\/2"}],"replies":[{"embeddable":true,"href":"https:\/\/agora.xtec.cat\/cfamollerussa\/wp-json\/wp\/v2\/comments?post=316"}],"version-history":[{"count":5,"href":"https:\/\/agora.xtec.cat\/cfamollerussa\/wp-json\/wp\/v2\/pages\/316\/revisions"}],"predecessor-version":[{"id":2338,"href":"https:\/\/agora.xtec.cat\/cfamollerussa\/wp-json\/wp\/v2\/pages\/316\/revisions\/2338"}],"wp:attachment":[{"href":"https:\/\/agora.xtec.cat\/cfamollerussa\/wp-json\/wp\/v2\/media?parent=316"}],"curies":[{"name":"wp","href":"https:\/\/api.w.org\/{rel}","templated":true}]}}