{"id":314,"date":"2015-01-28T11:33:13","date_gmt":"2015-01-28T10:33:13","guid":{"rendered":"http:\/\/agora.xtec.cat\/cfamollerussa\/?page_id=314"},"modified":"2024-12-23T20:19:42","modified_gmt":"2024-12-23T19:19:42","slug":"llengua-francesa","status":"publish","type":"page","link":"https:\/\/agora.xtec.cat\/cfamollerussa\/llengua-francesa\/","title":{"rendered":"Llengua francesa"},"content":{"rendered":"<p>Aquests ensenyaments tenen com a finalitat que els\/les aprenents\/es siguin capa\u00e7os de\u00a0<b>comunicar-se<\/b>\u00a0en llengua estrangera en situacions quotidianes i de necessitat immediata que requereixen comprendre i produir textos breus,\u00a0en llengua est\u00e0ndard, que tractin sobre aspectes b\u00e0sics i concrets de temes familiars i que continguin expressions, estructures i l\u00e8xic d\u2019\u00fas freq\u00fcent,\u00a0i de comunicar-se de forma parlada i escrita b\u00e0sica i accedir al coneixement en un entorn multiling\u00fce i multicultural.<\/p>\n<p>Els curr\u00edculums de llengua anglesa i francesa estan regulats mitjan\u00e7ant la RESOLUCI\u00d3 de 10 de maig de 2013.<\/p>\n<p>L\u2019aprenentatge d\u2019aquestes lleng\u00fces est\u00e0 inscrit en el Marc Europeu Com\u00fa de Refer\u00e8ncia per a les Lleng\u00fces (MECR).<\/p>\n<p>S\u2019estableixen tres cursos:<\/p>\n<ul>\n<li>NIVELL 1<\/li>\n<li>NIVELL 2<\/li>\n<li>NIVELL 3<\/li>\n<\/ul>\n<p><b>Oferim la possibilitat de realitzar classes d\u2019immersi\u00f3 ling\u00fc\u00edstica i cultural a Fran\u00e7a.<\/b><\/p>\n<p>Un cop assolit el tercer nivell als Centres de Formaci\u00f3 d\u2019Adults, s\u2019obt\u00e9 l\u2019equival\u00e8ncia al\u00a0<b>nivell A2<\/b>\u00a0del MECR, que permet la certificaci\u00f3 del nivell b\u00e0sic de la llengua estrangera i la possibilitat de continuar el seu estudi al nivell intermedi en les Escoles Oficials d\u2019Idiomes (EOI), sense prova de nivell.<\/p>\n<p>Disposem d\u2019una biblioteca de lleng\u00fces estrangeres amb servei de pr\u00e9stec, per tal de poder treballar l\u2019habitat lectora i auditiva.<\/p>\n","protected":false},"excerpt":{"rendered":"<p>Aquests ensenyaments tenen com a finalitat que els\/les aprenents\/es siguin capa\u00e7os de\u00a0comunicar-se\u00a0en llengua estrangera en situacions quotidianes i de necessitat immediata que requereixen comprendre i produir textos breus,\u00a0en llengua est\u00e0ndard, que tractin sobre aspectes b\u00e0sics i concrets de temes familiars i que continguin expressions, estructures&hellip;  <a href=\"https:\/\/agora.xtec.cat\/cfamollerussa\/llengua-francesa\/\" title=\"Read Llengua francesa\">Llegeix m\u00e9s\u00bb<\/a><\/p>\n","protected":false},"author":2,"featured_media":0,"parent":0,"menu_order":3,"comment_status":"closed","ping_status":"closed","template":"","meta":{"_bbp_topic_count":0,"_bbp_reply_count":0,"_bbp_total_topic_count":0,"_bbp_total_reply_count":0,"_bbp_voice_count":0,"_bbp_anonymous_reply_count":0,"_bbp_topic_count_hidden":0,"_bbp_reply_count_hidden":0,"_bbp_forum_subforum_count":0,"footnotes":""},"class_list":["post-314","page","type-page","status-publish","hentry"],"post_mailing_queue_ids":[],"_links":{"self":[{"href":"https:\/\/agora.xtec.cat\/cfamollerussa\/wp-json\/wp\/v2\/pages\/314","targetHints":{"allow":["GET"]}}],"collection":[{"href":"https:\/\/agora.xtec.cat\/cfamollerussa\/wp-json\/wp\/v2\/pages"}],"about":[{"href":"https:\/\/agora.xtec.cat\/cfamollerussa\/wp-json\/wp\/v2\/types\/page"}],"author":[{"embeddable":true,"href":"https:\/\/agora.xtec.cat\/cfamollerussa\/wp-json\/wp\/v2\/users\/2"}],"replies":[{"embeddable":true,"href":"https:\/\/agora.xtec.cat\/cfamollerussa\/wp-json\/wp\/v2\/comments?post=314"}],"version-history":[{"count":3,"href":"https:\/\/agora.xtec.cat\/cfamollerussa\/wp-json\/wp\/v2\/pages\/314\/revisions"}],"predecessor-version":[{"id":724,"href":"https:\/\/agora.xtec.cat\/cfamollerussa\/wp-json\/wp\/v2\/pages\/314\/revisions\/724"}],"wp:attachment":[{"href":"https:\/\/agora.xtec.cat\/cfamollerussa\/wp-json\/wp\/v2\/media?parent=314"}],"curies":[{"name":"wp","href":"https:\/\/api.w.org\/{rel}","templated":true}]}}