{"id":301,"date":"2015-01-28T11:21:46","date_gmt":"2015-01-28T10:21:46","guid":{"rendered":"http:\/\/agora.xtec.cat\/cfamollerussa\/?page_id=301"},"modified":"2024-12-23T20:20:52","modified_gmt":"2024-12-23T19:20:52","slug":"formacio-instrumental","status":"publish","type":"page","link":"https:\/\/agora.xtec.cat\/cfamollerussa\/ensenyaments\/formacio-instrumental\/","title":{"rendered":"Formaci\u00f3 instrumental"},"content":{"rendered":"<div id=\"pas1\" class=\"panel-collapse collapse in\">\n<div class=\"caixa-pestanyes-detall\">\n<div class=\"col-xs-12 columna_esquerra\">\n<div class=\"cos_bloc basic_text_peq pd-15\">\n<p>Els continguts d&#8217;aquesta formaci\u00f3 s&#8217;organitzen en tres <strong>nivells<\/strong>:<\/p>\n<ul class=\"llista-especial\">\n<li>el primer nivell, en qu\u00e8 l&#8217;aprenentatge se centra en l&#8217;adquisici\u00f3 dels mecanismes fonamentals de lectura i escriptura i de c\u00e0lcul, a m\u00e9s de nocions elementals sobre l&#8217;entorn social i natural;<\/li>\n<li>el segon nivell, en qu\u00e8 l&#8217;objectiu central \u00e9s consolidar aquests mecanismes i\u00a0els\u00a0coneixements que expliquen l&#8217;entorn, i<\/li>\n<li>el tercer nivell, en el qual s&#8217;amplien els coneixements anteriors fins a assolir els objectius generals del cicle.<\/li>\n<\/ul>\n<p>Cada nivell inclou tres <strong>\u00e0rees de coneixement<\/strong>:<\/p>\n<ul class=\"llista-especial\">\n<li>llengua,<\/li>\n<li>matem\u00e0tiques i<\/li>\n<li>ci\u00e8ncies socials i naturals.<\/li>\n<\/ul>\n<p>La durada aproximada d\u2019aquesta formaci\u00f3 \u00e9s de 1.100 hores. Aix\u00f2 no obstant, segons els coneixements previs, les necessitats formatives, i els ritmes d\u2019aprenentatge de l\u2019alumnat, la durada pot ser m\u00e9s llarga o menys.<\/p>\n<\/div>\n<\/div>\n<\/div>\n<\/div>\n","protected":false},"excerpt":{"rendered":"<p>Els continguts d&#8217;aquesta formaci\u00f3 s&#8217;organitzen en tres nivells:<\/p>\n<ul class=\"llista-especial\">\n<li>el primer nivell, en qu\u00e8 l&#8217;aprenentatge se centra en l&#8217;adquisici\u00f3 dels mecanismes fonamentals de lectura i escriptura i de c\u00e0lcul, a m\u00e9s de nocions elementals sobre l&#8217;entorn social i natural;<\/li>\n<li>el segon nivell, en qu\u00e8 l&#8217;objectiu central \u00e9s&hellip;  <a href=\"https:\/\/agora.xtec.cat\/cfamollerussa\/ensenyaments\/formacio-instrumental\/\" title=\"Read Formaci\u00f3 instrumental\">Llegeix m\u00e9s\u00bb<\/a><br \/>\n","protected":false},"author":2,"featured_media":0,"parent":274,"menu_order":0,"comment_status":"closed","ping_status":"closed","template":"","meta":{"_bbp_topic_count":0,"_bbp_reply_count":0,"_bbp_total_topic_count":0,"_bbp_total_reply_count":0,"_bbp_voice_count":0,"_bbp_anonymous_reply_count":0,"_bbp_topic_count_hidden":0,"_bbp_reply_count_hidden":0,"_bbp_forum_subforum_count":0,"footnotes":""},"class_list":["post-301","page","type-page","status-publish","hentry"],"post_mailing_queue_ids":[],"_links":{"self":[{"href":"https:\/\/agora.xtec.cat\/cfamollerussa\/wp-json\/wp\/v2\/pages\/301","targetHints":{"allow":["GET"]}}],"collection":[{"href":"https:\/\/agora.xtec.cat\/cfamollerussa\/wp-json\/wp\/v2\/pages"}],"about":[{"href":"https:\/\/agora.xtec.cat\/cfamollerussa\/wp-json\/wp\/v2\/types\/page"}],"author":[{"embeddable":true,"href":"https:\/\/agora.xtec.cat\/cfamollerussa\/wp-json\/wp\/v2\/users\/2"}],"replies":[{"embeddable":true,"href":"https:\/\/agora.xtec.cat\/cfamollerussa\/wp-json\/wp\/v2\/comments?post=301"}],"version-history":[{"count":3,"href":"https:\/\/agora.xtec.cat\/cfamollerussa\/wp-json\/wp\/v2\/pages\/301\/revisions"}],"predecessor-version":[{"id":1687,"href":"https:\/\/agora.xtec.cat\/cfamollerussa\/wp-json\/wp\/v2\/pages\/301\/revisions\/1687"}],"up":[{"embeddable":true,"href":"https:\/\/agora.xtec.cat\/cfamollerussa\/wp-json\/wp\/v2\/pages\/274"}],"wp:attachment":[{"href":"https:\/\/agora.xtec.cat\/cfamollerussa\/wp-json\/wp\/v2\/media?parent=301"}],"curies":[{"name":"wp","href":"https:\/\/api.w.org\/{rel}","templated":true}]}}