{"id":299,"date":"2015-01-28T11:21:22","date_gmt":"2015-01-28T10:21:22","guid":{"rendered":"http:\/\/agora.xtec.cat\/cfamollerussa\/?page_id=299"},"modified":"2024-12-23T20:19:17","modified_gmt":"2024-12-23T19:19:17","slug":"llengua-castellana","status":"publish","type":"page","link":"https:\/\/agora.xtec.cat\/cfamollerussa\/llengua-castellana\/","title":{"rendered":"Llengua castellana"},"content":{"rendered":"<p>Aquests estudis tenen com a objectiu que les persones adultes assoleixin un grau de compet\u00e8ncia m\u00ednima per a comunicar-se en llengua castellana i s&#8217;imparteixen en tres nivells:<\/p>\n<ul>\n<li>NIVELL 1<\/li>\n<li>NIVELL 2<\/li>\n<li>NIVELL 3<\/li>\n<\/ul>\n<p>Aquests nivells es\u00a0corresponen als A1, A2 i B1 del MECR (Marc europeu com\u00fa de refer\u00e8ncia per a les lleng\u00fces).<\/p>\n<p><b>Continguts<\/b><\/p>\n<p>En els tres nivells es treballen les habilitats de comprensi\u00f3 i expressi\u00f3 orals i escrites que permeten fer front a la major part de situacions ling\u00fc\u00edstiques de la vida quotidiana.<\/p>\n<p>A la resoluci\u00f3 de 10 de maig de 2013, podreu trobar els curr\u00edculums oficials dels ensenyaments corresponents a llengua catalana i castellana.<\/p>\n<p><b>Durada<\/b><\/p>\n<table style=\"width: 152px; height: 147px;\">\n<tbody>\n<tr>\n<td style=\"width: 86px;\">Nivell 1<\/td>\n<td style=\"width: 58px;\">105 h<\/td>\n<\/tr>\n<tr>\n<td style=\"width: 86px;\">Nivell 2<\/td>\n<td style=\"width: 58px;\">140 h<\/td>\n<\/tr>\n<tr>\n<td style=\"width: 86px;\">Nivell 3<\/td>\n<td style=\"width: 58px;\">140 h<\/td>\n<\/tr>\n<\/tbody>\n<\/table>\n<p><b>Recursos<\/b><\/p>\n<p>Disposem de material inform\u00e0tic adequats per a la realitzaci\u00f3 de les classes: aula d\u2019inform\u00e0tica, ordinadors amb pantalla t\u00e0ctil, pissarres digitals,&#8230;<\/p>\n<p><b>Aula virtual<\/b><\/p>\n<p>Totes les classes tenen suport de l\u2019aula virtual del centre, dipositada a la\u00a0<a href=\"http:\/\/agora.xtec.cat\/cfamollerussa\/moodle\/\">plataforma Moodle<\/a>.<\/p>\n","protected":false},"excerpt":{"rendered":"<p>Aquests estudis tenen com a objectiu que les persones adultes assoleixin un grau de compet\u00e8ncia m\u00ednima per a comunicar-se en llengua castellana i s&#8217;imparteixen en tres nivells:<\/p>\n<ul>\n<li>NIVELL 1<\/li>\n<li>NIVELL 2<\/li>\n<li>NIVELL 3<\/li>\n<\/ul>\n<p>Aquests nivells es\u00a0corresponen als A1, A2 i B1 del MECR (Marc europeu com\u00fa de refer\u00e8ncia per&hellip;  <a href=\"https:\/\/agora.xtec.cat\/cfamollerussa\/llengua-castellana\/\" title=\"Read Llengua castellana\">Llegeix m\u00e9s\u00bb<\/a><\/p>\n","protected":false},"author":2,"featured_media":0,"parent":0,"menu_order":2,"comment_status":"closed","ping_status":"closed","template":"","meta":{"_bbp_topic_count":0,"_bbp_reply_count":0,"_bbp_total_topic_count":0,"_bbp_total_reply_count":0,"_bbp_voice_count":0,"_bbp_anonymous_reply_count":0,"_bbp_topic_count_hidden":0,"_bbp_reply_count_hidden":0,"_bbp_forum_subforum_count":0,"footnotes":""},"class_list":["post-299","page","type-page","status-publish","hentry"],"post_mailing_queue_ids":[],"_links":{"self":[{"href":"https:\/\/agora.xtec.cat\/cfamollerussa\/wp-json\/wp\/v2\/pages\/299","targetHints":{"allow":["GET"]}}],"collection":[{"href":"https:\/\/agora.xtec.cat\/cfamollerussa\/wp-json\/wp\/v2\/pages"}],"about":[{"href":"https:\/\/agora.xtec.cat\/cfamollerussa\/wp-json\/wp\/v2\/types\/page"}],"author":[{"embeddable":true,"href":"https:\/\/agora.xtec.cat\/cfamollerussa\/wp-json\/wp\/v2\/users\/2"}],"replies":[{"embeddable":true,"href":"https:\/\/agora.xtec.cat\/cfamollerussa\/wp-json\/wp\/v2\/comments?post=299"}],"version-history":[{"count":3,"href":"https:\/\/agora.xtec.cat\/cfamollerussa\/wp-json\/wp\/v2\/pages\/299\/revisions"}],"predecessor-version":[{"id":721,"href":"https:\/\/agora.xtec.cat\/cfamollerussa\/wp-json\/wp\/v2\/pages\/299\/revisions\/721"}],"wp:attachment":[{"href":"https:\/\/agora.xtec.cat\/cfamollerussa\/wp-json\/wp\/v2\/media?parent=299"}],"curies":[{"name":"wp","href":"https:\/\/api.w.org\/{rel}","templated":true}]}}