{"id":274,"date":"2015-01-27T17:56:20","date_gmt":"2015-01-27T16:56:20","guid":{"rendered":"http:\/\/agora.xtec.cat\/cfamollerussa\/?page_id=274"},"modified":"2024-12-25T11:49:59","modified_gmt":"2024-12-25T10:49:59","slug":"ensenyaments","status":"publish","type":"page","link":"https:\/\/agora.xtec.cat\/cfamollerussa\/ensenyaments\/","title":{"rendered":"Ensenyaments"},"content":{"rendered":"<p><a href=\"https:\/\/agora.xtec.cat\/cfamollerussa\/competencia-digital-competic\/\"><img loading=\"lazy\" decoding=\"async\" class=\"alignnone size-full wp-image-1661\" src=\"https:\/\/agora.xtec.cat\/cfamollerussa\/wp-content\/uploads\/usu345\/2021\/04\/inform\u00e0tica-e1618477566711.jpg\" alt=\"\" width=\"150\" height=\"115\" \/><\/a> \u00a0<a style=\"font-weight: bold; font-family: inherit; font-size: 1em;\" href=\"https:\/\/agora.xtec.cat\/cfamollerussa\/graduat-en-educacio-secundaria-per-adults\/\"><img loading=\"lazy\" decoding=\"async\" class=\"size-full wp-image-1660\" src=\"https:\/\/agora.xtec.cat\/cfamollerussa\/wp-content\/uploads\/usu345\/2021\/04\/ges-e1618477624277.jpg\" alt=\"\" width=\"150\" height=\"115\" \/><\/a> \u00a0<a style=\"font-weight: bold; font-family: inherit; font-size: 1em;\" href=\"https:\/\/agora.xtec.cat\/cfamollerussa\/preparacio-per-a-la-prova-dacces-a-grau-superior-ppacfgs\/\"><img loading=\"lazy\" decoding=\"async\" class=\"size-full wp-image-1663\" src=\"https:\/\/agora.xtec.cat\/cfamollerussa\/wp-content\/uploads\/usu345\/2021\/04\/superior-e1618477661199.jpg\" alt=\"\" width=\"150\" height=\"115\" \/><\/a> \u00a0<a style=\"font-weight: bold; font-family: inherit; font-size: 1em;\" href=\"https:\/\/agora.xtec.cat\/cfamollerussa\/a-la-universitat-per-a-majors-de-25-anys\/\"><img loading=\"lazy\" decoding=\"async\" class=\"size-full wp-image-1664\" src=\"https:\/\/agora.xtec.cat\/cfamollerussa\/wp-content\/uploads\/usu345\/2021\/04\/universitat-e1618477697213.jpg\" alt=\"\" width=\"150\" height=\"115\" \/>\u00a0<\/a><a style=\"font-weight: bold; font-family: inherit; font-size: 1em;\" href=\"https:\/\/agora.xtec.cat\/cfamollerussa\/ensenyaments\/formacio-instrumental\/\"> <img loading=\"lazy\" decoding=\"async\" class=\"size-full wp-image-1662\" src=\"https:\/\/agora.xtec.cat\/cfamollerussa\/wp-content\/uploads\/usu345\/2021\/04\/instrumental-e1618477725361.jpg\" alt=\"\" width=\"150\" height=\"115\" \/><\/a><\/p>\n<p><a href=\"https:\/\/agora.xtec.cat\/cfamollerussa\/llengua-anglesa\/\"><img loading=\"lazy\" decoding=\"async\" class=\"alignnone size-full wp-image-1656\" src=\"https:\/\/agora.xtec.cat\/cfamollerussa\/wp-content\/uploads\/usu345\/2021\/04\/angl\u00e9s-e1618477764682.jpg\" alt=\"\" width=\"150\" height=\"115\" \/><\/a> \u00a0<a style=\"font-weight: bold; font-family: inherit; font-size: 1em;\" href=\"https:\/\/agora.xtec.cat\/cfamollerussa\/llengua-francesa\/\"><img loading=\"lazy\" decoding=\"async\" class=\"size-full wp-image-1659\" src=\"https:\/\/agora.xtec.cat\/cfamollerussa\/wp-content\/uploads\/usu345\/2021\/04\/frances-e1618477787316.jpg\" alt=\"\" width=\"150\" height=\"115\" \/>\u00a0<\/a> <a style=\"font-weight: bold; font-family: inherit; font-size: 1em;\" href=\"https:\/\/agora.xtec.cat\/cfamollerussa\/llengua-catalana\/\"><img loading=\"lazy\" decoding=\"async\" class=\"size-full wp-image-1658\" src=\"https:\/\/agora.xtec.cat\/cfamollerussa\/wp-content\/uploads\/usu345\/2021\/04\/catala-e1618477825752.jpg\" alt=\"\" width=\"150\" height=\"115\" \/>\u00a0<\/a> <a style=\"font-weight: bold; font-family: inherit; font-size: 1em;\" href=\"https:\/\/agora.xtec.cat\/cfamollerussa\/llengua-castellana\/\"><img loading=\"lazy\" decoding=\"async\" class=\"size-full wp-image-1657\" src=\"https:\/\/agora.xtec.cat\/cfamollerussa\/wp-content\/uploads\/usu345\/2021\/04\/castella-e1618477877992.jpg\" alt=\"\" width=\"150\" height=\"115\" \/><\/a> \u00a0\u00a0<a style=\"font-weight: bold; font-family: inherit; font-size: 1em;\" href=\"https:\/\/agora.xtec.cat\/cfamollerussa\/wp-content\/uploads\/usu345\/2021\/04\/col.laborador-e1618478710374.jpg\"><img loading=\"lazy\" decoding=\"async\" class=\"size-full wp-image-1667\" src=\"https:\/\/agora.xtec.cat\/cfamollerussa\/wp-content\/uploads\/usu345\/2021\/04\/col.laborador-e1618478710374.jpg\" alt=\"\" width=\"150\" height=\"115\" \/><\/a><\/p>\n<h4>Ensenyaments inicials i formaci\u00f2 b\u00e0sica<\/h4>\n<ul>\n<li><a href=\"http:\/\/agora.xtec.cat\/cfamollerussa\/ensenyaments\/ensenyaments-inicials-i-formacio-basica\/llengua-catalana\/\">Llengua catalana<\/a><\/li>\n<li><a href=\"http:\/\/agora.xtec.cat\/cfamollerussa\/ensenyaments\/ensenyaments-inicials-i-formacio-basica\/llengua-castellana\/\">Llengua castellana<\/a><\/li>\n<li><a href=\"http:\/\/agora.xtec.cat\/cfamollerussa\/ensenyaments\/ensenyaments-inicials-i-formacio-basica\/formacio-instrumental\/\">Formaci\u00f3 instrumental<\/a><\/li>\n<li><a href=\"http:\/\/agora.xtec.cat\/cfamollerussa\/ensenyaments\/ensenyaments-inicials-i-formacio-basica\/graduat-en-educacio-secundaria-per-adults\/\">Graduat en educaci\u00f3 secund\u00e0ria per a persones adultes (GESO)<\/a><\/li>\n<li><a href=\"http:\/\/agora.xtec.cat\/cfamollerussa\/ensenyaments\/ensenyaments-per-a-la-preparacio-de-proves-dacces\/a-cicles-formatius-de-grau-mitja\/\">Curs espec\u00edfic d&#8217;acc\u00e9s als cicles de grau mitj\u00e0 (CAM)<\/a><\/li>\n<\/ul>\n<h4>Ensenyaments transprofessionals<\/h4>\n<ul>\n<li><a href=\"http:\/\/agora.xtec.cat\/cfamollerussa\/ensenyaments\/ensenyaments-transprofessionals\/llengua-anglesa\/\">Llengua anglesa<\/a><\/li>\n<li><a href=\"http:\/\/agora.xtec.cat\/cfamollerussa\/ensenyaments\/ensenyaments-transprofessionals\/llengua-francesa\/\">Llengua francesa<\/a><\/li>\n<li><a href=\"http:\/\/agora.xtec.cat\/cfamollerussa\/ensenyaments\/ensenyaments-transprofessionals\/competencia-digital-competic\/\">Compet\u00e8ncia digital COMPETIC<\/a><\/li>\n<\/ul>\n<h4>Ensenyament per a la preparaci\u00f3 de proves d\u2019acc\u00e9s<\/h4>\n<ul>\n<li><a href=\"http:\/\/agora.xtec.cat\/cfamollerussa\/ensenyaments\/ensenyaments-per-a-la-preparacio-de-proves-dacces\/a-cicles-formatius-de-grau-mitja\/\">A cicles formatius de grau mitj\u00e0<\/a><\/li>\n<li><a href=\"http:\/\/agora.xtec.cat\/cfamollerussa\/preparacio-per-a-la-prova-dacces-a-grau-superior-ppacfgs\/\">A cicles formatius de grau superior<\/a><\/li>\n<li><a href=\"http:\/\/agora.xtec.cat\/cfamollerussa\/ensenyaments\/ensenyaments-per-a-la-preparacio-de-proves-dacces\/a-la-universitat-per-a-majors-de-25-anys\/\">A la universitat per a majors de 25 anys<\/a><\/li>\n<\/ul>\n","protected":false},"excerpt":{"rendered":"<p><a href=\"https:\/\/agora.xtec.cat\/cfamollerussa\/competencia-digital-competic\/\"><\/a> \u00a0<a style=\"font-weight: bold; font-family: inherit; font-size: 1em;\" href=\"https:\/\/agora.xtec.cat\/cfamollerussa\/graduat-en-educacio-secundaria-per-adults\/\"><\/a> \u00a0<a style=\"font-weight: bold; font-family: inherit; font-size: 1em;\" href=\"https:\/\/agora.xtec.cat\/cfamollerussa\/preparacio-per-a-la-prova-dacces-a-grau-superior-ppacfgs\/\"><\/a> \u00a0<a style=\"font-weight: bold; font-family: inherit; font-size: 1em;\" href=\"https:\/\/agora.xtec.cat\/cfamollerussa\/a-la-universitat-per-a-majors-de-25-anys\/\">\u00a0<\/a><a style=\"font-weight: bold; font-family: inherit; font-size: 1em;\" href=\"https:\/\/agora.xtec.cat\/cfamollerussa\/ensenyaments\/formacio-instrumental\/\"> <\/a><br \/>\n<a href=\"https:\/\/agora.xtec.cat\/cfamollerussa\/llengua-anglesa\/\"><\/a> \u00a0<a style=\"font-weight: bold; font-family: inherit; font-size: 1em;\" href=\"https:\/\/agora.xtec.cat\/cfamollerussa\/llengua-francesa\/\">\u00a0<\/a> <a style=\"font-weight:&hellip;  <a href=\"https:\/\/agora.xtec.cat\/cfamollerussa\/ensenyaments\/\" title=\"Read Ensenyaments\">Llegeix m\u00e9s\u00bb<\/a><\/p>\n","protected":false},"author":2,"featured_media":0,"parent":0,"menu_order":0,"comment_status":"closed","ping_status":"closed","template":"","meta":{"_bbp_topic_count":0,"_bbp_reply_count":0,"_bbp_total_topic_count":0,"_bbp_total_reply_count":0,"_bbp_voice_count":0,"_bbp_anonymous_reply_count":0,"_bbp_topic_count_hidden":0,"_bbp_reply_count_hidden":0,"_bbp_forum_subforum_count":0,"footnotes":""},"class_list":["post-274","page","type-page","status-publish","hentry"],"post_mailing_queue_ids":[],"_links":{"self":[{"href":"https:\/\/agora.xtec.cat\/cfamollerussa\/wp-json\/wp\/v2\/pages\/274","targetHints":{"allow":["GET"]}}],"collection":[{"href":"https:\/\/agora.xtec.cat\/cfamollerussa\/wp-json\/wp\/v2\/pages"}],"about":[{"href":"https:\/\/agora.xtec.cat\/cfamollerussa\/wp-json\/wp\/v2\/types\/page"}],"author":[{"embeddable":true,"href":"https:\/\/agora.xtec.cat\/cfamollerussa\/wp-json\/wp\/v2\/users\/2"}],"replies":[{"embeddable":true,"href":"https:\/\/agora.xtec.cat\/cfamollerussa\/wp-json\/wp\/v2\/comments?post=274"}],"version-history":[{"count":3,"href":"https:\/\/agora.xtec.cat\/cfamollerussa\/wp-json\/wp\/v2\/pages\/274\/revisions"}],"predecessor-version":[{"id":1694,"href":"https:\/\/agora.xtec.cat\/cfamollerussa\/wp-json\/wp\/v2\/pages\/274\/revisions\/1694"}],"wp:attachment":[{"href":"https:\/\/agora.xtec.cat\/cfamollerussa\/wp-json\/wp\/v2\/media?parent=274"}],"curies":[{"name":"wp","href":"https:\/\/api.w.org\/{rel}","templated":true}]}}