{"id":27,"date":"2014-09-17T16:24:03","date_gmt":"2014-09-17T16:24:03","guid":{"rendered":"http:\/\/agora.xtec.cat\/cfamollerussa\/?page_id=27"},"modified":"2024-12-23T19:58:03","modified_gmt":"2024-12-23T18:58:03","slug":"historia","status":"publish","type":"page","link":"https:\/\/agora.xtec.cat\/cfamollerussa\/el-centre\/historia\/","title":{"rendered":"Hist\u00f2ria"},"content":{"rendered":"<p>L&#8217;escola d&#8217;Adults de Mollerussa va estar ubicada uns anys als <strong>despatxos de la Cambra de Comer\u00e7<\/strong> del municipi. No era un espai gens adequat, doncs el fet de compartir aquest espai amb els membres de la Cambra de Comer\u00e7 feia bastant inc\u00f2mode la tasca di\u00e0ria, tant per a uns com per als altres. En aquella \u00e8poca hi treballaven dues mestres, la Dolors i la Merche.<br \/>\nAl <span style=\"text-decoration: underline;\"><strong>setembre de 2004<\/strong><\/span> l&#8217;escola va canviar per primera vegada d&#8217;ubicaci\u00f3. Provisionalment vam anar a l&#8217;<strong>Escola de M\u00fasica de Mollerussa<\/strong>. F\u00e8iem servir unes aules mentre no hi havia classes de m\u00fasica, i a la tarda es feien les classes en un m\u00f2dul\u00a0i en una aula deixada per l&#8217;<strong>Institut Terres de Ponent<\/strong>. Tampoc era una situaci\u00f3 gens adequada, doncs a mitja tarda els mestres havien de plegar i marxar r\u00e0pid cap a l&#8217;Institut, on ja esperaven els alumnes. Val a dir que els alumnes tamb\u00e9 feien un esfor\u00e7 en despla\u00e7ar-se cap al Terres de Ponent, doncs no est\u00e0 al centre del poble, com seria ideal. Segu\u00edem treballant dos mestres, la Dolors i, ara, el Quim, que va substituir la Merche.<br \/>\nEl <span style=\"text-decoration: underline;\"><strong>curs 2005-2006<\/strong> <\/span>es fa el trasllat cap al <strong>pati de l&#8217;Escola de M\u00fasica<\/strong>, el lloc que ocupem actualment. Ens van instal.lar en un primer m\u00f2dul, i l&#8217;any seg\u00fcent va arribar el segon. Aquest \u00e9s l&#8217;espai on ens trobem actualment.<br \/>\n\u00c9s a partir del curs 2005-2006 quan l&#8217;escola creix. En pocs anys passem de 2 a 4 mestres (s&#8217;hi incorporen la Dolors Cantacorps i la Mireia) i poc despr\u00e9s passem a ser la plantilla definitiva, amb 7 mestres (s&#8217;hi incorporen la Laia, l&#8217;Alba, la Maria i el Francesc, que substitueix a la Mireia).<br \/>\n\u00c9s clar que l&#8217;augment de plantilla respon a la incorporaci\u00f3 de nous aprenentatges. L&#8217;escola d&#8217;adults es declarada <span style=\"text-decoration: underline;\"><strong>Centre de Formaci\u00f3 d&#8217;Adults<\/strong><\/span>, i aix\u00f2 permet implantar el <strong>Graduat en Educaci\u00f3 Secund\u00e0ria<\/strong> (<strong>GES<\/strong>). Paral\u00b7lelament comencem a impartir la <strong>Preparaci\u00f3 per a Cicles Formatius de Grau Mitj\u00e0, Grau Superior i acc\u00e8s a la universitat,<\/strong> augmentem fins a 4\u00a0els nivells d&#8217;<strong>Inform\u00e0tica<\/strong> (<strong>COMPETIC<\/strong>), i creiexen tamb\u00e9 els cursos d&#8217;<strong>Angl\u00e8s<\/strong>.<\/p>\n<p>I aix\u00ed hem arribat fins ara. Cada vegada temin m\u00e9s alumnes d&#8217;idiomes i inform\u00e0tica (per al curs 2017-2018 incorporem l&#8217;ensenyament de franc\u00e8s) i seguim creixent poc a poc en instal.lacions i per damunt de tot en equipaments.<\/p>\n","protected":false},"excerpt":{"rendered":"<p>L&#8217;escola d&#8217;Adults de Mollerussa va estar ubicada uns anys als despatxos de la Cambra de Comer\u00e7 del municipi. No era un espai gens adequat, doncs el fet de compartir aquest espai amb els membres de la Cambra de Comer\u00e7 feia bastant inc\u00f2mode la tasca di\u00e0ria,&hellip;  <a href=\"https:\/\/agora.xtec.cat\/cfamollerussa\/el-centre\/historia\/\" title=\"Read Hist\u00f2ria\">Llegeix m\u00e9s\u00bb<\/a><\/p>\n","protected":false},"author":1,"featured_media":0,"parent":261,"menu_order":20,"comment_status":"closed","ping_status":"closed","template":"","meta":{"_bbp_topic_count":0,"_bbp_reply_count":0,"_bbp_total_topic_count":0,"_bbp_total_reply_count":0,"_bbp_voice_count":0,"_bbp_anonymous_reply_count":0,"_bbp_topic_count_hidden":0,"_bbp_reply_count_hidden":0,"_bbp_forum_subforum_count":0,"footnotes":""},"class_list":["post-27","page","type-page","status-publish","hentry"],"post_mailing_queue_ids":[],"_links":{"self":[{"href":"https:\/\/agora.xtec.cat\/cfamollerussa\/wp-json\/wp\/v2\/pages\/27","targetHints":{"allow":["GET"]}}],"collection":[{"href":"https:\/\/agora.xtec.cat\/cfamollerussa\/wp-json\/wp\/v2\/pages"}],"about":[{"href":"https:\/\/agora.xtec.cat\/cfamollerussa\/wp-json\/wp\/v2\/types\/page"}],"author":[{"embeddable":true,"href":"https:\/\/agora.xtec.cat\/cfamollerussa\/wp-json\/wp\/v2\/users\/1"}],"replies":[{"embeddable":true,"href":"https:\/\/agora.xtec.cat\/cfamollerussa\/wp-json\/wp\/v2\/comments?post=27"}],"version-history":[{"count":3,"href":"https:\/\/agora.xtec.cat\/cfamollerussa\/wp-json\/wp\/v2\/pages\/27\/revisions"}],"predecessor-version":[{"id":731,"href":"https:\/\/agora.xtec.cat\/cfamollerussa\/wp-json\/wp\/v2\/pages\/27\/revisions\/731"}],"up":[{"embeddable":true,"href":"https:\/\/agora.xtec.cat\/cfamollerussa\/wp-json\/wp\/v2\/pages\/261"}],"wp:attachment":[{"href":"https:\/\/agora.xtec.cat\/cfamollerussa\/wp-json\/wp\/v2\/media?parent=27"}],"curies":[{"name":"wp","href":"https:\/\/api.w.org\/{rel}","templated":true}]}}