{"id":265,"date":"2015-01-27T17:28:56","date_gmt":"2015-01-27T16:28:56","guid":{"rendered":"http:\/\/agora.xtec.cat\/cfamollerussa\/?page_id=265"},"modified":"2024-12-02T19:09:17","modified_gmt":"2024-12-02T18:09:17","slug":"organitzacio-interna","status":"publish","type":"page","link":"https:\/\/agora.xtec.cat\/cfamollerussa\/el-centre\/organitzacio-interna\/","title":{"rendered":"Organitzaci\u00f3 interna"},"content":{"rendered":"<h4 class=\"western\"><span style=\"color: #ff0000;\">Recull de tasques extret del PEC del CFA Mollerussa<\/span><\/h4>\n<h4 class=\"western\">Equip directiu<\/h4>\n<p class=\"western\" align=\"justify\"><span style=\"font-family: Arial, sans-serif;\"><span style=\"font-size: medium;\">\u00c9s l\u2019\u00f2rgan executiu de govern del centre. El formen el director, el cap d\u2019estudis i la secretaria. Per ser operatiu, l\u2019Equip Directiu haur\u00e0 de:<\/span><\/span><\/p>\n<ul>\n<li>\n<p class=\"western\" align=\"justify\"><span style=\"font-family: Arial, sans-serif;\"><span style=\"font-size: medium;\">Plantejar una evoluci\u00f3 del funcionament d\u2019acord amb la nova societat.<\/span><\/span><\/p>\n<\/li>\n<li>\n<p class=\"western\" align=\"justify\"><span style=\"font-family: Arial, sans-serif;\"><span style=\"font-size: medium;\">Garantir que tothom estigui informat del que es pret\u00e9n i com es pret\u00e9n.<\/span><\/span><\/p>\n<\/li>\n<li>\n<p class=\"western\" align=\"justify\"><span style=\"font-family: Arial, sans-serif;\"><span style=\"font-size: medium;\">Establir prioritats d\u2019actuaci\u00f3.<\/span><\/span><\/p>\n<\/li>\n<li>\n<p class=\"western\" align=\"justify\"><span style=\"font-family: Arial, sans-serif;\"><span style=\"font-size: medium;\">Animar a l\u2019intercanvi i discussi\u00f3 d\u2019opinions.<\/span><\/span><\/p>\n<\/li>\n<li>\n<p class=\"western\" align=\"justify\"><span style=\"font-family: Arial, sans-serif;\"><span style=\"font-size: medium;\">Observa les situacions problem\u00e0tiques i promoure plans d\u2019actuaci\u00f3.<\/span><\/span><\/p>\n<\/li>\n<li>\n<p class=\"western\" align=\"justify\"><span style=\"font-family: Arial, sans-serif;\"><span style=\"font-size: medium;\">Compensar les desigualtats de l\u2019alumnat.<\/span><\/span><\/p>\n<\/li>\n<li>\n<p class=\"western\" align=\"justify\"><span style=\"font-family: Arial, sans-serif;\"><span style=\"font-size: medium;\">Promoure l\u2019autorevisi\u00f3 de les actuacions.<\/span><\/span><\/p>\n<\/li>\n<\/ul>\n<p class=\"western\" align=\"justify\"><strong><span style=\"font-size: medium;\">El Director<\/span><\/strong><\/p>\n<p class=\"western\" align=\"justify\"><span style=\"font-family: Arial, sans-serif;\"><span style=\"font-size: medium;\">Les seves compet\u00e8ncies s\u00f3n:<\/span><\/span><\/p>\n<ul>\n<li>\n<p class=\"western\" align=\"justify\"><span style=\"font-family: Arial, sans-serif;\"><span style=\"font-size: medium;\">Representar el centre<\/span><\/span><\/p>\n<\/li>\n<li>\n<p class=\"western\" align=\"justify\"><span style=\"font-family: Arial, sans-serif;\"><span style=\"font-size: medium;\">Dirigir i coordinar les activitats del centre<\/span><\/span><\/p>\n<\/li>\n<li>\n<p class=\"western\" align=\"justify\"><span style=\"font-family: Arial, sans-serif;\"><span style=\"font-size: medium;\">Promoure la innovaci\u00f3 educativa<\/span><\/span><\/p>\n<\/li>\n<li>\n<p class=\"western\" align=\"justify\"><span style=\"font-family: Arial, sans-serif;\"><span style=\"font-size: medium;\">Garantir el compliment de les lleis<\/span><\/span><\/p>\n<\/li>\n<li>\n<p class=\"western\" align=\"justify\"><span style=\"font-family: Arial, sans-serif;\"><span style=\"font-size: medium;\">Exercir de cap del personal del centre<\/span><\/span><\/p>\n<\/li>\n<li>\n<p class=\"western\" align=\"justify\"><span style=\"font-family: Arial, sans-serif;\"><span style=\"font-size: medium;\">Afavorir la bona conviv\u00e8ncia al centre<\/span><\/span><\/p>\n<\/li>\n<li>\n<p class=\"western\" align=\"justify\"><span style=\"font-family: Arial, sans-serif;\"><span style=\"font-size: medium;\">Impulsar la col\u00b7laboraci\u00f3 amb la Comunitat Educativa<\/span><\/span><\/p>\n<\/li>\n<li>\n<p class=\"western\" align=\"justify\"><span style=\"font-family: Arial, sans-serif;\"><span style=\"font-size: medium;\">Impulsar avaluacions internes i col\u00b7laborar a les externes del centre i del professorat<\/span><\/span><\/p>\n<\/li>\n<li>\n<p class=\"western\" align=\"justify\"><span style=\"font-family: Arial, sans-serif;\"><span style=\"font-size: medium;\">Convocar i presidir les sessions del Consell i del Claustre<\/span><\/span><\/p>\n<\/li>\n<li>\n<p class=\"western\" align=\"justify\"><span style=\"font-family: Arial, sans-serif;\"><span style=\"font-size: medium;\">Contractar els subministres del centre, signar documents oficials&#8230;<\/span><\/span><\/p>\n<\/li>\n<li>\n<p class=\"western\" align=\"justify\"><span style=\"font-family: Arial, sans-serif;\"><span style=\"font-size: medium;\">Proposar el nomenament o cessament de membres de l\u2019Equip<\/span><\/span><\/p>\n<\/li>\n<li>\n<p class=\"western\" align=\"justify\"><span style=\"font-family: Arial, sans-serif;\"><span style=\"font-size: medium;\">Qualsevol que li sigui atribu\u00efda per l\u2019Administraci\u00f3 Educativa<\/span><\/span><\/p>\n<\/li>\n<\/ul>\n<pre class=\"western\"><strong><span style=\"font-family: Arial, sans-serif;\"><span style=\"font-size: medium;\">El Cap d\u2019estudis<\/span><\/span><\/strong><\/pre>\n<p class=\"western\" align=\"justify\"><span style=\"font-family: Arial, sans-serif;\"><span style=\"font-size: medium;\">Les seves compet\u00e8ncies s\u00f3n:<\/span><\/span><\/p>\n<ul>\n<li>\n<p class=\"western\" align=\"justify\"><span style=\"font-family: Arial, sans-serif;\"><span style=\"font-size: medium;\">Exercir de cap del personal docent pel que fa al tema acad\u00e8mic<\/span><\/span><\/p>\n<\/li>\n<li>\n<p class=\"western\" align=\"justify\"><span style=\"font-family: Arial, sans-serif;\"><span style=\"font-size: medium;\">Substituir al director en casos de malaltia o abs\u00e8ncia<\/span><\/span><\/p>\n<\/li>\n<li>\n<p class=\"western\" align=\"justify\"><span style=\"font-family: Arial, sans-serif;\"><span style=\"font-size: medium;\">Coordinar activitats acad\u00e8miques del PEC i la PAC<\/span><\/span><\/p>\n<\/li>\n<li>\n<p class=\"western\" align=\"justify\"><span style=\"font-family: Arial, sans-serif;\"><span style=\"font-size: medium;\">Elaborar els horaris dels alumnes i mestres<\/span><\/span><\/p>\n<\/li>\n<li>\n<p class=\"western\" align=\"justify\"><span style=\"font-family: Arial, sans-serif;\"><span style=\"font-size: medium;\">Coordinar les feines dels equips docents i el pla d\u2019acci\u00f3 tutorial<\/span><\/span><\/p>\n<\/li>\n<li>\n<p class=\"western\" align=\"justify\"><span style=\"font-family: Arial, sans-serif;\"><span style=\"font-size: medium;\">Coordinar les activitats de millora formativa del professorat<\/span><\/span><\/p>\n<\/li>\n<li>\n<p class=\"western\" align=\"justify\"><span style=\"font-family: Arial, sans-serif;\"><span style=\"font-size: medium;\">Organitzar actes acad\u00e8mics<\/span><\/span><\/p>\n<\/li>\n<li>\n<p class=\"western\" align=\"justify\"><span style=\"font-family: Arial, sans-serif;\"><span style=\"font-size: medium;\">Fomentar la participaci\u00f3 de l\u2019alumnat<\/span><\/span><\/p>\n<\/li>\n<li>\n<p class=\"western\" align=\"justify\"><span style=\"font-family: Arial, sans-serif;\"><span style=\"font-size: medium;\">Participar en l\u2019elaboraci\u00f3 del PEC i la PAC<\/span><\/span><\/p>\n<\/li>\n<li>\n<p class=\"western\" align=\"justify\"><span style=\"font-family: Arial, sans-serif;\"><span style=\"font-size: medium;\">Afavorir la bona conviv\u00e8ncia al centre<\/span><\/span><\/p>\n<\/li>\n<li>\n<p class=\"western\" align=\"justify\"><span style=\"font-family: Arial, sans-serif;\"><span style=\"font-size: medium;\">Organitzar l\u2019atenci\u00f3 de l\u2019alumnat en horari no lectiu<\/span><\/span><\/p>\n<\/li>\n<li>\n<p class=\"western\" align=\"justify\"><span style=\"font-family: Arial, sans-serif;\"><span style=\"font-size: medium;\">Qualsevol altra que li encomani l\u2019Administraci\u00f3 educativa.<\/span><\/span><\/p>\n<p class=\"western\" align=\"justify\"><strong>La secretaria<\/strong><\/p>\n<\/li>\n<\/ul>\n<p class=\"western\" align=\"justify\"><span style=\"font-family: Arial, sans-serif;\"><span style=\"font-size: medium;\">S\u2018encarrega de:<\/span><\/span><\/p>\n<ul>\n<li value=\"1\">\n<p class=\"western\" align=\"justify\"><span style=\"font-family: Arial, sans-serif;\"><span style=\"font-size: medium;\">Dur a terme les tasques administratives del centre<\/span><\/span><\/p>\n<\/li>\n<li>\n<p class=\"western\" align=\"justify\"><span style=\"font-family: Arial, sans-serif;\"><span style=\"font-size: medium;\">Actuar com a secretari a les reunions del Consell i Claustre<\/span><\/span><\/p>\n<\/li>\n<li>\n<p class=\"western\" align=\"justify\"><span style=\"font-family: Arial, sans-serif;\"><span style=\"font-size: medium;\">Organitzar els llibres i arxius del centre<\/span><\/span><\/p>\n<\/li>\n<li>\n<p class=\"western\" align=\"justify\"><span style=\"font-family: Arial, sans-serif;\"><span style=\"font-size: medium;\">Expedir certificacions<\/span><\/span><\/p>\n<\/li>\n<li>\n<p class=\"western\" align=\"justify\"><span style=\"font-family: Arial, sans-serif;\"><span style=\"font-size: medium;\">Realitzar inventari del centre<\/span><\/span><\/p>\n<\/li>\n<li>\n<p class=\"western\" align=\"justify\"><span style=\"font-family: Arial, sans-serif;\"><span style=\"font-size: medium;\">Organitzar l\u2019\u00fas del material inform\u00e0tic, audiovisual o did\u00e0ctic<\/span><\/span><\/p>\n<\/li>\n<li>\n<p class=\"western\" align=\"justify\"><span style=\"font-family: Arial, sans-serif;\"><span style=\"font-size: medium;\">Exercir de cap del PAS<\/span><\/span><\/p>\n<\/li>\n<li>\n<p class=\"western\" align=\"justify\"><span style=\"font-family: Arial, sans-serif;\"><span style=\"font-size: medium;\">Elaborar l\u2019avantprojecte del pressupost<\/span><\/span><\/p>\n<\/li>\n<li>\n<p class=\"western\" align=\"justify\"><span style=\"font-family: Arial, sans-serif;\"><span style=\"font-size: medium;\">Dur les finances\/comptabilitat del centre<\/span><\/span><\/p>\n<\/li>\n<li>\n<p class=\"western\" align=\"justify\"><span style=\"font-family: Arial, sans-serif;\"><span style=\"font-size: medium;\">Participar en l\u2019elaboraci\u00f3 del PEC i la PAC<\/span><\/span><\/p>\n<\/li>\n<li>\n<p class=\"western\" align=\"justify\"><span style=\"font-family: Arial, sans-serif;\"><span style=\"font-size: medium;\">Vetllar per la bona conservaci\u00f3 del material del centre<\/span><\/span><\/p>\n<\/li>\n<li>\n<p class=\"western\" align=\"justify\"><span style=\"font-family: Arial, sans-serif;\"><span style=\"font-size: medium;\">Qualsevol altra que li encomani l\u2019Administraci\u00f3 Educativa<\/span><\/span><\/p>\n<\/li>\n<\/ul>\n<h4 class=\"western\">L\u2019Equip de Professors<\/h4>\n<p class=\"western\" align=\"left\"><span style=\"font-family: Arial, sans-serif;\">Les funcions de l\u2019equip de mestres s\u00f3n:<\/span><\/p>\n<ul>\n<li>\n<p class=\"western\" align=\"justify\"><span style=\"font-family: Arial, sans-serif;\"><span style=\"font-size: medium;\">Fer el seguiment i avaluaci\u00f3 dels alumnes<\/span><\/span><\/p>\n<\/li>\n<li>\n<p class=\"western\" align=\"justify\"><span style=\"font-family: Arial, sans-serif;\"><span style=\"font-size: medium;\">Afavorir la millora del clima a l\u2019aula<\/span><\/span><\/p>\n<\/li>\n<li>\n<p class=\"western\" align=\"justify\"><span style=\"font-family: Arial, sans-serif;\"><span style=\"font-size: medium;\">Tractar conjuntament els conflictes de l\u2019aula<\/span><\/span><\/p>\n<\/li>\n<li>\n<p class=\"western\" align=\"justify\"><span style=\"font-family: Arial, sans-serif;\"><span style=\"font-size: medium;\">Coordinar-se en les activitats d\u2019ensenyaments-aprenentatge del grup<\/span><\/span><\/p>\n<\/li>\n<li>\n<p class=\"western\" align=\"justify\"><span style=\"font-family: Arial, sans-serif;\"><span style=\"font-size: medium;\">Participar en l\u2019elaboraci\u00f3 dels informes.<\/span><\/span><\/p>\n<\/li>\n<\/ul>\n<p class=\"western\" align=\"justify\"><strong><span style=\"font-family: Arial, sans-serif;\"><span style=\"font-size: medium;\">El Claustre<\/span><\/span><\/strong><\/p>\n<p class=\"western\" align=\"justify\"><span style=\"font-family: Arial, sans-serif;\"><span style=\"font-size: medium;\">\u00c9s l\u2019\u00f2rgan de participaci\u00f3 dels professors al centre. All\u00e0 es programen activitats docents, es fixen els criteris d\u2019avaluaci\u00f3, es coordinen les activitats tutorials, activitats complement\u00e0ries&#8230;<\/span><\/span><\/p>\n<p class=\"western\" align=\"justify\"><span style=\"font-family: Arial, sans-serif;\"><span style=\"font-size: medium;\">El claustre \u00e9s presidit pel director i els membres s\u00f3n TOTS els professors del centre. Les seves funcions s\u00f3n:<\/span><\/span><\/p>\n<ul>\n<li>\n<p class=\"western\" align=\"justify\"><span style=\"font-family: Arial, sans-serif;\"><span style=\"font-size: medium;\">Presentar propostes al Equip Directiu per al PEC i la PAC<\/span><\/span><\/p>\n<\/li>\n<li>\n<p class=\"western\" align=\"justify\"><span style=\"font-family: Arial, sans-serif;\"><span style=\"font-size: medium;\">Aprovar i avaluar la concreci\u00f3 del curr\u00edculum i la PAC<\/span><\/span><\/p>\n<\/li>\n<li>\n<p class=\"western\" align=\"justify\"><span style=\"font-family: Arial, sans-serif;\"><span style=\"font-size: medium;\">Establir criteris de tutories, avaluacions, recuperacions&#8230;<\/span><\/span><\/p>\n<\/li>\n<li>\n<p class=\"western\" align=\"justify\"><span style=\"font-family: Arial, sans-serif;\"><span style=\"font-size: medium;\">Promoure iniciatives d\u2019investigaci\u00f3 pedag\u00f2gica o en la formaci\u00f3 del professorat.<\/span><\/span><\/p>\n<\/li>\n<li>\n<p class=\"western\" align=\"justify\"><span style=\"font-family: Arial, sans-serif;\"><span style=\"font-size: medium;\">Escollir els representants del seu \u00e0mbit al Consell i participar en l\u2019elecci\u00f3 del director.<\/span><\/span><\/p>\n<\/li>\n<li>\n<p class=\"western\" align=\"justify\"><span style=\"font-family: Arial, sans-serif;\"><span style=\"font-size: medium;\">Valorar el funcionament del centre, les avaluacions externes i internes&#8230;<\/span><\/span><\/p>\n<\/li>\n<li>\n<p class=\"western\" align=\"justify\"><span style=\"font-family: Arial, sans-serif;\"><span style=\"font-size: medium;\">Con\u00e8ixer la resoluci\u00f3 de conflictes i la imposici\u00f3 de sancions<\/span><\/span><\/p>\n<\/li>\n<li>\n<p class=\"western\" align=\"justify\"><span style=\"font-family: Arial, sans-serif;\"><span style=\"font-size: medium;\">Promoure mesures per millorar la conviv\u00e8ncia al centre<\/span><\/span><\/p>\n<\/li>\n<li>\n<p class=\"western\" align=\"justify\"><span style=\"font-family: Arial, sans-serif;\"><span style=\"font-size: medium;\">Qualsevol altra que li atribueixi la Administraci\u00f3 Educativa<\/span><\/span><\/p>\n<\/li>\n<\/ul>\n<h5 class=\"western\" align=\"left\"><span style=\"font-family: Arial, sans-serif;\"><span style=\"font-size: medium;\">Coordinacions<\/span><\/span><\/h5>\n<p align=\"left\"><span style=\"color: #000000;\"><span style=\"font-size: medium;\"><span lang=\"ca-ES\">El director assignar\u00e0 el professorat per a les Coordinacions d&#8217;Ensenyaments B\u00e0sics, Ensenyaments Inicials, Preparaci\u00f3 a les Proves de Cicles i Compet\u00e8ncies per a la Societat de la Informaci\u00f3. Les seves<\/span><\/span><\/span> <span style=\"color: #000000;\"><span style=\"font-family: Arial, sans-serif;\"><span style=\"font-size: medium;\"><span lang=\"ca-ES\">funcions s\u00f3n:<\/span><\/span><\/span><\/span><\/p>\n<ul>\n<li>\n<p align=\"left\">Coordinar les activitats lectives i no lectives dels alumnes del seu nivell de coordinaci\u00f3.<\/p>\n<\/li>\n<li>\n<p align=\"justify\"><span style=\"font-family: Arial, sans-serif;\"><span style=\"font-size: medium;\">Convocar el professorat de grup per tractar dels problemes que afecten el seu \u00e0mbit.<\/span><\/span><\/p>\n<\/li>\n<li>\n<p align=\"justify\"><span style=\"font-family: Arial, sans-serif;\"><span style=\"font-size: medium;\">Organitzar activitats extraescolars que promoguin la conviv\u00e8ncia entre l\u2019alumnat i el professorat del mateix nivell.<\/span><\/span><\/p>\n<\/li>\n<li>\n<p align=\"justify\"><span style=\"font-family: Arial, sans-serif;\"><span style=\"font-size: medium;\">Orientar l\u2019alumnat sobre les sortides professionals i d\u2019estudis (sens prejudici de les funcions del tutor al respecte).<\/span><\/span><\/p>\n<\/li>\n<li>\n<p align=\"justify\"><span style=\"font-family: Arial, sans-serif;\"><span style=\"font-size: medium;\">Totes les que, proposades pels propis coordinadors, benefici\u00efn l\u2019alumnat.<\/span><\/span><\/p>\n<\/li>\n<li>\n<p align=\"justify\"><span style=\"font-family: Arial, sans-serif;\"><span style=\"font-size: medium;\">Orientar i informar de la convocat\u00f2ria de les proves lliures.<\/span><\/span><\/p>\n<\/li>\n<li>\n<p align=\"justify\"><span style=\"font-family: Arial, sans-serif;\"><span style=\"font-size: medium;\">Qualsevol que li sigui encomanada per l\u2019autoritat competent.<\/span><\/span><\/p>\n<\/li>\n<\/ul>\n<p align=\"left\"><span style=\"font-family: Arial, sans-serif;\"><span style=\"color: #000000;\"><span style=\"font-size: medium;\"><span lang=\"ca-ES\">Altres Coordinacions s\u00f3n assumides pel Claustre, perqu\u00e8 <\/span><\/span><\/span>el centre t\u00e9 poc professorat per assignar-los tots:<\/span><\/p>\n<ul>\n<li value=\"1\">\n<p align=\"justify\"><span style=\"font-family: Arial, sans-serif;\"><span style=\"font-size: medium;\">Funcions de coordinaci\u00f3 TIC:<\/span><\/span><\/p>\n<\/li>\n<li>\n<p align=\"justify\"><span style=\"font-family: Arial, sans-serif;\"><span style=\"font-size: medium;\">Funcions de coordinaci\u00f3 d\u2019activitats i serveis escolars:<\/span><\/span><\/p>\n<\/li>\n<li>\n<p align=\"justify\"><span style=\"color: #000000;\"><span style=\"font-family: Arial, sans-serif;\"><span style=\"font-size: medium;\"><span lang=\"ca-ES\">Funcio<\/span><\/span><\/span><\/span>ns de prevenci\u00f3 de riscos laborals<\/p>\n<\/li>\n<\/ul>\n<h5 class=\"western\" align=\"left\"><span style=\"font-family: Arial, sans-serif;\"><span style=\"font-size: medium;\">Tutories<\/span><\/span><\/h5>\n<p class=\"western\" align=\"justify\"><span style=\"font-family: Arial, sans-serif;\"><span style=\"font-size: medium;\">Estaran formades pels mestres de cada \u00e0mbit segons la distribuci\u00f3 d\u2019horaris i mat\u00e8ries corresponents que, de com\u00fa acord, el Claustre estableixi per a cada curs escolar. La periodicitat i l\u2019horari ser\u00e0 establert pel Claustre a cada inici de curs.<\/span><\/span><\/p>\n<p class=\"western\" align=\"justify\"><span style=\"font-family: Arial, sans-serif;\"><span style=\"font-size: medium;\">El tutor coordinar\u00e0 el grup de mestres que fan classe a un mateix grup. Es reuniran quan calgui i sempre que ho sol\u00b7liciti el cap d\u2019estudis. Cada grup t\u00e9 un tutor. Les seves funcions s\u00f3n:<\/span><\/span><\/p>\n<ul>\n<li>\n<p class=\"western\" align=\"justify\"><span style=\"font-family: Arial, sans-serif;\"><span style=\"font-size: medium;\">Participar en el PCC<\/span><\/span><\/p>\n<\/li>\n<li>\n<p class=\"western\" align=\"justify\"><span style=\"font-family: Arial, sans-serif;\"><span style=\"font-size: medium;\">Coordinar les tutories<\/span><\/span><\/p>\n<\/li>\n<li>\n<p class=\"western\" align=\"justify\"><span style=\"font-family: Arial, sans-serif;\"><span style=\"font-size: medium;\">Coordinar l\u2019ensenyament al cicle d\u2019acord amb el curr\u00edculum<\/span><\/span><\/p>\n<\/li>\n<li>\n<p class=\"western\" align=\"justify\"><span style=\"font-family: Arial, sans-serif;\"><span style=\"color: #000000;\"><span style=\"font-size: medium;\"><span lang=\"ca-ES\">Qual<\/span><\/span><\/span>sevol altra tasca que li encomani el Cap d\u2019Estudis<\/span><\/p>\n<\/li>\n<\/ul>\n<h4 class=\"western\"><span style=\"font-size: medium;\">El PAS<\/span><\/h4>\n<p class=\"western\" align=\"justify\"><span style=\"font-family: Arial, sans-serif;\"><span style=\"font-size: medium;\">L\u2019administrativa incorporada des de fa 10\u00a0cursos forma part tamb\u00e9 del Consell de Centre, per assabentar-se aix\u00ed del funcionament del Centre.<\/span><\/span><\/p>\n<p>&nbsp;<\/p>\n","protected":false},"excerpt":{"rendered":"<p>Recull de tasques extret del PEC del CFA Mollerussa<br \/>\nEquip directiu<br \/>\n\u00c9s l\u2019\u00f2rgan executiu de govern del centre. El formen el director, el cap d\u2019estudis i la secretaria. Per ser operatiu, l\u2019Equip Directiu haur\u00e0 de:<\/p>\n<ul>\n<li>\nPlantejar una evoluci\u00f3 del funcionament d\u2019acord amb la nova societat.\n<\/li>\n<li>\nGarantir que tothom estigui&hellip;  <a href=\"https:\/\/agora.xtec.cat\/cfamollerussa\/el-centre\/organitzacio-interna\/\" title=\"Read Organitzaci\u00f3 interna\">Llegeix m\u00e9s\u00bb<\/a><\/p>\n","protected":false},"author":2,"featured_media":0,"parent":261,"menu_order":40,"comment_status":"closed","ping_status":"closed","template":"page-templates\/side-menu.php","meta":{"_bbp_topic_count":0,"_bbp_reply_count":0,"_bbp_total_topic_count":0,"_bbp_total_reply_count":0,"_bbp_voice_count":0,"_bbp_anonymous_reply_count":0,"_bbp_topic_count_hidden":0,"_bbp_reply_count_hidden":0,"_bbp_forum_subforum_count":0,"footnotes":""},"class_list":["post-265","page","type-page","status-publish","hentry"],"post_mailing_queue_ids":[],"_links":{"self":[{"href":"https:\/\/agora.xtec.cat\/cfamollerussa\/wp-json\/wp\/v2\/pages\/265","targetHints":{"allow":["GET"]}}],"collection":[{"href":"https:\/\/agora.xtec.cat\/cfamollerussa\/wp-json\/wp\/v2\/pages"}],"about":[{"href":"https:\/\/agora.xtec.cat\/cfamollerussa\/wp-json\/wp\/v2\/types\/page"}],"author":[{"embeddable":true,"href":"https:\/\/agora.xtec.cat\/cfamollerussa\/wp-json\/wp\/v2\/users\/2"}],"replies":[{"embeddable":true,"href":"https:\/\/agora.xtec.cat\/cfamollerussa\/wp-json\/wp\/v2\/comments?post=265"}],"version-history":[{"count":4,"href":"https:\/\/agora.xtec.cat\/cfamollerussa\/wp-json\/wp\/v2\/pages\/265\/revisions"}],"predecessor-version":[{"id":2173,"href":"https:\/\/agora.xtec.cat\/cfamollerussa\/wp-json\/wp\/v2\/pages\/265\/revisions\/2173"}],"up":[{"embeddable":true,"href":"https:\/\/agora.xtec.cat\/cfamollerussa\/wp-json\/wp\/v2\/pages\/261"}],"wp:attachment":[{"href":"https:\/\/agora.xtec.cat\/cfamollerussa\/wp-json\/wp\/v2\/media?parent=265"}],"curies":[{"name":"wp","href":"https:\/\/api.w.org\/{rel}","templated":true}]}}