{"id":2402,"date":"2024-12-26T17:37:57","date_gmt":"2024-12-26T16:37:57","guid":{"rendered":"https:\/\/agora.xtec.cat\/cfamollerussa\/?page_id=2402"},"modified":"2024-12-27T13:07:40","modified_gmt":"2024-12-27T12:07:40","slug":"asseguranca-escolar","status":"publish","type":"page","link":"https:\/\/agora.xtec.cat\/cfamollerussa\/asseguranca-escolar\/","title":{"rendered":"Asseguran\u00e7a escolar"},"content":{"rendered":"<h2><span style=\"color: #ff00ff;\"><a href=\"https:\/\/agora.xtec.cat\/cfamollerussa\/informacio-secretaria\/\"><img loading=\"lazy\" decoding=\"async\" class=\"alignnone size-full wp-image-879\" src=\"https:\/\/agora.xtec.cat\/cfamollerussa\/wp-content\/uploads\/usu345\/2019\/08\/Sin-nombre.jpg\" alt=\"\" width=\"722\" height=\"175\" srcset=\"https:\/\/agora.xtec.cat\/cfamollerussa\/wp-content\/uploads\/usu345\/2019\/08\/Sin-nombre.jpg 722w, https:\/\/agora.xtec.cat\/cfamollerussa\/wp-content\/uploads\/usu345\/2019\/08\/Sin-nombre-300x73.jpg 300w\" sizes=\"auto, (max-width: 722px) 100vw, 722px\" \/><\/a><\/span><\/h2>\n<div>\n<div class=\"row\">\n<div class=\"basic_text_peq col-xs-12\">\n<p>&nbsp;<\/p>\n<table style=\"height: 128px; width: 100%; border-collapse: collapse; border-color: #eb09df;\">\n<tbody>\n<tr style=\"height: 32px;\">\n<td style=\"width: 50%; height: 32px;\">\n<pre><a href=\"https:\/\/agora.xtec.cat\/cfamollerussa\/preinscripcio\/\"><strong>PREINSCRIPCI\u00d3<\/strong><\/a><\/pre>\n<\/td>\n<td style=\"width: 50%; height: 32px;\">\n<pre><a href=\"https:\/\/agora.xtec.cat\/cfamollerussa\/matricula\/\"><strong>MATR\u00cdCULA<\/strong><\/a><\/pre>\n<\/td>\n<\/tr>\n<tr style=\"height: 32px;\">\n<td style=\"width: 50%; height: 32px;\">\n<pre><a href=\"https:\/\/agora.xtec.cat\/cfamollerussa\/expedicio-de-titols\/\"><strong>EXPEDICI\u00d3 DE T\u00cdTOLS<\/strong><\/a><\/pre>\n<\/td>\n<td style=\"width: 50%; height: 32px;\">\n<pre><a href=\"https:\/\/agora.xtec.cat\/cfamollerussa\/certificats\/\"><strong>CERTIFICATS<\/strong><\/a><\/pre>\n<\/td>\n<\/tr>\n<tr style=\"height: 32px;\">\n<td style=\"width: 50%; height: 32px;\">\n<pre><a href=\"https:\/\/agora.xtec.cat\/cfamollerussa\/proves-lliures-de-ges\/\"><strong>PROVES LLIURES DE GES<\/strong><\/a><\/pre>\n<\/td>\n<td style=\"width: 50%; height: 32px;\">\n<pre><a href=\"https:\/\/agora.xtec.cat\/cfamollerussa\/asseguranca-escolar\/\"><strong>ASSEGURAN\u00c7A ESCOLAR<\/strong><\/a><\/pre>\n<\/td>\n<\/tr>\n<tr style=\"height: 32px;\">\n<td style=\"width: 50%; height: 32px;\"><a href=\"https:\/\/agora.xtec.cat\/cfamollerussa\/acreditacio-del-nivell-c1-de-catala\/\"><strong>ACREDITACI\u00d3 DEL NIVELL C1 DE CATALA<\/strong><\/a><\/td>\n<td style=\"width: 50%; height: 32px;\"><a href=\"https:\/\/agora.xtec.cat\/cfamollerussa\/fer-pagaments\/\"><strong>FER PAGAMENTS<\/strong><\/a><\/td>\n<\/tr>\n<\/tbody>\n<\/table>\n<\/div>\n<div class=\"basic_text_peq col-xs-12\">\n<div class=\"pd-15x\"><\/div>\n<\/div>\n<\/div>\n<\/div>\n<div>\n<div class=\"row\">\n<div class=\"col-xs-12 columna_esquerra\">\n<div class=\"cos_bloc basic_text_peq pd-15\">\n<p>Tots els alumnes menors de 28 anys amb resid\u00e8ncia legal a Espanya, que hagin abonat la quota corresponent a l\u2019asseguran\u00e7a escolar, independentment de la titularitat del centre, i que cursin, entre d\u2019altres, cicles formatius de formaci\u00f3 professional, cicles formatius d\u2019arts pl\u00e0stiques i disseny, batxillerat, cicles d\u2019ensenyaments esportius i programes de formaci\u00f3 i inserci\u00f3 (PFI) organitzats o autoritzats pel Departament d\u2019Educaci\u00f3 i Formaci\u00f3 Professional i ensenyaments art\u00edstics superiors.<\/p>\n<p>Els alumnes m\u00e9s grans de 28 anys i els alumnes sense resid\u00e8ncia legal a Espanya, que estiguin matriculats en estudis d\u2019ensenyaments professionals, batxillerat i en altres programes formatius autoritzats o organitzats pel Departament d\u2019Educaci\u00f3 i Formaci\u00f3 Professional, que no treballin i no disposin de cap cobertura assistencial, han de disposar d\u2019una p\u00f2lissa d\u2019asseguran\u00e7a particular o col\u00b7lectiva amb la mateixa cobertura assistencial per accidents que tenen a l\u2019asseguran\u00e7a escolar i presentar-ne una c\u00f2pia al centre.<\/p>\n<p>Els alumnes que disposin de la targeta sanit\u00e0ria del Servei Catal\u00e0 de la Salut tenen coberta l\u2019assist\u00e8ncia sanit\u00e0ria, i poden iniciar les pr\u00e0ctiques, per\u00f2 no tenen dret a les prestacions singulars que dona l\u2019asseguran\u00e7a escolar obligat\u00f2ria.<\/p>\n<p><strong>Cobertura<\/strong><\/p>\n<p>Accident escolar: Es considera accident escolar tota lesi\u00f3 corporal que pateix l&#8217;estudiant amb ocasi\u00f3 d&#8217;activitats relacionades amb la seva condici\u00f3 d&#8217;estudiant, tot considerant incloses les activitats esportives, assemblees, viatges d&#8217;estudis, pr\u00e0ctiques i\u00a0altres de similars, sempre que aquestes activitats hagin estat organitzades o autoritzades pels centres docents.<br \/>\nL&#8217;accident donar\u00e0 lloc a dret d&#8217;assist\u00e8ncia m\u00e8dica, farmac\u00e8utica i a indemnitzaci\u00f3 per incapacitat, si s&#8217;escau.<br \/>\nMalaltia<br \/>\nInfortuni familiar\u00a0(prestaci\u00f3 econ\u00f2mica)<\/p>\n<p><strong>Vig\u00e8ncia<\/strong><\/p>\n<p>L&#8217;alumnat queda autom\u00e0ticament assegurat des del moment en qu\u00e8 formalitza la matr\u00edcula, que inclou la quota anual de l&#8217;asseguran\u00e7a escolar.<\/p>\n<\/div>\n<p><a href=\"https:\/\/revista.seg-social.es\/-\/seguro-escolar-obligatorio\">M\u00c9S INFORMACI\u00d3<\/a><\/p>\n<p><span style=\"color: #800000; font-size: 1.6875em; font-weight: bold;\">INFORMACIONS D&#8217;INTER\u00c8S:<\/span><\/p>\n<div class=\"pd-15x\">\n<div class=\"col-xs-12 columna_esquerra\">\n<div class=\"cos_bloc basic_text_peq pd-15\">\n<ul>\n<li><a href=\"https:\/\/triaeducativa.gencat.cat\/ca\/inici\/\">Tria educativa<\/a><\/li>\n<li><a href=\"https:\/\/triaeducativa.gencat.cat\/ca\/al-llarg-vida\/\">Estudiar a Catalunya (Educaci\u00f3 Adults)<\/a><\/li>\n<li><a href=\"https:\/\/preinscripcio.gencat.cat\/ca\/estudis\/educacio-adults\/inici\/\">Calendari de preinscripci\u00f3 i matr\u00edcula<\/a><\/li>\n<li><a href=\"https:\/\/educacio.gencat.cat\/ca\/inici\/index.html\">Departament educaci\u00f3<\/a><\/li>\n<\/ul>\n<h1><a href=\"https:\/\/agora.xtec.cat\/cfamollerussa\/wp-content\/uploads\/usu345\/2021\/09\/Captura.jpg\"><img loading=\"lazy\" decoding=\"async\" class=\"alignnone size-full wp-image-1748\" src=\"https:\/\/agora.xtec.cat\/cfamollerussa\/wp-content\/uploads\/usu345\/2021\/09\/Captura.jpg\" alt=\"\" width=\"625\" height=\"391\" srcset=\"https:\/\/agora.xtec.cat\/cfamollerussa\/wp-content\/uploads\/usu345\/2021\/09\/Captura.jpg 625w, https:\/\/agora.xtec.cat\/cfamollerussa\/wp-content\/uploads\/usu345\/2021\/09\/Captura-300x188.jpg 300w\" sizes=\"auto, (max-width: 625px) 100vw, 625px\" \/><\/a><\/h1>\n<\/div>\n<\/div>\n<\/div>\n<\/div>\n<\/div>\n<\/div>\n<p>&nbsp;<\/p>\n","protected":false},"excerpt":{"rendered":"<p><a href=\"https:\/\/agora.xtec.cat\/cfamollerussa\/informacio-secretaria\/\"><\/a><\/p>\n<p>&nbsp;<\/p>\n<p><a href=\"https:\/\/agora.xtec.cat\/cfamollerussa\/preinscripcio\/\">PREINSCRIPCI\u00d3<\/a><\/p>\n<p><a href=\"https:\/\/agora.xtec.cat\/cfamollerussa\/matricula\/\">MATR\u00cdCULA<\/a><\/p>\n<p><a href=\"https:\/\/agora.xtec.cat\/cfamollerussa\/expedicio-de-titols\/\">EXPEDICI\u00d3 DE T\u00cdTOLS<\/a><\/p>\n<p><a href=\"https:\/\/agora.xtec.cat\/cfamollerussa\/certificats\/\">CERTIFICATS<\/a><\/p>\n<p><a href=\"https:\/\/agora.xtec.cat\/cfamollerussa\/proves-lliures-de-ges\/\">PROVES LLIURES DE GES<\/a><\/p>\n<p><a href=\"https:\/\/agora.xtec.cat\/cfamollerussa\/asseguranca-escolar\/\">ASSEGURAN\u00c7A ESCOLAR<\/a><\/p>\n<p><a href=\"https:\/\/agora.xtec.cat\/cfamollerussa\/acreditacio-del-nivell-c1-de-catala\/\">ACREDITACI\u00d3 DEL NIVELL C1 DE CATALA<\/a><br \/>\n<a href=\"https:\/\/agora.xtec.cat\/cfamollerussa\/fer-pagaments\/\">FER PAGAMENTS<\/a><\/p>\n<p>Tots els alumnes menors de 28 anys amb resid\u00e8ncia legal a Espanya, que hagin abonat la quota corresponent a l\u2019asseguran\u00e7a escolar, independentment de la&hellip;  <a href=\"https:\/\/agora.xtec.cat\/cfamollerussa\/asseguranca-escolar\/\" title=\"Read Asseguran\u00e7a escolar\">Llegeix m\u00e9s\u00bb<\/a><\/p>\n","protected":false},"author":1,"featured_media":0,"parent":0,"menu_order":0,"comment_status":"closed","ping_status":"closed","template":"","meta":{"_bbp_topic_count":0,"_bbp_reply_count":0,"_bbp_total_topic_count":0,"_bbp_total_reply_count":0,"_bbp_voice_count":0,"_bbp_anonymous_reply_count":0,"_bbp_topic_count_hidden":0,"_bbp_reply_count_hidden":0,"_bbp_forum_subforum_count":0,"footnotes":""},"class_list":["post-2402","page","type-page","status-publish","hentry"],"post_mailing_queue_ids":[],"_links":{"self":[{"href":"https:\/\/agora.xtec.cat\/cfamollerussa\/wp-json\/wp\/v2\/pages\/2402","targetHints":{"allow":["GET"]}}],"collection":[{"href":"https:\/\/agora.xtec.cat\/cfamollerussa\/wp-json\/wp\/v2\/pages"}],"about":[{"href":"https:\/\/agora.xtec.cat\/cfamollerussa\/wp-json\/wp\/v2\/types\/page"}],"author":[{"embeddable":true,"href":"https:\/\/agora.xtec.cat\/cfamollerussa\/wp-json\/wp\/v2\/users\/1"}],"replies":[{"embeddable":true,"href":"https:\/\/agora.xtec.cat\/cfamollerussa\/wp-json\/wp\/v2\/comments?post=2402"}],"version-history":[{"count":3,"href":"https:\/\/agora.xtec.cat\/cfamollerussa\/wp-json\/wp\/v2\/pages\/2402\/revisions"}],"predecessor-version":[{"id":2428,"href":"https:\/\/agora.xtec.cat\/cfamollerussa\/wp-json\/wp\/v2\/pages\/2402\/revisions\/2428"}],"wp:attachment":[{"href":"https:\/\/agora.xtec.cat\/cfamollerussa\/wp-json\/wp\/v2\/media?parent=2402"}],"curies":[{"name":"wp","href":"https:\/\/api.w.org\/{rel}","templated":true}]}}