{"id":2390,"date":"2024-12-26T17:27:19","date_gmt":"2024-12-26T16:27:19","guid":{"rendered":"https:\/\/agora.xtec.cat\/cfamollerussa\/?page_id=2390"},"modified":"2025-09-10T16:13:02","modified_gmt":"2025-09-10T14:13:02","slug":"matricula","status":"publish","type":"page","link":"https:\/\/agora.xtec.cat\/cfamollerussa\/matricula\/","title":{"rendered":"Matr\u00edcula"},"content":{"rendered":"<h2><span style=\"color: #ff00ff;\"><a href=\"https:\/\/agora.xtec.cat\/cfamollerussa\/informacio-secretaria\/\"><img loading=\"lazy\" decoding=\"async\" class=\"alignnone size-full wp-image-879\" src=\"https:\/\/agora.xtec.cat\/cfamollerussa\/wp-content\/uploads\/usu345\/2019\/08\/Sin-nombre.jpg\" alt=\"\" width=\"722\" height=\"175\" srcset=\"https:\/\/agora.xtec.cat\/cfamollerussa\/wp-content\/uploads\/usu345\/2019\/08\/Sin-nombre.jpg 722w, https:\/\/agora.xtec.cat\/cfamollerussa\/wp-content\/uploads\/usu345\/2019\/08\/Sin-nombre-300x73.jpg 300w\" sizes=\"auto, (max-width: 722px) 100vw, 722px\" \/><\/a><\/span><\/h2>\n<div>\n<div class=\"row\">\n<div class=\"basic_text_peq col-xs-12\">\n<p>&nbsp;<\/p>\n<table style=\"height: 128px; width: 100%; border-collapse: collapse; border-color: #eb09df;\">\n<tbody>\n<tr style=\"height: 32px;\">\n<td style=\"width: 50%; height: 32px;\">\n<pre><a href=\"https:\/\/agora.xtec.cat\/cfamollerussa\/preinscripcio\/\"><strong>PREINSCRIPCI\u00d3<\/strong><\/a><\/pre>\n<\/td>\n<td style=\"width: 50%; height: 32px;\">\n<pre><a href=\"https:\/\/agora.xtec.cat\/cfamollerussa\/matricula\/\"><strong>MATR\u00cdCULA<\/strong><\/a><\/pre>\n<\/td>\n<\/tr>\n<tr style=\"height: 32px;\">\n<td style=\"width: 50%; height: 32px;\">\n<pre><a href=\"https:\/\/agora.xtec.cat\/cfamollerussa\/expedicio-de-titols\/\"><strong>EXPEDICI\u00d3 DE T\u00cdTOLS<\/strong><\/a><\/pre>\n<\/td>\n<td style=\"width: 50%; height: 32px;\">\n<pre><a href=\"https:\/\/agora.xtec.cat\/cfamollerussa\/certificats\/\"><strong>CERTIFICATS<\/strong><\/a><\/pre>\n<\/td>\n<\/tr>\n<tr style=\"height: 32px;\">\n<td style=\"width: 50%; height: 32px;\">\n<pre><a href=\"https:\/\/agora.xtec.cat\/cfamollerussa\/proves-lliures-de-ges\/\"><strong>PROVES LLIURES DE GES<\/strong><\/a><\/pre>\n<\/td>\n<td style=\"width: 50%; height: 32px;\">\n<pre><a href=\"https:\/\/agora.xtec.cat\/cfamollerussa\/asseguranca-escolar\/\"><strong>ASSEGURAN\u00c7A ESCOLAR<\/strong><\/a><\/pre>\n<\/td>\n<\/tr>\n<tr style=\"height: 32px;\">\n<td style=\"width: 50%; height: 32px;\"><a href=\"https:\/\/agora.xtec.cat\/cfamollerussa\/acreditacio-del-nivell-c1-de-catala\/\"><strong>ACREDITACI\u00d3 DEL NIVELL C1 DE CATALA<\/strong><\/a><\/td>\n<td style=\"width: 50%; height: 32px;\"><a href=\"https:\/\/agora.xtec.cat\/cfamollerussa\/fer-pagaments\/\"><strong>FER PAGAMENTS<\/strong><\/a><\/td>\n<\/tr>\n<\/tbody>\n<\/table>\n<\/div>\n<div class=\"basic_text_peq col-xs-12\">\n<div class=\"pd-15x\">\n<h3><span style=\"color: #800000;\">Matr\u00edcula curs 2025-2026<\/span><\/h3>\n<h4 data-pm-slice=\"1 1 []\">Si vols matricular-te al CFA Mollerussa, truca o envia un whatsapp al 617438462 i t\u2019informarem en quins grups i ensenyaments hi ha places disponibles.<\/h4>\n<\/div>\n<p data-pm-slice=\"1 1 []\"><strong>INSTRUCCIONS PER A LA MATR\u00cdCULA ON-LINE:<\/strong><\/p>\n<ol>\n<li data-pm-slice=\"1 1 []\">Escaneja o fes una foto del teu DNI, NIE o passaport per les dues cares.<\/li>\n<li data-pm-slice=\"1 1 []\">Omple el formulari.<\/li>\n<li data-pm-slice=\"1 1 []\">Comprova que t&#8217;arribin dos correus electr\u00f2nics, un amb els resultats d&#8217;aquest formulari i el segon amb els papers de la matr\u00edcula.<\/li>\n<li>Llegeix els papers de la matr\u00edcula per saber si has de fer PROVA DE NIVELL i TUTORIA abans d&#8217;iniciar les classes.<\/li>\n<li>Dona&#8217;t d&#8217;alta a l&#8217;aplicaci\u00f3 E-\u00e0gora seguint les instruccions que s&#8217;adjunten amb els papers de la matr\u00edcula.<\/li>\n<\/ol>\n<p><a href=\"https:\/\/agora.xtec.cat\/cfamollerussa\/horaris-dels-diferents-ensenyaments\/\"><img loading=\"lazy\" decoding=\"async\" class=\"wp-image-2227 aligncenter\" src=\"https:\/\/agora.xtec.cat\/cfamollerussa\/wp-content\/uploads\/usu345\/2024\/12\/Horaris.jpg\" alt=\"\" width=\"427\" height=\"90\" srcset=\"https:\/\/agora.xtec.cat\/cfamollerussa\/wp-content\/uploads\/usu345\/2024\/12\/Horaris.jpg 684w, https:\/\/agora.xtec.cat\/cfamollerussa\/wp-content\/uploads\/usu345\/2024\/12\/Horaris-300x63.jpg 300w\" sizes=\"auto, (max-width: 427px) 100vw, 427px\" \/><\/a><\/p>\n<p><a href=\"https:\/\/drive.google.com\/file\/d\/1Z0gm4cvJI44xd45oQQyJW7afW7GpAXVU\/view?usp=sharing\"><img loading=\"lazy\" decoding=\"async\" class=\"wp-image-2539 aligncenter\" src=\"https:\/\/agora.xtec.cat\/cfamollerussa\/wp-content\/uploads\/usu345\/2025\/08\/eagora-1.jpg\" alt=\"\" width=\"470\" height=\"99\" srcset=\"https:\/\/agora.xtec.cat\/cfamollerussa\/wp-content\/uploads\/usu345\/2025\/08\/eagora-1.jpg 684w, https:\/\/agora.xtec.cat\/cfamollerussa\/wp-content\/uploads\/usu345\/2025\/08\/eagora-1-300x63.jpg 300w\" sizes=\"auto, (max-width: 470px) 100vw, 470px\" \/><\/a><\/p>\n<div><\/div>\n<\/div>\n<\/div>\n<div class=\"row\">\n<div class=\"basic_text_peq col-xs-12\">\n<h5 style=\"text-align: center;\">Les classes comencen a partir del dia 22 de setembre (catal\u00e0\u00a0 i castell\u00e0 el 23 i 24 respectivament)<\/h5>\n<\/div>\n<\/div>\n<div><\/div>\n<div class=\"row\">\n<div class=\"basic_text_peq col-xs-12\">\n<div class=\"pd-15x\">\n<p data-pm-slice=\"1 1 []\">________________________________________________<\/p>\n<p data-pm-slice=\"1 1 []\"><strong>A partir del setembre i una vegada comen\u00e7at el curs, la matr\u00edcula als nostres ensenyaments \u00e9s viva: una persona es podr\u00e0 matricular en aquells cursos amb places disponibles, sempre que el seu nivell sigui l\u2019adequat per seguir les classes amb normalitat.<\/strong><\/p>\n<p>Tamb\u00e9 es pot sol\u00b7licitar pla\u00e7a en els cursos trimestrals o quadrimestrals, especialment en els casos de:<\/p>\n<ul>\n<li>GES \/ ESO<\/li>\n<li>COMPETIC 3<\/li>\n<\/ul>\n<p style=\"text-align: center;\"><strong><span style=\"color: #ff0000;\">PER M\u00c9S INFORMACI\u00d3 PODEU POSAR-VOS EN CONTACTE AMB L&#8217;ESCOLA<\/span><\/strong><\/p>\n<p>&nbsp;<\/p>\n<h3><span style=\"color: #800000;\">Requisits d&#8217;acc\u00e9s als centres de formaci\u00f3 d&#8217;adults<\/span><\/h3>\n<p>Amb car\u00e0cter general poden accedir a aquests ensenyaments les persones que han complert els divuit anys o b\u00e9 els compleixen durant l&#8217;any natural en qu\u00e8 inicien la formaci\u00f3.<\/p>\n<p>Tamb\u00e9 hi poden accedir les persones que compleixen com a m\u00ednim setze anys l&#8217;any natural en qu\u00e8 comencen la formaci\u00f3 i es troben en alguna de les situacions seg\u00fcents:<\/p>\n<ul>\n<li>tenir un contracte laboral que els impedeix assistir als centres educatius en r\u00e8gim ordinari,<\/li>\n<li>ser esportista d&#8217;alt rendiment.<\/li>\n<\/ul>\n<p>Excepcionalment, el director o directora dels serveis territorials poden autoritzar la incorporaci\u00f3 d&#8217;alumnes que no compleixin els requisits anteriors, previ informe de la Inspecci\u00f3 d&#8217;Educaci\u00f3.<\/p>\n<\/div>\n<\/div>\n<\/div>\n<\/div>\n<div>\n<div class=\"row\">\n<div class=\"col-xs-12 columna_esquerra\">\n<div class=\"cos_bloc basic_text_peq pd-15\">\n<p>&nbsp;<\/p>\n<\/div>\n<p><span style=\"color: #800000; font-size: 1.6875em; font-weight: bold;\">INFORMACIONS D&#8217;INTER\u00c8S:<\/span><\/p>\n<div class=\"pd-15x\">\n<div class=\"col-xs-12 columna_esquerra\">\n<div class=\"cos_bloc basic_text_peq pd-15\">\n<ul>\n<li><a href=\"https:\/\/triaeducativa.gencat.cat\/ca\/inici\/\">Tria educativa<\/a><\/li>\n<li><a href=\"https:\/\/triaeducativa.gencat.cat\/ca\/al-llarg-vida\/\">Estudiar a Catalunya (Educaci\u00f3 Adults)<\/a><\/li>\n<li><a href=\"https:\/\/preinscripcio.gencat.cat\/ca\/estudis\/educacio-adults\/inici\/\">Calendari de preinscripci\u00f3 i matr\u00edcula<\/a><\/li>\n<li><a href=\"https:\/\/educacio.gencat.cat\/ca\/inici\/index.html\">Departament educaci\u00f3<\/a><\/li>\n<\/ul>\n<h1><a href=\"https:\/\/agora.xtec.cat\/cfamollerussa\/wp-content\/uploads\/usu345\/2021\/09\/Captura.jpg\"><img loading=\"lazy\" decoding=\"async\" class=\"alignnone size-full wp-image-1748\" src=\"https:\/\/agora.xtec.cat\/cfamollerussa\/wp-content\/uploads\/usu345\/2021\/09\/Captura.jpg\" alt=\"\" width=\"625\" height=\"391\" srcset=\"https:\/\/agora.xtec.cat\/cfamollerussa\/wp-content\/uploads\/usu345\/2021\/09\/Captura.jpg 625w, https:\/\/agora.xtec.cat\/cfamollerussa\/wp-content\/uploads\/usu345\/2021\/09\/Captura-300x188.jpg 300w\" sizes=\"auto, (max-width: 625px) 100vw, 625px\" \/><\/a><\/h1>\n<\/div>\n<\/div>\n<\/div>\n<\/div>\n<\/div>\n<\/div>\n<p>&nbsp;<\/p>\n","protected":false},"excerpt":{"rendered":"<p><a href=\"https:\/\/agora.xtec.cat\/cfamollerussa\/informacio-secretaria\/\"><\/a><\/p>\n<p>&nbsp;<\/p>\n<p><a href=\"https:\/\/agora.xtec.cat\/cfamollerussa\/preinscripcio\/\">PREINSCRIPCI\u00d3<\/a><\/p>\n<p><a href=\"https:\/\/agora.xtec.cat\/cfamollerussa\/matricula\/\">MATR\u00cdCULA<\/a><\/p>\n<p><a href=\"https:\/\/agora.xtec.cat\/cfamollerussa\/expedicio-de-titols\/\">EXPEDICI\u00d3 DE T\u00cdTOLS<\/a><\/p>\n<p><a href=\"https:\/\/agora.xtec.cat\/cfamollerussa\/certificats\/\">CERTIFICATS<\/a><\/p>\n<p><a href=\"https:\/\/agora.xtec.cat\/cfamollerussa\/proves-lliures-de-ges\/\">PROVES LLIURES DE GES<\/a><\/p>\n<p><a href=\"https:\/\/agora.xtec.cat\/cfamollerussa\/asseguranca-escolar\/\">ASSEGURAN\u00c7A ESCOLAR<\/a><\/p>\n<p><a href=\"https:\/\/agora.xtec.cat\/cfamollerussa\/acreditacio-del-nivell-c1-de-catala\/\">ACREDITACI\u00d3 DEL NIVELL C1 DE CATALA<\/a><br \/>\n<a href=\"https:\/\/agora.xtec.cat\/cfamollerussa\/fer-pagaments\/\">FER PAGAMENTS<\/a><\/p>\n<p>Matr\u00edcula curs 2025-2026<br \/>\nSi vols matricular-te al CFA Mollerussa, truca o envia un whatsapp al 617438462 i t\u2019informarem en quins grups i ensenyaments hi ha&hellip;  <a href=\"https:\/\/agora.xtec.cat\/cfamollerussa\/matricula\/\" title=\"Read Matr\u00edcula\">Llegeix m\u00e9s\u00bb<\/a><\/p>\n","protected":false},"author":1,"featured_media":0,"parent":0,"menu_order":0,"comment_status":"closed","ping_status":"closed","template":"","meta":{"_bbp_topic_count":0,"_bbp_reply_count":0,"_bbp_total_topic_count":0,"_bbp_total_reply_count":0,"_bbp_voice_count":0,"_bbp_anonymous_reply_count":0,"_bbp_topic_count_hidden":0,"_bbp_reply_count_hidden":0,"_bbp_forum_subforum_count":0,"footnotes":""},"class_list":["post-2390","page","type-page","status-publish","hentry"],"post_mailing_queue_ids":[],"_links":{"self":[{"href":"https:\/\/agora.xtec.cat\/cfamollerussa\/wp-json\/wp\/v2\/pages\/2390","targetHints":{"allow":["GET"]}}],"collection":[{"href":"https:\/\/agora.xtec.cat\/cfamollerussa\/wp-json\/wp\/v2\/pages"}],"about":[{"href":"https:\/\/agora.xtec.cat\/cfamollerussa\/wp-json\/wp\/v2\/types\/page"}],"author":[{"embeddable":true,"href":"https:\/\/agora.xtec.cat\/cfamollerussa\/wp-json\/wp\/v2\/users\/1"}],"replies":[{"embeddable":true,"href":"https:\/\/agora.xtec.cat\/cfamollerussa\/wp-json\/wp\/v2\/comments?post=2390"}],"version-history":[{"count":6,"href":"https:\/\/agora.xtec.cat\/cfamollerussa\/wp-json\/wp\/v2\/pages\/2390\/revisions"}],"predecessor-version":[{"id":2547,"href":"https:\/\/agora.xtec.cat\/cfamollerussa\/wp-json\/wp\/v2\/pages\/2390\/revisions\/2547"}],"wp:attachment":[{"href":"https:\/\/agora.xtec.cat\/cfamollerussa\/wp-json\/wp\/v2\/media?parent=2390"}],"curies":[{"name":"wp","href":"https:\/\/api.w.org\/{rel}","templated":true}]}}