{"id":2387,"date":"2024-12-26T17:25:27","date_gmt":"2024-12-26T16:25:27","guid":{"rendered":"https:\/\/agora.xtec.cat\/cfamollerussa\/?page_id=2387"},"modified":"2025-07-07T12:48:28","modified_gmt":"2025-07-07T10:48:28","slug":"preinscripcio","status":"publish","type":"page","link":"https:\/\/agora.xtec.cat\/cfamollerussa\/preinscripcio\/","title":{"rendered":"Preinscripci\u00f3"},"content":{"rendered":"<h2><span style=\"color: #ff00ff;\"><a href=\"https:\/\/agora.xtec.cat\/cfamollerussa\/informacio-secretaria\/\"><img loading=\"lazy\" decoding=\"async\" class=\"alignnone size-full wp-image-879\" src=\"https:\/\/agora.xtec.cat\/cfamollerussa\/wp-content\/uploads\/usu345\/2019\/08\/Sin-nombre.jpg\" alt=\"\" width=\"722\" height=\"175\" srcset=\"https:\/\/agora.xtec.cat\/cfamollerussa\/wp-content\/uploads\/usu345\/2019\/08\/Sin-nombre.jpg 722w, https:\/\/agora.xtec.cat\/cfamollerussa\/wp-content\/uploads\/usu345\/2019\/08\/Sin-nombre-300x73.jpg 300w\" sizes=\"auto, (max-width: 722px) 100vw, 722px\" \/><\/a><\/span><\/h2>\n<div>\n<div class=\"row\">\n<div class=\"basic_text_peq col-xs-12\">\n<p>&nbsp;<\/p>\n<table style=\"height: 128px; width: 100%; border-collapse: collapse; border-color: #eb09df;\">\n<tbody>\n<tr style=\"height: 32px;\">\n<td style=\"width: 50%; height: 32px;\">\n<pre><a href=\"https:\/\/agora.xtec.cat\/cfamollerussa\/preinscripcio\/\"><strong>PREINSCRIPCI\u00d3<\/strong><\/a><\/pre>\n<\/td>\n<td style=\"width: 50%; height: 32px;\">\n<pre><a href=\"https:\/\/agora.xtec.cat\/cfamollerussa\/matricula\/\"><strong>MATR\u00cdCULA<\/strong><\/a><\/pre>\n<\/td>\n<\/tr>\n<tr style=\"height: 32px;\">\n<td style=\"width: 50%; height: 32px;\">\n<pre><a href=\"https:\/\/agora.xtec.cat\/cfamollerussa\/expedicio-de-titols\/\"><strong>EXPEDICI\u00d3 DE T\u00cdTOLS<\/strong><\/a><\/pre>\n<\/td>\n<td style=\"width: 50%; height: 32px;\">\n<pre><a href=\"https:\/\/agora.xtec.cat\/cfamollerussa\/certificats\/\"><strong>CERTIFICATS<\/strong><\/a><\/pre>\n<\/td>\n<\/tr>\n<tr style=\"height: 32px;\">\n<td style=\"width: 50%; height: 32px;\">\n<pre><a href=\"https:\/\/agora.xtec.cat\/cfamollerussa\/proves-lliures-de-ges\/\"><strong>PROVES LLIURES DE GES<\/strong><\/a><\/pre>\n<\/td>\n<td style=\"width: 50%; height: 32px;\">\n<pre><a href=\"https:\/\/agora.xtec.cat\/cfamollerussa\/asseguranca-escolar\/\"><strong>ASSEGURAN\u00c7A ESCOLAR<\/strong><\/a><\/pre>\n<\/td>\n<\/tr>\n<tr style=\"height: 32px;\">\n<td style=\"width: 50%; height: 32px;\"><a href=\"https:\/\/agora.xtec.cat\/cfamollerussa\/acreditacio-del-nivell-c1-de-catala\/\"><strong>ACREDITACI\u00d3 DEL NIVELL C1 DE CATALA<\/strong><\/a><\/td>\n<td style=\"width: 50%; height: 32px;\"><a href=\"https:\/\/agora.xtec.cat\/cfamollerussa\/fer-pagaments\/\"><strong>FER PAGAMENTS<\/strong><\/a><\/td>\n<\/tr>\n<\/tbody>\n<\/table>\n<\/div>\n<div class=\"basic_text_peq col-xs-12\">\n<div class=\"pd-15x\">\n<p>&nbsp;<\/p>\n<h3><span style=\"color: #800000;\">Requisits d&#8217;acc\u00e9s als centres de formaci\u00f3 d&#8217;adults<\/span><\/h3>\n<p>Amb car\u00e0cter general poden accedir a aquests ensenyaments les persones que han complert els divuit anys o b\u00e9 els compleixen durant l&#8217;any natural en qu\u00e8 inicien la formaci\u00f3.<\/p>\n<p>Tamb\u00e9 hi poden accedir les persones que compleixen com a m\u00ednim setze anys l&#8217;any natural en qu\u00e8 comencen la formaci\u00f3 i es troben en alguna de les situacions seg\u00fcents:<\/p>\n<ul>\n<li>tenir un contracte laboral que els impedeix assistir als centres educatius en r\u00e8gim ordinari,<\/li>\n<li>ser esportista d&#8217;alt rendiment.<\/li>\n<\/ul>\n<p>Excepcionalment, el director o directora dels serveis territorials poden autoritzar la incorporaci\u00f3 d&#8217;alumnes que no compleixin els requisits anteriors, previ informe de la Inspecci\u00f3 d&#8217;Educaci\u00f3.<\/p>\n<\/div>\n<\/div>\n<\/div>\n<\/div>\n<div>\n<div class=\"row\">\n<div class=\"col-xs-12 columna_esquerra\">\n<div class=\"cos_bloc basic_text_peq pd-15\">\n<p>&nbsp;<\/p>\n<\/div>\n<p><span style=\"color: #800000; font-size: 1.6875em; font-weight: bold;\">INFORMACIONS D&#8217;INTER\u00c8S:<\/span><\/p>\n<div class=\"pd-15x\">\n<div class=\"col-xs-12 columna_esquerra\">\n<div class=\"cos_bloc basic_text_peq pd-15\">\n<ul>\n<li><a href=\"https:\/\/triaeducativa.gencat.cat\/ca\/inici\/\">Tria educativa<\/a><\/li>\n<li><a href=\"https:\/\/triaeducativa.gencat.cat\/ca\/al-llarg-vida\/\">Estudiar a Catalunya (Educaci\u00f3 Adults)<\/a><\/li>\n<li><a href=\"https:\/\/preinscripcio.gencat.cat\/ca\/estudis\/educacio-adults\/inici\/\">Calendari de preinscripci\u00f3 i matr\u00edcula<\/a><\/li>\n<li><a href=\"https:\/\/educacio.gencat.cat\/ca\/inici\/index.html\">Departament educaci\u00f3<\/a><\/li>\n<\/ul>\n<h1><a href=\"https:\/\/agora.xtec.cat\/cfamollerussa\/wp-content\/uploads\/usu345\/2021\/09\/Captura.jpg\"><img loading=\"lazy\" decoding=\"async\" class=\"alignnone size-full wp-image-1748\" src=\"https:\/\/agora.xtec.cat\/cfamollerussa\/wp-content\/uploads\/usu345\/2021\/09\/Captura.jpg\" alt=\"\" width=\"625\" height=\"391\" srcset=\"https:\/\/agora.xtec.cat\/cfamollerussa\/wp-content\/uploads\/usu345\/2021\/09\/Captura.jpg 625w, https:\/\/agora.xtec.cat\/cfamollerussa\/wp-content\/uploads\/usu345\/2021\/09\/Captura-300x188.jpg 300w\" sizes=\"auto, (max-width: 625px) 100vw, 625px\" \/><\/a><\/h1>\n<\/div>\n<\/div>\n<\/div>\n<\/div>\n<\/div>\n<\/div>\n<p>&nbsp;<\/p>\n","protected":false},"excerpt":{"rendered":"<p><a href=\"https:\/\/agora.xtec.cat\/cfamollerussa\/informacio-secretaria\/\"><\/a><\/p>\n<p>&nbsp;<\/p>\n<p><a href=\"https:\/\/agora.xtec.cat\/cfamollerussa\/preinscripcio\/\">PREINSCRIPCI\u00d3<\/a><\/p>\n<p><a href=\"https:\/\/agora.xtec.cat\/cfamollerussa\/matricula\/\">MATR\u00cdCULA<\/a><\/p>\n<p><a href=\"https:\/\/agora.xtec.cat\/cfamollerussa\/expedicio-de-titols\/\">EXPEDICI\u00d3 DE T\u00cdTOLS<\/a><\/p>\n<p><a href=\"https:\/\/agora.xtec.cat\/cfamollerussa\/certificats\/\">CERTIFICATS<\/a><\/p>\n<p><a href=\"https:\/\/agora.xtec.cat\/cfamollerussa\/proves-lliures-de-ges\/\">PROVES LLIURES DE GES<\/a><\/p>\n<p><a href=\"https:\/\/agora.xtec.cat\/cfamollerussa\/asseguranca-escolar\/\">ASSEGURAN\u00c7A ESCOLAR<\/a><\/p>\n<p><a href=\"https:\/\/agora.xtec.cat\/cfamollerussa\/acreditacio-del-nivell-c1-de-catala\/\">ACREDITACI\u00d3 DEL NIVELL C1 DE CATALA<\/a><br \/>\n<a href=\"https:\/\/agora.xtec.cat\/cfamollerussa\/fer-pagaments\/\">FER PAGAMENTS<\/a><\/p>\n<p>&nbsp;<br \/>\nRequisits d&#8217;acc\u00e9s als centres de formaci\u00f3 d&#8217;adults<br \/>\nAmb car\u00e0cter general poden accedir a aquests ensenyaments les persones que han complert els divuit anys o b\u00e9&hellip;  <a href=\"https:\/\/agora.xtec.cat\/cfamollerussa\/preinscripcio\/\" title=\"Read Preinscripci\u00f3\">Llegeix m\u00e9s\u00bb<\/a><\/p>\n","protected":false},"author":1,"featured_media":0,"parent":0,"menu_order":0,"comment_status":"closed","ping_status":"closed","template":"","meta":{"_bbp_topic_count":0,"_bbp_reply_count":0,"_bbp_total_topic_count":0,"_bbp_total_reply_count":0,"_bbp_voice_count":0,"_bbp_anonymous_reply_count":0,"_bbp_topic_count_hidden":0,"_bbp_reply_count_hidden":0,"_bbp_forum_subforum_count":0,"footnotes":""},"class_list":["post-2387","page","type-page","status-publish","hentry"],"post_mailing_queue_ids":[],"_links":{"self":[{"href":"https:\/\/agora.xtec.cat\/cfamollerussa\/wp-json\/wp\/v2\/pages\/2387","targetHints":{"allow":["GET"]}}],"collection":[{"href":"https:\/\/agora.xtec.cat\/cfamollerussa\/wp-json\/wp\/v2\/pages"}],"about":[{"href":"https:\/\/agora.xtec.cat\/cfamollerussa\/wp-json\/wp\/v2\/types\/page"}],"author":[{"embeddable":true,"href":"https:\/\/agora.xtec.cat\/cfamollerussa\/wp-json\/wp\/v2\/users\/1"}],"replies":[{"embeddable":true,"href":"https:\/\/agora.xtec.cat\/cfamollerussa\/wp-json\/wp\/v2\/comments?post=2387"}],"version-history":[{"count":5,"href":"https:\/\/agora.xtec.cat\/cfamollerussa\/wp-json\/wp\/v2\/pages\/2387\/revisions"}],"predecessor-version":[{"id":2511,"href":"https:\/\/agora.xtec.cat\/cfamollerussa\/wp-json\/wp\/v2\/pages\/2387\/revisions\/2511"}],"wp:attachment":[{"href":"https:\/\/agora.xtec.cat\/cfamollerussa\/wp-json\/wp\/v2\/media?parent=2387"}],"curies":[{"name":"wp","href":"https:\/\/api.w.org\/{rel}","templated":true}]}}