{"id":2382,"date":"2024-12-26T14:27:20","date_gmt":"2024-12-26T13:27:20","guid":{"rendered":"https:\/\/agora.xtec.cat\/cfamollerussa\/?page_id=2382"},"modified":"2024-12-26T17:41:29","modified_gmt":"2024-12-26T16:41:29","slug":"acreditacio-del-nivell-c1-de-catala","status":"publish","type":"page","link":"https:\/\/agora.xtec.cat\/cfamollerussa\/acreditacio-del-nivell-c1-de-catala\/","title":{"rendered":"Acreditaci\u00f3 del nivell C1 de catal\u00e0"},"content":{"rendered":"<h2><span style=\"color: #ff00ff;\"><a href=\"https:\/\/agora.xtec.cat\/cfamollerussa\/wp-content\/uploads\/usu345\/2019\/08\/Sin-nombre.jpg\"><img loading=\"lazy\" decoding=\"async\" class=\"alignnone size-full wp-image-879\" src=\"https:\/\/agora.xtec.cat\/cfamollerussa\/wp-content\/uploads\/usu345\/2019\/08\/Sin-nombre.jpg\" alt=\"\" width=\"722\" height=\"175\" srcset=\"https:\/\/agora.xtec.cat\/cfamollerussa\/wp-content\/uploads\/usu345\/2019\/08\/Sin-nombre.jpg 722w, https:\/\/agora.xtec.cat\/cfamollerussa\/wp-content\/uploads\/usu345\/2019\/08\/Sin-nombre-300x73.jpg 300w\" sizes=\"auto, (max-width: 722px) 100vw, 722px\" \/><\/a><\/span><\/h2>\n<div>\n<div class=\"row\">\n<p>&nbsp;<\/p>\n<table style=\"height: 128px; width: 100%; border-collapse: collapse; border-color: #eb09df;\">\n<tbody>\n<tr style=\"height: 32px;\">\n<td style=\"width: 50%; height: 32px;\">\n<pre><a href=\"https:\/\/agora.xtec.cat\/cfamollerussa\/preinscripcio\/\"><strong>PREINSCRIPCI\u00d3<\/strong><\/a><\/pre>\n<\/td>\n<td style=\"width: 50%; height: 32px;\">\n<pre><a href=\"https:\/\/agora.xtec.cat\/cfamollerussa\/matricula\/\"><strong>MATR\u00cdCULA<\/strong><\/a><\/pre>\n<\/td>\n<\/tr>\n<tr style=\"height: 32px;\">\n<td style=\"width: 50%; height: 32px;\">\n<pre><a href=\"https:\/\/agora.xtec.cat\/cfamollerussa\/expedicio-de-titols\/\"><strong>EXPEDICI\u00d3 DE T\u00cdTOLS<\/strong><\/a><\/pre>\n<\/td>\n<td style=\"width: 50%; height: 32px;\">\n<pre><a href=\"https:\/\/agora.xtec.cat\/cfamollerussa\/certificats\/\"><strong>CERTIFICATS<\/strong><\/a><\/pre>\n<\/td>\n<\/tr>\n<tr style=\"height: 32px;\">\n<td style=\"width: 50%; height: 32px;\">\n<pre><a href=\"https:\/\/agora.xtec.cat\/cfamollerussa\/proves-lliures-de-ges\/\"><strong>PROVES LLIURES DE GES<\/strong><\/a><\/pre>\n<\/td>\n<td style=\"width: 50%; height: 32px;\">\n<pre><a href=\"https:\/\/agora.xtec.cat\/cfamollerussa\/asseguranca-escolar\/\"><strong>ASSEGURAN\u00c7A ESCOLAR<\/strong><\/a><\/pre>\n<\/td>\n<\/tr>\n<tr style=\"height: 32px;\">\n<td style=\"width: 50%; height: 32px;\"><a href=\"https:\/\/agora.xtec.cat\/cfamollerussa\/acreditacio-del-nivell-c1-de-catala\/\"><strong>ACREDITACI\u00d3 DEL NIVELL C1 DE CATALA<\/strong><\/a><\/td>\n<td style=\"width: 50%; height: 32px;\"><a href=\"https:\/\/agora.xtec.cat\/cfamollerussa\/fer-pagaments\/\"><strong>FER PAGAMENTS<\/strong><\/a><\/td>\n<\/tr>\n<\/tbody>\n<\/table>\n<p><span style=\"color: #ff0000; font-size: 1.6875em; font-weight: bold;\">ACREDITACI\u00d3 DEL NIVELL C1 DE CATAL\u00c0<\/span><\/p>\n<p><span style=\"font-family: inherit; font-size: 1em;\">Els certificats de catal\u00e0 de la Direcci\u00f3 General de Pol\u00edtica Ling\u00fc\u00edstica s\u00f3n t\u00edtols oficials amb reconeixement internacional i validesa indefinida. Aquests certificats els pots necessitar per participar en processos de selecci\u00f3 de personal i de provisi\u00f3 de llocs de treball de les administracions p\u00fabliques de Catalunya, o per qualsevol altre lloc on el demanin.<\/span><\/p>\n<div>\n<p>Depenent de la titulaci\u00f3 que tinguis, des d\u2019aqu\u00ed pots demanar el certificat d\u2019acreditaci\u00f3 de coneixement del catal\u00e0 de \u00a0<strong>nivell C1<\/strong>\u00a0(nivell de sufici\u00e8ncia del catal\u00e0), sempre que compleixis els requisits que s\u2019indiquen per cada cas, i aportis la documentaci\u00f3 exigida.<\/p>\n<p><strong>Qu\u00e8 he de fer per demanar el nivell\u00a0<big><big>C1<\/big><\/big>?<\/strong><\/p>\n<div class=\"wpb_text_column wpb_content_element \">\n<div class=\"wpb_wrapper\">\n<h5><span style=\"color: #ff0000;\"><em><strong>Si tens el t\u00edtol de GES<\/strong><\/em><\/span><\/h5>\n<p>Comprova que compleixes els requisits. Si els compleixes, prepara la documentaci\u00f3 que ens has d\u2019aportar i posa&#8217;t en contacte amb nosaltres.<\/p>\n<\/div>\n<\/div>\n<div class=\"vc_separator wpb_content_element vc_separator_align_center vc_sep_width_100 vc_sep_pos_align_center vc_sep_color_grey vc_separator-has-text\">\n<h4>Requisits<\/h4>\n<\/div>\n<div class=\"wpb_text_column wpb_content_element \">\n<div class=\"wpb_wrapper\">\n<p>Tenir el T\u00edtol d\u2019ESO<\/p>\n<p>Haver estudiat, com a m\u00ednim, 8 cursos a Catalunya, entre Prim\u00e0ria i ESO<\/p>\n<p>Haver cursat l\u2019assignatura de llengua catalana en els estudis fets a Catalunya<\/p>\n<\/div>\n<\/div>\n<div class=\"vc_separator wpb_content_element vc_separator_align_center vc_sep_width_100 vc_sep_pos_align_center vc_sep_color_grey vc_separator-has-text\">\n<h4>Documentaci\u00f3 a aportar<\/h4>\n<\/div>\n<div class=\"wpb_text_column wpb_content_element \">\n<div class=\"wpb_wrapper\">\n<p><strong>DNI<\/strong>:\u00a0 Fotoc\u00f2pia del DNI per les dues cares.<\/p>\n<p><strong>Certificat\u00a0<\/strong>de l\u2019escola\/institut on vas fer la Primaria i l\u2019ESO, o equivalent, que acrediti:<\/p>\n<p>els anys i cursos d\u2019escolaritat<\/p>\n<p>que vas obtenir el t\u00edtol d\u2019ESO<\/p>\n<p>que vas cursar la llengua catalana en el estudis fets a Catalunya<\/p>\n<\/div>\n<\/div>\n<\/div>\n<h5 class=\"basic_text_peq col-xs-12\"><em><strong><span style=\"color: #ff0000;\">Si tens el t\u00edtol de la ESO<\/span><\/strong><\/em><\/h5>\n<div>\n<div class=\"wpb_text_column wpb_content_element \">\n<div class=\"wpb_wrapper\">\n<p>Comprova que compleixes els requisits. Si els compleixes, prepara la documentaci\u00f3 que ens has d\u2019aportar i posa&#8217;t en contacte amb nosaltres.<\/p>\n<\/div>\n<\/div>\n<div class=\"vc_separator wpb_content_element vc_separator_align_center vc_sep_width_100 vc_sep_pos_align_center vc_sep_color_grey vc_separator-has-text\">\n<h4>Requisits<\/h4>\n<\/div>\n<div class=\"wpb_text_column wpb_content_element \">\n<div class=\"wpb_wrapper\">\n<p>Tenir el T\u00edtol d\u2019ESO.<\/p>\n<p>Haver estudiat, com a m\u00ednim, 3 cursos de Primaria a Catalunya.<\/p>\n<p>Haver cursat tota l\u2019ESO a Catalunya.<\/p>\n<p>Haver cursat l\u2019assignatura de llengua catalana durant tota l\u2019ESO. Per l\u2019ESO cursada a partir del curs 2007-08, caldr\u00e0 tamb\u00e9 l\u2019acreditaci\u00f3 d\u2019haver aprovat la llengua catalana.<\/p>\n<\/div>\n<\/div>\n<div class=\"vc_separator wpb_content_element vc_separator_align_center vc_sep_width_100 vc_sep_pos_align_center vc_sep_color_grey vc_separator-has-text\">\n<h4>Documentaci\u00f3 a aportar<\/h4>\n<\/div>\n<div class=\"wpb_text_column wpb_content_element \">\n<div class=\"wpb_wrapper\">\n<p><strong>DNI<\/strong>:\u00a0 Fotoc\u00f2pia del DNI per les dues cares.<\/p>\n<p><strong>Certificat\u00a0<\/strong>de l\u2019escola on vas fer la Primaria, o equivalent, que acrediti que vas estar escolaritzat\/da a Catalunya durant almenys 3 cursos a la Primaria.<\/p>\n<p><strong>Certificat (*)<\/strong>\u00a0de l\u2019institut on vas fer l\u2019ESO, o equivalent, que acrediti:<\/p>\n<ul>\n<li>els anys i cursos d\u2019escolaritat.<\/li>\n<li>que vas obtenir el t\u00edtol d\u2019ESO.<\/li>\n<li>que vas cursar la llengua catalana. Per l\u2019ESO cursada a partir del curs 2007-08, caldr\u00e0 tamb\u00e9 l\u2019acreditaci\u00f3 d\u2019haver aprovat la llengua catalana.<\/li>\n<\/ul>\n<h5><em><strong><span style=\"color: #ff0000;\">Si tens el t\u00edtol de Batxillerat<\/span><\/strong><\/em><\/h5>\n<div class=\"wpb_text_column wpb_content_element \">\n<div class=\"wpb_wrapper\">\n<p>Comprova que compleixes els requisits. Si els compleixes, prepara la documentaci\u00f3 que ens has d\u2019aportar i posa&#8217;t en contacte amb nosaltres.<\/p>\n<\/div>\n<\/div>\n<div class=\"vc_separator wpb_content_element vc_separator_align_center vc_sep_width_100 vc_sep_pos_align_center vc_sep_color_grey vc_separator-has-text\">\n<h4>Requisits<\/h4>\n<\/div>\n<div class=\"wpb_text_column wpb_content_element \">\n<div class=\"wpb_wrapper\">\n<p>Tenir el T\u00edtol de Batxillerat.<\/p>\n<p>Haver cursat, com a m\u00ednim, 3 cursos de Prim\u00e0ria a Catalunya.<\/p>\n<p>Haver cursat, com a m\u00ednim, 5 cursos a Catalunya, entre l\u2019ESO i el Batxillerat.<\/p>\n<\/div>\n<\/div>\n<div class=\"vc_separator wpb_content_element vc_separator_align_center vc_sep_width_100 vc_sep_pos_align_center vc_sep_color_grey vc_separator-has-text\">\n<h4>Documentaci\u00f3 a aportar<\/h4>\n<\/div>\n<div class=\"wpb_text_column wpb_content_element \">\n<div class=\"wpb_wrapper\">\n<p><strong>DNI<\/strong>: Fotoc\u00f2pia del DNI per les dues cares.<\/p>\n<p><strong>Certificat\u00a0<\/strong>de l\u2019escola on vas fer la Primaria, o equivalent, que acrediti que vas estar escolaritzat\/da a Catalunya durant almenys 3 cursos a la Primaria.<\/p>\n<p><strong>Certificat (*)<\/strong>\u00a0de l\u2019institut on vas fer l\u2019ESO i Batxillerat, o equivalent, que acrediti:<\/p>\n<ul>\n<li>els anys i cursos d\u2019escolaritat.<\/li>\n<li>que vas obtenir el t\u00edtol de Batxillerat.<\/li>\n<li>que vas cursar la llengua catalana en, com a m\u00ednim, 5 cursos entre l\u2019ESO i el Batxillerat.<\/li>\n<\/ul>\n<h5><em><strong><span style=\"color: #ff0000;\">Si tens el t\u00edtol de BUP<\/span><\/strong><\/em><\/h5>\n<div class=\"wpb_text_column wpb_content_element \">\n<div class=\"wpb_wrapper\">\n<p>Comprova que compleixes els requisits. Si els compleixes, prepara la documentaci\u00f3 que ens has d\u2019aportar i posa&#8217;t en contacte amb nosaltres.<\/p>\n<\/div>\n<\/div>\n<div class=\"vc_separator wpb_content_element vc_separator_align_center vc_sep_width_100 vc_sep_pos_align_center vc_sep_color_grey vc_separator-has-text\">\n<h4>Requisits<\/h4>\n<\/div>\n<div class=\"wpb_text_column wpb_content_element \">\n<div class=\"wpb_wrapper\">\n<p>Tenir el T\u00edtol de BUP.<\/p>\n<p>Haver cursat tota l\u2019EGB i tot el BUP a Catalunya a partir del curs 1978-79.<\/p>\n<p>Haver cursat l\u2019assignatura de llengua catalana durant tota l\u2019EGB i el BUP.<\/p>\n<\/div>\n<\/div>\n<div class=\"vc_separator wpb_content_element vc_separator_align_center vc_sep_width_100 vc_sep_pos_align_center vc_sep_color_grey vc_separator-has-text\">\n<h4>Documentaci\u00f3 a aportar<\/h4>\n<\/div>\n<div class=\"wpb_text_column wpb_content_element \">\n<div class=\"wpb_wrapper\">\n<p><strong>DNI<\/strong>: Fotoc\u00f2pia del DNI per les dues cares.<\/p>\n<p><strong>Certificat\u00a0<\/strong>de l\u2019escola on vas fer l\u2019EGB, o equivalent, que acrediti:<\/p>\n<ul>\n<li>els anys i cursos d\u2019escolaritat.<\/li>\n<li>que vas cursar la llengua catalana.<\/li>\n<\/ul>\n<p><strong>Certificat (*)<\/strong>\u00a0de l\u2019institut on vas fer el BUP, o equivalent, que acrediti:<\/p>\n<ul>\n<li>que vas obtenir el t\u00edtol de BUP.<\/li>\n<li>que vas cursar la llengua catalana.<\/li>\n<\/ul>\n<h5><em><strong><span style=\"color: #ff0000;\">Si tens el t\u00edtol de FP2<\/span><\/strong><\/em><\/h5>\n<div class=\"wpb_text_column wpb_content_element \">\n<div class=\"wpb_wrapper\">\n<p>Comprova que compleixes els requisits. Si els compleixes, prepara la documentaci\u00f3 que ens has d\u2019aportar i posa&#8217;t en contacte amb nosaltres.<\/p>\n<\/div>\n<\/div>\n<div class=\"vc_separator wpb_content_element vc_separator_align_center vc_sep_width_100 vc_sep_pos_align_center vc_sep_color_grey vc_separator-has-text\">\n<h4>Requisits<\/h4>\n<\/div>\n<div class=\"wpb_text_column wpb_content_element \">\n<div class=\"wpb_wrapper\">\n<p>Tenir el T\u00edtol d\u2019FP2.<\/p>\n<p>Haver cursat tota l\u2019EGB, FP1 i FP2 a Catalunya, a partir del curs 1978-79.<\/p>\n<p>Haver cursat l\u2019assignatura de llengua catalana durant tota l\u2019EGB, FP1 i FP2.<\/p>\n<\/div>\n<\/div>\n<div class=\"vc_separator wpb_content_element vc_separator_align_center vc_sep_width_100 vc_sep_pos_align_center vc_sep_color_grey vc_separator-has-text\">\n<h4>Documentaci\u00f3 a aportar<\/h4>\n<\/div>\n<div class=\"wpb_text_column wpb_content_element \">\n<div class=\"wpb_wrapper\">\n<p><strong>DNI<\/strong>: Fotoc\u00f2pia del DNI per les dues cares.<\/p>\n<p><strong>Certificat\u00a0<\/strong>de l\u2019escola on vas fer l\u2019EGB, o equivalent, que acrediti:<\/p>\n<ul>\n<li>els anys i cursos d\u2019escolaritat.<\/li>\n<li>que vas cursar la llengua catalana.<\/li>\n<\/ul>\n<p><strong>Certificat (*)<\/strong>\u00a0de l\u2019institut on vas fer l\u2019FP1 i l\u2019FP2, o equivalent, que acrediti:<\/p>\n<ul>\n<li>que vas obtenir el t\u00edtol d\u2019FP2.<\/li>\n<li>que vas cursar la llengua catalana.<\/li>\n<\/ul>\n<\/div>\n<\/div>\n<\/div>\n<\/div>\n<\/div>\n<\/div>\n<\/div>\n<\/div>\n<\/div>\n<\/div>\n<\/div>\n<p>&nbsp;<\/p>\n<h3><span style=\"color: #ff0000;\">Per qualsevol consulta pots trucar als tel\u00e8fons:<\/span><\/h3>\n<h1><span style=\"color: #ff00ff;\"> <span style=\"color: #000000;\">973 60 09 55 \/ 617 43 84 62<\/span><\/span><\/h1>\n<h3><span style=\"color: #ff0000;\">o a trav\u00e9s del correu electr\u00f2nic <\/span><\/h3>\n<h1><span style=\"color: #ff00ff;\"><span style=\"color: #000000;\">cfamollerussa<span class=\"\">@xtec.cat<\/span><\/span><\/span><\/h1>\n<p>&nbsp;<\/p>\n<p>&nbsp;<\/p>\n","protected":false},"excerpt":{"rendered":"<p><a href=\"https:\/\/agora.xtec.cat\/cfamollerussa\/wp-content\/uploads\/usu345\/2019\/08\/Sin-nombre.jpg\"><\/a><\/p>\n<p>&nbsp;<\/p>\n<p><a href=\"https:\/\/agora.xtec.cat\/cfamollerussa\/preinscripcio\/\">PREINSCRIPCI\u00d3<\/a><\/p>\n<p><a href=\"https:\/\/agora.xtec.cat\/cfamollerussa\/matricula\/\">MATR\u00cdCULA<\/a><\/p>\n<p><a href=\"https:\/\/agora.xtec.cat\/cfamollerussa\/expedicio-de-titols\/\">EXPEDICI\u00d3 DE T\u00cdTOLS<\/a><\/p>\n<p><a href=\"https:\/\/agora.xtec.cat\/cfamollerussa\/certificats\/\">CERTIFICATS<\/a><\/p>\n<p><a href=\"https:\/\/agora.xtec.cat\/cfamollerussa\/proves-lliures-de-ges\/\">PROVES LLIURES DE GES<\/a><\/p>\n<p><a href=\"https:\/\/agora.xtec.cat\/cfamollerussa\/asseguranca-escolar\/\">ASSEGURAN\u00c7A ESCOLAR<\/a><\/p>\n<p><a href=\"https:\/\/agora.xtec.cat\/cfamollerussa\/acreditacio-del-nivell-c1-de-catala\/\">ACREDITACI\u00d3 DEL NIVELL C1 DE CATALA<\/a><br \/>\n<a href=\"https:\/\/agora.xtec.cat\/cfamollerussa\/fer-pagaments\/\">FER PAGAMENTS<\/a><\/p>\n<p>ACREDITACI\u00d3 DEL NIVELL C1 DE CATAL\u00c0<br \/>\nEls certificats de catal\u00e0 de la Direcci\u00f3 General de Pol\u00edtica Ling\u00fc\u00edstica s\u00f3n t\u00edtols oficials amb reconeixement internacional i validesa&hellip;  <a href=\"https:\/\/agora.xtec.cat\/cfamollerussa\/acreditacio-del-nivell-c1-de-catala\/\" title=\"Read Acreditaci\u00f3 del nivell C1 de catal\u00e0\">Llegeix m\u00e9s\u00bb<\/a><\/p>\n","protected":false},"author":1,"featured_media":0,"parent":0,"menu_order":0,"comment_status":"closed","ping_status":"closed","template":"","meta":{"_bbp_topic_count":0,"_bbp_reply_count":0,"_bbp_total_topic_count":0,"_bbp_total_reply_count":0,"_bbp_voice_count":0,"_bbp_anonymous_reply_count":0,"_bbp_topic_count_hidden":0,"_bbp_reply_count_hidden":0,"_bbp_forum_subforum_count":0,"footnotes":""},"class_list":["post-2382","page","type-page","status-publish","hentry"],"post_mailing_queue_ids":[],"_links":{"self":[{"href":"https:\/\/agora.xtec.cat\/cfamollerussa\/wp-json\/wp\/v2\/pages\/2382","targetHints":{"allow":["GET"]}}],"collection":[{"href":"https:\/\/agora.xtec.cat\/cfamollerussa\/wp-json\/wp\/v2\/pages"}],"about":[{"href":"https:\/\/agora.xtec.cat\/cfamollerussa\/wp-json\/wp\/v2\/types\/page"}],"author":[{"embeddable":true,"href":"https:\/\/agora.xtec.cat\/cfamollerussa\/wp-json\/wp\/v2\/users\/1"}],"replies":[{"embeddable":true,"href":"https:\/\/agora.xtec.cat\/cfamollerussa\/wp-json\/wp\/v2\/comments?post=2382"}],"version-history":[{"count":4,"href":"https:\/\/agora.xtec.cat\/cfamollerussa\/wp-json\/wp\/v2\/pages\/2382\/revisions"}],"predecessor-version":[{"id":2412,"href":"https:\/\/agora.xtec.cat\/cfamollerussa\/wp-json\/wp\/v2\/pages\/2382\/revisions\/2412"}],"wp:attachment":[{"href":"https:\/\/agora.xtec.cat\/cfamollerussa\/wp-json\/wp\/v2\/media?parent=2382"}],"curies":[{"name":"wp","href":"https:\/\/api.w.org\/{rel}","templated":true}]}}