{"id":2364,"date":"2024-12-25T20:47:18","date_gmt":"2024-12-25T19:47:18","guid":{"rendered":"https:\/\/agora.xtec.cat\/cfamollerussa\/?page_id=2364"},"modified":"2024-12-25T20:47:18","modified_gmt":"2024-12-25T19:47:18","slug":"el-voluntariat-del-cfa","status":"publish","type":"page","link":"https:\/\/agora.xtec.cat\/cfamollerussa\/el-voluntariat-del-cfa\/","title":{"rendered":"El voluntariat del CFA"},"content":{"rendered":"<p>El foment del voluntariat al CFA Mollerussa, \u00e9s una de les actuacions m\u00e9s importants que es proposen per la seva transversalitat i per les seves possibilitats.<\/p>\n<p>En un primer nivell es pret\u00e9n consolidar tasques relatives amb la pr\u00e0ctica i l\u2019aprenentatge de la llengua catalana i castellana a persones immigrants, aix\u00ed com l\u2019ajuda a l\u2019alfabetitzaci\u00f3 que els ha de permetre seguir els plans d\u2019estudis reglats disponibles a l\u2019escola.<\/p>\n<p>Tamb\u00e9 el voluntariat, ens permet refor\u00e7ar determinats aprenentatges i a establir estrat\u00e8gies que evitin l\u2019abandonament, a trav\u00e9s de seguiments personalitzats a diferents horaris que no podrien fer-se per manca de professorat.<\/p>\n<p>\u00c9s per aix\u00f2 que des del CFA Mollerussa, promovem les tasques de voluntariat a trav\u00e9s de tres eixos:<\/p>\n<ol>\n<li>Impulsar les tasques d\u2019alfabetitzaci\u00f3 a trav\u00e9s del voluntariat.<\/li>\n<li>Continuar la col\u00b7laboraci\u00f3 al programa de parelles ling\u00fc\u00edstiques amb el Consell Comarcal del Pla d\u2019Urgell.<\/li>\n<li>Afavorir activitats de voluntariat a l\u2019escola que puguin complementar el sistema d\u2019activitats extraescolars<\/li>\n<\/ol>\n<p><a href=\"https:\/\/www.vxl.cat\/\"><img loading=\"lazy\" decoding=\"async\" class=\"alignleft size-full wp-image-2361\" src=\"https:\/\/agora.xtec.cat\/cfamollerussa\/wp-content\/uploads\/usu345\/2024\/12\/2022.12.02-dia-voluntariat-cpnl-1.png\" alt=\"\" width=\"499\" height=\"174\" srcset=\"https:\/\/agora.xtec.cat\/cfamollerussa\/wp-content\/uploads\/usu345\/2024\/12\/2022.12.02-dia-voluntariat-cpnl-1.png 499w, https:\/\/agora.xtec.cat\/cfamollerussa\/wp-content\/uploads\/usu345\/2024\/12\/2022.12.02-dia-voluntariat-cpnl-1-300x105.png 300w\" sizes=\"auto, (max-width: 499px) 100vw, 499px\" \/><\/a><\/p>\n","protected":false},"excerpt":{"rendered":"<p>El foment del voluntariat al CFA Mollerussa, \u00e9s una de les actuacions m\u00e9s importants que es proposen per la seva transversalitat i per les seves possibilitats.<br \/>\nEn un primer nivell es pret\u00e9n consolidar tasques relatives amb la pr\u00e0ctica i l\u2019aprenentatge de la llengua catalana i castellana&hellip;  <a href=\"https:\/\/agora.xtec.cat\/cfamollerussa\/el-voluntariat-del-cfa\/\" title=\"Read El voluntariat del CFA\">Llegeix m\u00e9s\u00bb<\/a><\/p>\n","protected":false},"author":1,"featured_media":0,"parent":0,"menu_order":0,"comment_status":"closed","ping_status":"closed","template":"","meta":{"_bbp_topic_count":0,"_bbp_reply_count":0,"_bbp_total_topic_count":0,"_bbp_total_reply_count":0,"_bbp_voice_count":0,"_bbp_anonymous_reply_count":0,"_bbp_topic_count_hidden":0,"_bbp_reply_count_hidden":0,"_bbp_forum_subforum_count":0,"footnotes":""},"class_list":["post-2364","page","type-page","status-publish","hentry"],"post_mailing_queue_ids":[],"_links":{"self":[{"href":"https:\/\/agora.xtec.cat\/cfamollerussa\/wp-json\/wp\/v2\/pages\/2364","targetHints":{"allow":["GET"]}}],"collection":[{"href":"https:\/\/agora.xtec.cat\/cfamollerussa\/wp-json\/wp\/v2\/pages"}],"about":[{"href":"https:\/\/agora.xtec.cat\/cfamollerussa\/wp-json\/wp\/v2\/types\/page"}],"author":[{"embeddable":true,"href":"https:\/\/agora.xtec.cat\/cfamollerussa\/wp-json\/wp\/v2\/users\/1"}],"replies":[{"embeddable":true,"href":"https:\/\/agora.xtec.cat\/cfamollerussa\/wp-json\/wp\/v2\/comments?post=2364"}],"version-history":[{"count":1,"href":"https:\/\/agora.xtec.cat\/cfamollerussa\/wp-json\/wp\/v2\/pages\/2364\/revisions"}],"predecessor-version":[{"id":2366,"href":"https:\/\/agora.xtec.cat\/cfamollerussa\/wp-json\/wp\/v2\/pages\/2364\/revisions\/2366"}],"wp:attachment":[{"href":"https:\/\/agora.xtec.cat\/cfamollerussa\/wp-json\/wp\/v2\/media?parent=2364"}],"curies":[{"name":"wp","href":"https:\/\/api.w.org\/{rel}","templated":true}]}}