{"id":2282,"date":"2024-12-22T20:12:22","date_gmt":"2024-12-22T19:12:22","guid":{"rendered":"https:\/\/agora.xtec.cat\/cfamollerussa\/?page_id=2282"},"modified":"2024-12-22T20:12:22","modified_gmt":"2024-12-22T19:12:22","slug":"centre-collaborador-institut-obert-de-catalunya-ioc","status":"publish","type":"page","link":"https:\/\/agora.xtec.cat\/cfamollerussa\/centre-collaborador-institut-obert-de-catalunya-ioc\/","title":{"rendered":"Centre col\u00b7laborador Institut Obert de Catalunya (IOC)"},"content":{"rendered":"<p>El CFA Mollerussa \u00e9s centre col\u00b7laborador de l\u2019Institut Obert de Catalunya (IOC).<\/p>\n<p>Com a centre de refer\u00e8ncia de l\u2019 IOC\u00a0 fem de tutors dels \/ de les estudiants, assessorem i orientem en el proc\u00e9s de matriculaci\u00f3 i acompanyem en la gesti\u00f3 de les proves.<\/p>\n<p>Aix\u00f2 permet que l\u2019alumnat que vol aconseguir el Graduat d\u2019Educaci\u00f3 Secund\u00e0ria\u00a0per a adults\u00a0a dist\u00e0ncia se senti motivat i segur en tot el seu proc\u00e9s d\u2019aprenentatge.<\/p>\n<p>Si voleu m\u00e9s informaci\u00f3, podeu accedir de l\u2019IOC des d\u2019aquest enlla\u00e7\u00a0\u00a0<a href=\"https:\/\/ioc.xtec.cat\/educacio\/ges\">https:\/\/ioc.xtec.cat\/educacio\/ges<\/a><\/p>\n<p><a href=\"https:\/\/agora.xtec.cat\/cfamollerussa\/wp-content\/uploads\/usu345\/2021\/02\/IOC_centre_col_400.jpg\"><img loading=\"lazy\" decoding=\"async\" class=\"aligncenter size-medium wp-image-1595\" src=\"https:\/\/agora.xtec.cat\/cfamollerussa\/wp-content\/uploads\/usu345\/2021\/02\/IOC_centre_col_400-300x136.jpg\" alt=\"\" width=\"300\" height=\"136\" srcset=\"https:\/\/agora.xtec.cat\/cfamollerussa\/wp-content\/uploads\/usu345\/2021\/02\/IOC_centre_col_400-300x136.jpg 300w, https:\/\/agora.xtec.cat\/cfamollerussa\/wp-content\/uploads\/usu345\/2021\/02\/IOC_centre_col_400.jpg 400w\" sizes=\"auto, (max-width: 300px) 100vw, 300px\" \/><\/a><\/p>\n","protected":false},"excerpt":{"rendered":"<p>El CFA Mollerussa \u00e9s centre col\u00b7laborador de l\u2019Institut Obert de Catalunya (IOC).<br \/>\nCom a centre de refer\u00e8ncia de l\u2019 IOC\u00a0 fem de tutors dels \/ de les estudiants, assessorem i orientem en el proc\u00e9s de matriculaci\u00f3 i acompanyem en la gesti\u00f3 de les proves.<br \/>\nAix\u00f2 permet que&hellip;  <a href=\"https:\/\/agora.xtec.cat\/cfamollerussa\/centre-collaborador-institut-obert-de-catalunya-ioc\/\" title=\"Read Centre col\u00b7laborador Institut Obert de Catalunya (IOC)\">Llegeix m\u00e9s\u00bb<\/a><\/p>\n","protected":false},"author":1,"featured_media":0,"parent":0,"menu_order":0,"comment_status":"closed","ping_status":"closed","template":"","meta":{"_bbp_topic_count":0,"_bbp_reply_count":0,"_bbp_total_topic_count":0,"_bbp_total_reply_count":0,"_bbp_voice_count":0,"_bbp_anonymous_reply_count":0,"_bbp_topic_count_hidden":0,"_bbp_reply_count_hidden":0,"_bbp_forum_subforum_count":0,"footnotes":""},"class_list":["post-2282","page","type-page","status-publish","hentry"],"post_mailing_queue_ids":[],"_links":{"self":[{"href":"https:\/\/agora.xtec.cat\/cfamollerussa\/wp-json\/wp\/v2\/pages\/2282","targetHints":{"allow":["GET"]}}],"collection":[{"href":"https:\/\/agora.xtec.cat\/cfamollerussa\/wp-json\/wp\/v2\/pages"}],"about":[{"href":"https:\/\/agora.xtec.cat\/cfamollerussa\/wp-json\/wp\/v2\/types\/page"}],"author":[{"embeddable":true,"href":"https:\/\/agora.xtec.cat\/cfamollerussa\/wp-json\/wp\/v2\/users\/1"}],"replies":[{"embeddable":true,"href":"https:\/\/agora.xtec.cat\/cfamollerussa\/wp-json\/wp\/v2\/comments?post=2282"}],"version-history":[{"count":1,"href":"https:\/\/agora.xtec.cat\/cfamollerussa\/wp-json\/wp\/v2\/pages\/2282\/revisions"}],"predecessor-version":[{"id":2283,"href":"https:\/\/agora.xtec.cat\/cfamollerussa\/wp-json\/wp\/v2\/pages\/2282\/revisions\/2283"}],"wp:attachment":[{"href":"https:\/\/agora.xtec.cat\/cfamollerussa\/wp-json\/wp\/v2\/media?parent=2282"}],"curies":[{"name":"wp","href":"https:\/\/api.w.org\/{rel}","templated":true}]}}