{"id":2268,"date":"2024-12-22T18:53:08","date_gmt":"2024-12-22T17:53:08","guid":{"rendered":"https:\/\/agora.xtec.cat\/cfamollerussa\/?page_id=2268"},"modified":"2024-12-22T18:53:39","modified_gmt":"2024-12-22T17:53:39","slug":"acreditacio-de-competencies-professionals","status":"publish","type":"page","link":"https:\/\/agora.xtec.cat\/cfamollerussa\/acreditacio-de-competencies-professionals\/","title":{"rendered":"Acreditaci\u00f3 de compet\u00e8ncies professionals"},"content":{"rendered":"<p>El CFA Mollerussa \u00e9s punt d&#8217;informaci\u00f3 per a l&#8217;acreditaci\u00f3 de compet\u00e8ncies professionals. Aix\u00f2 implica que t&#8217;ajudem en les fases d&#8217;inscripci\u00f3 i admisi\u00f3.<\/p>\n<p><a href=\"https:\/\/agora.xtec.cat\/cfamollerussa\/wp-content\/uploads\/usu345\/2024\/12\/proces-acreditacio.png_516507702.png\"><img loading=\"lazy\" decoding=\"async\" class=\"size-large wp-image-2269 alignnone\" src=\"https:\/\/agora.xtec.cat\/cfamollerussa\/wp-content\/uploads\/usu345\/2024\/12\/proces-acreditacio.png_516507702-1024x479.png\" alt=\"\" width=\"1024\" height=\"479\" srcset=\"https:\/\/agora.xtec.cat\/cfamollerussa\/wp-content\/uploads\/usu345\/2024\/12\/proces-acreditacio.png_516507702-1024x479.png 1024w, https:\/\/agora.xtec.cat\/cfamollerussa\/wp-content\/uploads\/usu345\/2024\/12\/proces-acreditacio.png_516507702-300x140.png 300w, https:\/\/agora.xtec.cat\/cfamollerussa\/wp-content\/uploads\/usu345\/2024\/12\/proces-acreditacio.png_516507702-768x359.png 768w, https:\/\/agora.xtec.cat\/cfamollerussa\/wp-content\/uploads\/usu345\/2024\/12\/proces-acreditacio.png_516507702-1536x719.png 1536w, https:\/\/agora.xtec.cat\/cfamollerussa\/wp-content\/uploads\/usu345\/2024\/12\/proces-acreditacio.png_516507702.png 1770w\" sizes=\"auto, (max-width: 1024px) 100vw, 1024px\" \/><\/a><\/p>\n<h4><span style=\"color: #ff0000;\">SI VOLS VENIR A INFORMAR-TE DEMANA HORA ALS TEL\u00c8FONS\u00a0 <\/span><\/h4>\n<h3><span style=\"color: #ff0000;\">973 60 09 55\u00a0 o al\u00a0 617438462<\/span><\/h3>\n<p>&nbsp;<\/p>\n<p>Enlla\u00e7os d&#8217;nter\u00e8s:<\/p>\n<ul>\n<li><a href=\"https:\/\/fp.gencat.cat\/web\/.content\/06_Acreditacio\/guies-i-manuals-PDF\/Guia-persona-usuaria-del-servei-Acreditacio.pdf\">Guia de la persona usu\u00e0ria<\/a><\/li>\n<li><a href=\"https:\/\/fp.gencat.cat\/ca\/acreditacio\/em-vull-acreditar\/index.html\">Acc\u00e9s a la p\u00e0gina de l&#8217;Ag\u00e8ncia P\u00fablica de Formaci\u00f3 i Acreditaci\u00f3.<\/a><\/li>\n<li><a href=\"https:\/\/fp.gencat.cat\/ca\/arees\/avaluacio-i-acreditacio-de-competencies-professionals\/normativa-basica\/\">Normativa.<\/a><\/li>\n<li><a href=\"https:\/\/fp.gencat.cat\/ca\/acreditacio\/em-vull-acreditar\/Requisits-de-participacio\/\">Requisits de participaci\u00f3.<\/a><\/li>\n<\/ul>\n<p><a href=\"https:\/\/agora.xtec.cat\/cfamollerussa\/wp-content\/uploads\/usu345\/2024\/12\/Captura3001.jpg\"><img loading=\"lazy\" decoding=\"async\" class=\"size-full wp-image-2271 alignnone\" src=\"https:\/\/agora.xtec.cat\/cfamollerussa\/wp-content\/uploads\/usu345\/2024\/12\/Captura3001.jpg\" alt=\"\" width=\"714\" height=\"399\" srcset=\"https:\/\/agora.xtec.cat\/cfamollerussa\/wp-content\/uploads\/usu345\/2024\/12\/Captura3001.jpg 714w, https:\/\/agora.xtec.cat\/cfamollerussa\/wp-content\/uploads\/usu345\/2024\/12\/Captura3001-300x168.jpg 300w\" sizes=\"auto, (max-width: 714px) 100vw, 714px\" \/><\/a><\/p>\n<p>&nbsp;<\/p>\n<p>&nbsp;<\/p>\n","protected":false},"excerpt":{"rendered":"<p>El CFA Mollerussa \u00e9s punt d&#8217;informaci\u00f3 per a l&#8217;acreditaci\u00f3 de compet\u00e8ncies professionals. Aix\u00f2 implica que t&#8217;ajudem en les fases d&#8217;inscripci\u00f3 i admisi\u00f3.<br \/>\n<a href=\"https:\/\/agora.xtec.cat\/cfamollerussa\/wp-content\/uploads\/usu345\/2024\/12\/proces-acreditacio.png_516507702.png\"><\/a><br \/>\nSI VOLS VENIR A INFORMAR-TE DEMANA HORA ALS TEL\u00c8FONS\u00a0<br \/>\n973 60 09 55\u00a0 o al\u00a0 617438462<br \/>\n&nbsp;<br \/>\nEnlla\u00e7os d&#8217;nter\u00e8s:<\/p>\n<ul>\n<li><a href=\"https:\/\/fp.gencat.cat\/web\/.content\/06_Acreditacio\/guies-i-manuals-PDF\/Guia-persona-usuaria-del-servei-Acreditacio.pdf\">Guia de la persona usu\u00e0ria<\/a><\/li>\n<li><a href=\"https:\/\/fp.gencat.cat\/ca\/acreditacio\/em-vull-acreditar\/index.html\">Acc\u00e9s&hellip;  <a href=\"https:\/\/agora.xtec.cat\/cfamollerussa\/acreditacio-de-competencies-professionals\/\" title=\"Read Acreditaci\u00f3 de compet\u00e8ncies professionals\">Llegeix m\u00e9s\u00bb<\/a><br \/>\n","protected":false},"author":1,"featured_media":0,"parent":0,"menu_order":0,"comment_status":"closed","ping_status":"closed","template":"","meta":{"_bbp_topic_count":0,"_bbp_reply_count":0,"_bbp_total_topic_count":0,"_bbp_total_reply_count":0,"_bbp_voice_count":0,"_bbp_anonymous_reply_count":0,"_bbp_topic_count_hidden":0,"_bbp_reply_count_hidden":0,"_bbp_forum_subforum_count":0,"footnotes":""},"class_list":["post-2268","page","type-page","status-publish","hentry"],"post_mailing_queue_ids":[],"_links":{"self":[{"href":"https:\/\/agora.xtec.cat\/cfamollerussa\/wp-json\/wp\/v2\/pages\/2268","targetHints":{"allow":["GET"]}}],"collection":[{"href":"https:\/\/agora.xtec.cat\/cfamollerussa\/wp-json\/wp\/v2\/pages"}],"about":[{"href":"https:\/\/agora.xtec.cat\/cfamollerussa\/wp-json\/wp\/v2\/types\/page"}],"author":[{"embeddable":true,"href":"https:\/\/agora.xtec.cat\/cfamollerussa\/wp-json\/wp\/v2\/users\/1"}],"replies":[{"embeddable":true,"href":"https:\/\/agora.xtec.cat\/cfamollerussa\/wp-json\/wp\/v2\/comments?post=2268"}],"version-history":[{"count":1,"href":"https:\/\/agora.xtec.cat\/cfamollerussa\/wp-json\/wp\/v2\/pages\/2268\/revisions"}],"predecessor-version":[{"id":2272,"href":"https:\/\/agora.xtec.cat\/cfamollerussa\/wp-json\/wp\/v2\/pages\/2268\/revisions\/2272"}],"wp:attachment":[{"href":"https:\/\/agora.xtec.cat\/cfamollerussa\/wp-json\/wp\/v2\/media?parent=2268"}],"curies":[{"name":"wp","href":"https:\/\/api.w.org\/{rel}","templated":true}]}}