{"id":2263,"date":"2024-12-22T18:34:18","date_gmt":"2024-12-22T17:34:18","guid":{"rendered":"https:\/\/agora.xtec.cat\/cfamollerussa\/?page_id=2263"},"modified":"2024-12-22T18:37:49","modified_gmt":"2024-12-22T17:37:49","slug":"la-plataforma-g-suite","status":"publish","type":"page","link":"https:\/\/agora.xtec.cat\/cfamollerussa\/la-plataforma-g-suite\/","title":{"rendered":"La plataforma G-Suite"},"content":{"rendered":"<p data-pm-slice=\"1 1 []\">G Suite per a centres educatius (ara anomenat Google Workspace for Education) i Google Classroom s\u00f3n eines de Google que ofereixen un conjunt d&#8217;aplicacions i serveis dissenyats espec\u00edficament per a l&#8217;\u00e0mbit educatiu. Aquestes eines ajuden a millorar la comunicaci\u00f3, la col\u00b7laboraci\u00f3 i l&#8217;organitzaci\u00f3 tant per a professors com per a alumnes.<\/p>\n<p><strong>G Suite per a centres educatius (Google Workspace for Education)<\/strong> \u00e9s una suite d&#8217;aplicacions web que inclou:<a href=\"https:\/\/agora.xtec.cat\/cfamollerussa\/wp-content\/uploads\/usu345\/2024\/12\/workspace.jpg\"><img loading=\"lazy\" decoding=\"async\" class=\"alignright wp-image-2264\" src=\"https:\/\/agora.xtec.cat\/cfamollerussa\/wp-content\/uploads\/usu345\/2024\/12\/workspace-300x150.jpg\" alt=\"\" width=\"386\" height=\"193\" srcset=\"https:\/\/agora.xtec.cat\/cfamollerussa\/wp-content\/uploads\/usu345\/2024\/12\/workspace-300x150.jpg 300w, https:\/\/agora.xtec.cat\/cfamollerussa\/wp-content\/uploads\/usu345\/2024\/12\/workspace-1024x512.jpg 1024w, https:\/\/agora.xtec.cat\/cfamollerussa\/wp-content\/uploads\/usu345\/2024\/12\/workspace-768x384.jpg 768w, https:\/\/agora.xtec.cat\/cfamollerussa\/wp-content\/uploads\/usu345\/2024\/12\/workspace.jpg 1460w\" sizes=\"auto, (max-width: 386px) 100vw, 386px\" \/><\/a><\/p>\n<ul>\n<li><strong>Gmail:<\/strong> Correu electr\u00f2nic amb espai d&#8217;emmagatzematge ampli.<\/li>\n<li><strong>Drive:<\/strong> Emmagatzematge al n\u00favol per desar i compartir documents, presentacions, fulls de c\u00e0lcul, etc. Permet l&#8217;edici\u00f3 col\u00b7laborativa en temps real.<\/li>\n<li><strong>Calendar:<\/strong> Calendari per organitzar horaris, classes, reunions i altres esdeveniments.<\/li>\n<li><strong>Docs, Sheets i Slides:<\/strong> Editors de documents de text, fulls de c\u00e0lcul i presentacions, respectivament, similars a Microsoft Word, Excel i PowerPoint.<\/li>\n<li><strong>Meet:<\/strong> Plataforma de videoconfer\u00e8ncies per a classes virtuals, reunions i comunicaci\u00f3 en l\u00ednia.<\/li>\n<\/ul>\n<p><strong>Google Classroom<\/strong> \u00e9s una plataforma que s&#8217;integra amb G Suite i que facilita la gesti\u00f3 de les classes:<\/p>\n<ul>\n<li><strong>Organitzaci\u00f3 de les classes:<\/strong> Permet crear aules virtuals on els professors poden publicar anuncis, tasques, materials i altres recursos.<\/li>\n<li><strong>Comunicaci\u00f3:<\/strong> Facilita la comunicaci\u00f3 entre professors i alumnes, cosa que permet fer anuncis, enviar missatges i resoldre dubtes.<\/li>\n<li><strong>Gesti\u00f3 de tasques:<\/strong> Permet als professors crear, assignar, recollir i qualificar les tasques dels alumnes de forma digital.<\/li>\n<li><strong>Seguiment del progr\u00e9s:<\/strong> Facilita el seguiment del progr\u00e9s dels alumnes en les diferents activitats.<\/li>\n<\/ul>\n<p>G Suite i Google Classroom ofereixen un entorn virtual d&#8217;aprenentatge complet que facilita la gesti\u00f3 de les classes, la comunicaci\u00f3 i la col\u00b7laboraci\u00f3 entre professors i alumnes, millorant l&#8217;experi\u00e8ncia educativa.<\/p>\n","protected":false},"excerpt":{"rendered":"<p>G Suite per a centres educatius (ara anomenat Google Workspace for Education) i Google Classroom s\u00f3n eines de Google que ofereixen un conjunt d&#8217;aplicacions i serveis dissenyats espec\u00edficament per a l&#8217;\u00e0mbit educatiu. Aquestes eines ajuden a millorar la comunicaci\u00f3, la col\u00b7laboraci\u00f3 i l&#8217;organitzaci\u00f3 tant per&hellip;  <a href=\"https:\/\/agora.xtec.cat\/cfamollerussa\/la-plataforma-g-suite\/\" title=\"Read La plataforma G-Suite\">Llegeix m\u00e9s\u00bb<\/a><\/p>\n","protected":false},"author":1,"featured_media":0,"parent":0,"menu_order":0,"comment_status":"closed","ping_status":"closed","template":"","meta":{"_bbp_topic_count":0,"_bbp_reply_count":0,"_bbp_total_topic_count":0,"_bbp_total_reply_count":0,"_bbp_voice_count":0,"_bbp_anonymous_reply_count":0,"_bbp_topic_count_hidden":0,"_bbp_reply_count_hidden":0,"_bbp_forum_subforum_count":0,"footnotes":""},"class_list":["post-2263","page","type-page","status-publish","hentry"],"post_mailing_queue_ids":[],"_links":{"self":[{"href":"https:\/\/agora.xtec.cat\/cfamollerussa\/wp-json\/wp\/v2\/pages\/2263","targetHints":{"allow":["GET"]}}],"collection":[{"href":"https:\/\/agora.xtec.cat\/cfamollerussa\/wp-json\/wp\/v2\/pages"}],"about":[{"href":"https:\/\/agora.xtec.cat\/cfamollerussa\/wp-json\/wp\/v2\/types\/page"}],"author":[{"embeddable":true,"href":"https:\/\/agora.xtec.cat\/cfamollerussa\/wp-json\/wp\/v2\/users\/1"}],"replies":[{"embeddable":true,"href":"https:\/\/agora.xtec.cat\/cfamollerussa\/wp-json\/wp\/v2\/comments?post=2263"}],"version-history":[{"count":1,"href":"https:\/\/agora.xtec.cat\/cfamollerussa\/wp-json\/wp\/v2\/pages\/2263\/revisions"}],"predecessor-version":[{"id":2265,"href":"https:\/\/agora.xtec.cat\/cfamollerussa\/wp-json\/wp\/v2\/pages\/2263\/revisions\/2265"}],"wp:attachment":[{"href":"https:\/\/agora.xtec.cat\/cfamollerussa\/wp-json\/wp\/v2\/media?parent=2263"}],"curies":[{"name":"wp","href":"https:\/\/api.w.org\/{rel}","templated":true}]}}