{"id":2064,"date":"2024-01-13T17:23:17","date_gmt":"2024-01-13T16:23:17","guid":{"rendered":"https:\/\/agora.xtec.cat\/cfamollerussa\/?page_id=2064"},"modified":"2024-01-14T13:43:08","modified_gmt":"2024-01-14T12:43:08","slug":"capacitacio-digital","status":"publish","type":"page","link":"https:\/\/agora.xtec.cat\/cfamollerussa\/capacitacio-digital\/","title":{"rendered":"Capacitaci\u00f3 digital"},"content":{"rendered":"<p><a href=\"https:\/\/agora.xtec.cat\/cfamollerussa\/wp-content\/uploads\/usu345\/2024\/01\/Sin-nombre.jpg\"><img loading=\"lazy\" decoding=\"async\" class=\"alignnone size-large wp-image-2074\" src=\"https:\/\/agora.xtec.cat\/cfamollerussa\/wp-content\/uploads\/usu345\/2024\/01\/Sin-nombre-1024x129.jpg\" alt=\"\" width=\"1024\" height=\"129\" srcset=\"https:\/\/agora.xtec.cat\/cfamollerussa\/wp-content\/uploads\/usu345\/2024\/01\/Sin-nombre-1024x129.jpg 1024w, https:\/\/agora.xtec.cat\/cfamollerussa\/wp-content\/uploads\/usu345\/2024\/01\/Sin-nombre-300x38.jpg 300w, https:\/\/agora.xtec.cat\/cfamollerussa\/wp-content\/uploads\/usu345\/2024\/01\/Sin-nombre-768x96.jpg 768w, https:\/\/agora.xtec.cat\/cfamollerussa\/wp-content\/uploads\/usu345\/2024\/01\/Sin-nombre.jpg 1457w\" sizes=\"auto, (max-width: 1024px) 100vw, 1024px\" \/><\/a><\/p>\n<p><a href=\"https:\/\/agora.xtec.cat\/cfamollerussa\/wp-content\/uploads\/usu345\/2024\/01\/F-DIGITAL-GUIA_Amb-logos1.jpg\"><img loading=\"lazy\" decoding=\"async\" class=\"alignnone wp-image-2069\" src=\"https:\/\/agora.xtec.cat\/cfamollerussa\/wp-content\/uploads\/usu345\/2024\/01\/F-DIGITAL-GUIA_Amb-logos1-1024x724.jpg\" alt=\"\" width=\"694\" height=\"491\" srcset=\"https:\/\/agora.xtec.cat\/cfamollerussa\/wp-content\/uploads\/usu345\/2024\/01\/F-DIGITAL-GUIA_Amb-logos1-1024x724.jpg 1024w, https:\/\/agora.xtec.cat\/cfamollerussa\/wp-content\/uploads\/usu345\/2024\/01\/F-DIGITAL-GUIA_Amb-logos1-300x212.jpg 300w, https:\/\/agora.xtec.cat\/cfamollerussa\/wp-content\/uploads\/usu345\/2024\/01\/F-DIGITAL-GUIA_Amb-logos1-768x543.jpg 768w, https:\/\/agora.xtec.cat\/cfamollerussa\/wp-content\/uploads\/usu345\/2024\/01\/F-DIGITAL-GUIA_Amb-logos1.jpg 1169w\" sizes=\"auto, (max-width: 694px) 100vw, 694px\" \/><\/a><\/p>\n<h5>El CFA Mollerussa, imparteix cursos de capacitaci\u00f3 digital per a tots aquells que hi estiguin interessats. Properament us informarem dels diferents cursos i horaris.<\/h5>\n<h5>Per m\u00e9s informaci\u00f3 podeu posar-vos en contacta amb l&#8217;escola a trav\u00e9s de:<\/h5>\n<h5><\/h5>\n<h5>E-mail:\u00a0 \u00a0cfamollerussa<span class=\"\"><span class=\"\">@xtec.cat<\/span><\/span><\/h5>\n<h5>Tfn: 973 60 09 55 &#8211; 617438462<\/h5>\n<p>&nbsp;<\/p>\n<p><a href=\"https:\/\/agora.xtec.cat\/cfamollerussa\/wp-content\/uploads\/usu345\/2024\/01\/F-DIGITAL-GUIA_Amb-logos2.jpg\"><img loading=\"lazy\" decoding=\"async\" class=\"alignnone size-large wp-image-2070\" src=\"https:\/\/agora.xtec.cat\/cfamollerussa\/wp-content\/uploads\/usu345\/2024\/01\/F-DIGITAL-GUIA_Amb-logos2-1024x724.jpg\" alt=\"\" width=\"1024\" height=\"724\" srcset=\"https:\/\/agora.xtec.cat\/cfamollerussa\/wp-content\/uploads\/usu345\/2024\/01\/F-DIGITAL-GUIA_Amb-logos2-1024x724.jpg 1024w, https:\/\/agora.xtec.cat\/cfamollerussa\/wp-content\/uploads\/usu345\/2024\/01\/F-DIGITAL-GUIA_Amb-logos2-300x212.jpg 300w, https:\/\/agora.xtec.cat\/cfamollerussa\/wp-content\/uploads\/usu345\/2024\/01\/F-DIGITAL-GUIA_Amb-logos2-768x543.jpg 768w, https:\/\/agora.xtec.cat\/cfamollerussa\/wp-content\/uploads\/usu345\/2024\/01\/F-DIGITAL-GUIA_Amb-logos2.jpg 1169w\" sizes=\"auto, (max-width: 1024px) 100vw, 1024px\" \/><\/a><\/p>\n<p><a href=\"https:\/\/agora.xtec.cat\/cfamollerussa\/wp-content\/uploads\/usu345\/2024\/01\/F-DIGITAL-GUIA_Amb-logos3.jpg\"><img loading=\"lazy\" decoding=\"async\" class=\"alignnone size-large wp-image-2071\" src=\"https:\/\/agora.xtec.cat\/cfamollerussa\/wp-content\/uploads\/usu345\/2024\/01\/F-DIGITAL-GUIA_Amb-logos3-1024x724.jpg\" alt=\"\" width=\"1024\" height=\"724\" srcset=\"https:\/\/agora.xtec.cat\/cfamollerussa\/wp-content\/uploads\/usu345\/2024\/01\/F-DIGITAL-GUIA_Amb-logos3-1024x724.jpg 1024w, https:\/\/agora.xtec.cat\/cfamollerussa\/wp-content\/uploads\/usu345\/2024\/01\/F-DIGITAL-GUIA_Amb-logos3-300x212.jpg 300w, https:\/\/agora.xtec.cat\/cfamollerussa\/wp-content\/uploads\/usu345\/2024\/01\/F-DIGITAL-GUIA_Amb-logos3-768x543.jpg 768w, https:\/\/agora.xtec.cat\/cfamollerussa\/wp-content\/uploads\/usu345\/2024\/01\/F-DIGITAL-GUIA_Amb-logos3.jpg 1169w\" sizes=\"auto, (max-width: 1024px) 100vw, 1024px\" \/><\/a><\/p>\n<p><a href=\"https:\/\/agora.xtec.cat\/cfamollerussa\/wp-content\/uploads\/usu345\/2024\/01\/F-DIGITAL-GUIA_Amb-logos4.jpg\"><img loading=\"lazy\" decoding=\"async\" class=\"alignnone size-large wp-image-2065\" src=\"https:\/\/agora.xtec.cat\/cfamollerussa\/wp-content\/uploads\/usu345\/2024\/01\/F-DIGITAL-GUIA_Amb-logos4-1024x724.jpg\" alt=\"\" width=\"1024\" height=\"724\" srcset=\"https:\/\/agora.xtec.cat\/cfamollerussa\/wp-content\/uploads\/usu345\/2024\/01\/F-DIGITAL-GUIA_Amb-logos4-1024x724.jpg 1024w, https:\/\/agora.xtec.cat\/cfamollerussa\/wp-content\/uploads\/usu345\/2024\/01\/F-DIGITAL-GUIA_Amb-logos4-300x212.jpg 300w, https:\/\/agora.xtec.cat\/cfamollerussa\/wp-content\/uploads\/usu345\/2024\/01\/F-DIGITAL-GUIA_Amb-logos4-768x543.jpg 768w, https:\/\/agora.xtec.cat\/cfamollerussa\/wp-content\/uploads\/usu345\/2024\/01\/F-DIGITAL-GUIA_Amb-logos4.jpg 1169w\" sizes=\"auto, (max-width: 1024px) 100vw, 1024px\" \/><\/a><\/p>\n<p><a href=\"https:\/\/agora.xtec.cat\/cfamollerussa\/wp-content\/uploads\/usu345\/2024\/01\/F-DIGITAL-GUIA_Amb-logos5.jpg\"><img loading=\"lazy\" decoding=\"async\" class=\"alignnone size-large wp-image-2066\" src=\"https:\/\/agora.xtec.cat\/cfamollerussa\/wp-content\/uploads\/usu345\/2024\/01\/F-DIGITAL-GUIA_Amb-logos5-1024x724.jpg\" alt=\"\" width=\"1024\" height=\"724\" srcset=\"https:\/\/agora.xtec.cat\/cfamollerussa\/wp-content\/uploads\/usu345\/2024\/01\/F-DIGITAL-GUIA_Amb-logos5-1024x724.jpg 1024w, https:\/\/agora.xtec.cat\/cfamollerussa\/wp-content\/uploads\/usu345\/2024\/01\/F-DIGITAL-GUIA_Amb-logos5-300x212.jpg 300w, https:\/\/agora.xtec.cat\/cfamollerussa\/wp-content\/uploads\/usu345\/2024\/01\/F-DIGITAL-GUIA_Amb-logos5-768x543.jpg 768w, https:\/\/agora.xtec.cat\/cfamollerussa\/wp-content\/uploads\/usu345\/2024\/01\/F-DIGITAL-GUIA_Amb-logos5.jpg 1169w\" sizes=\"auto, (max-width: 1024px) 100vw, 1024px\" \/><\/a><\/p>\n<p><a href=\"https:\/\/agora.xtec.cat\/cfamollerussa\/wp-content\/uploads\/usu345\/2024\/01\/F-DIGITAL-GUIA_Amb-logos6.jpg\"><img loading=\"lazy\" decoding=\"async\" class=\"alignnone size-large wp-image-2067\" src=\"https:\/\/agora.xtec.cat\/cfamollerussa\/wp-content\/uploads\/usu345\/2024\/01\/F-DIGITAL-GUIA_Amb-logos6-1024x724.jpg\" alt=\"\" width=\"1024\" height=\"724\" srcset=\"https:\/\/agora.xtec.cat\/cfamollerussa\/wp-content\/uploads\/usu345\/2024\/01\/F-DIGITAL-GUIA_Amb-logos6-1024x724.jpg 1024w, https:\/\/agora.xtec.cat\/cfamollerussa\/wp-content\/uploads\/usu345\/2024\/01\/F-DIGITAL-GUIA_Amb-logos6-300x212.jpg 300w, https:\/\/agora.xtec.cat\/cfamollerussa\/wp-content\/uploads\/usu345\/2024\/01\/F-DIGITAL-GUIA_Amb-logos6-768x543.jpg 768w, https:\/\/agora.xtec.cat\/cfamollerussa\/wp-content\/uploads\/usu345\/2024\/01\/F-DIGITAL-GUIA_Amb-logos6.jpg 1169w\" sizes=\"auto, (max-width: 1024px) 100vw, 1024px\" \/><\/a><\/p>\n<p>&nbsp;<\/p>\n","protected":false},"excerpt":{"rendered":"<p><a href=\"https:\/\/agora.xtec.cat\/cfamollerussa\/wp-content\/uploads\/usu345\/2024\/01\/Sin-nombre.jpg\"><\/a><br \/>\n<a href=\"https:\/\/agora.xtec.cat\/cfamollerussa\/wp-content\/uploads\/usu345\/2024\/01\/F-DIGITAL-GUIA_Amb-logos1.jpg\"><\/a><br \/>\nEl CFA Mollerussa, imparteix cursos de capacitaci\u00f3 digital per a tots aquells que hi estiguin interessats. Properament us informarem dels diferents cursos i horaris.<br \/>\nPer m\u00e9s informaci\u00f3 podeu posar-vos en contacta amb l&#8217;escola a trav\u00e9s de:<\/p>\n<p>E-mail:\u00a0 \u00a0cfamollerussa@xtec.cat<br \/>\nTfn: 973 60 09 55 &#8211; 617438462<br \/>\n&nbsp;<br \/>\n<a href=\"https:\/\/agora.xtec.cat\/cfamollerussa\/wp-content\/uploads\/usu345\/2024\/01\/F-DIGITAL-GUIA_Amb-logos2.jpg\"><\/a><br \/>\n<a&hellip;  <a href=\"https:\/\/agora.xtec.cat\/cfamollerussa\/capacitacio-digital\/\" title=\"Read Capacitaci\u00f3 digital\">Llegeix m\u00e9s\u00bb<\/a><\/p>\n","protected":false},"author":1,"featured_media":0,"parent":0,"menu_order":0,"comment_status":"closed","ping_status":"closed","template":"","meta":{"_bbp_topic_count":0,"_bbp_reply_count":0,"_bbp_total_topic_count":0,"_bbp_total_reply_count":0,"_bbp_voice_count":0,"_bbp_anonymous_reply_count":0,"_bbp_topic_count_hidden":0,"_bbp_reply_count_hidden":0,"_bbp_forum_subforum_count":0,"footnotes":""},"class_list":["post-2064","page","type-page","status-publish","hentry"],"post_mailing_queue_ids":[],"_links":{"self":[{"href":"https:\/\/agora.xtec.cat\/cfamollerussa\/wp-json\/wp\/v2\/pages\/2064","targetHints":{"allow":["GET"]}}],"collection":[{"href":"https:\/\/agora.xtec.cat\/cfamollerussa\/wp-json\/wp\/v2\/pages"}],"about":[{"href":"https:\/\/agora.xtec.cat\/cfamollerussa\/wp-json\/wp\/v2\/types\/page"}],"author":[{"embeddable":true,"href":"https:\/\/agora.xtec.cat\/cfamollerussa\/wp-json\/wp\/v2\/users\/1"}],"replies":[{"embeddable":true,"href":"https:\/\/agora.xtec.cat\/cfamollerussa\/wp-json\/wp\/v2\/comments?post=2064"}],"version-history":[{"count":2,"href":"https:\/\/agora.xtec.cat\/cfamollerussa\/wp-json\/wp\/v2\/pages\/2064\/revisions"}],"predecessor-version":[{"id":2075,"href":"https:\/\/agora.xtec.cat\/cfamollerussa\/wp-json\/wp\/v2\/pages\/2064\/revisions\/2075"}],"wp:attachment":[{"href":"https:\/\/agora.xtec.cat\/cfamollerussa\/wp-json\/wp\/v2\/media?parent=2064"}],"curies":[{"name":"wp","href":"https:\/\/api.w.org\/{rel}","templated":true}]}}