{"id":475,"date":"2019-07-30T18:06:26","date_gmt":"2019-07-30T16:06:26","guid":{"rendered":"https:\/\/agora.xtec.cat\/cfamartipolmanlleu\/?page_id=475"},"modified":"2025-11-13T11:19:55","modified_gmt":"2025-11-13T10:19:55","slug":"documentacio","status":"publish","type":"page","link":"https:\/\/agora.xtec.cat\/cfamartipolmanlleu\/el-centre\/documentacio\/","title":{"rendered":"Documentaci\u00f3 de centre"},"content":{"rendered":"<p><strong>PEC &#8211; Projecte Educatiu de Centre<\/strong><\/p>\n<p>Aquest document comporta intr\u00ednsecament un proc\u00e9s din\u00e0mic de funcionament i de<br \/>\nreadaptaci\u00f3 dels objectius, d\u2019acord amb l\u2019evoluci\u00f3 de la nostra societat, per la qual cosa<br \/>\nno \u00e9s un document est\u00e0tic i definitiu, sin\u00f3 que s\u2019adaptar\u00e0 progressivament a les<br \/>\nnecessitats i canvis que puguin tenir els processos educatius al nostre centre.<\/p>\n<p>El podeu consultar a continuaci\u00f3 :\u00a0<a style=\"color: #2795b6;\" href=\"https:\/\/drive.google.com\/file\/d\/1c6aoK7fSMs3UzgnJ-20r19Y9hvqH5zLK\/view?usp=sharing\">PEC<\/a><\/p>\n<p><strong>NOFC<\/strong><\/p>\n<p>Les NOFC (Normes d\u2019Organitzaci\u00f3 i Funcionament del Centre) s\u00f3n les normes que determinen l&#8217;estructura organitzativa el centre i la reglamentaci\u00f3 per la qual ens regim.<\/p>\n<p>Les podeu consultar a continuaci\u00f3: <a href=\"https:\/\/drive.google.com\/file\/d\/1nCzKKI-03ovGQQBLOIyvG9vEt84QxE5G\/view?usp=sharing\">NOFC<\/a><\/p>\n<p><strong>PL &#8211; Projecte Ling\u00fc\u00edstic<\/strong><\/p>\n<p>El projecte ling\u00fc\u00edstic(PL) \u00e9s un document que inclou el proc\u00e9s de reflexi\u00f3 i l&#8217;experi\u00e8ncia del tractament de les lleng\u00fces al centre.<\/p>\n<p>Forma part del Projecte Educatiu de Centre.<\/p>\n<p>El podeu consultar a continuaci\u00f3: <a href=\"https:\/\/drive.google.com\/file\/d\/1VfrlG_T6YQD822ti1M-PRx2XJDHm8XCD\/view?usp=drive_link\">PL<\/a><\/p>\n","protected":false},"excerpt":{"rendered":"<p>PEC &#8211; Projecte Educatiu de Centre Aquest document comporta intr\u00ednsecament un proc\u00e9s din\u00e0mic de funcionament i de readaptaci\u00f3 dels objectius, d\u2019acord amb l\u2019evoluci\u00f3 de la nostra societat, per la qual cosa no \u00e9s un document est\u00e0tic i definitiu, sin\u00f3 que s\u2019adaptar\u00e0 progressivament a les necessitats i canvis que puguin tenir els processos educatius al nostre [&hellip;]<\/p>\n","protected":false},"author":1,"featured_media":0,"parent":261,"menu_order":70,"comment_status":"closed","ping_status":"closed","template":"","meta":{"_bbp_topic_count":0,"_bbp_reply_count":0,"_bbp_total_topic_count":0,"_bbp_total_reply_count":0,"_bbp_voice_count":0,"_bbp_anonymous_reply_count":0,"_bbp_topic_count_hidden":0,"_bbp_reply_count_hidden":0,"_bbp_forum_subforum_count":0,"site-sidebar-layout":"default","site-content-layout":"","ast-site-content-layout":"default","site-content-style":"default","site-sidebar-style":"default","ast-global-header-display":"","ast-banner-title-visibility":"","ast-main-header-display":"","ast-hfb-above-header-display":"","ast-hfb-below-header-display":"","ast-hfb-mobile-header-display":"","site-post-title":"","ast-breadcrumbs-content":"","ast-featured-img":"","footer-sml-layout":"","theme-transparent-header-meta":"default","adv-header-id-meta":"","stick-header-meta":"","header-above-stick-meta":"","header-main-stick-meta":"","header-below-stick-meta":"","astra-migrate-meta-layouts":"set","ast-page-background-enabled":"default","ast-page-background-meta":{"desktop":{"background-color":"var(--ast-global-color-4)","background-image":"","background-repeat":"repeat","background-position":"center center","background-size":"auto","background-attachment":"scroll","background-type":"","background-media":"","overlay-type":"","overlay-color":"","overlay-opacity":"","overlay-gradient":""},"tablet":{"background-color":"","background-image":"","background-repeat":"repeat","background-position":"center center","background-size":"auto","background-attachment":"scroll","background-type":"","background-media":"","overlay-type":"","overlay-color":"","overlay-opacity":"","overlay-gradient":""},"mobile":{"background-color":"","background-image":"","background-repeat":"repeat","background-position":"center center","background-size":"auto","background-attachment":"scroll","background-type":"","background-media":"","overlay-type":"","overlay-color":"","overlay-opacity":"","overlay-gradient":""}},"ast-content-background-meta":{"desktop":{"background-color":"var(--ast-global-color-5)","background-image":"","background-repeat":"repeat","background-position":"center center","background-size":"auto","background-attachment":"scroll","background-type":"","background-media":"","overlay-type":"","overlay-color":"","overlay-opacity":"","overlay-gradient":""},"tablet":{"background-color":"var(--ast-global-color-5)","background-image":"","background-repeat":"repeat","background-position":"center center","background-size":"auto","background-attachment":"scroll","background-type":"","background-media":"","overlay-type":"","overlay-color":"","overlay-opacity":"","overlay-gradient":""},"mobile":{"background-color":"var(--ast-global-color-5)","background-image":"","background-repeat":"repeat","background-position":"center center","background-size":"auto","background-attachment":"scroll","background-type":"","background-media":"","overlay-type":"","overlay-color":"","overlay-opacity":"","overlay-gradient":""}},"footnotes":""},"class_list":["post-475","page","type-page","status-publish","hentry"],"post_mailing_queue_ids":[],"_links":{"self":[{"href":"https:\/\/agora.xtec.cat\/cfamartipolmanlleu\/wp-json\/wp\/v2\/pages\/475","targetHints":{"allow":["GET"]}}],"collection":[{"href":"https:\/\/agora.xtec.cat\/cfamartipolmanlleu\/wp-json\/wp\/v2\/pages"}],"about":[{"href":"https:\/\/agora.xtec.cat\/cfamartipolmanlleu\/wp-json\/wp\/v2\/types\/page"}],"author":[{"embeddable":true,"href":"https:\/\/agora.xtec.cat\/cfamartipolmanlleu\/wp-json\/wp\/v2\/users\/1"}],"replies":[{"embeddable":true,"href":"https:\/\/agora.xtec.cat\/cfamartipolmanlleu\/wp-json\/wp\/v2\/comments?post=475"}],"version-history":[{"count":6,"href":"https:\/\/agora.xtec.cat\/cfamartipolmanlleu\/wp-json\/wp\/v2\/pages\/475\/revisions"}],"predecessor-version":[{"id":2263,"href":"https:\/\/agora.xtec.cat\/cfamartipolmanlleu\/wp-json\/wp\/v2\/pages\/475\/revisions\/2263"}],"up":[{"embeddable":true,"href":"https:\/\/agora.xtec.cat\/cfamartipolmanlleu\/wp-json\/wp\/v2\/pages\/261"}],"wp:attachment":[{"href":"https:\/\/agora.xtec.cat\/cfamartipolmanlleu\/wp-json\/wp\/v2\/media?parent=475"}],"curies":[{"name":"wp","href":"https:\/\/api.w.org\/{rel}","templated":true}]}}