{"id":39,"date":"2014-09-17T16:36:44","date_gmt":"2014-09-17T16:36:44","guid":{"rendered":"http:\/\/agora.xtec.cat\/cfamartipolmanlleu\/?page_id=39"},"modified":"2025-11-14T12:39:01","modified_gmt":"2025-11-14T11:39:01","slug":"instal%c2%b7lacions","status":"publish","type":"page","link":"https:\/\/agora.xtec.cat\/cfamartipolmanlleu\/el-centre\/instal%c2%b7lacions\/","title":{"rendered":"Instal\u00b7lacions"},"content":{"rendered":"<p><a href=\"https:\/\/agora.xtec.cat\/cfamartipolmanlleu\/wp-content\/uploads\/usu883\/2025\/11\/pousiargila.jpg\"><img loading=\"lazy\" decoding=\"async\" class=\"aligncenter wp-image-2329 size-large\" src=\"https:\/\/agora.xtec.cat\/cfamartipolmanlleu\/wp-content\/uploads\/usu883\/2025\/11\/pousiargila-1024x410.jpg\" alt=\"\" width=\"1024\" height=\"410\" srcset=\"https:\/\/agora.xtec.cat\/cfamartipolmanlleu\/wp-content\/uploads\/usu883\/2025\/11\/pousiargila-1024x410.jpg 1024w, https:\/\/agora.xtec.cat\/cfamartipolmanlleu\/wp-content\/uploads\/usu883\/2025\/11\/pousiargila-300x120.jpg 300w, https:\/\/agora.xtec.cat\/cfamartipolmanlleu\/wp-content\/uploads\/usu883\/2025\/11\/pousiargila-768x307.jpg 768w, https:\/\/agora.xtec.cat\/cfamartipolmanlleu\/wp-content\/uploads\/usu883\/2025\/11\/pousiargila-1536x614.jpg 1536w, https:\/\/agora.xtec.cat\/cfamartipolmanlleu\/wp-content\/uploads\/usu883\/2025\/11\/pousiargila.jpg 2048w\" sizes=\"auto, (max-width: 1024px) 100vw, 1024px\" \/><\/a><\/p>\n<p>Des de 2023, compartim edifici amb l&#8217;<a href=\"https:\/\/agora.xtec.cat\/ies-antoni-pous\/\">Institut Antoni Pous i Argila<\/a>. Els nostres alumnes no estan autoritzats a entrar per la porta principal, per\u00f2 poden fer-ho per una que hi ha a m\u00e0 dreta, despr\u00e9s de l&#8217;hortet, entrant per la reixa del fons de l&#8217;aparcament, i que va una mica dura per\u00f2 si estireu amb for\u00e7a s&#8217;hauria de poder obrir. Tenim a disposici\u00f3 de l&#8217;alumnat claus electr\u00f2niques que deixem en pr\u00e9stec.<\/p>\n<p>Diferents altaveus marquen regularment els canvi d&#8217;aula a l&#8217;institut, cada dia una can\u00e7\u00f3 diferent triada pels alumnes de l&#8217;optativa <em>Timbre Musical<\/em> de 4t d&#8217;ESO, en moments que nom\u00e9s ocasionalment coincideixen amb els nostres canvis d&#8217;aula.<\/p>\n<p><a href=\"https:\/\/agora.xtec.cat\/cfamartipolmanlleu\/wp-content\/uploads\/usu883\/2025\/11\/WhatsApp-Image-2025-11-11-at-19.07.29.jpeg\"><img loading=\"lazy\" decoding=\"async\" class=\"alignright wp-image-2337 \" src=\"https:\/\/agora.xtec.cat\/cfamartipolmanlleu\/wp-content\/uploads\/usu883\/2025\/11\/WhatsApp-Image-2025-11-11-at-19.07.29-1024x759.jpeg\" alt=\"\" width=\"411\" height=\"304\" srcset=\"https:\/\/agora.xtec.cat\/cfamartipolmanlleu\/wp-content\/uploads\/usu883\/2025\/11\/WhatsApp-Image-2025-11-11-at-19.07.29-1024x759.jpeg 1024w, https:\/\/agora.xtec.cat\/cfamartipolmanlleu\/wp-content\/uploads\/usu883\/2025\/11\/WhatsApp-Image-2025-11-11-at-19.07.29-300x222.jpeg 300w, https:\/\/agora.xtec.cat\/cfamartipolmanlleu\/wp-content\/uploads\/usu883\/2025\/11\/WhatsApp-Image-2025-11-11-at-19.07.29-768x569.jpeg 768w, https:\/\/agora.xtec.cat\/cfamartipolmanlleu\/wp-content\/uploads\/usu883\/2025\/11\/WhatsApp-Image-2025-11-11-at-19.07.29-1536x1139.jpeg 1536w, https:\/\/agora.xtec.cat\/cfamartipolmanlleu\/wp-content\/uploads\/usu883\/2025\/11\/WhatsApp-Image-2025-11-11-at-19.07.29.jpeg 2048w\" sizes=\"auto, (max-width: 411px) 100vw, 411px\" \/><\/a>Disposem de quatre aules amb pissarres digitals que de vegades reconeixen els connectors HDMI, d&#8217;una aula inform\u00e0tica amb 20 ordinadors i tres armaris, i d&#8217;un petit espai de 15 m<sup>2<\/sup> que ens fa de: magatzem, despatx d&#8217;administraci\u00f3 i direcci\u00f3, sala de professors, sala de reunions i espai de matriculaci\u00f3 i entrevistes a l&#8217;alumnat. La sensaci\u00f3 \u00e9s sovint de fam\u00edlia nombrosa de vacances en una autocaravana. A les hores punta, no podem moure&#8217;ns sense fer moure al del costat i tenim problemes per sentir-nos a nosaltres mateixos quan parlem per tel\u00e8fon. Ens ho prenem amb humor, per\u00f2 entenem que no s\u00f3n condicions \u00f2ptimes. Tant de bo algun dia disposar d&#8217;instal\u00b7lacions, si no dignes, al menys equiparables a les d&#8217;altres centres educatius.<\/p>\n<p>Al despatx tindr\u00edem problemes per encabir-hi alg\u00fa que an\u00e9s en cadira de rodes, per\u00f2 les aules s\u00f3n accessibles per a persones amb mobilitat redu\u00efda.<a href=\"https:\/\/agora.xtec.cat\/cfamartipolmanlleu\/wp-content\/uploads\/usu883\/2025\/11\/Diapositiva1.jpg\"><img loading=\"lazy\" decoding=\"async\" class=\"aligncenter size-full wp-image-2328\" src=\"https:\/\/agora.xtec.cat\/cfamartipolmanlleu\/wp-content\/uploads\/usu883\/2025\/11\/Diapositiva1.jpg\" alt=\"\" width=\"1040\" height=\"720\" srcset=\"https:\/\/agora.xtec.cat\/cfamartipolmanlleu\/wp-content\/uploads\/usu883\/2025\/11\/Diapositiva1.jpg 1040w, https:\/\/agora.xtec.cat\/cfamartipolmanlleu\/wp-content\/uploads\/usu883\/2025\/11\/Diapositiva1-300x208.jpg 300w, https:\/\/agora.xtec.cat\/cfamartipolmanlleu\/wp-content\/uploads\/usu883\/2025\/11\/Diapositiva1-1024x709.jpg 1024w, https:\/\/agora.xtec.cat\/cfamartipolmanlleu\/wp-content\/uploads\/usu883\/2025\/11\/Diapositiva1-768x532.jpg 768w\" sizes=\"auto, (max-width: 1040px) 100vw, 1040px\" \/><\/a><\/p>\n<p>&nbsp;<\/p>\n","protected":false},"excerpt":{"rendered":"<p>Des de 2023, compartim edifici amb l&#8217;Institut Antoni Pous i Argila. Els nostres alumnes no estan autoritzats a entrar per la porta principal, per\u00f2 poden fer-ho per una que hi ha a m\u00e0 dreta, despr\u00e9s de l&#8217;hortet, entrant per la reixa del fons de l&#8217;aparcament, i que va una mica dura per\u00f2 si estireu amb [&hellip;]<\/p>\n","protected":false},"author":1,"featured_media":0,"parent":261,"menu_order":30,"comment_status":"closed","ping_status":"closed","template":"","meta":{"_bbp_topic_count":0,"_bbp_reply_count":0,"_bbp_total_topic_count":0,"_bbp_total_reply_count":0,"_bbp_voice_count":0,"_bbp_anonymous_reply_count":0,"_bbp_topic_count_hidden":0,"_bbp_reply_count_hidden":0,"_bbp_forum_subforum_count":0,"site-sidebar-layout":"default","site-content-layout":"","ast-site-content-layout":"default","site-content-style":"default","site-sidebar-style":"default","ast-global-header-display":"","ast-banner-title-visibility":"","ast-main-header-display":"","ast-hfb-above-header-display":"","ast-hfb-below-header-display":"","ast-hfb-mobile-header-display":"","site-post-title":"","ast-breadcrumbs-content":"","ast-featured-img":"","footer-sml-layout":"","theme-transparent-header-meta":"default","adv-header-id-meta":"","stick-header-meta":"","header-above-stick-meta":"","header-main-stick-meta":"","header-below-stick-meta":"","astra-migrate-meta-layouts":"set","ast-page-background-enabled":"default","ast-page-background-meta":{"desktop":{"background-color":"var(--ast-global-color-4)","background-image":"","background-repeat":"repeat","background-position":"center center","background-size":"auto","background-attachment":"scroll","background-type":"","background-media":"","overlay-type":"","overlay-color":"","overlay-opacity":"","overlay-gradient":""},"tablet":{"background-color":"","background-image":"","background-repeat":"repeat","background-position":"center center","background-size":"auto","background-attachment":"scroll","background-type":"","background-media":"","overlay-type":"","overlay-color":"","overlay-opacity":"","overlay-gradient":""},"mobile":{"background-color":"","background-image":"","background-repeat":"repeat","background-position":"center center","background-size":"auto","background-attachment":"scroll","background-type":"","background-media":"","overlay-type":"","overlay-color":"","overlay-opacity":"","overlay-gradient":""}},"ast-content-background-meta":{"desktop":{"background-color":"var(--ast-global-color-5)","background-image":"","background-repeat":"repeat","background-position":"center center","background-size":"auto","background-attachment":"scroll","background-type":"","background-media":"","overlay-type":"","overlay-color":"","overlay-opacity":"","overlay-gradient":""},"tablet":{"background-color":"var(--ast-global-color-5)","background-image":"","background-repeat":"repeat","background-position":"center center","background-size":"auto","background-attachment":"scroll","background-type":"","background-media":"","overlay-type":"","overlay-color":"","overlay-opacity":"","overlay-gradient":""},"mobile":{"background-color":"var(--ast-global-color-5)","background-image":"","background-repeat":"repeat","background-position":"center center","background-size":"auto","background-attachment":"scroll","background-type":"","background-media":"","overlay-type":"","overlay-color":"","overlay-opacity":"","overlay-gradient":""}},"footnotes":""},"class_list":["post-39","page","type-page","status-publish","hentry"],"post_mailing_queue_ids":[],"_links":{"self":[{"href":"https:\/\/agora.xtec.cat\/cfamartipolmanlleu\/wp-json\/wp\/v2\/pages\/39","targetHints":{"allow":["GET"]}}],"collection":[{"href":"https:\/\/agora.xtec.cat\/cfamartipolmanlleu\/wp-json\/wp\/v2\/pages"}],"about":[{"href":"https:\/\/agora.xtec.cat\/cfamartipolmanlleu\/wp-json\/wp\/v2\/types\/page"}],"author":[{"embeddable":true,"href":"https:\/\/agora.xtec.cat\/cfamartipolmanlleu\/wp-json\/wp\/v2\/users\/1"}],"replies":[{"embeddable":true,"href":"https:\/\/agora.xtec.cat\/cfamartipolmanlleu\/wp-json\/wp\/v2\/comments?post=39"}],"version-history":[{"count":6,"href":"https:\/\/agora.xtec.cat\/cfamartipolmanlleu\/wp-json\/wp\/v2\/pages\/39\/revisions"}],"predecessor-version":[{"id":2362,"href":"https:\/\/agora.xtec.cat\/cfamartipolmanlleu\/wp-json\/wp\/v2\/pages\/39\/revisions\/2362"}],"up":[{"embeddable":true,"href":"https:\/\/agora.xtec.cat\/cfamartipolmanlleu\/wp-json\/wp\/v2\/pages\/261"}],"wp:attachment":[{"href":"https:\/\/agora.xtec.cat\/cfamartipolmanlleu\/wp-json\/wp\/v2\/media?parent=39"}],"curies":[{"name":"wp","href":"https:\/\/api.w.org\/{rel}","templated":true}]}}