{"id":312,"date":"2015-01-28T11:32:38","date_gmt":"2015-01-28T10:32:38","guid":{"rendered":"http:\/\/agora.xtec.cat\/cfamartipolmanlleu\/?page_id=312"},"modified":"2024-09-09T17:12:48","modified_gmt":"2024-09-09T15:12:48","slug":"llengua-anglesa","status":"publish","type":"page","link":"https:\/\/agora.xtec.cat\/cfamartipolmanlleu\/ensenyaments\/llengua-anglesa\/","title":{"rendered":"Angl\u00e8s"},"content":{"rendered":"<p><strong>Fa temps que vols aprendre angl\u00e8s, per\u00f2 no t\u2019atreveixes? Entens algunes paraules, per\u00f2 no pots comunicar-te b\u00e9? No t\u2019ho pensis m\u00e9s i fes el primer pas per aprendre la llengua!<\/strong><\/p>\n<p><a href=\"https:\/\/agora.xtec.cat\/cfamartipolmanlleu\/wp-content\/uploads\/usu883\/2022\/04\/Avantatges-angles.jpg\"><img loading=\"lazy\" decoding=\"async\" class=\"alignnone wp-image-1100 size-large\" src=\"https:\/\/agora.xtec.cat\/cfamartipolmanlleu\/wp-content\/uploads\/usu883\/2022\/04\/Avantatges-angles-1024x285.jpg\" alt=\"\" width=\"1024\" height=\"285\" srcset=\"https:\/\/agora.xtec.cat\/cfamartipolmanlleu\/wp-content\/uploads\/usu883\/2022\/04\/Avantatges-angles-1024x285.jpg 1024w, https:\/\/agora.xtec.cat\/cfamartipolmanlleu\/wp-content\/uploads\/usu883\/2022\/04\/Avantatges-angles-300x83.jpg 300w, https:\/\/agora.xtec.cat\/cfamartipolmanlleu\/wp-content\/uploads\/usu883\/2022\/04\/Avantatges-angles-768x214.jpg 768w, https:\/\/agora.xtec.cat\/cfamartipolmanlleu\/wp-content\/uploads\/usu883\/2022\/04\/Avantatges-angles.jpg 1125w\" sizes=\"auto, (max-width: 1024px) 100vw, 1024px\" \/><\/a><\/p>\n<h5>Actualment, al CFA Mart\u00ed i Pol de Manlleu oferim classes d\u2019angl\u00e8s de diferents nivells:<\/h5>\n<ul>\n<li><span style=\"text-decoration: underline;\"><span style=\"color: #008080; text-decoration: underline;\"><strong>Nivell 1 (equivalent al nivell A1 del MECR)<br \/>\n<\/strong><\/span><\/span><span style=\"color: #008080;\"><strong><strong style=\"font-family: inherit; font-size: 1em; color: #222222;\">Horari: Dilluns i Dimecres de 17.30 a 19.00<\/strong><\/strong><\/span><span style=\"text-decoration: underline;\"><span style=\"color: #008080; text-decoration: underline;\"><strong><br \/>\n<\/strong><\/span><\/span><\/li>\n<\/ul>\n<p>En aquest nivell es comen\u00e7a de zero la llengua anglesa i es cursen 3 hores setmanals dividides en dues sessions d&#8217;una hora i mitja (<em>dies a concretar segons curs acad\u00e8mic<\/em>).<\/p>\n<p>El material de refer\u00e8ncia de les sessions \u00e9s el llibre de text <em>English File (A1)<\/em>, Oxford. De totes maneres, les classes s&#8217;organitzen de manera din\u00e0mica, interactiva i potenciant totes les habilitats d&#8217;expressi\u00f3 i comprensi\u00f3 orals i escrites. A m\u00e9s, la cultura pren un paper rellevant i es dediquen sessions a descobrir algunes de les celebracions i costums m\u00e9s destacats del m\u00f3n angl\u00e8s.<\/p>\n<ul>\n<li><span style=\"text-decoration: underline;\"><span style=\"color: #008080; text-decoration: underline;\"><strong>Nivell 2 (equivalent al Nivell A2.1 del MECR)<\/strong><\/span><\/span><span style=\"text-decoration: underline;\"><span style=\"color: #008080; text-decoration: underline;\"><strong><br \/>\n<\/strong><\/span><\/span><span style=\"color: #008080;\"><strong><strong style=\"font-family: inherit; font-size: 1em; color: #222222;\">Horari: Dilluns i Dimecres de 17.00 a 19.00<\/strong><\/strong><\/span><\/li>\n<\/ul>\n<p>Aquest nivell \u00e9s una continuaci\u00f3 del curs de Nivell 1, en aquest cas, es cursen 4 hores setmanals dividides en dues sessions de dues hores (<em>dies a concretar segons curs acad\u00e8mic<\/em>).<\/p>\n<p>El material de refer\u00e8ncia de les sessions \u00e9s el llibre de text <em>English File (A1\/A2)<\/em>, Oxford. De totes maneres, les classes tamb\u00e9 s&#8217;organitzen de manera din\u00e0mica, interactiva i potenciant totes les habilitats d&#8217;expressi\u00f3 i comprensi\u00f3 orals i escrites. A m\u00e9s, la literatura i la cultura prenen un paper rellevant: es treballa amb un llibre de lectura i es dediquen sessions a descobrir algunes de les celebracions i costums m\u00e9s destacats del m\u00f3n angl\u00e8s.<\/p>\n<ul>\n<li><strong>AVALUACI\u00d3<\/strong><\/li>\n<\/ul>\n<p>En el nivell 1 i 2 l&#8217;avaluaci\u00f3 \u00e9s cont\u00ednua, aix\u00f2 significa que es recullen els resultats de diferents exercicis, ex\u00e0mens, proves o activitats de conversa, entre altres, que es fan durant el curs. En general, es valora la progressi\u00f3 i millora en l&#8217;aprenentatge de la llengua. Al final de tot, l&#8217;alumnat rep la qualificaci\u00f3 d&#8217;Apte\/No apte per saber si pot passar de curs.<\/p>\n<ul>\n<li><span style=\"color: #000000;\"><strong><span style=\"text-decoration: underline;\"><span style=\"color: #008080; text-decoration: underline;\">Nivell 3 (equivalent al Nivell A2.2 del MECR)<\/span><br \/>\n<\/span><\/strong><\/span><span style=\"color: #008080;\"><strong><strong style=\"font-family: inherit; font-size: 1em; color: #222222;\">Horari: Dimarts i Dijous de 17.00 a 19.00<\/strong><\/strong><\/span><\/li>\n<\/ul>\n<p style=\"text-align: justify;\"><span style=\"color: #000000;\">Un cop superat el nivell 2, es pot passar al seg\u00fcent i \u00faltim nivell del CFA. Quan es finalitza aquest nivell, s&#8217;ha de realitzar una prova oficial d&#8217;acreditaci\u00f3 del nivell A2.2, que \u00e9s definida pel Departament d&#8217;Educaci\u00f3. L&#8217;alumnat que la supera, obt\u00e9 una certificaci\u00f3 oficial d&#8217;aquest nivell que els permet seguir amb els estudis d&#8217;angl\u00e8s en una Escola Oficial d&#8217;Idiomes (EOI) entrant directament al curs de nivell B1. A la comarca d&#8217;Osona, hi ha una Escola Oficial d&#8217;Idiomes amb seu a Vic.<\/span><\/p>\n<p><strong>REQUISITS<\/strong><\/p>\n<p style=\"text-align: justify;\"><strong>La preinscripci\u00f3 ser\u00e0 directa a primer quan l\u2019interessat manifesti que no t\u00e9 cap coneixement de la llengua<\/strong><br \/>\n<strong>estrangera. Per\u00f2 les persones que manifesten tenir coneixements de llengua estrangera i que no disposin de cap certificat <\/strong><strong>recent, hauran de passar un test de nivell.<\/strong><\/p>\n<h5><span style=\"color: #008080;\"><strong>Vine\u2019ns a veure, truca&#8217;ns o escriu-nos un correu i resoldrem qualsevol dubte que puguis tenir!<\/strong><\/span><\/h5>\n<h4><span style=\"color: #008080;\"><strong>Take your first step to study English! T\u2019hi esperem!<\/strong><\/span><\/h4>\n<h4>Enlla\u00e7 a la<a href=\"https:\/\/forms.gle\/CxD9uGvZeGLMq3JV6\"> prova de nivell<\/a><\/h4>\n<h4><a href=\"https:\/\/sites.google.com\/cfamartipol.cat\/angles\">Enlla\u00e7 als materials<\/a><\/h4>\n","protected":false},"excerpt":{"rendered":"<p>Fa temps que vols aprendre angl\u00e8s, per\u00f2 no t\u2019atreveixes? Entens algunes paraules, per\u00f2 no pots comunicar-te b\u00e9? No t\u2019ho pensis m\u00e9s i fes el primer pas per aprendre la llengua! Actualment, al CFA Mart\u00ed i Pol de Manlleu oferim classes d\u2019angl\u00e8s de diferents nivells: Nivell 1 (equivalent al nivell A1 del MECR) Horari: Dilluns i [&hellip;]<\/p>\n","protected":false},"author":1,"featured_media":0,"parent":274,"menu_order":1,"comment_status":"closed","ping_status":"closed","template":"page-templates\/side-menu.php","meta":{"_bbp_topic_count":0,"_bbp_reply_count":0,"_bbp_total_topic_count":0,"_bbp_total_reply_count":0,"_bbp_voice_count":0,"_bbp_anonymous_reply_count":0,"_bbp_topic_count_hidden":0,"_bbp_reply_count_hidden":0,"_bbp_forum_subforum_count":0,"site-sidebar-layout":"default","site-content-layout":"","ast-site-content-layout":"","site-content-style":"default","site-sidebar-style":"default","ast-global-header-display":"","ast-banner-title-visibility":"","ast-main-header-display":"","ast-hfb-above-header-display":"","ast-hfb-below-header-display":"","ast-hfb-mobile-header-display":"","site-post-title":"","ast-breadcrumbs-content":"","ast-featured-img":"","footer-sml-layout":"","theme-transparent-header-meta":"","adv-header-id-meta":"","stick-header-meta":"","header-above-stick-meta":"","header-main-stick-meta":"","header-below-stick-meta":"","astra-migrate-meta-layouts":"default","ast-page-background-enabled":"default","ast-page-background-meta":{"desktop":{"background-color":"var(--ast-global-color-4)","background-image":"","background-repeat":"repeat","background-position":"center center","background-size":"auto","background-attachment":"scroll","background-type":"","background-media":"","overlay-type":"","overlay-color":"","overlay-opacity":"","overlay-gradient":""},"tablet":{"background-color":"","background-image":"","background-repeat":"repeat","background-position":"center center","background-size":"auto","background-attachment":"scroll","background-type":"","background-media":"","overlay-type":"","overlay-color":"","overlay-opacity":"","overlay-gradient":""},"mobile":{"background-color":"","background-image":"","background-repeat":"repeat","background-position":"center center","background-size":"auto","background-attachment":"scroll","background-type":"","background-media":"","overlay-type":"","overlay-color":"","overlay-opacity":"","overlay-gradient":""}},"ast-content-background-meta":{"desktop":{"background-color":"var(--ast-global-color-5)","background-image":"","background-repeat":"repeat","background-position":"center center","background-size":"auto","background-attachment":"scroll","background-type":"","background-media":"","overlay-type":"","overlay-color":"","overlay-opacity":"","overlay-gradient":""},"tablet":{"background-color":"var(--ast-global-color-5)","background-image":"","background-repeat":"repeat","background-position":"center center","background-size":"auto","background-attachment":"scroll","background-type":"","background-media":"","overlay-type":"","overlay-color":"","overlay-opacity":"","overlay-gradient":""},"mobile":{"background-color":"var(--ast-global-color-5)","background-image":"","background-repeat":"repeat","background-position":"center center","background-size":"auto","background-attachment":"scroll","background-type":"","background-media":"","overlay-type":"","overlay-color":"","overlay-opacity":"","overlay-gradient":""}},"footnotes":""},"class_list":["post-312","page","type-page","status-publish","hentry"],"post_mailing_queue_ids":[],"_links":{"self":[{"href":"https:\/\/agora.xtec.cat\/cfamartipolmanlleu\/wp-json\/wp\/v2\/pages\/312","targetHints":{"allow":["GET"]}}],"collection":[{"href":"https:\/\/agora.xtec.cat\/cfamartipolmanlleu\/wp-json\/wp\/v2\/pages"}],"about":[{"href":"https:\/\/agora.xtec.cat\/cfamartipolmanlleu\/wp-json\/wp\/v2\/types\/page"}],"author":[{"embeddable":true,"href":"https:\/\/agora.xtec.cat\/cfamartipolmanlleu\/wp-json\/wp\/v2\/users\/1"}],"replies":[{"embeddable":true,"href":"https:\/\/agora.xtec.cat\/cfamartipolmanlleu\/wp-json\/wp\/v2\/comments?post=312"}],"version-history":[{"count":5,"href":"https:\/\/agora.xtec.cat\/cfamartipolmanlleu\/wp-json\/wp\/v2\/pages\/312\/revisions"}],"predecessor-version":[{"id":1911,"href":"https:\/\/agora.xtec.cat\/cfamartipolmanlleu\/wp-json\/wp\/v2\/pages\/312\/revisions\/1911"}],"up":[{"embeddable":true,"href":"https:\/\/agora.xtec.cat\/cfamartipolmanlleu\/wp-json\/wp\/v2\/pages\/274"}],"wp:attachment":[{"href":"https:\/\/agora.xtec.cat\/cfamartipolmanlleu\/wp-json\/wp\/v2\/media?parent=312"}],"curies":[{"name":"wp","href":"https:\/\/api.w.org\/{rel}","templated":true}]}}