{"id":303,"date":"2015-01-28T11:23:05","date_gmt":"2015-01-28T10:23:05","guid":{"rendered":"http:\/\/agora.xtec.cat\/cfamartipolmanlleu\/?page_id=303"},"modified":"2025-07-01T14:04:15","modified_gmt":"2025-07-01T12:04:15","slug":"graduat-en-educacio-secundaria-per-adults","status":"publish","type":"page","link":"https:\/\/agora.xtec.cat\/cfamartipolmanlleu\/ensenyaments\/graduat-en-educacio-secundaria-per-adults\/","title":{"rendered":"GES &#8211; Graduat en Educaci\u00f3 Secund\u00e0ria"},"content":{"rendered":"<p><span style=\"color: #008080;\"><b>Descripci\u00f3<\/b><\/span><\/p>\n<p>Aquests estudis permeten completar els ensenyaments b\u00e0sics i obtenir el t\u00edtol de graduat o graduada en Educaci\u00f3 Secund\u00e0ria Obligat\u00f2ria (GES). Es poden cursar de manera presencial o semipresencial (IOC).<\/p>\n<p><span style=\"color: #008080;\"><b>Horaris<\/b><\/span><\/p>\n<p><a href=\"https:\/\/agora.xtec.cat\/cfamartipolmanlleu\/wp-content\/uploads\/usu883\/2025\/07\/1.png\"><img loading=\"lazy\" decoding=\"async\" class=\"size-full wp-image-2099 alignleft\" src=\"https:\/\/agora.xtec.cat\/cfamartipolmanlleu\/wp-content\/uploads\/usu883\/2025\/07\/1.png\" alt=\"\" width=\"558\" height=\"366\" srcset=\"https:\/\/agora.xtec.cat\/cfamartipolmanlleu\/wp-content\/uploads\/usu883\/2025\/07\/1.png 558w, https:\/\/agora.xtec.cat\/cfamartipolmanlleu\/wp-content\/uploads\/usu883\/2025\/07\/1-300x197.png 300w\" sizes=\"auto, (max-width: 558px) 100vw, 558px\" \/><\/a><\/p>\n<p><a href=\"https:\/\/agora.xtec.cat\/cfamartipolmanlleu\/wp-content\/uploads\/usu883\/2022\/04\/ges-1.jpg\"><img loading=\"lazy\" decoding=\"async\" class=\"alignnone size-full wp-image-1105\" src=\"https:\/\/agora.xtec.cat\/cfamartipolmanlleu\/wp-content\/uploads\/usu883\/2022\/04\/ges-1.jpg\" alt=\"\" width=\"1136\" height=\"512\" srcset=\"https:\/\/agora.xtec.cat\/cfamartipolmanlleu\/wp-content\/uploads\/usu883\/2022\/04\/ges-1.jpg 1136w, https:\/\/agora.xtec.cat\/cfamartipolmanlleu\/wp-content\/uploads\/usu883\/2022\/04\/ges-1-300x135.jpg 300w, https:\/\/agora.xtec.cat\/cfamartipolmanlleu\/wp-content\/uploads\/usu883\/2022\/04\/ges-1-1024x462.jpg 1024w, https:\/\/agora.xtec.cat\/cfamartipolmanlleu\/wp-content\/uploads\/usu883\/2022\/04\/ges-1-768x346.jpg 768w\" sizes=\"auto, (max-width: 1136px) 100vw, 1136px\" \/><\/a> <a href=\"https:\/\/agora.xtec.cat\/cfamartipolmanlleu\/wp-content\/uploads\/usu883\/2022\/04\/GES-AVANTATGES.jpg\"><img loading=\"lazy\" decoding=\"async\" class=\"alignnone size-full wp-image-1106\" src=\"https:\/\/agora.xtec.cat\/cfamartipolmanlleu\/wp-content\/uploads\/usu883\/2022\/04\/GES-AVANTATGES.jpg\" alt=\"\" width=\"1150\" height=\"287\" srcset=\"https:\/\/agora.xtec.cat\/cfamartipolmanlleu\/wp-content\/uploads\/usu883\/2022\/04\/GES-AVANTATGES.jpg 1150w, https:\/\/agora.xtec.cat\/cfamartipolmanlleu\/wp-content\/uploads\/usu883\/2022\/04\/GES-AVANTATGES-300x75.jpg 300w, https:\/\/agora.xtec.cat\/cfamartipolmanlleu\/wp-content\/uploads\/usu883\/2022\/04\/GES-AVANTATGES-1024x256.jpg 1024w, https:\/\/agora.xtec.cat\/cfamartipolmanlleu\/wp-content\/uploads\/usu883\/2022\/04\/GES-AVANTATGES-768x192.jpg 768w\" sizes=\"auto, (max-width: 1150px) 100vw, 1150px\" \/><\/a><\/p>\n<h4><span style=\"color: #008080;\"><strong>Vine\u2019ns a veure, truca&#8217;ns o escriu-nos un correu i resoldrem qualsevol dubte que puguis tenir! T&#8217;hi esperem!<\/strong><\/span><\/h4>\n<h4><a href=\"https:\/\/sites.google.com\/cfamartipol.cat\/jmoreno2\"><strong><span style=\"color: #0000ff;\">Acc\u00e9s als materials<\/span><\/strong><\/a><\/h4>\n<h4><a href=\"https:\/\/docs.google.com\/document\/d\/1iJpSY1sRym-U5IZU8l_-MVuLduq277VgwMHXHZQTprY\/edit?usp=sharing\"><strong><span style=\"color: #0000ff;\">Orientaci\u00f3 acad\u00e8mica<\/span><\/strong><\/a><\/h4>\n<h4><\/h4>\n","protected":false},"excerpt":{"rendered":"<p>Descripci\u00f3 Aquests estudis permeten completar els ensenyaments b\u00e0sics i obtenir el t\u00edtol de graduat o graduada en Educaci\u00f3 Secund\u00e0ria Obligat\u00f2ria (GES). Es poden cursar de manera presencial o semipresencial (IOC). Horaris Vine\u2019ns a veure, truca&#8217;ns o escriu-nos un correu i resoldrem qualsevol dubte que puguis tenir! T&#8217;hi esperem! Acc\u00e9s als materials Orientaci\u00f3 acad\u00e8mica<\/p>\n","protected":false},"author":1,"featured_media":0,"parent":274,"menu_order":5,"comment_status":"closed","ping_status":"closed","template":"page-templates\/side-menu.php","meta":{"_bbp_topic_count":0,"_bbp_reply_count":0,"_bbp_total_topic_count":0,"_bbp_total_reply_count":0,"_bbp_voice_count":0,"_bbp_anonymous_reply_count":0,"_bbp_topic_count_hidden":0,"_bbp_reply_count_hidden":0,"_bbp_forum_subforum_count":0,"site-sidebar-layout":"default","site-content-layout":"","ast-site-content-layout":"","site-content-style":"default","site-sidebar-style":"default","ast-global-header-display":"","ast-banner-title-visibility":"","ast-main-header-display":"","ast-hfb-above-header-display":"","ast-hfb-below-header-display":"","ast-hfb-mobile-header-display":"","site-post-title":"","ast-breadcrumbs-content":"","ast-featured-img":"","footer-sml-layout":"","theme-transparent-header-meta":"","adv-header-id-meta":"","stick-header-meta":"","header-above-stick-meta":"","header-main-stick-meta":"","header-below-stick-meta":"","astra-migrate-meta-layouts":"default","ast-page-background-enabled":"default","ast-page-background-meta":{"desktop":{"background-color":"var(--ast-global-color-4)","background-image":"","background-repeat":"repeat","background-position":"center center","background-size":"auto","background-attachment":"scroll","background-type":"","background-media":"","overlay-type":"","overlay-color":"","overlay-opacity":"","overlay-gradient":""},"tablet":{"background-color":"","background-image":"","background-repeat":"repeat","background-position":"center center","background-size":"auto","background-attachment":"scroll","background-type":"","background-media":"","overlay-type":"","overlay-color":"","overlay-opacity":"","overlay-gradient":""},"mobile":{"background-color":"","background-image":"","background-repeat":"repeat","background-position":"center center","background-size":"auto","background-attachment":"scroll","background-type":"","background-media":"","overlay-type":"","overlay-color":"","overlay-opacity":"","overlay-gradient":""}},"ast-content-background-meta":{"desktop":{"background-color":"var(--ast-global-color-5)","background-image":"","background-repeat":"repeat","background-position":"center center","background-size":"auto","background-attachment":"scroll","background-type":"","background-media":"","overlay-type":"","overlay-color":"","overlay-opacity":"","overlay-gradient":""},"tablet":{"background-color":"var(--ast-global-color-5)","background-image":"","background-repeat":"repeat","background-position":"center center","background-size":"auto","background-attachment":"scroll","background-type":"","background-media":"","overlay-type":"","overlay-color":"","overlay-opacity":"","overlay-gradient":""},"mobile":{"background-color":"var(--ast-global-color-5)","background-image":"","background-repeat":"repeat","background-position":"center center","background-size":"auto","background-attachment":"scroll","background-type":"","background-media":"","overlay-type":"","overlay-color":"","overlay-opacity":"","overlay-gradient":""}},"footnotes":""},"class_list":["post-303","page","type-page","status-publish","hentry"],"post_mailing_queue_ids":[],"_links":{"self":[{"href":"https:\/\/agora.xtec.cat\/cfamartipolmanlleu\/wp-json\/wp\/v2\/pages\/303","targetHints":{"allow":["GET"]}}],"collection":[{"href":"https:\/\/agora.xtec.cat\/cfamartipolmanlleu\/wp-json\/wp\/v2\/pages"}],"about":[{"href":"https:\/\/agora.xtec.cat\/cfamartipolmanlleu\/wp-json\/wp\/v2\/types\/page"}],"author":[{"embeddable":true,"href":"https:\/\/agora.xtec.cat\/cfamartipolmanlleu\/wp-json\/wp\/v2\/users\/1"}],"replies":[{"embeddable":true,"href":"https:\/\/agora.xtec.cat\/cfamartipolmanlleu\/wp-json\/wp\/v2\/comments?post=303"}],"version-history":[{"count":6,"href":"https:\/\/agora.xtec.cat\/cfamartipolmanlleu\/wp-json\/wp\/v2\/pages\/303\/revisions"}],"predecessor-version":[{"id":2101,"href":"https:\/\/agora.xtec.cat\/cfamartipolmanlleu\/wp-json\/wp\/v2\/pages\/303\/revisions\/2101"}],"up":[{"embeddable":true,"href":"https:\/\/agora.xtec.cat\/cfamartipolmanlleu\/wp-json\/wp\/v2\/pages\/274"}],"wp:attachment":[{"href":"https:\/\/agora.xtec.cat\/cfamartipolmanlleu\/wp-json\/wp\/v2\/media?parent=303"}],"curies":[{"name":"wp","href":"https:\/\/api.w.org\/{rel}","templated":true}]}}