{"id":2506,"date":"2026-04-29T18:22:58","date_gmt":"2026-04-29T16:22:58","guid":{"rendered":"https:\/\/agora.xtec.cat\/cfamartipolmanlleu\/?page_id=2506"},"modified":"2026-04-29T18:30:15","modified_gmt":"2026-04-29T16:30:15","slug":"irregular-verbs","status":"publish","type":"page","link":"https:\/\/agora.xtec.cat\/cfamartipolmanlleu\/recursos\/angles\/irregular-verbs\/","title":{"rendered":"Irregular verbs"},"content":{"rendered":"<p>Els verbs en angl\u00e8s solen ser f\u00e0cils de conjugar: nom\u00e9s cal afegir el sufix -ed per obtenir el past tense o el past participle. Hi ha, per\u00f2, unes 200 excepcions i les dels verbs compostos a partir d\u2019elles. La bona not\u00edcia \u00e9s que aquestes excepcions s\u00f3n verbs d\u2019\u00fas bastant habitual, dels primers que s\u2019aprenen i dels que m\u00e9s surten a les converses:<\/p>\n<blockquote><p>abide abode abode<br \/>\narise arose arisen<br \/>\nawake awoke awoken<br \/>\nbe was\/were been<br \/>\nbear bore borne\/born<br \/>\nbeat beat beaten<br \/>\nbecome became become<br \/>\nbeget begat\/begot begotten<br \/>\nbegin began begun<br \/>\nbend bent bent<br \/>\nbet bet bet<br \/>\nbid bid\/bade bid\/bidden<br \/>\nbite bit bitten<br \/>\nbleed bled bled<br \/>\nblow blew blown<br \/>\nbreak broke broken<br \/>\nbring brought brought<br \/>\nbroadcast broadcast broadcast<br \/>\nbuild built built<br \/>\nburn burnt\/burned burnt\/burned<br \/>\nburst burst burst<br \/>\nbuy bought bought<br \/>\ncan could could<br \/>\ncast cast cast<br \/>\ncatch caught caught<br \/>\nchide chid\/chode chid\/chidden<br \/>\nchoose chose chosen<br \/>\ncling clung clung<br \/>\nclothe clad\/clothed clad\/clothed<br \/>\ncome came come<br \/>\ncost cost cost<br \/>\ncreep crept crept<br \/>\ncut cut cut<br \/>\ndeal dealt dealt<br \/>\ndig dug dug<br \/>\ndive dived dived \/ dove<br \/>\ndo did done<br \/>\ndraw drew drawn<br \/>\ndream dreamt\/dreamed dreamt\/dreamed<br \/>\ndrink drank drunk<br \/>\ndrive drove driven<br \/>\ndwell dwelt dwelt\/dwelled<br \/>\neat ate eaten<br \/>\nfall fell fallen<br \/>\nfeed fed fed<br \/>\nfeel felt felt<br \/>\nfight fought fought<br \/>\nfind found found<br \/>\nflee fled fled<br \/>\nfling flung flung<br \/>\nfly flew flown<br \/>\nforbid forbade forbidden<br \/>\nforecast forecast forecast<br \/>\nforesee foresaw foreseen<br \/>\nforget forgot forgotten\/forgot<br \/>\nforgive forgave forgiven<br \/>\nforsake forsook forsaken<br \/>\nfreeze froze frozen<br \/>\nget got gotten\/got<br \/>\ngive gave given<br \/>\ngo went gone<br \/>\ngrind ground ground<br \/>\ngrow grew grown<br \/>\nhang hung hung<br \/>\nhave had had<br \/>\nhear heard heard<br \/>\nhide hid hidden<br \/>\nhit hit hit<br \/>\nhold held held<br \/>\nhurt hurt hurt<br \/>\nkeep kept kept<br \/>\nkneel knelt\/knelled knelt\/kneeled<br \/>\nknow knew known<br \/>\nlay laid laid<br \/>\nlead led led<br \/>\nlean leant\/leaned leant\/leaned<br \/>\nleap leapt\/leaped leapt\/leaped<br \/>\nlearn learnt learnt<br \/>\nleave left left<br \/>\nlend lent lent<br \/>\nlet let let<br \/>\nlie lay lain<br \/>\nlight lit\/lighted lit\/lighted<br \/>\nlose lost lost<br \/>\nmake made made<br \/>\nmean meant meant<br \/>\nmeet met met<br \/>\nmow mowed mowed\/mown<br \/>\noffset offset offset<br \/>\novercome overcame overcome<br \/>\npartake partook partaken<br \/>\npay paid paid<br \/>\nplead pled\/pleaded pled\/pleaded<br \/>\npreset preset preset<br \/>\nprove proved proven\/proved<br \/>\nput put put<br \/>\nquit quit quit<br \/>\nread read read<br \/>\nrelay relaid relaid<br \/>\nrend rent rent<br \/>\nrid rid rid<br \/>\nring rang rung<br \/>\nrise rose risen<br \/>\nrun ran run<br \/>\nsaw saw\/sawed sawn\/sawed<br \/>\nsay said said<br \/>\nsee saw seen<br \/>\nseek sought sought<br \/>\nsell sold sold<br \/>\nsend sent sent<br \/>\nset set set<br \/>\nshake shook shaken<br \/>\nshed shed shed<br \/>\nshine shone shone<br \/>\nshoe shod shod<br \/>\nshoot shot shot<br \/>\nshow showed shown<br \/>\nshut shut shut<br \/>\nsing sang sung<br \/>\nsink sank\/sunk sunk\/sunken<br \/>\nsit sat sat<br \/>\nslay slew slain<br \/>\nsleep slept slept<br \/>\nslide slid slid<br \/>\nslit slit slit<br \/>\nsmell smelt smelt<br \/>\nsow sowed sown\/sowed<br \/>\nspeak spoke spoken<br \/>\nspeed sped sped<br \/>\nspell spelt spelt<br \/>\nspend spent spent<br \/>\nspill spilt\/spilled spilt\/spilled<br \/>\nspin spun spun<br \/>\nspit spat\/spit spat\/spit<br \/>\nsplit split split<br \/>\nspoil spoilt spoilt<br \/>\nspread spread spread<br \/>\nspring sprang sprung<br \/>\nstand stood stood<br \/>\nsteal stole stolen<br \/>\nstick stuck stuck<br \/>\nsting stung stung<br \/>\nstink stank stunk<br \/>\nstrew strewed strewn\/strewed<br \/>\nstrike struck stricken\/struck<br \/>\nstrive strove striven<br \/>\nswear swore sworn<br \/>\nsweat sweat\/sweated sweat\/sweated<br \/>\nsweep swept swept<br \/>\nswell swelled\/sweated swollen<br \/>\nswim swam swum<br \/>\nswing swung swung<br \/>\ntake took taken<br \/>\nteach taught taught<br \/>\ntear tore torn<br \/>\ntell told told<br \/>\nthink thought thought<br \/>\nthrive throve\/thrived thriven\/thrived<br \/>\nthrow threw thrown<br \/>\nthrust thrust thrust<br \/>\ntypeset typeset typeset<br \/>\nundergo underwent undergone<br \/>\nunderstand understood understood<br \/>\nwake woke woken<br \/>\nwear wore worn<br \/>\nweep wept wept<br \/>\nwet wet\/wetted wet\/wetted<br \/>\nwin won won<br \/>\nwind wound wound<br \/>\nwithdraw withdrew withdrawn<br \/>\nwring wrung wrung<br \/>\nwrite wrote written<\/p><\/blockquote>\n","protected":false},"excerpt":{"rendered":"<p>Els verbs en angl\u00e8s solen ser f\u00e0cils de conjugar: nom\u00e9s cal afegir el sufix -ed per obtenir el past tense o el past participle. Hi ha, per\u00f2, unes 200 excepcions i les dels verbs compostos a partir d\u2019elles. La bona not\u00edcia \u00e9s que aquestes excepcions s\u00f3n verbs d\u2019\u00fas bastant habitual, dels primers que s\u2019aprenen i [&hellip;]<\/p>\n","protected":false},"author":1,"featured_media":0,"parent":2154,"menu_order":20,"comment_status":"closed","ping_status":"closed","template":"","meta":{"_bbp_topic_count":0,"_bbp_reply_count":0,"_bbp_total_topic_count":0,"_bbp_total_reply_count":0,"_bbp_voice_count":0,"_bbp_anonymous_reply_count":0,"_bbp_topic_count_hidden":0,"_bbp_reply_count_hidden":0,"_bbp_forum_subforum_count":0,"site-sidebar-layout":"default","site-content-layout":"","ast-site-content-layout":"default","site-content-style":"default","site-sidebar-style":"default","ast-global-header-display":"","ast-banner-title-visibility":"","ast-main-header-display":"","ast-hfb-above-header-display":"","ast-hfb-below-header-display":"","ast-hfb-mobile-header-display":"","site-post-title":"","ast-breadcrumbs-content":"","ast-featured-img":"","footer-sml-layout":"","theme-transparent-header-meta":"default","adv-header-id-meta":"","stick-header-meta":"","header-above-stick-meta":"","header-main-stick-meta":"","header-below-stick-meta":"","astra-migrate-meta-layouts":"set","ast-page-background-enabled":"default","ast-page-background-meta":{"desktop":{"background-color":"var(--ast-global-color-4)","background-image":"","background-repeat":"repeat","background-position":"center center","background-size":"auto","background-attachment":"scroll","background-type":"","background-media":"","overlay-type":"","overlay-color":"","overlay-opacity":"","overlay-gradient":""},"tablet":{"background-color":"","background-image":"","background-repeat":"repeat","background-position":"center center","background-size":"auto","background-attachment":"scroll","background-type":"","background-media":"","overlay-type":"","overlay-color":"","overlay-opacity":"","overlay-gradient":""},"mobile":{"background-color":"","background-image":"","background-repeat":"repeat","background-position":"center center","background-size":"auto","background-attachment":"scroll","background-type":"","background-media":"","overlay-type":"","overlay-color":"","overlay-opacity":"","overlay-gradient":""}},"ast-content-background-meta":{"desktop":{"background-color":"var(--ast-global-color-5)","background-image":"","background-repeat":"repeat","background-position":"center center","background-size":"auto","background-attachment":"scroll","background-type":"","background-media":"","overlay-type":"","overlay-color":"","overlay-opacity":"","overlay-gradient":""},"tablet":{"background-color":"var(--ast-global-color-5)","background-image":"","background-repeat":"repeat","background-position":"center center","background-size":"auto","background-attachment":"scroll","background-type":"","background-media":"","overlay-type":"","overlay-color":"","overlay-opacity":"","overlay-gradient":""},"mobile":{"background-color":"var(--ast-global-color-5)","background-image":"","background-repeat":"repeat","background-position":"center center","background-size":"auto","background-attachment":"scroll","background-type":"","background-media":"","overlay-type":"","overlay-color":"","overlay-opacity":"","overlay-gradient":""}},"footnotes":""},"class_list":["post-2506","page","type-page","status-publish","hentry"],"post_mailing_queue_ids":[],"_links":{"self":[{"href":"https:\/\/agora.xtec.cat\/cfamartipolmanlleu\/wp-json\/wp\/v2\/pages\/2506","targetHints":{"allow":["GET"]}}],"collection":[{"href":"https:\/\/agora.xtec.cat\/cfamartipolmanlleu\/wp-json\/wp\/v2\/pages"}],"about":[{"href":"https:\/\/agora.xtec.cat\/cfamartipolmanlleu\/wp-json\/wp\/v2\/types\/page"}],"author":[{"embeddable":true,"href":"https:\/\/agora.xtec.cat\/cfamartipolmanlleu\/wp-json\/wp\/v2\/users\/1"}],"replies":[{"embeddable":true,"href":"https:\/\/agora.xtec.cat\/cfamartipolmanlleu\/wp-json\/wp\/v2\/comments?post=2506"}],"version-history":[{"count":3,"href":"https:\/\/agora.xtec.cat\/cfamartipolmanlleu\/wp-json\/wp\/v2\/pages\/2506\/revisions"}],"predecessor-version":[{"id":2509,"href":"https:\/\/agora.xtec.cat\/cfamartipolmanlleu\/wp-json\/wp\/v2\/pages\/2506\/revisions\/2509"}],"up":[{"embeddable":true,"href":"https:\/\/agora.xtec.cat\/cfamartipolmanlleu\/wp-json\/wp\/v2\/pages\/2154"}],"wp:attachment":[{"href":"https:\/\/agora.xtec.cat\/cfamartipolmanlleu\/wp-json\/wp\/v2\/media?parent=2506"}],"curies":[{"name":"wp","href":"https:\/\/api.w.org\/{rel}","templated":true}]}}