{"id":2493,"date":"2026-04-29T15:38:31","date_gmt":"2026-04-29T13:38:31","guid":{"rendered":"https:\/\/agora.xtec.cat\/cfamartipolmanlleu\/?page_id=2493"},"modified":"2026-04-29T15:39:07","modified_gmt":"2026-04-29T13:39:07","slug":"programari-lliure","status":"publish","type":"page","link":"https:\/\/agora.xtec.cat\/cfamartipolmanlleu\/recursos\/competic-actic\/programari-lliure\/","title":{"rendered":"Programari lliure"},"content":{"rendered":"<p dir=\"ltr\">El <strong>programari lliure<\/strong> (<em>free software<\/em> o <em>libreware<\/em>) \u00e9s programari que pot ser usat, estudiat i modificat sense restriccions, i que pot ser copiat i redistribu\u00eft b\u00e9 en una versi\u00f3 modificada o sense modificar sense cap restricci\u00f3, o b\u00e9 amb unes restriccions m\u00ednimes.<\/p>\n<p class=\"zfr3Q CDt4Ke \" dir=\"ltr\"><span class=\"C9DxTc \">Us enllacem les p\u00e0gines des de les que descarregar programari lliure i gratu\u00eft que fem servir als cursos de <a href=\"https:\/\/agora.xtec.cat\/cfamartipolmanlleu\/ensenyaments\/competic-actic\/\">COMPETIC<\/a>:<\/span><\/p>\n<ul class=\"n8H08c UVNKR \">\n<li class=\"zfr3Q TYR86d eD0Rn \" dir=\"ltr\">\n<p class=\"zfr3Q CDt4Ke \" dir=\"ltr\" role=\"presentation\"><a class=\"XqQF9c\" href=\"https:\/\/ca.libreoffice.org\/\" target=\"_blank\" rel=\"noopener\"><span class=\"C9DxTc aw5Odc \">LibreOffice<\/span><\/a><span class=\"C9DxTc \"> \u2013 Eines d\u2019ofim\u00e0tica: edici\u00f3 de text, full de c\u00e0lcul, presentacions, gesti\u00f3 de bases de dades. Alternativa lliure al Microsoft Office que fem servir a COMPETIC 1, 2 i 3.<\/span><\/p>\n<\/li>\n<li class=\"zfr3Q TYR86d eD0Rn \" dir=\"ltr\">\n<p class=\"zfr3Q CDt4Ke \" dir=\"ltr\" role=\"presentation\"><a class=\"XqQF9c\" href=\"https:\/\/www.softcatala.org\/programes\/gimp\/\" target=\"_blank\" rel=\"noopener\"><span class=\"C9DxTc aw5Odc \">Gimp<\/span><\/a><span class=\"C9DxTc \"> \u2013 Programa d&#8217;edici\u00f3 d\u2019imatge, alternativa lliure al Photoshop que fem servir a COMPETIC 2 i 3.<\/span><\/p>\n<\/li>\n<li class=\"zfr3Q TYR86d eD0Rn \" dir=\"ltr\">\n<p class=\"zfr3Q CDt4Ke \" dir=\"ltr\" role=\"presentation\"><a class=\"XqQF9c\" href=\"https:\/\/www.openshot.org\/\" target=\"_blank\" rel=\"noopener\"><span class=\"C9DxTc aw5Odc \">OpenShot<\/span><\/a><span class=\"C9DxTc \"> \u2013 Edici\u00f3 de v\u00eddeo. El fem servir a COMPETIC 2 i 3.<\/span><\/p>\n<\/li>\n<li class=\"zfr3Q TYR86d eD0Rn \" dir=\"ltr\">\n<p class=\"zfr3Q CDt4Ke \" dir=\"ltr\" role=\"presentation\"><a class=\"XqQF9c\" href=\"https:\/\/audacity.es\/\" target=\"_blank\" rel=\"noopener\"><span class=\"C9DxTc aw5Odc \">Audacity<\/span><\/a><span class=\"C9DxTc \"> \u2013 Edici\u00f3 de so. El fem servir a COMPETIC 2 i 3.<\/span><\/p>\n<\/li>\n<\/ul>\n<p>Mapa conceptual del programari lliure:<\/p>\n<p><a href=\"https:\/\/agora.xtec.cat\/cfamartipolmanlleu\/wp-content\/uploads\/usu883\/2026\/04\/Mapa-conceptual-del-programari-lliure.svg.png\"><img loading=\"lazy\" decoding=\"async\" class=\"aligncenter size-large wp-image-2494\" src=\"https:\/\/agora.xtec.cat\/cfamartipolmanlleu\/wp-content\/uploads\/usu883\/2026\/04\/Mapa-conceptual-del-programari-lliure.svg-1024x723.png\" alt=\"\" width=\"1024\" height=\"723\" srcset=\"https:\/\/agora.xtec.cat\/cfamartipolmanlleu\/wp-content\/uploads\/usu883\/2026\/04\/Mapa-conceptual-del-programari-lliure.svg-1024x723.png 1024w, https:\/\/agora.xtec.cat\/cfamartipolmanlleu\/wp-content\/uploads\/usu883\/2026\/04\/Mapa-conceptual-del-programari-lliure.svg-300x212.png 300w, https:\/\/agora.xtec.cat\/cfamartipolmanlleu\/wp-content\/uploads\/usu883\/2026\/04\/Mapa-conceptual-del-programari-lliure.svg-768x542.png 768w, https:\/\/agora.xtec.cat\/cfamartipolmanlleu\/wp-content\/uploads\/usu883\/2026\/04\/Mapa-conceptual-del-programari-lliure.svg.png 1280w\" sizes=\"auto, (max-width: 1024px) 100vw, 1024px\" \/><\/a><\/p>\n","protected":false},"excerpt":{"rendered":"<p>El programari lliure (free software o libreware) \u00e9s programari que pot ser usat, estudiat i modificat sense restriccions, i que pot ser copiat i redistribu\u00eft b\u00e9 en una versi\u00f3 modificada o sense modificar sense cap restricci\u00f3, o b\u00e9 amb unes restriccions m\u00ednimes. Us enllacem les p\u00e0gines des de les que descarregar programari lliure i gratu\u00eft [&hellip;]<\/p>\n","protected":false},"author":1,"featured_media":0,"parent":2139,"menu_order":30,"comment_status":"closed","ping_status":"closed","template":"","meta":{"_bbp_topic_count":0,"_bbp_reply_count":0,"_bbp_total_topic_count":0,"_bbp_total_reply_count":0,"_bbp_voice_count":0,"_bbp_anonymous_reply_count":0,"_bbp_topic_count_hidden":0,"_bbp_reply_count_hidden":0,"_bbp_forum_subforum_count":0,"site-sidebar-layout":"default","site-content-layout":"","ast-site-content-layout":"default","site-content-style":"default","site-sidebar-style":"default","ast-global-header-display":"","ast-banner-title-visibility":"","ast-main-header-display":"","ast-hfb-above-header-display":"","ast-hfb-below-header-display":"","ast-hfb-mobile-header-display":"","site-post-title":"","ast-breadcrumbs-content":"","ast-featured-img":"","footer-sml-layout":"","theme-transparent-header-meta":"default","adv-header-id-meta":"","stick-header-meta":"","header-above-stick-meta":"","header-main-stick-meta":"","header-below-stick-meta":"","astra-migrate-meta-layouts":"set","ast-page-background-enabled":"default","ast-page-background-meta":{"desktop":{"background-color":"var(--ast-global-color-4)","background-image":"","background-repeat":"repeat","background-position":"center center","background-size":"auto","background-attachment":"scroll","background-type":"","background-media":"","overlay-type":"","overlay-color":"","overlay-opacity":"","overlay-gradient":""},"tablet":{"background-color":"","background-image":"","background-repeat":"repeat","background-position":"center center","background-size":"auto","background-attachment":"scroll","background-type":"","background-media":"","overlay-type":"","overlay-color":"","overlay-opacity":"","overlay-gradient":""},"mobile":{"background-color":"","background-image":"","background-repeat":"repeat","background-position":"center center","background-size":"auto","background-attachment":"scroll","background-type":"","background-media":"","overlay-type":"","overlay-color":"","overlay-opacity":"","overlay-gradient":""}},"ast-content-background-meta":{"desktop":{"background-color":"var(--ast-global-color-5)","background-image":"","background-repeat":"repeat","background-position":"center center","background-size":"auto","background-attachment":"scroll","background-type":"","background-media":"","overlay-type":"","overlay-color":"","overlay-opacity":"","overlay-gradient":""},"tablet":{"background-color":"var(--ast-global-color-5)","background-image":"","background-repeat":"repeat","background-position":"center center","background-size":"auto","background-attachment":"scroll","background-type":"","background-media":"","overlay-type":"","overlay-color":"","overlay-opacity":"","overlay-gradient":""},"mobile":{"background-color":"var(--ast-global-color-5)","background-image":"","background-repeat":"repeat","background-position":"center center","background-size":"auto","background-attachment":"scroll","background-type":"","background-media":"","overlay-type":"","overlay-color":"","overlay-opacity":"","overlay-gradient":""}},"footnotes":""},"class_list":["post-2493","page","type-page","status-publish","hentry"],"post_mailing_queue_ids":[],"_links":{"self":[{"href":"https:\/\/agora.xtec.cat\/cfamartipolmanlleu\/wp-json\/wp\/v2\/pages\/2493","targetHints":{"allow":["GET"]}}],"collection":[{"href":"https:\/\/agora.xtec.cat\/cfamartipolmanlleu\/wp-json\/wp\/v2\/pages"}],"about":[{"href":"https:\/\/agora.xtec.cat\/cfamartipolmanlleu\/wp-json\/wp\/v2\/types\/page"}],"author":[{"embeddable":true,"href":"https:\/\/agora.xtec.cat\/cfamartipolmanlleu\/wp-json\/wp\/v2\/users\/1"}],"replies":[{"embeddable":true,"href":"https:\/\/agora.xtec.cat\/cfamartipolmanlleu\/wp-json\/wp\/v2\/comments?post=2493"}],"version-history":[{"count":2,"href":"https:\/\/agora.xtec.cat\/cfamartipolmanlleu\/wp-json\/wp\/v2\/pages\/2493\/revisions"}],"predecessor-version":[{"id":2496,"href":"https:\/\/agora.xtec.cat\/cfamartipolmanlleu\/wp-json\/wp\/v2\/pages\/2493\/revisions\/2496"}],"up":[{"embeddable":true,"href":"https:\/\/agora.xtec.cat\/cfamartipolmanlleu\/wp-json\/wp\/v2\/pages\/2139"}],"wp:attachment":[{"href":"https:\/\/agora.xtec.cat\/cfamartipolmanlleu\/wp-json\/wp\/v2\/media?parent=2493"}],"curies":[{"name":"wp","href":"https:\/\/api.w.org\/{rel}","templated":true}]}}