{"id":2481,"date":"2026-04-27T15:04:47","date_gmt":"2026-04-27T13:04:47","guid":{"rendered":"https:\/\/agora.xtec.cat\/cfamartipolmanlleu\/?page_id=2481"},"modified":"2026-04-27T19:53:45","modified_gmt":"2026-04-27T17:53:45","slug":"projectes-de-competic","status":"publish","type":"page","link":"https:\/\/agora.xtec.cat\/cfamartipolmanlleu\/recursos\/competic-actic\/projectes-de-competic\/","title":{"rendered":"Projectes de COMPETIC"},"content":{"rendered":"<p class=\"zfr3Q CDt4Ke \" dir=\"ltr\"><span class=\"C9DxTc \">Els cursos de COMPETIC acaben amb una activitat llarga que anomenen\u00a0<\/span><span class=\"C9DxTc \">projecte<\/span><span class=\"C9DxTc \">\u00a0i que cal realitzar al centre encara que el curs s&#8217;hagi fet telem\u00e0ticament. La nota obtinguda en el projecte representa un 40% de la nota final, per\u00f2 cal treure com a m\u00ednim un 6 per a que faci mitjana.<\/span><\/p>\n<p dir=\"ltr\">Els enunciats, documents i arxius dels projectes dels cursos passats es poden descarregar <a href=\"https:\/\/projectes.xtec.cat\/xarxadults\/ensenyaments\/nivells\/projectes\/\">aqu\u00ed<\/a>.<\/p>\n<p class=\"zfr3Q CDt4Ke \" dir=\"ltr\"><span class=\"C9DxTc \">Els alumnes haurien de saber fer el del curs actual sense ajuda, per\u00f2 podem entrenar veient les resolucions guiades pas a pas de cursos anteriors:<\/span><\/p>\n<h3 id=\"h.c85nwnzi9kf1\"><span style=\"font-family: inherit; font-size: 1em;\">COMPETIC 1:<\/span><\/h3>\n<ul>\n<li dir=\"ltr\" role=\"presentation\"><a href=\"https:\/\/www.youtube.com\/playlist?list=PLxnWKQewqU9iT9KbLvBjXf6TIwbXMGb42\" target=\"_blank\" rel=\"noopener\">Resoluci\u00f3 guiada del projecte del curs 2022-2023<\/a> (sencer)<\/li>\n<\/ul>\n<h3>COMPETIC 2:<\/h3>\n<ul>\n<li dir=\"ltr\" role=\"presentation\"><a href=\"https:\/\/www.youtube.com\/playlist?list=PLxnWKQewqU9iYIw4T1VdplBlDjxLTWzCL\" target=\"_blank\" rel=\"noopener\">Resoluci\u00f3 guiada del projecte del curs 2024-2025<\/a> (sencer, amb Libreoffice)<\/li>\n<li><a href=\"https:\/\/www.youtube.com\/playlist?list=PLxnWKQewqU9hJ3JICPrGAUY533RZaD_yw\" target=\"_blank\" rel=\"noopener\">Resoluci\u00f3 guiada del projecte del curs 2023-2024<\/a> (parts concretes, amb Microsoft Office)<\/li>\n<\/ul>\n<h3>COMPETIC 3:<\/h3>\n<ul>\n<li><a href=\"https:\/\/www.youtube.com\/playlist?list=PLxnWKQewqU9gm4X0N2vQ0DPnVqFG0T528\" target=\"_blank\" rel=\"noopener\">Resoluci\u00f3 guiada del projecte de la compet\u00e8ncia 4 del curs 24-25<\/a> (sencer, Libreoffice Writer)<\/li>\n<li dir=\"ltr\" role=\"presentation\"><a href=\"https:\/\/www.youtube.com\/playlist?list=PLxnWKQewqU9hgrXjdTN58GU2IoiZF8A1x\" target=\"_blank\" rel=\"noopener\">Resoluci\u00f3 guiada del projecte de la compet\u00e8ncia 4 del curs 23-24<\/a> (sencer, Microsoft Word)<\/li>\n<li dir=\"ltr\" role=\"presentation\"><a href=\"https:\/\/www.youtube.com\/playlist?list=PLxnWKQewqU9g9Ys8z5N2SBA74i5ZOiP3r\" target=\"_blank\" rel=\"noopener\">Resoluci\u00f3 guiada del projecte de la compet\u00e8ncia 5 del curs 22-23<\/a> (la part del Gimp)<\/li>\n<li><a href=\"https:\/\/www.youtube.com\/playlist?list=PLxnWKQewqU9igbPc5RBC7Q0dDATFaub2_\" target=\"_blank\" rel=\"noopener\">Resoluci\u00f3 guiada del projecte de la compet\u00e8ncia 6 del curs 24-25<\/a> (sencer, Libreoffice Calc)<\/li>\n<li dir=\"ltr\" role=\"presentation\"><a href=\"https:\/\/www.youtube.com\/playlist?list=PLxnWKQewqU9hGtS9kdOxLZrsxur6rJYCR\" target=\"_blank\" rel=\"noopener\">Resoluci\u00f3 guiada del projecte de la compet\u00e8ncia 6 del curs 22-23<\/a> (sencer, Microsoft Excel)<\/li>\n<li dir=\"ltr\" role=\"presentation\"><a href=\"https:\/\/www.youtube.com\/playlist?list=PLxnWKQewqU9j9WRbGAFd7X297avpC-4Tf\">Resoluci\u00f3 guiada del projecte de la compet\u00e8ncia 8 del curs 24-25<\/a> (sencer, Libreoffice Impress)<\/li>\n<\/ul>\n","protected":false},"excerpt":{"rendered":"<p>Els cursos de COMPETIC acaben amb una activitat llarga que anomenen\u00a0projecte\u00a0i que cal realitzar al centre encara que el curs s&#8217;hagi fet telem\u00e0ticament. La nota obtinguda en el projecte representa un 40% de la nota final, per\u00f2 cal treure com a m\u00ednim un 6 per a que faci mitjana. Els enunciats, documents i arxius dels [&hellip;]<\/p>\n","protected":false},"author":1,"featured_media":0,"parent":2139,"menu_order":0,"comment_status":"closed","ping_status":"closed","template":"","meta":{"_bbp_topic_count":0,"_bbp_reply_count":0,"_bbp_total_topic_count":0,"_bbp_total_reply_count":0,"_bbp_voice_count":0,"_bbp_anonymous_reply_count":0,"_bbp_topic_count_hidden":0,"_bbp_reply_count_hidden":0,"_bbp_forum_subforum_count":0,"site-sidebar-layout":"default","site-content-layout":"","ast-site-content-layout":"default","site-content-style":"default","site-sidebar-style":"default","ast-global-header-display":"","ast-banner-title-visibility":"","ast-main-header-display":"","ast-hfb-above-header-display":"","ast-hfb-below-header-display":"","ast-hfb-mobile-header-display":"","site-post-title":"","ast-breadcrumbs-content":"","ast-featured-img":"","footer-sml-layout":"","theme-transparent-header-meta":"default","adv-header-id-meta":"","stick-header-meta":"","header-above-stick-meta":"","header-main-stick-meta":"","header-below-stick-meta":"","astra-migrate-meta-layouts":"set","ast-page-background-enabled":"default","ast-page-background-meta":{"desktop":{"background-color":"var(--ast-global-color-4)","background-image":"","background-repeat":"repeat","background-position":"center center","background-size":"auto","background-attachment":"scroll","background-type":"","background-media":"","overlay-type":"","overlay-color":"","overlay-opacity":"","overlay-gradient":""},"tablet":{"background-color":"","background-image":"","background-repeat":"repeat","background-position":"center center","background-size":"auto","background-attachment":"scroll","background-type":"","background-media":"","overlay-type":"","overlay-color":"","overlay-opacity":"","overlay-gradient":""},"mobile":{"background-color":"","background-image":"","background-repeat":"repeat","background-position":"center center","background-size":"auto","background-attachment":"scroll","background-type":"","background-media":"","overlay-type":"","overlay-color":"","overlay-opacity":"","overlay-gradient":""}},"ast-content-background-meta":{"desktop":{"background-color":"var(--ast-global-color-5)","background-image":"","background-repeat":"repeat","background-position":"center center","background-size":"auto","background-attachment":"scroll","background-type":"","background-media":"","overlay-type":"","overlay-color":"","overlay-opacity":"","overlay-gradient":""},"tablet":{"background-color":"var(--ast-global-color-5)","background-image":"","background-repeat":"repeat","background-position":"center center","background-size":"auto","background-attachment":"scroll","background-type":"","background-media":"","overlay-type":"","overlay-color":"","overlay-opacity":"","overlay-gradient":""},"mobile":{"background-color":"var(--ast-global-color-5)","background-image":"","background-repeat":"repeat","background-position":"center center","background-size":"auto","background-attachment":"scroll","background-type":"","background-media":"","overlay-type":"","overlay-color":"","overlay-opacity":"","overlay-gradient":""}},"footnotes":""},"class_list":["post-2481","page","type-page","status-publish","hentry"],"post_mailing_queue_ids":[],"_links":{"self":[{"href":"https:\/\/agora.xtec.cat\/cfamartipolmanlleu\/wp-json\/wp\/v2\/pages\/2481","targetHints":{"allow":["GET"]}}],"collection":[{"href":"https:\/\/agora.xtec.cat\/cfamartipolmanlleu\/wp-json\/wp\/v2\/pages"}],"about":[{"href":"https:\/\/agora.xtec.cat\/cfamartipolmanlleu\/wp-json\/wp\/v2\/types\/page"}],"author":[{"embeddable":true,"href":"https:\/\/agora.xtec.cat\/cfamartipolmanlleu\/wp-json\/wp\/v2\/users\/1"}],"replies":[{"embeddable":true,"href":"https:\/\/agora.xtec.cat\/cfamartipolmanlleu\/wp-json\/wp\/v2\/comments?post=2481"}],"version-history":[{"count":6,"href":"https:\/\/agora.xtec.cat\/cfamartipolmanlleu\/wp-json\/wp\/v2\/pages\/2481\/revisions"}],"predecessor-version":[{"id":2489,"href":"https:\/\/agora.xtec.cat\/cfamartipolmanlleu\/wp-json\/wp\/v2\/pages\/2481\/revisions\/2489"}],"up":[{"embeddable":true,"href":"https:\/\/agora.xtec.cat\/cfamartipolmanlleu\/wp-json\/wp\/v2\/pages\/2139"}],"wp:attachment":[{"href":"https:\/\/agora.xtec.cat\/cfamartipolmanlleu\/wp-json\/wp\/v2\/media?parent=2481"}],"curies":[{"name":"wp","href":"https:\/\/api.w.org\/{rel}","templated":true}]}}