{"id":2240,"date":"2025-11-01T12:11:31","date_gmt":"2025-11-01T11:11:31","guid":{"rendered":"https:\/\/agora.xtec.cat\/cfamartipolmanlleu\/?page_id=2240"},"modified":"2025-11-05T15:54:22","modified_gmt":"2025-11-05T14:54:22","slug":"enllacos-educatius","status":"publish","type":"page","link":"https:\/\/agora.xtec.cat\/cfamartipolmanlleu\/recursos\/enllacos-educatius\/","title":{"rendered":"Enlla\u00e7os educatius"},"content":{"rendered":"<ul>\n<li><a href=\"https:\/\/pec.manlleu.cat\/\">PEC Manlleu<\/a> &#8211; Projecte educatiu de la ciutat<\/li>\n<li><a title=\"Dep.Educaci\u00f3\" href=\"https:\/\/educacio.gencat.cat\/ca\/inici\/\" target=\"_blank\" rel=\"noopener\">Departament d\u2019Educaci\u00f3 de la Generalitat<\/a>\u00a0\u2013 L\u2019anteriorment conegut com Departament d\u2019Ensenyament<\/li>\n<li><a title=\"XTEC\" href=\"http:\/\/xtec.gencat.cat\/\" target=\"_blank\" rel=\"noopener\">XTEC<\/a>\u00a0\u2013 Xarxa Telem\u00e0tica Educativa de Catalunya<\/li>\n<li><a href=\"https:\/\/www.edu365.cat\/\">Edu365.cat<\/a>\u00a0\u2013 Recursos educatius<\/li>\n<li><a title=\"Ateneu\" href=\"https:\/\/ateneu.xtec.cat\/\" target=\"_blank\" rel=\"noopener\">Ateneu<\/a>\u00a0\u2013 Materials i recursos per a la formaci\u00f3<\/li>\n<li><a title=\"Alexandria\" href=\"https:\/\/alexandria.xtec.cat\/\" target=\"_blank\" rel=\"noopener\">Alexandria<\/a>\u00a0\u2013 Biblioteca de recursos educatius digitals<\/li>\n<li><a title=\"JClic\" href=\"https:\/\/clic.xtec.cat\/ca\/jclic\/\" target=\"_blank\" rel=\"noopener\">Jclic<\/a>\u00a0\u2013 Activitats educatives multim\u00e8dia<\/li>\n<li><a title=\"Merl\u00ed\" href=\"http:\/\/merli.xtec.cat\/\" target=\"_blank\" rel=\"noopener\">Merl\u00ed<\/a>\u00a0\u2013 Cat\u00e0leg de recursos educatius<\/li>\n<li><a title=\"Odissea\" href=\"https:\/\/odissea.xtec.cat\/\" target=\"_blank\" rel=\"noopener\">Odissea<\/a>\u00a0\u2013 Moodle de cursos per a formadors<\/li>\n<li><a title=\"ATRI\" href=\"https:\/\/atriportal.gencat.cat\/\" target=\"_blank\" rel=\"noopener\">Atri<\/a>\u00a0\u2013 Portal per a la gesti\u00f3 laboral de la Generalitat de Catalunya<\/li>\n<li><a title=\"Portal de centre\" href=\"http:\/\/educacio.gencat.cat\/portal\/page\/portal\/EducacioIntranet\/Benvinguda\" target=\"_blank\" rel=\"noopener\">Portal de centre<\/a>\u00a0\u2013 Espai de comunicaci\u00f3 i treball del Departament<\/li>\n<li><a title=\"La meva XTEC\" href=\"https:\/\/xtec.gencat.cat\/ca\/at_usuari\/lamevaxtec\/\" target=\"_blank\" rel=\"noopener\">La meva XTEC<\/a>\u00a0\u2013 Serveis telem\u00e0tics i elements i funcionalitats de col\u00b7laboraci\u00f3 i comunicaci\u00f3<\/li>\n<li><a title=\"Esfer@\" href=\"https:\/\/bfgh.aplicacions.ensenyament.gencat.cat\/bfgh\/\" target=\"_blank\" rel=\"noopener\">Esfer<span class=\"\">@<\/span><\/a>\u00a0\u2013 Sistema d\u2019administraci\u00f3 i gesti\u00f3 acad\u00e8mica<\/li>\n<li><a title=\"Institut Obert de Catalunya\" href=\"https:\/\/ioc.xtec.cat\/\" target=\"_blank\" rel=\"noopener\">IOC<\/a>\u00a0\u2013 Institut Obert de Catalunya<\/li>\n<li><a title=\"Serveis educatius\" href=\"https:\/\/serveiseducatius.xtec.cat\/garrotxa\/\" target=\"_blank\" rel=\"noopener\">Servei Educatiu de La Garrotxa<\/a>\u00a0\u2013 Centre de recursos pedag\u00f2gics, EAP i ELIC<\/li>\n<li><a href=\"https:\/\/projectes.xtec.cat\/xarxadults\/\">Servei d\u2019educaci\u00f3 al llarg de la vida<\/a>\u00a0\u2013 Portal d\u2019educaci\u00f3 d\u2019adults<\/li>\n<li><a href=\"https:\/\/www.unportal.net\/ca\/\">Unportal<\/a>\u00a0\u2013 El web de l\u2019educaci\u00f3 superior a Catalunya<\/li>\n<\/ul>\n","protected":false},"excerpt":{"rendered":"<p>PEC Manlleu &#8211; Projecte educatiu de la ciutat Departament d\u2019Educaci\u00f3 de la Generalitat\u00a0\u2013 L\u2019anteriorment conegut com Departament d\u2019Ensenyament XTEC\u00a0\u2013 Xarxa Telem\u00e0tica Educativa de Catalunya Edu365.cat\u00a0\u2013 Recursos educatius Ateneu\u00a0\u2013 Materials i recursos per a la formaci\u00f3 Alexandria\u00a0\u2013 Biblioteca de recursos educatius digitals Jclic\u00a0\u2013 Activitats educatives multim\u00e8dia Merl\u00ed\u00a0\u2013 Cat\u00e0leg de recursos educatius Odissea\u00a0\u2013 Moodle de cursos per [&hellip;]<\/p>\n","protected":false},"author":1,"featured_media":0,"parent":2145,"menu_order":90,"comment_status":"closed","ping_status":"closed","template":"","meta":{"_bbp_topic_count":0,"_bbp_reply_count":0,"_bbp_total_topic_count":0,"_bbp_total_reply_count":0,"_bbp_voice_count":0,"_bbp_anonymous_reply_count":0,"_bbp_topic_count_hidden":0,"_bbp_reply_count_hidden":0,"_bbp_forum_subforum_count":0,"site-sidebar-layout":"default","site-content-layout":"","ast-site-content-layout":"default","site-content-style":"default","site-sidebar-style":"default","ast-global-header-display":"","ast-banner-title-visibility":"","ast-main-header-display":"","ast-hfb-above-header-display":"","ast-hfb-below-header-display":"","ast-hfb-mobile-header-display":"","site-post-title":"","ast-breadcrumbs-content":"","ast-featured-img":"","footer-sml-layout":"","theme-transparent-header-meta":"default","adv-header-id-meta":"","stick-header-meta":"","header-above-stick-meta":"","header-main-stick-meta":"","header-below-stick-meta":"","astra-migrate-meta-layouts":"set","ast-page-background-enabled":"default","ast-page-background-meta":{"desktop":{"background-color":"var(--ast-global-color-4)","background-image":"","background-repeat":"repeat","background-position":"center center","background-size":"auto","background-attachment":"scroll","background-type":"","background-media":"","overlay-type":"","overlay-color":"","overlay-opacity":"","overlay-gradient":""},"tablet":{"background-color":"","background-image":"","background-repeat":"repeat","background-position":"center center","background-size":"auto","background-attachment":"scroll","background-type":"","background-media":"","overlay-type":"","overlay-color":"","overlay-opacity":"","overlay-gradient":""},"mobile":{"background-color":"","background-image":"","background-repeat":"repeat","background-position":"center center","background-size":"auto","background-attachment":"scroll","background-type":"","background-media":"","overlay-type":"","overlay-color":"","overlay-opacity":"","overlay-gradient":""}},"ast-content-background-meta":{"desktop":{"background-color":"var(--ast-global-color-5)","background-image":"","background-repeat":"repeat","background-position":"center center","background-size":"auto","background-attachment":"scroll","background-type":"","background-media":"","overlay-type":"","overlay-color":"","overlay-opacity":"","overlay-gradient":""},"tablet":{"background-color":"var(--ast-global-color-5)","background-image":"","background-repeat":"repeat","background-position":"center center","background-size":"auto","background-attachment":"scroll","background-type":"","background-media":"","overlay-type":"","overlay-color":"","overlay-opacity":"","overlay-gradient":""},"mobile":{"background-color":"var(--ast-global-color-5)","background-image":"","background-repeat":"repeat","background-position":"center center","background-size":"auto","background-attachment":"scroll","background-type":"","background-media":"","overlay-type":"","overlay-color":"","overlay-opacity":"","overlay-gradient":""}},"footnotes":""},"class_list":["post-2240","page","type-page","status-publish","hentry"],"post_mailing_queue_ids":[],"_links":{"self":[{"href":"https:\/\/agora.xtec.cat\/cfamartipolmanlleu\/wp-json\/wp\/v2\/pages\/2240","targetHints":{"allow":["GET"]}}],"collection":[{"href":"https:\/\/agora.xtec.cat\/cfamartipolmanlleu\/wp-json\/wp\/v2\/pages"}],"about":[{"href":"https:\/\/agora.xtec.cat\/cfamartipolmanlleu\/wp-json\/wp\/v2\/types\/page"}],"author":[{"embeddable":true,"href":"https:\/\/agora.xtec.cat\/cfamartipolmanlleu\/wp-json\/wp\/v2\/users\/1"}],"replies":[{"embeddable":true,"href":"https:\/\/agora.xtec.cat\/cfamartipolmanlleu\/wp-json\/wp\/v2\/comments?post=2240"}],"version-history":[{"count":2,"href":"https:\/\/agora.xtec.cat\/cfamartipolmanlleu\/wp-json\/wp\/v2\/pages\/2240\/revisions"}],"predecessor-version":[{"id":2264,"href":"https:\/\/agora.xtec.cat\/cfamartipolmanlleu\/wp-json\/wp\/v2\/pages\/2240\/revisions\/2264"}],"up":[{"embeddable":true,"href":"https:\/\/agora.xtec.cat\/cfamartipolmanlleu\/wp-json\/wp\/v2\/pages\/2145"}],"wp:attachment":[{"href":"https:\/\/agora.xtec.cat\/cfamartipolmanlleu\/wp-json\/wp\/v2\/media?parent=2240"}],"curies":[{"name":"wp","href":"https:\/\/api.w.org\/{rel}","templated":true}]}}