{"id":2234,"date":"2025-11-01T12:05:51","date_gmt":"2025-11-01T11:05:51","guid":{"rendered":"https:\/\/agora.xtec.cat\/cfamartipolmanlleu\/?page_id=2234"},"modified":"2025-12-21T16:40:13","modified_gmt":"2025-12-21T15:40:13","slug":"competic-online","status":"publish","type":"page","link":"https:\/\/agora.xtec.cat\/cfamartipolmanlleu\/ensenyaments\/competic-actic\/competic-online\/","title":{"rendered":"Ensenyaments a dist\u00e0ncia"},"content":{"rendered":"<p>La majoria dels nostres ensenyaments s\u00f3n presencials o semipresencials, per\u00f2 tamb\u00e9 oferim la possibilitat de cursar\u00a0COMPETIC 2 i COMPETIC 3 <strong>a dist\u00e0ncia<\/strong> i som centre col\u00b7laborador de la IOC (Institut Obert de Catalunya) i et podem assessorar i orientar en aquest proc\u00e9s de matriculaci\u00f3 i t\u2019acompanyen al llarg dels trimestres.<\/p>\n<h2>COMPETIC ONLINE:<\/h2>\n<p>Els cursos de COMPETIC 2 i 3 es poden cursar online. Cal, aix\u00f2 s\u00ed, venir un dia a final de curs a realitzar presencialment el projecte final.<\/p>\n<p><strong>COMPETIC 2<\/strong> \u00e9s un curs anual. En aprovar-lo s\u2019obt\u00e9 un certificat que equival a l\u2019<strong>ACTIC mitj\u00e0<\/strong>.<\/p>\n<p><strong>COMPETIC 3<\/strong> es divideix en tres cursos trimestrals i en cada un d\u2019ells es treballa una compet\u00e8ncia que s\u2019avalua independentment. El primer trimestre estem fent la compet\u00e8ncia 4 (Edici\u00f3 de text amb LibreOffice Writer, l&#8217;alternativa gratu\u00efta al Microsoft Word), <span style=\"font-size: 16px; font-style: normal; font-weight: 400;\">Al gener comen\u00e7ar\u00e0 el segon semestre i impartirem la\u00a0<\/span>compet\u00e8ncia 8 (Presentacions amb LibreOffice Impress, l&#8217;alternativa gratu\u00efta al Powerpoint)<span style=\"font-size: 16px; font-style: normal; font-weight: 400;\">\u00a0despr\u00e9s de setmana santa farem la\u00a0<\/span>compet\u00e8ncia 6 (Full de c\u00e0lcul amb LibreOffice Calc, l&#8217;alternativa gratu\u00efta a l&#8217;Excel)<span style=\"font-size: 16px; font-style: normal; font-weight: 400;\">.\u00a0<\/span><span style=\"font-size: 16px;\">Amb dues compet\u00e8ncies aprovades s\u2019obt\u00e9 el certificat de COMPETIC 3 equivalent a l\u2019<\/span><strong style=\"font-size: 16px;\">ACTIC avan\u00e7at<\/strong><span style=\"font-size: 16px;\">\u00a0i reconegut per la Generalitat de Catalunya.<\/span><\/p>\n<p>Per matricular-se a COMPETIC 3, cal tenir aprovat COMPETIC 2 o el certificat de l\u2019<strong>ACTIC mitj\u00e0<\/strong>.<\/p>\n<p>Per matricular-se a COMPETIC 2, no cal cap certificat previ, per\u00f2 \u00e9s recomanable tenir una mica d&#8217;experi\u00e8ncia en l&#8217;\u00fas de l&#8217;ordinador i alguns fonaments del funcionament del programari ofim\u00e0tic b\u00e0sic (navegador, processador de text, full de c\u00e0lcul).<\/p>\n<p>Tant COMPETIC 2 com COMPETIC 3 es poden cursar tamb\u00e9 en format presencial i es pot canviar a mig curs entre una modalitat o l&#8217;altra segons s&#8217;adigui a les necessitats de l&#8217;alumne.<\/p>\n","protected":false},"excerpt":{"rendered":"<p>La majoria dels nostres ensenyaments s\u00f3n presencials o semipresencials, per\u00f2 tamb\u00e9 oferim la possibilitat de cursar\u00a0COMPETIC 2 i COMPETIC 3 a dist\u00e0ncia i som centre col\u00b7laborador de la IOC (Institut Obert de Catalunya) i et podem assessorar i orientar en aquest proc\u00e9s de matriculaci\u00f3 i t\u2019acompanyen al llarg dels trimestres. COMPETIC ONLINE: Els cursos de [&hellip;]<\/p>\n","protected":false},"author":1,"featured_media":0,"parent":316,"menu_order":20,"comment_status":"closed","ping_status":"closed","template":"","meta":{"_bbp_topic_count":0,"_bbp_reply_count":0,"_bbp_total_topic_count":0,"_bbp_total_reply_count":0,"_bbp_voice_count":0,"_bbp_anonymous_reply_count":0,"_bbp_topic_count_hidden":0,"_bbp_reply_count_hidden":0,"_bbp_forum_subforum_count":0,"site-sidebar-layout":"default","site-content-layout":"","ast-site-content-layout":"default","site-content-style":"default","site-sidebar-style":"default","ast-global-header-display":"","ast-banner-title-visibility":"","ast-main-header-display":"","ast-hfb-above-header-display":"","ast-hfb-below-header-display":"","ast-hfb-mobile-header-display":"","site-post-title":"","ast-breadcrumbs-content":"","ast-featured-img":"","footer-sml-layout":"","theme-transparent-header-meta":"default","adv-header-id-meta":"","stick-header-meta":"","header-above-stick-meta":"","header-main-stick-meta":"","header-below-stick-meta":"","astra-migrate-meta-layouts":"set","ast-page-background-enabled":"default","ast-page-background-meta":{"desktop":{"background-color":"var(--ast-global-color-4)","background-image":"","background-repeat":"repeat","background-position":"center center","background-size":"auto","background-attachment":"scroll","background-type":"","background-media":"","overlay-type":"","overlay-color":"","overlay-opacity":"","overlay-gradient":""},"tablet":{"background-color":"","background-image":"","background-repeat":"repeat","background-position":"center center","background-size":"auto","background-attachment":"scroll","background-type":"","background-media":"","overlay-type":"","overlay-color":"","overlay-opacity":"","overlay-gradient":""},"mobile":{"background-color":"","background-image":"","background-repeat":"repeat","background-position":"center center","background-size":"auto","background-attachment":"scroll","background-type":"","background-media":"","overlay-type":"","overlay-color":"","overlay-opacity":"","overlay-gradient":""}},"ast-content-background-meta":{"desktop":{"background-color":"var(--ast-global-color-5)","background-image":"","background-repeat":"repeat","background-position":"center center","background-size":"auto","background-attachment":"scroll","background-type":"","background-media":"","overlay-type":"","overlay-color":"","overlay-opacity":"","overlay-gradient":""},"tablet":{"background-color":"var(--ast-global-color-5)","background-image":"","background-repeat":"repeat","background-position":"center center","background-size":"auto","background-attachment":"scroll","background-type":"","background-media":"","overlay-type":"","overlay-color":"","overlay-opacity":"","overlay-gradient":""},"mobile":{"background-color":"var(--ast-global-color-5)","background-image":"","background-repeat":"repeat","background-position":"center center","background-size":"auto","background-attachment":"scroll","background-type":"","background-media":"","overlay-type":"","overlay-color":"","overlay-opacity":"","overlay-gradient":""}},"footnotes":""},"class_list":["post-2234","page","type-page","status-publish","hentry"],"post_mailing_queue_ids":[],"_links":{"self":[{"href":"https:\/\/agora.xtec.cat\/cfamartipolmanlleu\/wp-json\/wp\/v2\/pages\/2234","targetHints":{"allow":["GET"]}}],"collection":[{"href":"https:\/\/agora.xtec.cat\/cfamartipolmanlleu\/wp-json\/wp\/v2\/pages"}],"about":[{"href":"https:\/\/agora.xtec.cat\/cfamartipolmanlleu\/wp-json\/wp\/v2\/types\/page"}],"author":[{"embeddable":true,"href":"https:\/\/agora.xtec.cat\/cfamartipolmanlleu\/wp-json\/wp\/v2\/users\/1"}],"replies":[{"embeddable":true,"href":"https:\/\/agora.xtec.cat\/cfamartipolmanlleu\/wp-json\/wp\/v2\/comments?post=2234"}],"version-history":[{"count":6,"href":"https:\/\/agora.xtec.cat\/cfamartipolmanlleu\/wp-json\/wp\/v2\/pages\/2234\/revisions"}],"predecessor-version":[{"id":2427,"href":"https:\/\/agora.xtec.cat\/cfamartipolmanlleu\/wp-json\/wp\/v2\/pages\/2234\/revisions\/2427"}],"up":[{"embeddable":true,"href":"https:\/\/agora.xtec.cat\/cfamartipolmanlleu\/wp-json\/wp\/v2\/pages\/316"}],"wp:attachment":[{"href":"https:\/\/agora.xtec.cat\/cfamartipolmanlleu\/wp-json\/wp\/v2\/media?parent=2234"}],"curies":[{"name":"wp","href":"https:\/\/api.w.org\/{rel}","templated":true}]}}