{"id":2225,"date":"2025-10-31T16:59:09","date_gmt":"2025-10-31T15:59:09","guid":{"rendered":"https:\/\/agora.xtec.cat\/cfamartipolmanlleu\/?page_id=2225"},"modified":"2025-11-05T17:50:35","modified_gmt":"2025-11-05T16:50:35","slug":"preguntes-frequents-sobre-les-escoles-dadults","status":"publish","type":"page","link":"https:\/\/agora.xtec.cat\/cfamartipolmanlleu\/formacio-dadults\/preguntes-frequents-sobre-les-escoles-dadults\/","title":{"rendered":"Preguntes freq\u00fcents sobre les escoles d&#8217;adults"},"content":{"rendered":"<p class=\"zfr3Q CDt4Ke \" dir=\"ltr\"><strong><span class=\"C9DxTc \">Qu\u00e8 volen dir les sigles CFA?<\/span><\/strong><\/p>\n<p class=\"zfr3Q CDt4Ke \" dir=\"ltr\"><span class=\"C9DxTc \">CFA \u00e9s acr\u00f2nim de Centre de Formaci\u00f3 d\u2019Adults, \u00e9s com diuen ara a les escoles d\u2019adults. Tamb\u00e9 hi ha qui diu CFPA, acr\u00f2nim de Centre de Formaci\u00f3 de Persones Adultes.\u00a0<\/span><\/p>\n<p class=\"zfr3Q CDt4Ke \" dir=\"ltr\"><strong><span class=\"C9DxTc \">Qu\u00e8 \u00e9s una escola d\u2019adults?<\/span><\/strong><\/p>\n<p class=\"zfr3Q CDt4Ke \" dir=\"ltr\"><span class=\"C9DxTc \">Una escola d\u2019adults \u00e9s una escola que a Catalunya dep\u00e8n del Departament d\u2019Educaci\u00f3 de la Generalitat i que ofereix a ciutadans adults cursos gratu\u00efts o pr\u00e0cticament gratu\u00efts.\u00a0<\/span><\/p>\n<p class=\"zfr3Q CDt4Ke \" dir=\"ltr\"><strong><span class=\"C9DxTc \">Qui pot estudiar en una escola d\u2019adults?<\/span><\/strong><\/p>\n<p class=\"zfr3Q CDt4Ke \" dir=\"ltr\"><span class=\"C9DxTc \">En principi les escoles d\u2019adults, com el seu nom indica, s\u00f3n per a alumnat adult, per\u00f2 es fan excepcions. Podem matricular persones que hagin complet 18 anys o b\u00e9 que els compleixin durant l\u2019any natural en qu\u00e8 s\u2019inicia la formaci\u00f3, i persones que compleixin com a m\u00ednim 16 anys l\u2019any natural en que inicien la formaci\u00f3 si tenen contracte laboral que els impedeixi assistir als centres educatius en r\u00e8gim ordinari; si es troben en proc\u00e9s d\u2019obtenci\u00f3 d\u2019un perm\u00eds de treball; si s\u00f3n esportistes d\u2019alt rendiment; si estan cursant o han cursat els m\u00f2duls obligatoris dels programes de qualificaci\u00f3 professional inicial; o si volen cursar la formaci\u00f3 per a les proves d\u2019acc\u00e9s als cicles formatius de grau mitj\u00e0. Al curs de formaci\u00f3 espec\u00edfica per a l\u2019acc\u00e9s als cicles formatius de grau mitj\u00e0 poden accedir les persones que tinguin m\u00e9s de 17 anys o b\u00e9 que els compleixen durant l\u2019any natural en qu\u00e8 inicien el curs.<\/span><\/p>\n<p class=\"zfr3Q CDt4Ke \" dir=\"ltr\"><strong><span class=\"C9DxTc \">Qu\u00e8 es pot estudiar a les escoles d\u2019adults?<\/span><\/strong><\/p>\n<p class=\"zfr3Q CDt4Ke \" dir=\"ltr\"><span class=\"C9DxTc \">A les escoles d&#8217;adults s&#8217;imparteixen tots o alguns d&#8217;aquests ensenyaments: cursos de Catal\u00e0, Castell\u00e0, Angl\u00e8s, Franc\u00e8s, GES (ESO per a adults), Cursos de preparaci\u00f3 a proves d\u2019acc\u00e9s, Formaci\u00f3 Instrumental i Inform\u00e0tica (COMPETIC).\u00a0<\/span><\/p>\n<p class=\"zfr3Q CDt4Ke \" dir=\"ltr\"><strong><span class=\"C9DxTc \">Quin preu tenen els cursos?<\/span><\/strong><\/p>\n<p class=\"zfr3Q CDt4Ke \" dir=\"ltr\"><span class=\"C9DxTc \">Els cursos als CFA en si mateixos s\u00f3n gratu\u00efts, per\u00f2 sovint cal fer un \u00fanic pagament en concepte de material o matr\u00edcula. La quantia dep\u00e8n del curs per\u00f2, com a centre p\u00fablic, els preus dels materials s\u00f3n assequibles per a tothom.<\/span><\/p>\n<p class=\"zfr3Q CDt4Ke \" dir=\"ltr\"><span class=\"C9DxTc \">A banda d\u2019aquest preu gen\u00e8ric, hi ha alguns cursos que requereixen de material addicional (llibres de text, dossiers, etc.) que no estan inclosos en el preu gen\u00e8ric.<\/span><\/p>\n<p class=\"zfr3Q CDt4Ke \" dir=\"ltr\"><strong><span class=\"C9DxTc \">Els cursos es poden cursar online?<\/span><\/strong><\/p>\n<p class=\"zfr3Q CDt4Ke \" dir=\"ltr\"><span class=\"C9DxTc \">La majoria de cursos s\u00f3n presencials o semipresencials, per\u00f2 algunes escoles d\u2019adults tamb\u00e9 ofereixen alguns ensenyaments online a trav\u00e9s d\u2019entorns virtuals d\u2019aprenentatge com el Moodle o el Google Classroom.\u00a0<\/span><\/p>\n<p class=\"zfr3Q CDt4Ke \" dir=\"ltr\"><strong><span class=\"C9DxTc \">Quina \u00e9s la durada dels cursos?<\/span><\/strong><\/p>\n<p class=\"zfr3Q CDt4Ke \" dir=\"ltr\"><span class=\"C9DxTc \">La majoria dels cursos s\u00f3n anuals, de setembre a juny, per\u00f2 alguns com els de COMPETIC 3 s\u00f3n trimestrals.\u00a0<\/span><\/p>\n<p class=\"zfr3Q CDt4Ke \" dir=\"ltr\"><strong><span class=\"C9DxTc \">Es fa servir algun entorn virtual d\u2019aprenentatge?<\/span><\/strong><\/p>\n<p class=\"zfr3Q CDt4Ke \" dir=\"ltr\"><span class=\"C9DxTc \">Molts centres fan servir Moodle, Google Classroom o Google Sites. En matricular-vos s\u2019informa a cada alumne del seu usuari i contrasenya.<\/span><\/p>\n<p class=\"zfr3Q CDt4Ke \" dir=\"ltr\"><strong><span class=\"C9DxTc \">Quin programari es fa servir als cursos d\u2019inform\u00e0tica?<\/span><\/strong><\/p>\n<p class=\"zfr3Q CDt4Ke \" dir=\"ltr\"><span class=\"C9DxTc \">Dep\u00e8n de cada centre.<\/span><\/p>\n<p class=\"zfr3Q CDt4Ke \" dir=\"ltr\"><strong><span class=\"C9DxTc \">Es poden convalidar assignatures?<\/span><\/strong><\/p>\n<p class=\"zfr3Q CDt4Ke \" dir=\"ltr\"><span class=\"C9DxTc \">S\u00ed, a GES tenim en compte els vostres estudis previs i fem una prova de nivell a l\u2019inici de curs.<\/span><\/p>\n<p class=\"zfr3Q CDt4Ke \" dir=\"ltr\"><strong><span class=\"C9DxTc \">S\u2019obtenen t\u00edtols oficials?<\/span><\/strong><\/p>\n<p class=\"zfr3Q CDt4Ke \" dir=\"ltr\"><span class=\"C9DxTc \">S\u00ed, GES equival a la ESO, els cursos de COMPETIC equivalen a les proves ACTIC, i els cursos d\u2019idiomes permeten obtenir els certificats corresponents al nivell assolit.<\/span><\/p>\n","protected":false},"excerpt":{"rendered":"<p>Qu\u00e8 volen dir les sigles CFA? CFA \u00e9s acr\u00f2nim de Centre de Formaci\u00f3 d\u2019Adults, \u00e9s com diuen ara a les escoles d\u2019adults. Tamb\u00e9 hi ha qui diu CFPA, acr\u00f2nim de Centre de Formaci\u00f3 de Persones Adultes.\u00a0 Qu\u00e8 \u00e9s una escola d\u2019adults? Una escola d\u2019adults \u00e9s una escola que a Catalunya dep\u00e8n del Departament d\u2019Educaci\u00f3 de [&hellip;]<\/p>\n","protected":false},"author":1,"featured_media":0,"parent":2171,"menu_order":0,"comment_status":"closed","ping_status":"closed","template":"","meta":{"_bbp_topic_count":0,"_bbp_reply_count":0,"_bbp_total_topic_count":0,"_bbp_total_reply_count":0,"_bbp_voice_count":0,"_bbp_anonymous_reply_count":0,"_bbp_topic_count_hidden":0,"_bbp_reply_count_hidden":0,"_bbp_forum_subforum_count":0,"site-sidebar-layout":"default","site-content-layout":"","ast-site-content-layout":"default","site-content-style":"default","site-sidebar-style":"default","ast-global-header-display":"","ast-banner-title-visibility":"","ast-main-header-display":"","ast-hfb-above-header-display":"","ast-hfb-below-header-display":"","ast-hfb-mobile-header-display":"","site-post-title":"","ast-breadcrumbs-content":"","ast-featured-img":"","footer-sml-layout":"","theme-transparent-header-meta":"default","adv-header-id-meta":"","stick-header-meta":"","header-above-stick-meta":"","header-main-stick-meta":"","header-below-stick-meta":"","astra-migrate-meta-layouts":"set","ast-page-background-enabled":"default","ast-page-background-meta":{"desktop":{"background-color":"var(--ast-global-color-4)","background-image":"","background-repeat":"repeat","background-position":"center center","background-size":"auto","background-attachment":"scroll","background-type":"","background-media":"","overlay-type":"","overlay-color":"","overlay-opacity":"","overlay-gradient":""},"tablet":{"background-color":"","background-image":"","background-repeat":"repeat","background-position":"center center","background-size":"auto","background-attachment":"scroll","background-type":"","background-media":"","overlay-type":"","overlay-color":"","overlay-opacity":"","overlay-gradient":""},"mobile":{"background-color":"","background-image":"","background-repeat":"repeat","background-position":"center center","background-size":"auto","background-attachment":"scroll","background-type":"","background-media":"","overlay-type":"","overlay-color":"","overlay-opacity":"","overlay-gradient":""}},"ast-content-background-meta":{"desktop":{"background-color":"var(--ast-global-color-5)","background-image":"","background-repeat":"repeat","background-position":"center center","background-size":"auto","background-attachment":"scroll","background-type":"","background-media":"","overlay-type":"","overlay-color":"","overlay-opacity":"","overlay-gradient":""},"tablet":{"background-color":"var(--ast-global-color-5)","background-image":"","background-repeat":"repeat","background-position":"center center","background-size":"auto","background-attachment":"scroll","background-type":"","background-media":"","overlay-type":"","overlay-color":"","overlay-opacity":"","overlay-gradient":""},"mobile":{"background-color":"var(--ast-global-color-5)","background-image":"","background-repeat":"repeat","background-position":"center center","background-size":"auto","background-attachment":"scroll","background-type":"","background-media":"","overlay-type":"","overlay-color":"","overlay-opacity":"","overlay-gradient":""}},"footnotes":""},"class_list":["post-2225","page","type-page","status-publish","hentry"],"post_mailing_queue_ids":[],"_links":{"self":[{"href":"https:\/\/agora.xtec.cat\/cfamartipolmanlleu\/wp-json\/wp\/v2\/pages\/2225","targetHints":{"allow":["GET"]}}],"collection":[{"href":"https:\/\/agora.xtec.cat\/cfamartipolmanlleu\/wp-json\/wp\/v2\/pages"}],"about":[{"href":"https:\/\/agora.xtec.cat\/cfamartipolmanlleu\/wp-json\/wp\/v2\/types\/page"}],"author":[{"embeddable":true,"href":"https:\/\/agora.xtec.cat\/cfamartipolmanlleu\/wp-json\/wp\/v2\/users\/1"}],"replies":[{"embeddable":true,"href":"https:\/\/agora.xtec.cat\/cfamartipolmanlleu\/wp-json\/wp\/v2\/comments?post=2225"}],"version-history":[{"count":2,"href":"https:\/\/agora.xtec.cat\/cfamartipolmanlleu\/wp-json\/wp\/v2\/pages\/2225\/revisions"}],"predecessor-version":[{"id":2270,"href":"https:\/\/agora.xtec.cat\/cfamartipolmanlleu\/wp-json\/wp\/v2\/pages\/2225\/revisions\/2270"}],"up":[{"embeddable":true,"href":"https:\/\/agora.xtec.cat\/cfamartipolmanlleu\/wp-json\/wp\/v2\/pages\/2171"}],"wp:attachment":[{"href":"https:\/\/agora.xtec.cat\/cfamartipolmanlleu\/wp-json\/wp\/v2\/media?parent=2225"}],"curies":[{"name":"wp","href":"https:\/\/api.w.org\/{rel}","templated":true}]}}