{"id":2171,"date":"2025-10-30T19:34:50","date_gmt":"2025-10-30T18:34:50","guid":{"rendered":"https:\/\/agora.xtec.cat\/cfamartipolmanlleu\/?page_id=2171"},"modified":"2025-10-30T19:34:50","modified_gmt":"2025-10-30T18:34:50","slug":"formacio-dadults","status":"publish","type":"page","link":"https:\/\/agora.xtec.cat\/cfamartipolmanlleu\/formacio-dadults\/","title":{"rendered":"Formaci\u00f3 d&#8217;adults"},"content":{"rendered":"<p>L\u2019educaci\u00f3 d\u2019adults o educaci\u00f3 al llarg de la vida compr\u00e8n les activitats d\u2019aprenentatge que permet que les persones adultes desenvolupin les capacitats, enriqueixin els coneixements i millorin les compet\u00e8ncies t\u00e8cniques i professionals. Aix\u00f2 fa que hi participin persones amb objectius diferents, com poden ser obtenir una titulaci\u00f3, posar-se al dia o ampliar els coneixements.<\/p>\n<h3>P\u00e0gines de refer\u00e8ncia:<\/h3>\n<ul>\n<li><a href=\"https:\/\/projectes.xtec.cat\/xarxadults\/\">Servei d\u2019educaci\u00f3 al llarg de la vida<\/a><\/li>\n<li><a href=\"https:\/\/xtec.gencat.cat\/ca\/curriculum\/educacio-llarg-vida\/\">Formaci\u00f3 d\u2019adults a l\u2019XTEC<\/a><\/li>\n<\/ul>\n<h3>Not\u00edcies Formaci\u00f3 d\u2019adults<\/h3>\n<ul>\n<li aria-level=\"1\">Formaci\u00f3 de Persones Adultes (cat):\u00a0<a href=\"https:\/\/t.me\/CFAnews\">https:\/\/t.me\/CFAnews<\/a><\/li>\n<li aria-level=\"1\">Formaci\u00f3n de Personas Adultas (cas):\u00a0<a href=\"https:\/\/t.me\/noticiasFPA\">https:\/\/t.me\/noticiasFPA<\/a><\/li>\n<li aria-level=\"1\">Adult Education (en):\u00a0<a href=\"https:\/\/t.me\/adulteducation_lifelonglearning\">https:\/\/t.me\/adulteducation_lifelonglearning<\/a><\/li>\n<\/ul>\n","protected":false},"excerpt":{"rendered":"<p>L\u2019educaci\u00f3 d\u2019adults o educaci\u00f3 al llarg de la vida compr\u00e8n les activitats d\u2019aprenentatge que permet que les persones adultes desenvolupin les capacitats, enriqueixin els coneixements i millorin les compet\u00e8ncies t\u00e8cniques i professionals. Aix\u00f2 fa que hi participin persones amb objectius diferents, com poden ser obtenir una titulaci\u00f3, posar-se al dia o ampliar els coneixements. P\u00e0gines [&hellip;]<\/p>\n","protected":false},"author":1,"featured_media":0,"parent":0,"menu_order":0,"comment_status":"closed","ping_status":"closed","template":"","meta":{"_bbp_topic_count":0,"_bbp_reply_count":0,"_bbp_total_topic_count":0,"_bbp_total_reply_count":0,"_bbp_voice_count":0,"_bbp_anonymous_reply_count":0,"_bbp_topic_count_hidden":0,"_bbp_reply_count_hidden":0,"_bbp_forum_subforum_count":0,"site-sidebar-layout":"default","site-content-layout":"","ast-site-content-layout":"default","site-content-style":"default","site-sidebar-style":"default","ast-global-header-display":"","ast-banner-title-visibility":"","ast-main-header-display":"","ast-hfb-above-header-display":"","ast-hfb-below-header-display":"","ast-hfb-mobile-header-display":"","site-post-title":"","ast-breadcrumbs-content":"","ast-featured-img":"","footer-sml-layout":"","theme-transparent-header-meta":"default","adv-header-id-meta":"","stick-header-meta":"","header-above-stick-meta":"","header-main-stick-meta":"","header-below-stick-meta":"","astra-migrate-meta-layouts":"set","ast-page-background-enabled":"default","ast-page-background-meta":{"desktop":{"background-color":"var(--ast-global-color-4)","background-image":"","background-repeat":"repeat","background-position":"center center","background-size":"auto","background-attachment":"scroll","background-type":"","background-media":"","overlay-type":"","overlay-color":"","overlay-opacity":"","overlay-gradient":""},"tablet":{"background-color":"","background-image":"","background-repeat":"repeat","background-position":"center center","background-size":"auto","background-attachment":"scroll","background-type":"","background-media":"","overlay-type":"","overlay-color":"","overlay-opacity":"","overlay-gradient":""},"mobile":{"background-color":"","background-image":"","background-repeat":"repeat","background-position":"center center","background-size":"auto","background-attachment":"scroll","background-type":"","background-media":"","overlay-type":"","overlay-color":"","overlay-opacity":"","overlay-gradient":""}},"ast-content-background-meta":{"desktop":{"background-color":"var(--ast-global-color-5)","background-image":"","background-repeat":"repeat","background-position":"center center","background-size":"auto","background-attachment":"scroll","background-type":"","background-media":"","overlay-type":"","overlay-color":"","overlay-opacity":"","overlay-gradient":""},"tablet":{"background-color":"var(--ast-global-color-5)","background-image":"","background-repeat":"repeat","background-position":"center center","background-size":"auto","background-attachment":"scroll","background-type":"","background-media":"","overlay-type":"","overlay-color":"","overlay-opacity":"","overlay-gradient":""},"mobile":{"background-color":"var(--ast-global-color-5)","background-image":"","background-repeat":"repeat","background-position":"center center","background-size":"auto","background-attachment":"scroll","background-type":"","background-media":"","overlay-type":"","overlay-color":"","overlay-opacity":"","overlay-gradient":""}},"footnotes":""},"class_list":["post-2171","page","type-page","status-publish","hentry"],"post_mailing_queue_ids":[],"_links":{"self":[{"href":"https:\/\/agora.xtec.cat\/cfamartipolmanlleu\/wp-json\/wp\/v2\/pages\/2171","targetHints":{"allow":["GET"]}}],"collection":[{"href":"https:\/\/agora.xtec.cat\/cfamartipolmanlleu\/wp-json\/wp\/v2\/pages"}],"about":[{"href":"https:\/\/agora.xtec.cat\/cfamartipolmanlleu\/wp-json\/wp\/v2\/types\/page"}],"author":[{"embeddable":true,"href":"https:\/\/agora.xtec.cat\/cfamartipolmanlleu\/wp-json\/wp\/v2\/users\/1"}],"replies":[{"embeddable":true,"href":"https:\/\/agora.xtec.cat\/cfamartipolmanlleu\/wp-json\/wp\/v2\/comments?post=2171"}],"version-history":[{"count":1,"href":"https:\/\/agora.xtec.cat\/cfamartipolmanlleu\/wp-json\/wp\/v2\/pages\/2171\/revisions"}],"predecessor-version":[{"id":2172,"href":"https:\/\/agora.xtec.cat\/cfamartipolmanlleu\/wp-json\/wp\/v2\/pages\/2171\/revisions\/2172"}],"wp:attachment":[{"href":"https:\/\/agora.xtec.cat\/cfamartipolmanlleu\/wp-json\/wp\/v2\/media?parent=2171"}],"curies":[{"name":"wp","href":"https:\/\/api.w.org\/{rel}","templated":true}]}}