{"id":2152,"date":"2025-10-30T17:55:52","date_gmt":"2025-10-30T16:55:52","guid":{"rendered":"https:\/\/agora.xtec.cat\/cfamartipolmanlleu\/?page_id=2152"},"modified":"2026-04-15T20:23:01","modified_gmt":"2026-04-15T18:23:01","slug":"catala","status":"publish","type":"page","link":"https:\/\/agora.xtec.cat\/cfamartipolmanlleu\/recursos\/catala\/","title":{"rendered":"Recursos Catal\u00e0"},"content":{"rendered":"<h2>Material de consulta<\/h2>\n<ul>\n<li><a href=\"https:\/\/dlc.iec.cat\/\">DIEC<\/a> \u2013 Diccionari normatiu de l\u2019Institut d\u2019Estudis Catalans<\/li>\n<li><a href=\"http:\/\/www.verbscatalans.com\/\" target=\"_blank\" rel=\"noopener noreferrer\">Verbscatalans.com<\/a>\u00a0\u2013 Conjugador de verbs<\/li>\n<li><a href=\"http:\/\/www.diccionaris.cat\/\" target=\"_blank\" rel=\"noopener noreferrer\">Diccionaris.cat\u00a0<\/a>\u2013 Diccionaris Larousse online de definicions, sin\u00f2nims i traduccions a castell\u00e0, angl\u00e8s i franc\u00e8s<\/li>\n<\/ul>\n<h2>Material did\u00e0ctic<\/h2>\n<ul>\n<li><a href=\"http:\/\/www.digitaldialects.com\/Catalan.htm\">Catalan Learning Games<\/a>\u00a0\u2013 Jocs did\u00e0ctics amb so<\/li>\n<li><a href=\"https:\/\/clic.xtec.cat\/gali\/gali.html\" target=\"_blank\" rel=\"noopener noreferrer\">GAL\u00cd<\/a>\u00a0\u2013 Exercicis de catal\u00e0 per a principiants<\/li>\n<li><a href=\"http:\/\/enxaneta.info\/index.htm\" target=\"_blank\" rel=\"noopener noreferrer\">Enxaneta<\/a>\u00a0\u2013 Exercicis autocorrectius de gram\u00e0tica, ortografia i vocabulari.<\/li>\n<li><a href=\"http:\/\/www.edu365.cat\/acollida\/index.html\" target=\"_blank\" rel=\"noopener noreferrer\">Edu 365\u00a0<\/a>\u2013 Secci\u00f3 de material per a aules d\u2019acollida<\/li>\n<li><a href=\"https:\/\/llengua.gencat.cat\/ca\/serveis\/aprendre_catala\/recursos-per-al-professorat\/dictats-en-linia\/\" target=\"_blank\" rel=\"noopener noreferrer\">Dictats en l\u00ednia<\/a>\u00a0\u2013 Recurs de Gencat<\/li>\n<li><a href=\"https:\/\/aaronfortuno.github.io\/flastomari\/\">Flastomari<\/a> &#8211; Divulgaci\u00f3 dels renecs en catal\u00e0<\/li>\n<\/ul>\n<h2>Passatemps:<\/h2>\n<ul>\n<li><a href=\"https:\/\/jocs.ara.cat\/trobamot\/\">Trobamot<\/a>\u00a0\u2013 El Wordle en catal\u00e0<\/li>\n<li><a href=\"https:\/\/www.vilaweb.cat\/paraulogic\/\">Paraul\u00f2gic<\/a>\u00a0\u2013 El joc de fer paraules<\/li>\n<li><a href=\"https:\/\/llengua.gencat.cat\/ca\/serveis\/informacio_i_difusio\/publicacions_en_linia\/classific_temes\/temes_opuscles_divulgatius\/jocs_i_passatemps\/\" target=\"_blank\" rel=\"noopener noreferrer\">Jocs de paraules i passatemps<\/a>\u00a0\u2013 Dossiers de Gencat<\/li>\n<\/ul>\n","protected":false},"excerpt":{"rendered":"<p>Material de consulta DIEC \u2013 Diccionari normatiu de l\u2019Institut d\u2019Estudis Catalans Verbscatalans.com\u00a0\u2013 Conjugador de verbs Diccionaris.cat\u00a0\u2013 Diccionaris Larousse online de definicions, sin\u00f2nims i traduccions a castell\u00e0, angl\u00e8s i franc\u00e8s Material did\u00e0ctic Catalan Learning Games\u00a0\u2013 Jocs did\u00e0ctics amb so GAL\u00cd\u00a0\u2013 Exercicis de catal\u00e0 per a principiants Enxaneta\u00a0\u2013 Exercicis autocorrectius de gram\u00e0tica, ortografia i vocabulari. Edu 365\u00a0\u2013 [&hellip;]<\/p>\n","protected":false},"author":1,"featured_media":0,"parent":2145,"menu_order":0,"comment_status":"closed","ping_status":"closed","template":"","meta":{"_bbp_topic_count":0,"_bbp_reply_count":0,"_bbp_total_topic_count":0,"_bbp_total_reply_count":0,"_bbp_voice_count":0,"_bbp_anonymous_reply_count":0,"_bbp_topic_count_hidden":0,"_bbp_reply_count_hidden":0,"_bbp_forum_subforum_count":0,"site-sidebar-layout":"default","site-content-layout":"","ast-site-content-layout":"default","site-content-style":"default","site-sidebar-style":"default","ast-global-header-display":"","ast-banner-title-visibility":"","ast-main-header-display":"","ast-hfb-above-header-display":"","ast-hfb-below-header-display":"","ast-hfb-mobile-header-display":"","site-post-title":"","ast-breadcrumbs-content":"","ast-featured-img":"","footer-sml-layout":"","theme-transparent-header-meta":"default","adv-header-id-meta":"","stick-header-meta":"","header-above-stick-meta":"","header-main-stick-meta":"","header-below-stick-meta":"","astra-migrate-meta-layouts":"set","ast-page-background-enabled":"default","ast-page-background-meta":{"desktop":{"background-color":"var(--ast-global-color-4)","background-image":"","background-repeat":"repeat","background-position":"center center","background-size":"auto","background-attachment":"scroll","background-type":"","background-media":"","overlay-type":"","overlay-color":"","overlay-opacity":"","overlay-gradient":""},"tablet":{"background-color":"","background-image":"","background-repeat":"repeat","background-position":"center center","background-size":"auto","background-attachment":"scroll","background-type":"","background-media":"","overlay-type":"","overlay-color":"","overlay-opacity":"","overlay-gradient":""},"mobile":{"background-color":"","background-image":"","background-repeat":"repeat","background-position":"center center","background-size":"auto","background-attachment":"scroll","background-type":"","background-media":"","overlay-type":"","overlay-color":"","overlay-opacity":"","overlay-gradient":""}},"ast-content-background-meta":{"desktop":{"background-color":"var(--ast-global-color-5)","background-image":"","background-repeat":"repeat","background-position":"center center","background-size":"auto","background-attachment":"scroll","background-type":"","background-media":"","overlay-type":"","overlay-color":"","overlay-opacity":"","overlay-gradient":""},"tablet":{"background-color":"var(--ast-global-color-5)","background-image":"","background-repeat":"repeat","background-position":"center center","background-size":"auto","background-attachment":"scroll","background-type":"","background-media":"","overlay-type":"","overlay-color":"","overlay-opacity":"","overlay-gradient":""},"mobile":{"background-color":"var(--ast-global-color-5)","background-image":"","background-repeat":"repeat","background-position":"center center","background-size":"auto","background-attachment":"scroll","background-type":"","background-media":"","overlay-type":"","overlay-color":"","overlay-opacity":"","overlay-gradient":""}},"footnotes":""},"class_list":["post-2152","page","type-page","status-publish","hentry"],"post_mailing_queue_ids":[],"_links":{"self":[{"href":"https:\/\/agora.xtec.cat\/cfamartipolmanlleu\/wp-json\/wp\/v2\/pages\/2152","targetHints":{"allow":["GET"]}}],"collection":[{"href":"https:\/\/agora.xtec.cat\/cfamartipolmanlleu\/wp-json\/wp\/v2\/pages"}],"about":[{"href":"https:\/\/agora.xtec.cat\/cfamartipolmanlleu\/wp-json\/wp\/v2\/types\/page"}],"author":[{"embeddable":true,"href":"https:\/\/agora.xtec.cat\/cfamartipolmanlleu\/wp-json\/wp\/v2\/users\/1"}],"replies":[{"embeddable":true,"href":"https:\/\/agora.xtec.cat\/cfamartipolmanlleu\/wp-json\/wp\/v2\/comments?post=2152"}],"version-history":[{"count":2,"href":"https:\/\/agora.xtec.cat\/cfamartipolmanlleu\/wp-json\/wp\/v2\/pages\/2152\/revisions"}],"predecessor-version":[{"id":2470,"href":"https:\/\/agora.xtec.cat\/cfamartipolmanlleu\/wp-json\/wp\/v2\/pages\/2152\/revisions\/2470"}],"up":[{"embeddable":true,"href":"https:\/\/agora.xtec.cat\/cfamartipolmanlleu\/wp-json\/wp\/v2\/pages\/2145"}],"wp:attachment":[{"href":"https:\/\/agora.xtec.cat\/cfamartipolmanlleu\/wp-json\/wp\/v2\/media?parent=2152"}],"curies":[{"name":"wp","href":"https:\/\/api.w.org\/{rel}","templated":true}]}}